{"id":1049560,"date":"2024-06-17T14:12:44","date_gmt":"2024-06-17T06:12:44","guid":{"rendered":"https:\/\/vimaterial.de\/product\/carbure-de-silicium-3\/"},"modified":"2024-06-17T14:12:44","modified_gmt":"2024-06-17T06:12:44","slug":"carbure-de-silicium-3","status":"publish","type":"product","link":"https:\/\/vimaterial.de\/fr\/product\/carbure-de-silicium-3\/","title":{"rendered":"Carbure de silicium"},"content":{"rendered":"<p>La poudre <span style=\"color: #0000ff;\"><a style=\"color: #0000ff;\" href=\"https:\/\/vimaterial.de\/fr\/search\/?type=element&#038;keyword=SIC\">de carbure de silicium<\/a><\/span><br \/>\nest un compos\u00e9 form\u00e9 d&#8217;\u00e9l\u00e9ments de carbone et de silicium li\u00e9s par des liaisons covalentes fortes. Ce mat\u00e9riau existe \u00e0 l&#8217;\u00e9tat naturel sous la forme d&#8217;un min\u00e9ral rare, la moissanite, mais il est plus souvent obtenu par synth\u00e8se artificielle. Le carbure de silicium pr\u00e9sente diverses structures cristallines, parmi lesquelles les plus courantes sont l&#8217;\u03b1-SiC (syst\u00e8me hexagonal) et le \u03b2-SiC (syst\u00e8me cubique).<\/p>\n<p>VIMATERIAL est sp\u00e9cialis\u00e9 dans la production de poudre de carbure de silicium de haute puret\u00e9, de poudre de nano-carbure de silicium, de granul\u00e9s de carbure de silicium et de cibles en carbure de silicium. Si vous en avez besoin, n&#8217;h\u00e9sitez pas \u00e0 <span style=\"color: #0000ff;\"><a style=\"color: #0000ff;\" href=\"https:\/\/vimaterial.de\/fr\/contact\/\">nous contacter<\/a><\/span><br \/>\n.<\/p>\n<h2><span style=\"font-size: 14pt;\">Performances<\/span><\/h2>\n<p>Stabilit\u00e9 \u00e0 haute temp\u00e9rature : le SiC poss\u00e8de une excellente stabilit\u00e9 \u00e0 haute temp\u00e9rature et peut conserver sa stabilit\u00e9 structurelle \u00e0 des temp\u00e9ratures pouvant atteindre 2 000 \u00b0C sans fondre.<\/p>\n<p>R\u00e9sistance \u00e0 la corrosion : le SiC pr\u00e9sente une bonne r\u00e9sistance \u00e0 la corrosion dans divers milieux chimiques, notamment les acides, les alcalis, les sels, etc.<\/p>\n<p>Duret\u00e9 et r\u00e9sistance \u00e0 l&#8217;usure \u00e9lev\u00e9es : le SiC poss\u00e8de une duret\u00e9 juste apr\u00e8s celle du diamant et une r\u00e9sistance \u00e0 l&#8217;usure \u00e9lev\u00e9e, ce qui en fait un mat\u00e9riau id\u00e9al pour les abrasifs et les outils de coupe.<\/p>\n<p>Conductivit\u00e9 thermique \u00e9lev\u00e9e : la conductivit\u00e9 thermique du SiC est beaucoup plus \u00e9lev\u00e9e que celle du silicium, d\u00e9passant m\u00eame celle de certains mat\u00e9riaux m\u00e9talliques, ce qui lui permet de conserver d&#8217;excellentes performances de dissipation thermique dans des environnements \u00e0 haute temp\u00e9rature.<\/p>\n<p>Structure \u00e0 large bande interdite : la largeur de la bande interdite du SiC est sup\u00e9rieure \u00e0 celle du silicium, et il peut supporter des tensions et des temp\u00e9ratures plus \u00e9lev\u00e9es, ce qui le rend potentiellement utile dans l&#8217;\u00e9lectronique de puissance et les dispositifs opto\u00e9lectroniques.<\/p>\n<h2><span style=\"font-size: 14pt;\">Applications de la poudre de carbure de silicium<\/span><\/h2>\n<p>\u00c9lectronique de puissance : la poudre de carbure de silicium est largement utilis\u00e9e dans les composants \u00e9lectroniques de puissance tels que les dispositifs de puissance et les IGBT. Elle prend en charge les applications \u00e0 haute tension et \u00e0 courant \u00e9lev\u00e9 et est couramment utilis\u00e9e dans les \u00e9quipements \u00e0 \u00e9conomie d&#8217;\u00e9nergie tels que les climatiseurs \u00e0 fr\u00e9quence variable.<\/p>\n<p>Industrie des semi-conducteurs : en tant que mat\u00e9riau semi-conducteur avanc\u00e9, la poudre de carbure de silicium est utilis\u00e9e dans les puces LED, les panneaux solaires et d&#8217;autres dispositifs \u00e9lectroniques. Sa r\u00e9sistance aux temp\u00e9ratures \u00e9lev\u00e9es et sa grande mobilit\u00e9 \u00e9lectronique la rendent sup\u00e9rieure aux mat\u00e9riaux traditionnels.<\/p>\n<p>Industrie m\u00e9canique : la poudre de carbure de silicium est utilis\u00e9e pour fabriquer des pi\u00e8ces m\u00e9caniques \u00e0 haute r\u00e9sistance et r\u00e9sistantes \u00e0 l&#8217;usure. Les c\u00e9ramiques SiC offrent une excellente duret\u00e9, conductivit\u00e9 thermique et durabilit\u00e9, ce qui les rend adapt\u00e9es aux industries sid\u00e9rurgiques et chimiques.<\/p>\n<p>Autres industries : la poudre de carbure de silicium est \u00e9galement utilis\u00e9e dans les environnements p\u00e9trochimiques, nucl\u00e9aires, a\u00e9rospatiaux et autres environnements exigeants en raison de sa capacit\u00e9 \u00e0 r\u00e9sister \u00e0 des temp\u00e9ratures et des pressions \u00e9lev\u00e9es.<\/p>\n<h2><span style=\"font-size: 14pt;\">Pourquoi nous choisir ?<\/span><\/h2>\n<p>\u2022 Qualit\u00e9 fiable \u2013 Un syst\u00e8me complet de contr\u00f4le qualit\u00e9 garantit des performances stables et constantes.<\/p>\n<p>\u2022 Service professionnel \u2013 Assistance avant-vente et apr\u00e8s-vente d\u00e9di\u00e9e pour une coop\u00e9ration fluide.<\/p>\n<p>\u2022 Personnalisation disponible \u2013 La composition, la taille et les sp\u00e9cifications peuvent \u00eatre adapt\u00e9es \u00e0 vos besoins.<\/p>\n<p>\u2022 Livraison rapide \u2013 Production efficace et exp\u00e9dition dans les d\u00e9lais garantis.<\/p>\n<h2><span style=\"font-size: 14pt;\">Produits connexes<\/span><\/h2>\n<p><span style=\"color: #0000ff;\"><a style=\"color: #0000ff;\" href=\"https:\/\/vimaterial.de\/fr\/product\/silicium-3\/\">Poudre de silicium<\/a><\/span><\/p>\n<p><span style=\"color: #0000ff;\"><a style=\"color: #0000ff;\" href=\"https:\/\/vimaterial.de\/fr\/product\/dioxyde-de-silicium-4\/\">Poudre de dioxyde de silicium<\/a><\/span><\/p>\n<p><span style=\"color: #0000ff;\"><a style=\"color: #0000ff;\" href=\"https:\/\/vimaterial.de\/fr\/search\/?type=element&#038;keyword=SI3n4\">Poudre de nitrure de silicium<\/a><\/span><\/p>\n<p><span style=\"color: #0000ff;\"><a style=\"color: #0000ff;\" href=\"https:\/\/vimaterial.de\/fr\/product\/carbure-de-silicium\/\">Cible de pulv\u00e9risation en carbure de silicium<\/a><\/span><\/p>\n","protected":false},"excerpt":{"rendered":"<p>La poudre de carbure de silicium est un compos\u00e9 form\u00e9 d&#8217;\u00e9l\u00e9ments de carbone et de silicium li\u00e9s par des liaisons covalentes fortes. Ce mat\u00e9riau existe \u00e0 l&#8217;\u00e9tat naturel sous la forme d&#8217;un min\u00e9ral rare, la moissanite, mais il est plus souvent obtenu par synth\u00e8se artificielle. Le carbure de silicium pr\u00e9sente diverses structures cristallines, parmi lesquelles [&hellip;]<\/p>\n","protected":false},"featured_media":999796,"comment_status":"open","ping_status":"closed","template":"","meta":{"_acf_changed":false},"product_brand":[],"product_cat":[240],"product_tag":[],"class_list":{"0":"post-1049560","1":"product","2":"type-product","3":"status-publish","4":"has-post-thumbnail","6":"product_cat-materiaux-c-n-b-si","8":"first","9":"instock","10":"shipping-taxable","11":"purchasable","12":"product-type-variable"},"acf":[],"_links":{"self":[{"href":"https:\/\/vimaterial.de\/fr\/wp-json\/wp\/v2\/product\/1049560","targetHints":{"allow":["GET"]}}],"collection":[{"href":"https:\/\/vimaterial.de\/fr\/wp-json\/wp\/v2\/product"}],"about":[{"href":"https:\/\/vimaterial.de\/fr\/wp-json\/wp\/v2\/types\/product"}],"replies":[{"embeddable":true,"href":"https:\/\/vimaterial.de\/fr\/wp-json\/wp\/v2\/comments?post=1049560"}],"wp:featuredmedia":[{"embeddable":true,"href":"https:\/\/vimaterial.de\/fr\/wp-json\/wp\/v2\/media\/999796"}],"wp:attachment":[{"href":"https:\/\/vimaterial.de\/fr\/wp-json\/wp\/v2\/media?parent=1049560"}],"wp:term":[{"taxonomy":"product_brand","embeddable":true,"href":"https:\/\/vimaterial.de\/fr\/wp-json\/wp\/v2\/product_brand?post=1049560"},{"taxonomy":"product_cat","embeddable":true,"href":"https:\/\/vimaterial.de\/fr\/wp-json\/wp\/v2\/product_cat?post=1049560"},{"taxonomy":"product_tag","embeddable":true,"href":"https:\/\/vimaterial.de\/fr\/wp-json\/wp\/v2\/product_tag?post=1049560"}],"curies":[{"name":"wp","href":"https:\/\/api.w.org\/{rel}","templated":true}]}}