{"id":1049349,"date":"2024-06-17T15:33:43","date_gmt":"2024-06-17T07:33:43","guid":{"rendered":"https:\/\/vimaterial.de\/product\/oxyde-dindium-et-detain-ito-3\/"},"modified":"2024-06-17T15:33:43","modified_gmt":"2024-06-17T07:33:43","slug":"oxyde-dindium-et-detain-ito-3","status":"publish","type":"product","link":"https:\/\/vimaterial.de\/fr\/product\/oxyde-dindium-et-detain-ito-3\/","title":{"rendered":"Oxyde d&#8217;indium et d&#8217;\u00e9tain (ITO)"},"content":{"rendered":"<p>Les granul\u00e9s <span style=\"color: #0000ff;\"><a style=\"color: #0000ff;\" href=\"https:\/\/vimaterial.de\/fr\/search\/?type=name&#038;keyword=ito\">d&#8217;oxyde d&#8217;indium-\u00e9tain<\/a><\/span><br \/>\n(ITO) sont un mat\u00e9riau fonctionnel inorganique compos\u00e9 d&#8217;oxyde d&#8217;indium (In\u2082O\u2083) et d&#8217;oxyde d&#8217;\u00e9tain (SnO\u2082), g\u00e9n\u00e9ralement de couleur verte ou noire. Compar\u00e9s \u00e0 la poudre, les granul\u00e9s ITO g\u00e9n\u00e8rent moins de poussi\u00e8re, ce qui les rend particuli\u00e8rement adapt\u00e9s aux cibles de pulv\u00e9risation, aux mat\u00e9riaux d&#8217;\u00e9vaporation et \u00e0 divers processus de rev\u00eatement. Ils sont largement utilis\u00e9s dans l&#8217;opto\u00e9lectronique, l&#8217;\u00e9lectronique et les dispositifs conducteurs transparents.<\/p>\n<p>VIMATERIAL propose des granul\u00e9s d&#8217;ITO de haute puret\u00e9 dans des tailles et des compositions personnalis\u00e9es afin de r\u00e9pondre \u00e0 diverses exigences de processus. <span style=\"color: #0000ff;\"><a style=\"color: #0000ff;\" href=\"https:\/\/vimaterial.de\/fr\/contact\/\">Contactez-nous<\/a><\/span><br \/>\npour plus d&#8217;informations.<\/p>\n<h2><span style=\"font-size: 14pt;\">Propri\u00e9t\u00e9s<\/span><\/h2>\n<p>Formule chimique : In\u2082O\u2083 : SnO\u2082 (g\u00e9n\u00e9ralement 90:10 % en poids)<\/p>\n<p>Poids mol\u00e9culaire : 277,64 g\/mol (sur la base de l&#8217;In\u2082O\u2083)<\/p>\n<p>Num\u00e9ro CAS : 50926-11-9<\/p>\n<p>Aspect : Granul\u00e9s verts ou noirs<\/p>\n<p>Excellente conductivit\u00e9 : Offre une faible r\u00e9sistivit\u00e9 et un transport efficace des \u00e9lectrons pour les films conducteurs et les \u00e9lectrodes.<\/p>\n<p>Haute transparence optique : Assure une transmission \u00e9lev\u00e9e de la lumi\u00e8re visible, adapt\u00e9e aux appareils \u00e9lectroniques transparents et aux dispositifs d&#8217;affichage.<\/p>\n<p>Faible teneur en poussi\u00e8re et bonne fluidit\u00e9 : Les particules r\u00e9duisent la contamination par la poussi\u00e8re, am\u00e9liorant ainsi la manipulation, l&#8217;alimentation et l&#8217;efficacit\u00e9 du traitement.<\/p>\n<p>Stabilit\u00e9 chimique : r\u00e9siste \u00e0 l&#8217;oxydation, \u00e0 l&#8217;humidit\u00e9 et \u00e0 la plupart des r\u00e9actifs chimiques, garantissant des performances stables \u00e0 long terme.<\/p>\n<p>Stabilit\u00e9 thermique : maintient la stabilit\u00e9 structurelle et \u00e9lectrique pendant les traitements \u00e0 haute temp\u00e9rature tels que le frittage ou la pulv\u00e9risation.<\/p>\n<h2><span style=\"font-size: 14pt;\">Applications des granul\u00e9s ITO<\/span><\/h2>\n<p>Cibles de pulv\u00e9risation : mati\u00e8re premi\u00e8re pour les cibles de pulv\u00e9risation ITO utilis\u00e9es dans la production d&#8217;\u00e9lectrodes pour \u00e9crans LCD, OLED et tactiles.<\/p>\n<p>Mat\u00e9riaux d&#8217;\u00e9vaporation sous vide : utilis\u00e9s dans les processus de d\u00e9p\u00f4t de couches minces pour les couches conductrices transparentes.<\/p>\n<p>Rev\u00eatements conducteurs transparents : appliqu\u00e9s aux \u00e9crans, aux cellules solaires, au verre intelligent et \u00e0 l&#8217;\u00e9lectronique flexible.<\/p>\n<p>Mat\u00e9riaux \u00e9lectroniques : adapt\u00e9s aux films minces conducteurs, aux capteurs et aux composants opto\u00e9lectroniques.<\/p>\n<p>Rev\u00eatements antistatiques et de blindage \u00e9lectromagn\u00e9tique : offrent une protection fiable contre les d\u00e9charges \u00e9lectrostatiques et les interf\u00e9rences \u00e9lectromagn\u00e9tiques.<\/p>\n<h2><span style=\"font-size: 14pt;\">Emballage et stockage<\/span><\/h2>\n<p>Les granul\u00e9s d&#8217;ITO sont conditionn\u00e9s dans des conteneurs herm\u00e9tiques et \u00e9tanches \u00e0 l&#8217;humidit\u00e9, g\u00e9n\u00e9ralement des sacs en plastique antistatiques \u00e0 double couche ou des sacs en aluminium scell\u00e9s sous vide, puis plac\u00e9s dans des cartons ou des f\u00fbts robustes afin d&#8217;\u00e9viter toute humidit\u00e9, contamination et dommage m\u00e9canique pendant le transport.<\/p>\n<p>Stocker dans un environnement frais, sec et bien ventil\u00e9, \u00e0 l&#8217;abri de l&#8217;humidit\u00e9 et de la lumi\u00e8re directe du soleil. Conserver les conteneurs ferm\u00e9s et \u00e0 l&#8217;\u00e9cart de toute substance corrosive afin de pr\u00e9server la stabilit\u00e9 et les performances du produit.<\/p>\n","protected":false},"excerpt":{"rendered":"<p>Les granul\u00e9s d&#8217;oxyde d&#8217;indium-\u00e9tain (ITO) sont un mat\u00e9riau fonctionnel inorganique compos\u00e9 d&#8217;oxyde d&#8217;indium (In\u2082O\u2083) et d&#8217;oxyde d&#8217;\u00e9tain (SnO\u2082), g\u00e9n\u00e9ralement de couleur verte ou noire. Compar\u00e9s \u00e0 la poudre, les granul\u00e9s ITO g\u00e9n\u00e8rent moins de poussi\u00e8re, ce qui les rend particuli\u00e8rement adapt\u00e9s aux cibles de pulv\u00e9risation, aux mat\u00e9riaux d&#8217;\u00e9vaporation et \u00e0 divers processus de rev\u00eatement. Ils [&hellip;]<\/p>\n","protected":false},"featured_media":1032234,"comment_status":"open","ping_status":"closed","template":"","meta":{"_acf_changed":false},"product_brand":[],"product_cat":[236],"product_tag":[],"class_list":{"0":"post-1049349","1":"product","2":"type-product","3":"status-publish","4":"has-post-thumbnail","6":"product_cat-materiaux-devaporation","8":"first","9":"instock","10":"shipping-taxable","11":"purchasable","12":"product-type-variable"},"acf":[],"_links":{"self":[{"href":"https:\/\/vimaterial.de\/fr\/wp-json\/wp\/v2\/product\/1049349","targetHints":{"allow":["GET"]}}],"collection":[{"href":"https:\/\/vimaterial.de\/fr\/wp-json\/wp\/v2\/product"}],"about":[{"href":"https:\/\/vimaterial.de\/fr\/wp-json\/wp\/v2\/types\/product"}],"replies":[{"embeddable":true,"href":"https:\/\/vimaterial.de\/fr\/wp-json\/wp\/v2\/comments?post=1049349"}],"wp:featuredmedia":[{"embeddable":true,"href":"https:\/\/vimaterial.de\/fr\/wp-json\/wp\/v2\/media\/1032234"}],"wp:attachment":[{"href":"https:\/\/vimaterial.de\/fr\/wp-json\/wp\/v2\/media?parent=1049349"}],"wp:term":[{"taxonomy":"product_brand","embeddable":true,"href":"https:\/\/vimaterial.de\/fr\/wp-json\/wp\/v2\/product_brand?post=1049349"},{"taxonomy":"product_cat","embeddable":true,"href":"https:\/\/vimaterial.de\/fr\/wp-json\/wp\/v2\/product_cat?post=1049349"},{"taxonomy":"product_tag","embeddable":true,"href":"https:\/\/vimaterial.de\/fr\/wp-json\/wp\/v2\/product_tag?post=1049349"}],"curies":[{"name":"wp","href":"https:\/\/api.w.org\/{rel}","templated":true}]}}