{"id":1049211,"date":"2024-06-17T14:50:30","date_gmt":"2024-06-17T06:50:30","guid":{"rendered":"https:\/\/vimaterial.de\/product\/chlorure-de-nickel\/"},"modified":"2024-06-17T14:50:30","modified_gmt":"2024-06-17T06:50:30","slug":"chlorure-de-nickel","status":"publish","type":"product","link":"https:\/\/vimaterial.de\/fr\/product\/chlorure-de-nickel\/","title":{"rendered":"Chlorure de nickel"},"content":{"rendered":"<p><span style=\"color: #0000ff;\"><a style=\"color: #0000ff;\" href=\"https:\/\/vimaterial.de\/fr\/search\/?type=element&#038;keyword=nicl2\">Le chlorure de nickel<\/a><\/span><br \/>\n(NiCl2) est un compos\u00e9 inorganique principalement utilis\u00e9 dans des applications industrielles telles que la galvanoplastie et comme pr\u00e9curseur d&#8217;autres compos\u00e9s \u00e0 base de nickel. Sous forme de poudre, le chlorure de nickel est tr\u00e8s soluble dans l&#8217;eau et poss\u00e8de diverses propri\u00e9t\u00e9s chimiques et physiques importantes.<\/p>\n<p>VIMATERIAL propose du chlorure de nickel de haute puret\u00e9. <span style=\"color: #0000ff;\"><a style=\"color: #0000ff;\" href=\"https:\/\/vimaterial.de\/fr\/contact\/\">Contactez-nous<\/a><\/span><br \/>\npour plus d&#8217;informations.<\/p>\n<h2><span style=\"font-size: 14pt;\">Caract\u00e9ristiques<\/span><\/h2>\n<p>Formule chimique : NiCl\u2082<\/p>\n<p>Poids mol\u00e9culaire : 129,6 g\/mol<\/p>\n<p>Aspect physique : poudre cristalline verte \u00e0 vert jaun\u00e2tre. Les formes hydrat\u00e9es du chlorure de nickel (NiCl\u2082\u20226H\u2082O) se pr\u00e9sentent sous forme de cristaux vert clair, tandis que le NiCl\u2082 anhydre est jaune.<\/p>\n<p>Solubilit\u00e9 : tr\u00e8s soluble dans l&#8217;eau, formant une solution verte. Soluble dans l&#8217;\u00e9thanol, le m\u00e9thanol et l&#8217;ammoniac. Insoluble dans l&#8217;\u00e9ther.<\/p>\n<p>Densit\u00e9 : 3,55 g\/cm\u00b3<\/p>\n<p>R\u00e9activit\u00e9 : le chlorure de nickel est hygroscopique, ce qui signifie qu&#8217;il peut absorber l&#8217;humidit\u00e9 de l&#8217;atmosph\u00e8re, en particulier sous sa forme anhydre. Il r\u00e9agit avec les bases pour former de l&#8217;hydroxyde de nickel et avec les acides forts pour former des sels de nickel. C&#8217;est un acide de Lewis mod\u00e9r\u00e9ment fort.<\/p>\n<h2><span style=\"font-size: 14pt;\">Applications du chlorure de nickel<\/span><\/h2>\n<p>Galvanoplastie : fournit des ions nickel pour d\u00e9poser des rev\u00eatements protecteurs lisses et r\u00e9sistants \u00e0 la corrosion sur les surfaces m\u00e9talliques.<\/p>\n<p>Catalyse : agit comme catalyseur dans les r\u00e9actions organiques et de couplage crois\u00e9 pour les produits pharmaceutiques, les polym\u00e8res et les produits chimiques fins.<\/p>\n<p>Batteries : utilis\u00e9 dans la production de batteries NiCd et NiMH \u00e0 longue dur\u00e9e de vie.<\/p>\n<p>Pr\u00e9curseur : sert de mati\u00e8re premi\u00e8re pour d&#8217;autres compos\u00e9s de nickel tels que le NiO et le NiS pour les catalyseurs et les mat\u00e9riaux avanc\u00e9s.<\/p>\n<p>Utilisation en laboratoire : sert de r\u00e9actif courant et de norme analytique dans la synth\u00e8se chimique et la spectroscopie.<\/p>\n<p>Aimants et R&amp;D : utilis\u00e9 dans la production d&#8217;aimants \u00e0 base de nickel et largement utilis\u00e9 dans la recherche sur les mat\u00e9riaux et la chimie de coordination.<\/p>\n<h2><span style=\"font-size: 14pt;\">Stockage et manipulation<\/span><\/h2>\n<p>La poudre de chlorure de nickel doit \u00eatre stock\u00e9e dans un r\u00e9cipient sec et bien ferm\u00e9 afin d&#8217;\u00e9viter qu&#8217;elle n&#8217;absorbe l&#8217;humidit\u00e9 de l&#8217;air.<br \/>\nUn \u00e9quipement de protection appropri\u00e9 (gants, lunettes et masques) doit \u00eatre port\u00e9 lors de la manipulation de la poudre de NiCl\u2082 afin d&#8217;\u00e9viter toute exposition \u00e0 ses effets toxiques et allerg\u00e8nes.<\/p>\n<h2><span style=\"font-size: 14pt;\">Impact environnemental<\/span><\/h2>\n<p>Les compos\u00e9s de nickel, y compris le NiCl\u2082, peuvent \u00eatre dangereux pour l&#8217;environnement, en particulier pour la vie aquatique. L&#8217;\u00e9limination des d\u00e9chets de chlorure de nickel doit respecter des r\u00e9glementations environnementales strictes afin d&#8217;\u00e9viter toute contamination.<\/p>\n<p>La poudre de chlorure de nickel (NiCl\u2082) est un compos\u00e9 industriel essentiel utilis\u00e9 principalement dans la galvanoplastie, la catalyse et la production de batteries. Son r\u00f4le dans la m\u00e9tallurgie du nickel, la synth\u00e8se chimique et la fabrication de pigments souligne encore davantage sa polyvalence. Cependant, en raison de sa nature toxique et potentiellement canc\u00e9rig\u00e8ne, il doit \u00eatre manipul\u00e9 avec pr\u00e9caution et en prenant les mesures de s\u00e9curit\u00e9 appropri\u00e9es.<\/p>\n","protected":false},"excerpt":{"rendered":"<p>Le chlorure de nickel (NiCl2) est un compos\u00e9 inorganique principalement utilis\u00e9 dans des applications industrielles telles que la galvanoplastie et comme pr\u00e9curseur d&#8217;autres compos\u00e9s \u00e0 base de nickel. Sous forme de poudre, le chlorure de nickel est tr\u00e8s soluble dans l&#8217;eau et poss\u00e8de diverses propri\u00e9t\u00e9s chimiques et physiques importantes. VIMATERIAL propose du chlorure de nickel [&hellip;]<\/p>\n","protected":false},"featured_media":1041727,"comment_status":"open","ping_status":"closed","template":"","meta":{"_acf_changed":false},"product_brand":[],"product_cat":[239],"product_tag":[],"class_list":{"0":"post-1049211","1":"product","2":"type-product","3":"status-publish","4":"has-post-thumbnail","6":"product_cat-materiaux-halogenes","8":"first","9":"instock","10":"shipping-taxable","11":"purchasable","12":"product-type-variable"},"acf":[],"_links":{"self":[{"href":"https:\/\/vimaterial.de\/fr\/wp-json\/wp\/v2\/product\/1049211","targetHints":{"allow":["GET"]}}],"collection":[{"href":"https:\/\/vimaterial.de\/fr\/wp-json\/wp\/v2\/product"}],"about":[{"href":"https:\/\/vimaterial.de\/fr\/wp-json\/wp\/v2\/types\/product"}],"replies":[{"embeddable":true,"href":"https:\/\/vimaterial.de\/fr\/wp-json\/wp\/v2\/comments?post=1049211"}],"wp:featuredmedia":[{"embeddable":true,"href":"https:\/\/vimaterial.de\/fr\/wp-json\/wp\/v2\/media\/1041727"}],"wp:attachment":[{"href":"https:\/\/vimaterial.de\/fr\/wp-json\/wp\/v2\/media?parent=1049211"}],"wp:term":[{"taxonomy":"product_brand","embeddable":true,"href":"https:\/\/vimaterial.de\/fr\/wp-json\/wp\/v2\/product_brand?post=1049211"},{"taxonomy":"product_cat","embeddable":true,"href":"https:\/\/vimaterial.de\/fr\/wp-json\/wp\/v2\/product_cat?post=1049211"},{"taxonomy":"product_tag","embeddable":true,"href":"https:\/\/vimaterial.de\/fr\/wp-json\/wp\/v2\/product_tag?post=1049211"}],"curies":[{"name":"wp","href":"https:\/\/api.w.org\/{rel}","templated":true}]}}