{"id":1049106,"date":"2024-06-17T15:22:55","date_gmt":"2024-06-17T07:22:55","guid":{"rendered":"https:\/\/vimaterial.de\/product\/oxyde-de-zirconium-4\/"},"modified":"2024-06-17T15:22:55","modified_gmt":"2024-06-17T07:22:55","slug":"oxyde-de-zirconium-4","status":"publish","type":"product","link":"https:\/\/vimaterial.de\/fr\/product\/oxyde-de-zirconium-4\/","title":{"rendered":"Oxyde de zirconium"},"content":{"rendered":"<p>Les pastilles <span style=\"color: #0000ff;\"><a style=\"color: #0000ff;\" href=\"https:\/\/vimaterial.de\/fr\/search\/?type=element&#038;keyword=ZRO2\">d&#8217;oxyde de zirconium<\/a><\/span><br \/>\nsont blanches ou noires, avec un point de fusion \u00e9lev\u00e9, une duret\u00e9 \u00e9lev\u00e9e et une bonne stabilit\u00e9 chimique. Elles sont largement utilis\u00e9es dans la c\u00e9ramique, l&#8217;\u00e9lectronique, l&#8217;optique, les mat\u00e9riaux r\u00e9fractaires, la biom\u00e9decine et d&#8217;autres domaines.<\/p>\n<p>VIMATERIAL propose des pastilles de zircone de haute puret\u00e9, personnalisables en diff\u00e9rentes tailles sur demande. <span style=\"color: #0000ff;\"><a style=\"color: #0000ff;\" href=\"https:\/\/vimaterial.de\/fr\/contact\/\">Contactez-nous<\/a><\/span><br \/>\npour plus d&#8217;informations.<\/p>\n<h2><span style=\"font-size: 14pt;\">Propri\u00e9t\u00e9s physiques<\/span><\/h2>\n<p>Formule chimique : ZrO\u2082<\/p>\n<p>Poids mol\u00e9culaire : 123,22 g\/mol<\/p>\n<p>N\u00b0 CAS : 1314-23-4<\/p>\n<p>Aspect : blanc ou noir.<\/p>\n<p>Point de fusion : environ 2715 \u2103.<\/p>\n<p>Point d&#8217;\u00e9bullition : 4300 \u2103.<\/p>\n<p>Densit\u00e9 : environ 5,68 g\/cm\u00b3, la densit\u00e9 change lors de sa transformation cristalline, \u00e0 1000 \u2103, passant d&#8217;un syst\u00e8me cristallin monoclinique \u00e0 un syst\u00e8me cristallin t\u00e9tragonal, la densit\u00e9 devient 6,10 g\/cm\u00b3.<\/p>\n<p>Solubilit\u00e9 : insoluble dans l&#8217;eau et l&#8217;alcool, l\u00e9g\u00e8rement soluble dans l&#8217;acide.<\/p>\n<p>Duret\u00e9 et r\u00e9sistance \u00e9lev\u00e9es : duret\u00e9 Mohs d&#8217;environ 7, r\u00e9sistance m\u00e9canique \u00e9lev\u00e9e, excellente r\u00e9sistance \u00e0 l&#8217;usure.<\/p>\n<p>Point de fusion \u00e9lev\u00e9 et stabilit\u00e9 chimique : point de fusion \u00e9lev\u00e9, bonne stabilit\u00e9 chimique \u00e0 haute temp\u00e9rature, r\u00e9siste \u00e0 l&#8217;\u00e9rosion de divers m\u00e9taux fondus, silicates, verre, etc.<\/p>\n<p>Bonne conductivit\u00e9 \u00e9lectrique et conductivit\u00e9 ionique : il poss\u00e8de un certain degr\u00e9 de conductivit\u00e9 \u00e9lectrique \u00e0 haute temp\u00e9rature et peut \u00eatre utilis\u00e9 comme mat\u00e9riau d&#8217;\u00e9lectrode dans certains cas.<\/p>\n<p>Biocompatibilit\u00e9 : bonne biocompatibilit\u00e9, dans le domaine de la biom\u00e9decine, il peut \u00eatre utilis\u00e9 pour fabriquer des os artificiels, des dents et d&#8217;autres mat\u00e9riaux bioc\u00e9ramiques.<\/p>\n<h2><span style=\"font-size: 14pt;\">Applications des pastilles d&#8217;oxyde de zirconium<\/span><\/h2>\n<p>Industrie c\u00e9ramique : utilis\u00e9 dans la fabrication de c\u00e9ramiques sp\u00e9ciales, de c\u00e9ramiques structurelles, de c\u00e9ramiques fonctionnelles, telles que des outils c\u00e9ramiques, des roulements c\u00e9ramiques, des capteurs c\u00e9ramiques, etc., peut am\u00e9liorer les performances et la qualit\u00e9 des produits c\u00e9ramiques.<\/p>\n<p>Industrie \u00e9lectronique : en tant que mat\u00e9riaux c\u00e9ramiques \u00e9lectroniques, utilis\u00e9 dans la fabrication de condensateurs, de r\u00e9sistances, de composants c\u00e9ramiques pi\u00e9zo\u00e9lectriques et d&#8217;autres composants \u00e9lectroniques.<br \/>\nDomaine optique : utilis\u00e9 dans la fabrication de lentilles optiques, de fibres optiques, de fen\u00eatres optiques, etc., l&#8217;utilisation de son indice de r\u00e9fraction \u00e9lev\u00e9, de sa faible dispersion et d&#8217;autres caract\u00e9ristiques permet d&#8217;am\u00e9liorer les performances des composants optiques.<\/p>\n<p>Refractaires : utilis\u00e9 dans la production de divers produits r\u00e9fractaires, tels que les briques de zirconium, les tubes de zirconium, les creusets, etc., pour am\u00e9liorer les mat\u00e9riaux r\u00e9fractaires r\u00e9sistants aux temp\u00e9ratures \u00e9lev\u00e9es et \u00e0 l&#8217;\u00e9rosion.<\/p>\n<p>Domaine biom\u00e9dical : les pastilles d&#8217;oxyde de zirconium peuvent \u00eatre transform\u00e9es en bioc\u00e9ramiques pour la r\u00e9paration et le remplacement des os et des dents humains, tels que les articulations artificielles et les implants dentaires.<\/p>\n<h2><span style=\"font-size: 14pt;\">Emballage et stockage<\/span><\/h2>\n<p>Les pastilles de zircone sont conditionn\u00e9es dans des emballages herm\u00e9tiques et r\u00e9sistants \u00e0 l&#8217;humidit\u00e9, g\u00e9n\u00e9ralement des sacs en plastique antistatiques \u00e0 double couche ou des sacs en aluminium scell\u00e9s sous vide, puis plac\u00e9es dans des cartons ou des f\u00fbts solides afin d&#8217;\u00e9viter toute humidit\u00e9, contamination et dommage m\u00e9canique pendant le transport.<\/p>\n<p>Conserver dans un environnement frais, sec et bien ventil\u00e9, \u00e0 l&#8217;abri de l&#8217;humidit\u00e9 et de la lumi\u00e8re directe du soleil. Tenir \u00e0 l&#8217;\u00e9cart des substances corrosives telles que les acides et les alcalis, et maintenir l&#8217;\u00e9tanch\u00e9it\u00e9 du conteneur afin de garantir la stabilit\u00e9 des performances du produit.<\/p>\n","protected":false},"excerpt":{"rendered":"<p>Les pastilles d&#8217;oxyde de zirconium sont blanches ou noires, avec un point de fusion \u00e9lev\u00e9, une duret\u00e9 \u00e9lev\u00e9e et une bonne stabilit\u00e9 chimique. Elles sont largement utilis\u00e9es dans la c\u00e9ramique, l&#8217;\u00e9lectronique, l&#8217;optique, les mat\u00e9riaux r\u00e9fractaires, la biom\u00e9decine et d&#8217;autres domaines. VIMATERIAL propose des pastilles de zircone de haute puret\u00e9, personnalisables en diff\u00e9rentes tailles sur demande. [&hellip;]<\/p>\n","protected":false},"featured_media":1031543,"comment_status":"open","ping_status":"closed","template":"","meta":{"_acf_changed":false},"product_brand":[],"product_cat":[236],"product_tag":[],"class_list":{"0":"post-1049106","1":"product","2":"type-product","3":"status-publish","4":"has-post-thumbnail","6":"product_cat-materiaux-devaporation","8":"first","9":"instock","10":"shipping-taxable","11":"product-type-variable"},"acf":[],"_links":{"self":[{"href":"https:\/\/vimaterial.de\/fr\/wp-json\/wp\/v2\/product\/1049106","targetHints":{"allow":["GET"]}}],"collection":[{"href":"https:\/\/vimaterial.de\/fr\/wp-json\/wp\/v2\/product"}],"about":[{"href":"https:\/\/vimaterial.de\/fr\/wp-json\/wp\/v2\/types\/product"}],"replies":[{"embeddable":true,"href":"https:\/\/vimaterial.de\/fr\/wp-json\/wp\/v2\/comments?post=1049106"}],"wp:featuredmedia":[{"embeddable":true,"href":"https:\/\/vimaterial.de\/fr\/wp-json\/wp\/v2\/media\/1031543"}],"wp:attachment":[{"href":"https:\/\/vimaterial.de\/fr\/wp-json\/wp\/v2\/media?parent=1049106"}],"wp:term":[{"taxonomy":"product_brand","embeddable":true,"href":"https:\/\/vimaterial.de\/fr\/wp-json\/wp\/v2\/product_brand?post=1049106"},{"taxonomy":"product_cat","embeddable":true,"href":"https:\/\/vimaterial.de\/fr\/wp-json\/wp\/v2\/product_cat?post=1049106"},{"taxonomy":"product_tag","embeddable":true,"href":"https:\/\/vimaterial.de\/fr\/wp-json\/wp\/v2\/product_tag?post=1049106"}],"curies":[{"name":"wp","href":"https:\/\/api.w.org\/{rel}","templated":true}]}}