{"id":1049007,"date":"2024-06-17T16:08:34","date_gmt":"2024-06-17T08:08:34","guid":{"rendered":"https:\/\/vimaterial.de\/product\/metal-de-samarium-3\/"},"modified":"2024-06-17T16:08:34","modified_gmt":"2024-06-17T08:08:34","slug":"metal-de-samarium-3","status":"publish","type":"product","link":"https:\/\/vimaterial.de\/fr\/product\/metal-de-samarium-3\/","title":{"rendered":"M\u00e9tal de Samarium"},"content":{"rendered":"<p>La feuille de samarium est un mat\u00e9riau en feuille mince compos\u00e9 de m\u00e9tal samarium, d&#8217;aspect m\u00e9tallique et de texture douce, qui joue un r\u00f4le important dans les mat\u00e9riaux magn\u00e9tiques, les appareils \u00e9lectroniques et les catalyseurs.<\/p>\n<p>VIMATERIAL propose des feuilles <span style=\"color: #0000ff;\"><a style=\"color: #0000ff;\" href=\"https:\/\/vimaterial.de\/fr\/search\/?type=element&#038;keyword=Sm\">de m\u00e9tal samarium<\/a><\/span><br \/>\nde haute puret\u00e9 dans diff\u00e9rentes tailles. <span style=\"color: #0000ff;\"><a style=\"color: #0000ff;\" href=\"https:\/\/vimaterial.de\/fr\/contact\/\">Contactez-nous<\/a><\/span><br \/>\npour plus d&#8217;informations.<\/p>\n<h2><span style=\"font-size: 14pt;\">Caract\u00e9ristiques<\/span><\/h2>\n<p>Aspect : gris argent\u00e9.<\/p>\n<p>Densit\u00e9 : 7,52 g\/cm\u00b3.<\/p>\n<p>Point de fusion : 1072 \u2103.<\/p>\n<p>Duret\u00e9 : dur et cassant, n\u00e9cessite certaines techniques et certains \u00e9quipements pour son traitement, mais est capable de conserver une bonne stabilit\u00e9 dimensionnelle pendant son utilisation.<\/p>\n<p>Variantes m\u00e9talliques : il existe 3 variantes m\u00e9talliques, qui se transforment respectivement \u00e0 734 \u2103 et 922 \u2103.<\/p>\n<p>R\u00e9sistance \u00e0 la corrosion : il est r\u00e9sistant \u00e0 la corrosion dans une certaine mesure et peut rester stable dans certains environnements chimiques courants.<\/p>\n<p>R\u00e9activit\u00e9 : en tant que m\u00e9tal des terres rares, le samarium a une activit\u00e9 chimique \u00e9lev\u00e9e et peut r\u00e9agir avec l&#8217;oxyg\u00e8ne, l&#8217;hydrog\u00e8ne, l&#8217;azote, les halog\u00e8nes et d&#8217;autres monom\u00e8res ainsi qu&#8217;avec certains compos\u00e9s.<\/p>\n<p>Conductivit\u00e9 \u00e9lectrique : il a une bonne conductivit\u00e9 \u00e9lectrique, ce qui lui conf\u00e8re un certain potentiel d&#8217;application dans le domaine de l&#8217;\u00e9lectronique.<\/p>\n<p>Conductivit\u00e9 thermique : gr\u00e2ce \u00e0 sa bonne conductivit\u00e9 thermique, il peut transf\u00e9rer efficacement la chaleur, ce qui peut \u00eatre appliqu\u00e9 \u00e0 des sc\u00e9narios n\u00e9cessitant une dissipation ou une conduction thermique.<\/p>\n<p>Rapport r\u00e9sistance\/poids \u00e9lev\u00e9 : il pr\u00e9sente un rapport r\u00e9sistance\/poids \u00e9lev\u00e9, c&#8217;est-\u00e0-dire une r\u00e9sistance \u00e9lev\u00e9e par rapport \u00e0 son poids, ce qui lui conf\u00e8re un avantage dans les sc\u00e9narios d&#8217;application qui n\u00e9cessitent un mat\u00e9riau l\u00e9ger.<\/p>\n<h2><span style=\"font-size: 14pt;\">Applications de la feuille de samarium<\/span><\/h2>\n<p>\u00c9lectronique : utilis\u00e9 comme \u00e9lectrode ou mat\u00e9riau d&#8217;interconnexion dans les composants \u00e9lectroniques et les circuits int\u00e9gr\u00e9s pour am\u00e9liorer la conductivit\u00e9, les performances et la stabilit\u00e9.<\/p>\n<p>A\u00e9rospatiale : utilis\u00e9 dans les pi\u00e8ces structurelles l\u00e9g\u00e8res et r\u00e9sistantes aux temp\u00e9ratures \u00e9lev\u00e9es et dans les rev\u00eatements protecteurs pour am\u00e9liorer la r\u00e9sistance, la r\u00e9sistance \u00e0 l&#8217;oxydation et la durabilit\u00e9 dans des environnements difficiles.<\/p>\n<p>\u00c9nergie : utilis\u00e9 dans les batteries avanc\u00e9es, les piles \u00e0 combustible et les supercondensateurs comme \u00e9lectrode ou mat\u00e9riau de stockage d&#8217;\u00e9nergie pour am\u00e9liorer l&#8217;efficacit\u00e9 et les performances.<\/p>\n<p>Mat\u00e9riaux magn\u00e9tiques : utilis\u00e9 pour produire des aimants permanents haute performance (par exemple, des aimants SmCo) et des films magn\u00e9tiques minces pour les moteurs, les capteurs et les applications de stockage de donn\u00e9es.<\/p>\n<p>Recherche scientifique : sert de mat\u00e9riau fonctionnel pour l&#8217;\u00e9tude des propri\u00e9t\u00e9s des mat\u00e9riaux et pour des applications dans la recherche nucl\u00e9aire et physique.<\/p>\n<h2><span style=\"font-size: 14pt;\">Emballage et stockage<\/span><\/h2>\n<p>La feuille de samarium est emball\u00e9e dans des conteneurs internes scell\u00e9s sous vide ou remplis de gaz inerte afin d&#8217;\u00e9viter l&#8217;oxydation, l&#8217;humidit\u00e9 et la contamination pendant le transport, tandis que l&#8217;emballage ext\u00e9rieur utilise des cartons robustes ou des caisses en bois pour assurer un rembourrage et une protection m\u00e9canique pour une livraison en toute s\u00e9curit\u00e9.<\/p>\n<p>La feuille de samarium doit \u00eatre stock\u00e9e dans des conteneurs scell\u00e9s, dans un environnement frais, sec et propre, \u00e0 l&#8217;abri de l&#8217;air, de l&#8217;humidit\u00e9 et des substances corrosives, de pr\u00e9f\u00e9rence sous vide ou dans une atmosph\u00e8re inerte afin de pr\u00e9server sa stabilit\u00e9 chimique et ses performances.<\/p>\n","protected":false},"excerpt":{"rendered":"<p>La feuille de samarium est un mat\u00e9riau en feuille mince compos\u00e9 de m\u00e9tal samarium, d&#8217;aspect m\u00e9tallique et de texture douce, qui joue un r\u00f4le important dans les mat\u00e9riaux magn\u00e9tiques, les appareils \u00e9lectroniques et les catalyseurs. VIMATERIAL propose des feuilles de m\u00e9tal samarium de haute puret\u00e9 dans diff\u00e9rentes tailles. Contactez-nous pour plus d&#8217;informations. Caract\u00e9ristiques Aspect : [&hellip;]<\/p>\n","protected":false},"featured_media":1034161,"comment_status":"open","ping_status":"closed","template":"","meta":{"_acf_changed":false},"product_brand":[],"product_cat":[245],"product_tag":[],"class_list":{"0":"post-1049007","1":"product","2":"type-product","3":"status-publish","4":"has-post-thumbnail","6":"product_cat-profil-fr","8":"first","9":"instock","10":"shipping-taxable","11":"purchasable","12":"product-type-variable"},"acf":[],"_links":{"self":[{"href":"https:\/\/vimaterial.de\/fr\/wp-json\/wp\/v2\/product\/1049007","targetHints":{"allow":["GET"]}}],"collection":[{"href":"https:\/\/vimaterial.de\/fr\/wp-json\/wp\/v2\/product"}],"about":[{"href":"https:\/\/vimaterial.de\/fr\/wp-json\/wp\/v2\/types\/product"}],"replies":[{"embeddable":true,"href":"https:\/\/vimaterial.de\/fr\/wp-json\/wp\/v2\/comments?post=1049007"}],"wp:featuredmedia":[{"embeddable":true,"href":"https:\/\/vimaterial.de\/fr\/wp-json\/wp\/v2\/media\/1034161"}],"wp:attachment":[{"href":"https:\/\/vimaterial.de\/fr\/wp-json\/wp\/v2\/media?parent=1049007"}],"wp:term":[{"taxonomy":"product_brand","embeddable":true,"href":"https:\/\/vimaterial.de\/fr\/wp-json\/wp\/v2\/product_brand?post=1049007"},{"taxonomy":"product_cat","embeddable":true,"href":"https:\/\/vimaterial.de\/fr\/wp-json\/wp\/v2\/product_cat?post=1049007"},{"taxonomy":"product_tag","embeddable":true,"href":"https:\/\/vimaterial.de\/fr\/wp-json\/wp\/v2\/product_tag?post=1049007"}],"curies":[{"name":"wp","href":"https:\/\/api.w.org\/{rel}","templated":true}]}}