{"id":1048976,"date":"2024-06-17T14:23:30","date_gmt":"2024-06-17T06:23:30","guid":{"rendered":"https:\/\/vimaterial.de\/product\/oxyde-de-titane-4\/"},"modified":"2024-06-17T14:23:30","modified_gmt":"2024-06-17T06:23:30","slug":"oxyde-de-titane-4","status":"publish","type":"product","link":"https:\/\/vimaterial.de\/fr\/product\/oxyde-de-titane-4\/","title":{"rendered":"Oxyde de titane"},"content":{"rendered":"<p>Les granul\u00e9s <span style=\"color: #0000ff;\"><a style=\"color: #0000ff;\" href=\"https:\/\/vimaterial.de\/fr\/product\/oxyde-de-titane-3\/\">d&#8217;oxyde de titane Ti3O5<\/a><\/span><br \/>\nsont inorganiques, avec une structure cristalline rhombo\u00e9drique, une couleur violet fonc\u00e9 et un \u00e9clat m\u00e9tallique. Ils sont principalement utilis\u00e9s dans l&#8217;\u00e9lectronique, l&#8217;optique et les capteurs.<\/p>\n<p>VIMATERIAL est une entreprise innovante de pointe dans le domaine chimique, sp\u00e9cialis\u00e9e dans les mat\u00e9riaux haute performance pour les applications d&#8217;ing\u00e9nierie avanc\u00e9es. Nos produits se caract\u00e9risent par leur grande puret\u00e9, leurs performances stables, la prise en charge de petites commandes, des stocks suffisants et des d\u00e9lais de livraison courts. Nous proposons \u00e9galement des services de personnalisation et d&#8217;exp\u00e9rimentation. N&#8217;h\u00e9sitez pas \u00e0 <span style=\"color: #0000ff;\"><a style=\"color: #0000ff;\" href=\"https:\/\/vimaterial.de\/fr\/contact\/\">nous contacter<\/a><\/span><br \/>\nsi vous avez besoin d&#8217;aide.<\/p>\n<h2><span style=\"font-size: 14pt;\">Caract\u00e9ristiques<\/span><\/h2>\n<p>Formule mol\u00e9culaire : Ti3O5<\/p>\n<p>Poids mol\u00e9culaire : 223,61 g\/mol<\/p>\n<p>Aspect : violet fonc\u00e9<\/p>\n<p>Densit\u00e9 : 4,2 g\/cm\u00b3<\/p>\n<p>Point de fusion : 1800 \u00b0C<\/p>\n<p>Structure cristalline : syst\u00e8me cristallin monoclinique commun<\/p>\n<h2><span style=\"font-size: 14pt;\">Applications<\/span><\/h2>\n<p>Fabrication de composants \u00e9lectroniques : les granul\u00e9s d&#8217;oxyde de titane Ti3O5 sont utilis\u00e9s dans la fabrication de condensateurs haute performance, qui peuvent am\u00e9liorer efficacement le stockage d&#8217;\u00e9nergie et la stabilit\u00e9 des condensateurs.<\/p>\n<p>Cellules solaires : ajout\u00e9s aux \u00e9lectrodes des cellules solaires, les granul\u00e9s de Ti3O5 peuvent am\u00e9liorer la conductivit\u00e9 et l&#8217;efficacit\u00e9 de conversion photovolta\u00efque des cellules.<\/p>\n<p>Capteurs : en tant que mat\u00e9riau sensible, les granul\u00e9s d&#8217;oxyde de titane Ti3O5 rendent les capteurs de gaz plus sensibles et plus r\u00e9actifs aux gaz nocifs.<\/p>\n<p>Rev\u00eatement optique : utilis\u00e9 pour pr\u00e9parer un film am\u00e9liorant la transmittance des lentilles optiques, il r\u00e9duit efficacement la r\u00e9flexion et am\u00e9liore la transmission de la lumi\u00e8re de la lentille.<\/p>\n<p>Mat\u00e9riaux structurels \u00e0 haute temp\u00e9rature : utilis\u00e9s dans les composants \u00e0 haute temp\u00e9rature pour garantir la r\u00e9sistance structurelle du mat\u00e9riau dans des environnements extr\u00eames gr\u00e2ce \u00e0 son point de fusion \u00e9lev\u00e9.<\/p>\n<h2><span style=\"font-size: 14pt;\">Contr\u00f4le qualit\u00e9<\/span><\/h2>\n<p><span style=\"color: #0000ff;\"><a style=\"color: #0000ff;\" href=\"https:\/\/vimaterial.de\/fr\/le-controle-de-la-qualite\/\">Nos produits<\/a><\/span><br \/>\nsont soumis \u00e0 un syst\u00e8me de gestion de la qualit\u00e9 strict. Des mati\u00e8res premi\u00e8res entrantes \u00e0 l&#8217;inspection finale en passant par le traitement et l&#8217;inspection en usine, des normes d&#8217;inspection strictes sont appliqu\u00e9es. Des mesures d&#8217;isolement strictes sont prises pour les traitements non conformes afin d&#8217;emp\u00eacher les produits non conformes de passer \u00e0 l&#8217;\u00e9tape suivante. Conform\u00e9ment aux exigences des clients, nous fournissons des \u00e9chantillons pour une nouvelle inspection par les clients.<\/p>\n<h2><span style=\"font-size: 14pt;\">Emballage et stockage<\/span><\/h2>\n<p>Les granul\u00e9s d&#8217;oxyde de titane Ti3O5 sont emball\u00e9s dans des sacs sous vide \u00e0 double couche ou des bouteilles sous vide \u00e0 double couche, puis conditionn\u00e9s dans des cartons.<\/p>\n<p>Les granul\u00e9s d&#8217;oxyde de titane Ti3O5 doivent \u00eatre stock\u00e9s dans un environnement int\u00e9rieur sec et bien ventil\u00e9, \u00e0 une temp\u00e9rature comprise entre 5 et 30 \u00b0C. Des emballages scell\u00e9s doivent \u00eatre utilis\u00e9s pour isoler l&#8217;air et l&#8217;humidit\u00e9, et \u00e9viter tout m\u00e9lange avec des acides, des alcalis et d&#8217;autres substances chimiques afin de pr\u00e9venir toute r\u00e9action.<\/p>\n","protected":false},"excerpt":{"rendered":"<p>Les granul\u00e9s d&#8217;oxyde de titane Ti3O5 sont inorganiques, avec une structure cristalline rhombo\u00e9drique, une couleur violet fonc\u00e9 et un \u00e9clat m\u00e9tallique. Ils sont principalement utilis\u00e9s dans l&#8217;\u00e9lectronique, l&#8217;optique et les capteurs. VIMATERIAL est une entreprise innovante de pointe dans le domaine chimique, sp\u00e9cialis\u00e9e dans les mat\u00e9riaux haute performance pour les applications d&#8217;ing\u00e9nierie avanc\u00e9es. Nos produits [&hellip;]<\/p>\n","protected":false},"featured_media":1000490,"comment_status":"open","ping_status":"closed","template":"","meta":{"_acf_changed":false},"product_brand":[],"product_cat":[236],"product_tag":[],"class_list":{"0":"post-1048976","1":"product","2":"type-product","3":"status-publish","4":"has-post-thumbnail","6":"product_cat-materiaux-devaporation","8":"first","9":"instock","10":"shipping-taxable","11":"purchasable","12":"product-type-variable"},"acf":[],"_links":{"self":[{"href":"https:\/\/vimaterial.de\/fr\/wp-json\/wp\/v2\/product\/1048976","targetHints":{"allow":["GET"]}}],"collection":[{"href":"https:\/\/vimaterial.de\/fr\/wp-json\/wp\/v2\/product"}],"about":[{"href":"https:\/\/vimaterial.de\/fr\/wp-json\/wp\/v2\/types\/product"}],"replies":[{"embeddable":true,"href":"https:\/\/vimaterial.de\/fr\/wp-json\/wp\/v2\/comments?post=1048976"}],"wp:featuredmedia":[{"embeddable":true,"href":"https:\/\/vimaterial.de\/fr\/wp-json\/wp\/v2\/media\/1000490"}],"wp:attachment":[{"href":"https:\/\/vimaterial.de\/fr\/wp-json\/wp\/v2\/media?parent=1048976"}],"wp:term":[{"taxonomy":"product_brand","embeddable":true,"href":"https:\/\/vimaterial.de\/fr\/wp-json\/wp\/v2\/product_brand?post=1048976"},{"taxonomy":"product_cat","embeddable":true,"href":"https:\/\/vimaterial.de\/fr\/wp-json\/wp\/v2\/product_cat?post=1048976"},{"taxonomy":"product_tag","embeddable":true,"href":"https:\/\/vimaterial.de\/fr\/wp-json\/wp\/v2\/product_tag?post=1048976"}],"curies":[{"name":"wp","href":"https:\/\/api.w.org\/{rel}","templated":true}]}}