{"id":1048945,"date":"2024-06-17T15:53:32","date_gmt":"2024-06-17T07:53:32","guid":{"rendered":"https:\/\/vimaterial.de\/product\/iridium-metal\/"},"modified":"2024-06-17T15:53:32","modified_gmt":"2024-06-17T07:53:32","slug":"iridium-metal","status":"publish","type":"product","link":"https:\/\/vimaterial.de\/fr\/product\/iridium-metal\/","title":{"rendered":"Iridium m\u00e9tal"},"content":{"rendered":"<p>La cible de pulv\u00e9risation d&#8217;iridium est un m\u00e9tal iridium comme composant principal, utilis\u00e9 dans la pulv\u00e9risation magn\u00e9tron et d&#8217;autres technologies de rev\u00eatement. Elle peut \u00eatre utilis\u00e9e dans les semi-conducteurs, l&#8217;optique, l&#8217;\u00e9lectronique et de nombreux autres domaines pour pr\u00e9parer des films minces haute performance \u00e0 partir de mat\u00e9riaux cl\u00e9s.<\/p>\n<p>VIMATERIAL propose des cibles de pulv\u00e9risation <span style=\"color: #0000ff;\"><a style=\"color: #0000ff;\" href=\"https:\/\/vimaterial.de\/fr\/search\/?type=element&#038;keyword=ir\">en m\u00e9tal iridium<\/a><\/span><br \/>\nde haute puret\u00e9, qui peuvent \u00eatre personnalis\u00e9es en diff\u00e9rentes tailles pour r\u00e9pondre \u00e0 vos besoins. <span style=\"color: #0000ff;\"><a style=\"color: #0000ff;\" href=\"https:\/\/vimaterial.de\/fr\/contact\/\">Contactez-nous<\/a><\/span><br \/>\npour plus d&#8217;informations.<\/p>\n<h2><span style=\"font-size: 14pt;\">Caract\u00e9ristiques<\/span><\/h2>\n<p>Densit\u00e9 : 22,65 g\/cm\u00b3.<\/p>\n<p>Point de fusion : 2450 \u00b0C.<\/p>\n<p>Duret\u00e9 : duret\u00e9 et fragilit\u00e9 accrues \u00e0 temp\u00e9rature ambiante, mais la fragilit\u00e9 se transforme en t\u00e9nacit\u00e9 \u00e0 des temp\u00e9ratures plus \u00e9lev\u00e9es.<\/p>\n<p>Conductivit\u00e9 \u00e9lectrique : 4,71 \u03a9\/m.<\/p>\n<p>Inertie chimique : le m\u00e9tal iridium pr\u00e9sente une forte inertie chimique, une r\u00e9sistance \u00e0 la corrosion et une r\u00e9sistance \u00e0 l&#8217;oxydation.<\/p>\n<p>Propri\u00e9t\u00e9s de la structure cristalline : l&#8217;iridium est une structure cubique centr\u00e9e avec le groupe d&#8217;espace cubique fm-3m (num\u00e9ro du groupe d&#8217;espace : 225) et les param\u00e8tres de maille a=b=c=3,8312, \u03b1=\u03b2=\u03b3=90\u00b0.<\/p>\n<h2><span style=\"font-size: 14pt;\">Applications des cibles de pulv\u00e9risation en iridium<\/span><\/h2>\n<p>Domaine des semi-conducteurs : les cibles de pulv\u00e9risation en iridium sont utilis\u00e9es dans la fabrication de semi-conducteurs pour les interconnexions m\u00e9talliques, les couches barri\u00e8res et l&#8217;encapsulation des dispositifs. Leur point de fusion \u00e9lev\u00e9, leur duret\u00e9, leur conductivit\u00e9 et leur stabilit\u00e9 chimique garantissent les performances des puces, emp\u00eachent la diffusion des ions m\u00e9talliques et am\u00e9liorent l&#8217;\u00e9tanch\u00e9it\u00e9, la r\u00e9sistance \u00e0 la chaleur et la fiabilit\u00e9 des dispositifs.<\/p>\n<p>Domaine optique : les cibles en iridium sont utilis\u00e9es pour pr\u00e9parer des films optiques tels que des films antireflets, hautement r\u00e9fl\u00e9chissants et filtrants, ainsi que des couches conductrices transparentes dans les \u00e9crans LCD et OLED. La stabilit\u00e9 optique, la r\u00e9flectivit\u00e9 \u00e9lev\u00e9e et la conductivit\u00e9 de l&#8217;iridium am\u00e9liorent les performances des \u00e9quipements, la luminosit\u00e9, le contraste et la vitesse de r\u00e9ponse des \u00e9crans.<\/p>\n<p>Domaine des \u00e9nergies nouvelles : dans les cellules solaires et les piles \u00e0 combustible, les cibles de pulv\u00e9risation en iridium sont utilis\u00e9es pour les \u00e9lectrodes, les couches r\u00e9fl\u00e9chissantes et les couches catalytiques. Leur conductivit\u00e9 \u00e9lev\u00e9e, leur r\u00e9sistance \u00e0 la corrosion et leur activit\u00e9 catalytique am\u00e9liorent l&#8217;efficacit\u00e9 de la conversion \u00e9nerg\u00e9tique, r\u00e9duisent la r\u00e9sistance et prolongent la dur\u00e9e de vie des appareils.<\/p>\n<p>Domaine a\u00e9rospatial : les cibles en iridium sont utilis\u00e9es pour produire des rev\u00eatements r\u00e9sistants aux temp\u00e9ratures \u00e9lev\u00e9es et \u00e0 la corrosion pour les \u00e9quipements a\u00e9rospatiaux et les composants de moteurs a\u00e9ronautiques. Ces rev\u00eatements am\u00e9liorent la tol\u00e9rance \u00e0 la temp\u00e9rature, la r\u00e9sistance \u00e0 l&#8217;usure et la fiabilit\u00e9 des composants, prolongeant ainsi leur dur\u00e9e de vie dans des conditions extr\u00eames.<\/p>\n<p>Domaine biom\u00e9dical : les cibles en iridium peuvent recouvrir des dispositifs m\u00e9dicaux tels que des proth\u00e8ses articulaires et des stimulateurs cardiaques, o\u00f9 leur biocompatibilit\u00e9 et leur r\u00e9sistance \u00e0 la corrosion am\u00e9liorent la s\u00e9curit\u00e9 et la durabilit\u00e9.<\/p>\n<p>Domaine de la d\u00e9coration : l&#8217;\u00e9clat m\u00e9tallique et la stabilit\u00e9 chimique de l&#8217;iridium en font un mat\u00e9riau id\u00e9al pour les d\u00e9corations haut de gamme, les bijoux et les montres, offrant des rev\u00eatements durables et de haute qualit\u00e9.<\/p>\n<h2><span style=\"font-size: 14pt;\">Emballage et stockage<\/span><\/h2>\n<p>Les cibles de pulv\u00e9risation d&#8217;iridium sont g\u00e9n\u00e9ralement emball\u00e9es dans des sacs en plastique scell\u00e9s sous vide ou antistatiques avec des mat\u00e9riaux de rembourrage tels que de la mousse ou de l&#8217;\u00e9ponge afin d&#8217;\u00e9viter les collisions et les rayures pendant le transport. L&#8217;emballage ext\u00e9rieur doit \u00eatre clairement \u00e9tiquet\u00e9 avec le nom du produit, les sp\u00e9cifications, le num\u00e9ro de lot et les instructions de manipulation pour un transport et une inspection appropri\u00e9s.<\/p>\n<p>Les cibles de pulv\u00e9risation en iridium doivent \u00eatre stock\u00e9es dans un entrep\u00f4t sec, frais et bien ventil\u00e9, \u00e0 l&#8217;abri de la lumi\u00e8re directe du soleil, des temp\u00e9ratures \u00e9lev\u00e9es et de l&#8217;humidit\u00e9. Elles doivent \u00eatre conserv\u00e9es \u00e0 l&#8217;\u00e9cart des acides, des bases et autres produits chimiques corrosifs, dans un emballage intact afin d&#8217;\u00e9viter la poussi\u00e8re ou la contamination, garantissant ainsi des performances stables.<\/p>\n","protected":false},"excerpt":{"rendered":"<p>La cible de pulv\u00e9risation d&#8217;iridium est un m\u00e9tal iridium comme composant principal, utilis\u00e9 dans la pulv\u00e9risation magn\u00e9tron et d&#8217;autres technologies de rev\u00eatement. Elle peut \u00eatre utilis\u00e9e dans les semi-conducteurs, l&#8217;optique, l&#8217;\u00e9lectronique et de nombreux autres domaines pour pr\u00e9parer des films minces haute performance \u00e0 partir de mat\u00e9riaux cl\u00e9s. VIMATERIAL propose des cibles de pulv\u00e9risation en [&hellip;]<\/p>\n","protected":false},"featured_media":1033379,"comment_status":"open","ping_status":"closed","template":"","meta":{"_acf_changed":false},"product_brand":[],"product_cat":[235],"product_tag":[],"class_list":{"0":"post-1048945","1":"product","2":"type-product","3":"status-publish","4":"has-post-thumbnail","6":"product_cat-cibles-de-pulverisation-planaire","8":"first","9":"instock","10":"shipping-taxable","11":"product-type-variable"},"acf":[],"_links":{"self":[{"href":"https:\/\/vimaterial.de\/fr\/wp-json\/wp\/v2\/product\/1048945","targetHints":{"allow":["GET"]}}],"collection":[{"href":"https:\/\/vimaterial.de\/fr\/wp-json\/wp\/v2\/product"}],"about":[{"href":"https:\/\/vimaterial.de\/fr\/wp-json\/wp\/v2\/types\/product"}],"replies":[{"embeddable":true,"href":"https:\/\/vimaterial.de\/fr\/wp-json\/wp\/v2\/comments?post=1048945"}],"wp:featuredmedia":[{"embeddable":true,"href":"https:\/\/vimaterial.de\/fr\/wp-json\/wp\/v2\/media\/1033379"}],"wp:attachment":[{"href":"https:\/\/vimaterial.de\/fr\/wp-json\/wp\/v2\/media?parent=1048945"}],"wp:term":[{"taxonomy":"product_brand","embeddable":true,"href":"https:\/\/vimaterial.de\/fr\/wp-json\/wp\/v2\/product_brand?post=1048945"},{"taxonomy":"product_cat","embeddable":true,"href":"https:\/\/vimaterial.de\/fr\/wp-json\/wp\/v2\/product_cat?post=1048945"},{"taxonomy":"product_tag","embeddable":true,"href":"https:\/\/vimaterial.de\/fr\/wp-json\/wp\/v2\/product_tag?post=1048945"}],"curies":[{"name":"wp","href":"https:\/\/api.w.org\/{rel}","templated":true}]}}