{"id":1048915,"date":"2024-06-17T16:08:35","date_gmt":"2024-06-17T08:08:35","guid":{"rendered":"https:\/\/vimaterial.de\/product\/metal-de-samarium-2\/"},"modified":"2024-06-17T16:08:35","modified_gmt":"2024-06-17T08:08:35","slug":"metal-de-samarium-2","status":"publish","type":"product","link":"https:\/\/vimaterial.de\/fr\/product\/metal-de-samarium-2\/","title":{"rendered":"M\u00e9tal de Samarium"},"content":{"rendered":"<p>La poudre <span style=\"color: #0000ff;\"><a style=\"color: #0000ff;\" href=\"https:\/\/vimaterial.de\/fr\/search\/?type=element&#038;keyword=sm\">m\u00e9tallique de samarium<\/a><\/span><br \/>\nest une forme de l&#8217;\u00e9l\u00e9ment samarium, qui fait partie des \u00e9l\u00e9ments des terres rares. Son num\u00e9ro atomique est 62 et il appartient \u00e0 la s\u00e9rie des lanthanides du tableau p\u00e9riodique.<\/p>\n<p>VIMATERIAL propose de la poudre de samarium de haute puret\u00e9 et peut personnaliser diff\u00e9rentes tailles de particules pour r\u00e9pondre \u00e0 vos besoins. <span style=\"color: #0000ff;\"><a style=\"color: #0000ff;\" href=\"https:\/\/vimaterial.de\/fr\/contact\/\">Contactez-nous<\/a><\/span><br \/>\npour plus d&#8217;informations.<\/p>\n<h2><span style=\"font-size: 14pt;\">Informations de base<\/span><\/h2>\n<p>Apparence : poudre noir-gris<\/p>\n<p>Densit\u00e9 : 7,52 g\/cm\u00b3<\/p>\n<p>Points de fusion : 1072 \u00b0C<\/p>\n<p>Points d&#8217;\u00e9bullition : 1794 \u00b0C<\/p>\n<p>Propri\u00e9t\u00e9s magn\u00e9tiques : le samarium est un mat\u00e9riau magn\u00e9tique, qui est hautement magn\u00e9tique \u00e0 basse temp\u00e9rature.<\/p>\n<p>Propri\u00e9t\u00e9s \u00e9lectriques : la poudre de samarium a une bonne conductivit\u00e9 \u00e9lectrique, qui est une propri\u00e9t\u00e9 inh\u00e9rente au m\u00e9tal samarium.<\/p>\n<h2><span style=\"font-size: 14pt;\">Applications de la poudre de samarium<\/span><\/h2>\n<p>Mat\u00e9riaux magn\u00e9tiques permanents : le m\u00e9tal samarium est le composant cl\u00e9 dans la fabrication de mat\u00e9riaux magn\u00e9tiques permanents haute performance tels que SmCo\u2085 et Sm\u2082Co\u2081\u2087. Ces mat\u00e9riaux magn\u00e9tiques permanents sont largement utilis\u00e9s dans les appareils \u00e9lectroniques tels que les moteurs, les g\u00e9n\u00e9rateurs, les haut-parleurs, les disques durs, etc. Ils peuvent fournir des champs magn\u00e9tiques efficaces et stables.<\/p>\n<p>Mat\u00e9riaux luminescents : le samarium est utilis\u00e9 pour pr\u00e9parer des mat\u00e9riaux luminescents tels que les phosphores. Sous l&#8217;excitation des rayons ultraviolets ou des faisceaux d&#8217;\u00e9lectrons, les phosphores contenant du samarium peuvent \u00e9mettre une lumi\u00e8re de longueurs d&#8217;onde sp\u00e9cifiques, qui est utilis\u00e9e dans les domaines de l&#8217;\u00e9clairage et de l&#8217;affichage.<\/p>\n<p>\u00c9nergie nucl\u00e9aire : dans les r\u00e9acteurs nucl\u00e9aires, le samarium peut \u00eatre utilis\u00e9 comme absorbeur de neutrons pour contr\u00f4ler la vitesse de la r\u00e9action nucl\u00e9aire et garantir le fonctionnement s\u00fbr du r\u00e9acteur.<\/p>\n<p>Catalyseurs : la poudre m\u00e9tallique de samarium peut \u00e9galement \u00eatre utilis\u00e9e comme catalyseur ou pr\u00e9curseur de catalyseur pour certaines r\u00e9actions chimiques organiques, telles que les r\u00e9actions d&#8217;hydrog\u00e9nation, les r\u00e9actions redox, etc.<\/p>\n<h2><span style=\"font-size: 14pt;\">Emballage et stockage<\/span><\/h2>\n<p>La poudre de samarium (Sm), \u00e9tant tr\u00e8s r\u00e9active et sujette \u00e0 l&#8217;oxydation et \u00e0 l&#8217;absorption d&#8217;humidit\u00e9, est g\u00e9n\u00e9ralement conditionn\u00e9e dans des conteneurs scell\u00e9s sous gaz inerte (tels que des sacs en aluminium remplis d&#8217;argon ou des bo\u00eetes m\u00e9talliques herm\u00e9tiquement ferm\u00e9es) avec des mat\u00e9riaux de rembourrage afin d&#8217;\u00e9viter tout dommage pendant le transport. L&#8217;emballage doit \u00eatre clairement \u00e9tiquet\u00e9 avec le nom du produit, sa puret\u00e9, ses sp\u00e9cifications, son poids net, son num\u00e9ro de lot et les instructions de manipulation pour une manipulation et une gestion en toute s\u00e9curit\u00e9.<\/p>\n<p>La poudre de samarium doit \u00eatre stock\u00e9e dans un environnement sec, frais et bien ventil\u00e9, \u00e0 l&#8217;abri de la lumi\u00e8re directe du soleil, des temp\u00e9ratures \u00e9lev\u00e9es et de l&#8217;humidit\u00e9. Elle doit \u00eatre conserv\u00e9e \u00e0 l&#8217;\u00e9cart des oxydants, des acides, des bases et d&#8217;autres substances r\u00e9actives, dans des conteneurs herm\u00e9tiquement ferm\u00e9s afin d&#8217;\u00e9viter l&#8217;oxydation ou l&#8217;inflammation spontan\u00e9e, garantissant ainsi la stabilit\u00e9 de ses propri\u00e9t\u00e9s chimiques et de son activit\u00e9.<\/p>\n","protected":false},"excerpt":{"rendered":"<p>La poudre m\u00e9tallique de samarium est une forme de l&#8217;\u00e9l\u00e9ment samarium, qui fait partie des \u00e9l\u00e9ments des terres rares. Son num\u00e9ro atomique est 62 et il appartient \u00e0 la s\u00e9rie des lanthanides du tableau p\u00e9riodique. VIMATERIAL propose de la poudre de samarium de haute puret\u00e9 et peut personnaliser diff\u00e9rentes tailles de particules pour r\u00e9pondre \u00e0 [&hellip;]<\/p>\n","protected":false},"featured_media":1034166,"comment_status":"open","ping_status":"closed","template":"","meta":{"_acf_changed":false},"product_brand":[],"product_cat":[166],"product_tag":[],"class_list":{"0":"post-1048915","1":"product","2":"type-product","3":"status-publish","4":"has-post-thumbnail","6":"product_cat-uncategorized-fr","8":"first","9":"instock","10":"shipping-taxable","11":"purchasable","12":"product-type-variable"},"acf":[],"_links":{"self":[{"href":"https:\/\/vimaterial.de\/fr\/wp-json\/wp\/v2\/product\/1048915","targetHints":{"allow":["GET"]}}],"collection":[{"href":"https:\/\/vimaterial.de\/fr\/wp-json\/wp\/v2\/product"}],"about":[{"href":"https:\/\/vimaterial.de\/fr\/wp-json\/wp\/v2\/types\/product"}],"replies":[{"embeddable":true,"href":"https:\/\/vimaterial.de\/fr\/wp-json\/wp\/v2\/comments?post=1048915"}],"wp:featuredmedia":[{"embeddable":true,"href":"https:\/\/vimaterial.de\/fr\/wp-json\/wp\/v2\/media\/1034166"}],"wp:attachment":[{"href":"https:\/\/vimaterial.de\/fr\/wp-json\/wp\/v2\/media?parent=1048915"}],"wp:term":[{"taxonomy":"product_brand","embeddable":true,"href":"https:\/\/vimaterial.de\/fr\/wp-json\/wp\/v2\/product_brand?post=1048915"},{"taxonomy":"product_cat","embeddable":true,"href":"https:\/\/vimaterial.de\/fr\/wp-json\/wp\/v2\/product_cat?post=1048915"},{"taxonomy":"product_tag","embeddable":true,"href":"https:\/\/vimaterial.de\/fr\/wp-json\/wp\/v2\/product_tag?post=1048915"}],"curies":[{"name":"wp","href":"https:\/\/api.w.org\/{rel}","templated":true}]}}