{"id":1048890,"date":"2024-06-17T16:19:50","date_gmt":"2024-06-17T08:19:50","guid":{"rendered":"https:\/\/vimaterial.de\/product\/oxyde-dytterbium-3\/"},"modified":"2024-06-17T16:19:50","modified_gmt":"2024-06-17T08:19:50","slug":"oxyde-dytterbium-3","status":"publish","type":"product","link":"https:\/\/vimaterial.de\/fr\/product\/oxyde-dytterbium-3\/","title":{"rendered":"Oxyde d&#8217;ytterbium"},"content":{"rendered":"<p>La poudre <span style=\"color: #0000ff;\"><a style=\"color: #0000ff;\" href=\"https:\/\/vimaterial.de\/fr\/product\/oxyde-dytterbium-2\/\">d&#8217;oxyde d&#8217;ytterbium<\/a><\/span><br \/>\nest une poudre fine blanche l\u00e9g\u00e8rement jaun\u00e2tre avec une structure cristalline cubique, qui peut \u00eatre utilis\u00e9e comme dopant ou mati\u00e8re premi\u00e8re importante dans les domaines de l&#8217;optique, de l&#8217;\u00e9lectronique, de la c\u00e9ramique, etc.<\/p>\n<p>VIMATERIAL fournit de la poudre d&#8217;oxyde d&#8217;ytterbium dans diff\u00e9rentes sp\u00e9cifications et propose un service de liaison cible. Nous acceptons la personnalisation des produits, <span style=\"color: #0000ff;\"><a style=\"color: #0000ff;\" href=\"https:\/\/vimaterial.de\/fr\/contact\/\">n&#8217;h\u00e9sitez pas \u00e0 nous contacter.<\/a><\/span><\/p>\n<h2><span style=\"font-size: 14pt;\">Caract\u00e9ristiques<\/span><\/h2>\n<p>Formule chimique : Yb2O3<\/p>\n<p>Poids mol\u00e9culaire : 394,08 g\/mol<\/p>\n<p>Aspect : poudre blanche<\/p>\n<p>Densit\u00e9 : environ 9,17 g\/cm\u00b3<\/p>\n<p>Point de fusion : 2346 \u00b0C<\/p>\n<p>Point d&#8217;\u00e9bullition : 4070 \u00b0C<\/p>\n<p>Structure cristalline : structure cristalline cubique, le cristal est compos\u00e9 d&#8217;ions Yb (ytterbium) et d&#8217;ions O (oxyg\u00e8ne), les ions oxyg\u00e8ne forment un empilement dense cubique \u00e0 faces centr\u00e9es, les ions ytterbium remplissent les vides octa\u00e9driques form\u00e9s par les ions oxyg\u00e8ne, et l&#8217;ensemble pr\u00e9sente une configuration cristalline hautement sym\u00e9trique et r\u00e9guli\u00e8re.<\/p>\n<h2><span style=\"font-size: 14pt;\">Applications<\/span><\/h2>\n<p>Domaine optique : la poudre d&#8217;oxyde d&#8217;ytterbium peut \u00eatre utilis\u00e9e comme dopant dans la fabrication de verre optique et de fibres optiques, ce qui permet d&#8217;am\u00e9liorer efficacement les performances des dispositifs optiques, tels que ceux utilis\u00e9s dans les lasers \u00e0 fibre pour obtenir un rendement laser \u00e9lev\u00e9.<\/p>\n<p>\u00c9lectronique : l&#8217;ajout de poudre d&#8217;oxyde d&#8217;ytterbium aux c\u00e9ramiques \u00e9lectroniques et aux mat\u00e9riaux semi-conducteurs peut contribuer \u00e0 am\u00e9liorer les propri\u00e9t\u00e9s \u00e9lectriques des mat\u00e9riaux, par exemple pour la fabrication de condensateurs c\u00e9ramiques haute performance, en am\u00e9liorant leur constante di\u00e9lectrique et leur stabilit\u00e9.<\/p>\n<p>Domaine \u00e9nerg\u00e9tique : la poudre d&#8217;oxyde d&#8217;ytterbium peut \u00eatre utilis\u00e9e comme catalyseur ou support de catalyseur dans certaines r\u00e9actions li\u00e9es \u00e0 l&#8217;\u00e9nergie. Par exemple, elle peut \u00eatre ajout\u00e9e aux mat\u00e9riaux d&#8217;\u00e9lectrodes de certaines piles \u00e0 combustible, ce qui permet d&#8217;am\u00e9liorer l&#8217;activit\u00e9 catalytique et la stabilit\u00e9 des \u00e9lectrodes et de favoriser l&#8217;efficacit\u00e9 de la conversion \u00e9nerg\u00e9tique.<\/p>\n<h2><span style=\"font-size: 14pt;\">Contr\u00f4le qualit\u00e9<\/span><\/h2>\n<p><span style=\"color: #0000ff;\"><a style=\"color: #0000ff;\" href=\"https:\/\/vimaterial.de\/fr\/le-controle-de-la-qualite\/\">Chaque lot<\/a><\/span><br \/>\nde produits fait l&#8217;objet d&#8217;un contr\u00f4le qualit\u00e9 rigoureux, depuis la s\u00e9lection des fournisseurs de mati\u00e8res premi\u00e8res jusqu&#8217;\u00e0 l&#8217;utilisation d&#8217;\u00e9quipements de test avanc\u00e9s pour surveiller avec pr\u00e9cision l&#8217;ensemble du processus de production, en passant par le produit fini qui fait l&#8217;objet de nombreux cycles d&#8217;\u00e9chantillonnage rigoureux et d&#8217;une certification officielle par un organisme tiers, jusqu&#8217;\u00e0 un syst\u00e8me de contr\u00f4le qualit\u00e9 complet et sans tol\u00e9rance afin de garantir que chaque lot de produits respecte et d\u00e9passe les normes \u00e9lev\u00e9es de l&#8217;industrie, afin de fournir \u00e0 nos clients des produits de la meilleure qualit\u00e9 et les plus stables possible.<\/p>\n<h2><span style=\"font-size: 14pt;\">Emballage et stockage<\/span><\/h2>\n<p>La poudre d&#8217;oxyde d&#8217;ytterbium est conditionn\u00e9e dans des sacs ou des bouteilles sous vide dans des cartons afin de garantir un transport s\u00fbr.<\/p>\n<p>La poudre d&#8217;oxyde d&#8217;ytterbium doit \u00eatre stock\u00e9e dans un environnement sec et bien ventil\u00e9, \u00e0 une temp\u00e9rature appropri\u00e9e, et doit \u00eatre scell\u00e9e et conserv\u00e9e dans des conteneurs propres, en \u00e9vitant tout contact avec l&#8217;air, l&#8217;humidit\u00e9 et les substances corrosives telles que les acides et les alcalis, afin d&#8217;\u00e9viter qu&#8217;elle ne soit affect\u00e9e par l&#8217;humidit\u00e9, l&#8217;oxydation ou d&#8217;autres r\u00e9actions chimiques susceptibles d&#8217;alt\u00e9rer ses performances.<\/p>\n","protected":false},"excerpt":{"rendered":"<p>La poudre d&#8217;oxyde d&#8217;ytterbium est une poudre fine blanche l\u00e9g\u00e8rement jaun\u00e2tre avec une structure cristalline cubique, qui peut \u00eatre utilis\u00e9e comme dopant ou mati\u00e8re premi\u00e8re importante dans les domaines de l&#8217;optique, de l&#8217;\u00e9lectronique, de la c\u00e9ramique, etc. VIMATERIAL fournit de la poudre d&#8217;oxyde d&#8217;ytterbium dans diff\u00e9rentes sp\u00e9cifications et propose un service de liaison cible. Nous [&hellip;]<\/p>\n","protected":false},"featured_media":1034616,"comment_status":"open","ping_status":"closed","template":"","meta":{"_acf_changed":false},"product_brand":[],"product_cat":[241,243],"product_tag":[],"class_list":{"0":"post-1048890","1":"product","2":"type-product","3":"status-publish","4":"has-post-thumbnail","6":"product_cat-materiaux-a-base-de-terres-rares","7":"product_cat-materiaux-oxydes-hydroxydes","9":"first","10":"instock","11":"shipping-taxable","12":"purchasable","13":"product-type-variable"},"acf":[],"_links":{"self":[{"href":"https:\/\/vimaterial.de\/fr\/wp-json\/wp\/v2\/product\/1048890","targetHints":{"allow":["GET"]}}],"collection":[{"href":"https:\/\/vimaterial.de\/fr\/wp-json\/wp\/v2\/product"}],"about":[{"href":"https:\/\/vimaterial.de\/fr\/wp-json\/wp\/v2\/types\/product"}],"replies":[{"embeddable":true,"href":"https:\/\/vimaterial.de\/fr\/wp-json\/wp\/v2\/comments?post=1048890"}],"wp:featuredmedia":[{"embeddable":true,"href":"https:\/\/vimaterial.de\/fr\/wp-json\/wp\/v2\/media\/1034616"}],"wp:attachment":[{"href":"https:\/\/vimaterial.de\/fr\/wp-json\/wp\/v2\/media?parent=1048890"}],"wp:term":[{"taxonomy":"product_brand","embeddable":true,"href":"https:\/\/vimaterial.de\/fr\/wp-json\/wp\/v2\/product_brand?post=1048890"},{"taxonomy":"product_cat","embeddable":true,"href":"https:\/\/vimaterial.de\/fr\/wp-json\/wp\/v2\/product_cat?post=1048890"},{"taxonomy":"product_tag","embeddable":true,"href":"https:\/\/vimaterial.de\/fr\/wp-json\/wp\/v2\/product_tag?post=1048890"}],"curies":[{"name":"wp","href":"https:\/\/api.w.org\/{rel}","templated":true}]}}