{"id":1048868,"date":"2024-06-17T16:05:16","date_gmt":"2024-06-17T08:05:16","guid":{"rendered":"https:\/\/vimaterial.de\/product\/oxyde-de-praseodyme\/"},"modified":"2024-06-17T16:05:16","modified_gmt":"2024-06-17T08:05:16","slug":"oxyde-de-praseodyme","status":"publish","type":"product","link":"https:\/\/vimaterial.de\/fr\/product\/oxyde-de-praseodyme\/","title":{"rendered":"Oxyde de pras\u00e9odyme"},"content":{"rendered":"<p>La poudre <span style=\"color: #0000ff;\"><a style=\"color: #0000ff;\" href=\"https:\/\/vimaterial.de\/fr\/search\/?type=element&#038;keyword=Pr%2CO\">d&#8217;oxyde de pras\u00e9odyme<\/a><\/span><br \/>\nest une poudre d&#8217;oxyde de terre rare d&#8217;aspect noir, d&#8217;une densit\u00e9 de 6,5 g\/ml (25 \u00b0C), d&#8217;un point de fusion d&#8217;environ 2 200 \u00b0C, insoluble dans l&#8217;eau et chimiquement active, qui peut \u00eatre utilis\u00e9e dans les industries du verre et de la m\u00e9tallurgie, comme additif pour les phosphores, les pigments c\u00e9ramiques et les mat\u00e9riaux magn\u00e9tiques permanents.<\/p>\n<p>VIMATERIAL propose une poudre d&#8217;oxyde de pras\u00e9odyme de haute puret\u00e9, avec des tailles de particules personnalis\u00e9es disponibles sur demande. <span style=\"color: #0000ff;\"><a style=\"color: #0000ff;\" href=\"https:\/\/vimaterial.de\/fr\/contact\/\">Contactez-nous<\/a><\/span><br \/>\npour plus d&#8217;informations.<\/p>\n<h2><span style=\"font-size: 14pt;\">Caract\u00e9ristiques<\/span><\/h2>\n<p>Apparence : g\u00e9n\u00e9ralement une poudre noire.<\/p>\n<p>Densit\u00e9 : environ 6,5 g\/cm\u00b3, ce qui lui conf\u00e8re une certaine stabilit\u00e9 et un certain poids dans le processus d&#8217;application.<\/p>\n<p>Point de fusion : environ 2200 \u2103, avec une bonne r\u00e9sistance aux temp\u00e9ratures \u00e9lev\u00e9es, pouvant conserver un \u00e9tat physique stable dans un environnement \u00e0 haute temp\u00e9rature.<\/p>\n<p>Structure cristalline : il pr\u00e9sente une structure cubique fluorite, qui d\u00e9termine la disposition des atomes \u00e0 l&#8217;int\u00e9rieur et influence ainsi ses propri\u00e9t\u00e9s physiques et chimiques.<\/p>\n<p>Solubilit\u00e9 : insoluble dans l&#8217;eau, mais soluble dans les acides pour produire les sels trivalents correspondants. Cela est d\u00fb \u00e0 sa nature chimique plus active, qui le rend susceptible de r\u00e9agir chimiquement dans des conditions acides.<\/p>\n<p>Stabilit\u00e9 : il est stable \u00e0 temp\u00e9rature et pression ambiantes, et est l&#8217;oxyde de pras\u00e9odyme le plus stable \u00e0 temp\u00e9rature et pression ambiantes.<\/p>\n<p>Conductivit\u00e9 : il poss\u00e8de une bonne conductivit\u00e9 \u00e9lectrique. Cette propri\u00e9t\u00e9 le rend pr\u00e9cieux pour des applications dans des domaines tels que les mat\u00e9riaux \u00e9lectroniques.<\/p>\n<h2><span style=\"font-size: 14pt;\">Applications de la poudre d&#8217;oxyde de pras\u00e9odyme<\/span><\/h2>\n<p>C\u00e9ramique : dans la c\u00e9ramique de construction et la c\u00e9ramique d&#8217;usage quotidien, l&#8217;oxyde de pras\u00e9odyme peut \u00eatre m\u00e9lang\u00e9 \u00e0 un vernis c\u00e9ramique pour obtenir un vernis color\u00e9, qui peut pr\u00e9senter une teinte jaune clair, pure et \u00e9l\u00e9gante ; il peut \u00e9galement \u00eatre utilis\u00e9 seul comme pigment sous gla\u00e7ure.<\/p>\n<p>Fabrication de mat\u00e9riaux magn\u00e9tiques permanents : il peut \u00eatre utilis\u00e9 pour fabriquer des aimants permanents. L&#8217;utilisation de m\u00e9tal pras\u00e9odyme bon march\u00e9 \u00e0 la place de m\u00e9tal n\u00e9odyme pur pour fabriquer des mat\u00e9riaux magn\u00e9tiques permanents peut am\u00e9liorer les performances anti-oxydation et les propri\u00e9t\u00e9s m\u00e9caniques des mat\u00e9riaux magn\u00e9tiques permanents, et peut \u00eatre transform\u00e9 en aimants de diff\u00e9rentes formes, qui sont largement utilis\u00e9s dans toutes sortes d&#8217;appareils \u00e9lectroniques et de moteurs.<\/p>\n<p>Craquage catalytique du p\u00e9trole : des mat\u00e9riaux enrichis en pras\u00e9odyme-n\u00e9odyme sont ajout\u00e9s \u00e0 des tamis mol\u00e9culaires de type Y \u00e0 base de z\u00e9olite afin de pr\u00e9parer des catalyseurs de craquage du p\u00e9trole, ce qui permet d&#8217;am\u00e9liorer l&#8217;activit\u00e9, la s\u00e9lectivit\u00e9 et la stabilit\u00e9 des catalyseurs.<\/p>\n<p>Polissage abrasif : en raison de sa grande duret\u00e9, il peut \u00eatre utilis\u00e9 comme abrasif dans le traitement de polissage des mat\u00e9riaux, ce qui permet d&#8217;am\u00e9liorer la finition de surface des mat\u00e9riaux.<\/p>\n<p>Domaine des fibres optiques : dans la fabrication des fibres optiques, l&#8217;oxyde de pras\u00e9odyme peut \u00eatre utilis\u00e9 comme dopant pour am\u00e9liorer les performances des fibres optiques.<\/p>\n<p>Industrie du verre : il peut \u00eatre utilis\u00e9 comme colorant pour le verre afin de produire diff\u00e9rentes couleurs de verre.<\/p>\n<p>Additifs pour phosphores : dans la pr\u00e9paration des phosphores, l&#8217;oxyde de pras\u00e9odyme peut \u00eatre utilis\u00e9 comme additif pour am\u00e9liorer les performances de luminescence et la puret\u00e9 des couleurs des phosphores.<\/p>\n<p>Recherche scientifique : en raison de ses propri\u00e9t\u00e9s physiques et chimiques uniques, la poudre d&#8217;oxyde de pras\u00e9odyme est \u00e9galement largement utilis\u00e9e dans diverses exp\u00e9riences et recherches dans le domaine de la recherche scientifique.<\/p>\n<h2><span style=\"font-size: 14pt;\">Emballage et stockage<\/span><\/h2>\n<p>La poudre d&#8217;oxyde de pras\u00e9odyme est g\u00e9n\u00e9ralement conditionn\u00e9e dans des sacs composites en feuille d&#8217;aluminium scell\u00e9s ou dans des f\u00fbts en plastique \u00e9tanches \u00e0 l&#8217;humidit\u00e9 avec des doublures antistatiques internes afin d&#8217;\u00e9viter l&#8217;absorption d&#8217;humidit\u00e9, la contamination et les fuites de poussi\u00e8re. L&#8217;emballage doit \u00eatre s\u00e9curis\u00e9 et clairement \u00e9tiquet\u00e9 avec le nom du produit, la puret\u00e9, les sp\u00e9cifications, le poids net, le num\u00e9ro de lot et les instructions de manipulation pour un transport et une gestion en toute s\u00e9curit\u00e9.<\/p>\n<p>La poudre d&#8217;oxyde de pras\u00e9odyme doit \u00eatre stock\u00e9e dans un environnement sec, frais et bien ventil\u00e9, \u00e0 l&#8217;abri de la lumi\u00e8re directe du soleil, des temp\u00e9ratures \u00e9lev\u00e9es et de l&#8217;humidit\u00e9. Elle doit \u00eatre conserv\u00e9e \u00e0 l&#8217;\u00e9cart des acides, des bases et d&#8217;autres substances corrosives ou r\u00e9actives, et l&#8217;emballage doit rester herm\u00e9tiquement ferm\u00e9 afin d&#8217;\u00e9viter l&#8217;absorption d&#8217;humidit\u00e9, l&#8217;agglom\u00e9ration ou la contamination, garantissant ainsi la stabilit\u00e9 des performances du produit.<\/p>\n","protected":false},"excerpt":{"rendered":"<p>La poudre d&#8217;oxyde de pras\u00e9odyme est une poudre d&#8217;oxyde de terre rare d&#8217;aspect noir, d&#8217;une densit\u00e9 de 6,5 g\/ml (25 \u00b0C), d&#8217;un point de fusion d&#8217;environ 2 200 \u00b0C, insoluble dans l&#8217;eau et chimiquement active, qui peut \u00eatre utilis\u00e9e dans les industries du verre et de la m\u00e9tallurgie, comme additif pour les phosphores, les pigments [&hellip;]<\/p>\n","protected":false},"featured_media":1034071,"comment_status":"open","ping_status":"closed","template":"","meta":{"_acf_changed":false},"product_brand":[],"product_cat":[241,243],"product_tag":[],"class_list":{"0":"post-1048868","1":"product","2":"type-product","3":"status-publish","4":"has-post-thumbnail","6":"product_cat-materiaux-a-base-de-terres-rares","7":"product_cat-materiaux-oxydes-hydroxydes","9":"first","10":"instock","11":"shipping-taxable","12":"purchasable","13":"product-type-variable"},"acf":[],"_links":{"self":[{"href":"https:\/\/vimaterial.de\/fr\/wp-json\/wp\/v2\/product\/1048868","targetHints":{"allow":["GET"]}}],"collection":[{"href":"https:\/\/vimaterial.de\/fr\/wp-json\/wp\/v2\/product"}],"about":[{"href":"https:\/\/vimaterial.de\/fr\/wp-json\/wp\/v2\/types\/product"}],"replies":[{"embeddable":true,"href":"https:\/\/vimaterial.de\/fr\/wp-json\/wp\/v2\/comments?post=1048868"}],"wp:featuredmedia":[{"embeddable":true,"href":"https:\/\/vimaterial.de\/fr\/wp-json\/wp\/v2\/media\/1034071"}],"wp:attachment":[{"href":"https:\/\/vimaterial.de\/fr\/wp-json\/wp\/v2\/media?parent=1048868"}],"wp:term":[{"taxonomy":"product_brand","embeddable":true,"href":"https:\/\/vimaterial.de\/fr\/wp-json\/wp\/v2\/product_brand?post=1048868"},{"taxonomy":"product_cat","embeddable":true,"href":"https:\/\/vimaterial.de\/fr\/wp-json\/wp\/v2\/product_cat?post=1048868"},{"taxonomy":"product_tag","embeddable":true,"href":"https:\/\/vimaterial.de\/fr\/wp-json\/wp\/v2\/product_tag?post=1048868"}],"curies":[{"name":"wp","href":"https:\/\/api.w.org\/{rel}","templated":true}]}}