{"id":1048845,"date":"2024-06-17T14:24:35","date_gmt":"2024-06-17T06:24:35","guid":{"rendered":"https:\/\/vimaterial.de\/product\/carbure-de-titane-2\/"},"modified":"2024-06-17T14:24:35","modified_gmt":"2024-06-17T06:24:35","slug":"carbure-de-titane-2","status":"publish","type":"product","link":"https:\/\/vimaterial.de\/fr\/product\/carbure-de-titane-2\/","title":{"rendered":"Carbure de titane"},"content":{"rendered":"<p>Les granul\u00e9s de carbure de titane sont des solides compos\u00e9s de titane et de carbone, g\u00e9n\u00e9ralement de couleur noire ou gris-noir, pr\u00e9sentant une duret\u00e9 \u00e9lev\u00e9e, un point de fusion \u00e9lev\u00e9, une bonne stabilit\u00e9 chimique et une bonne conductivit\u00e9 \u00e9lectrique. La taille des particules peut varier en fonction du processus de pr\u00e9paration, ce qui en fait une mati\u00e8re premi\u00e8re de haute qualit\u00e9 pour une large gamme d&#8217;applications, telles que la fabrication de carbures c\u00e9ment\u00e9s, de rev\u00eatements d&#8217;outils, de mat\u00e9riaux r\u00e9sistants \u00e0 l&#8217;usure et de dispositifs \u00e9lectroniques.<\/p>\n<p>VIMATERIAL est une entreprise innovante de pointe dans le domaine des mat\u00e9riaux chimiques, sp\u00e9cialis\u00e9e dans les mat\u00e9riaux haute performance con\u00e7us pour des applications d&#8217;ing\u00e9nierie avanc\u00e9es. Nos produits sont d&#8217;une grande puret\u00e9 et d&#8217;une grande qualit\u00e9. Nous proposons des conditionnements en petits lots, des quantit\u00e9s minimales de commande r\u00e9duites, des stocks suffisants, des services de personnalisation et nous pouvons fournir un service de liaison cibl\u00e9. Si vous avez des besoins, n&#8217;h\u00e9sitez pas \u00e0 <span style=\"color: #0000ff;\"><a style=\"color: #0000ff;\" href=\"https:\/\/vimaterial.de\/fr\/contact\/\">nous contacter<\/a><\/span><br \/>\n.<\/p>\n<h2><span style=\"font-size: 14pt;\">Caract\u00e9ristiques<\/span><\/h2>\n<p>Formule mol\u00e9culaire : TiC<\/p>\n<p>Poids mol\u00e9culaire : environ 59,88 g\/mol<\/p>\n<p>Aspect : g\u00e9n\u00e9ralement noir ou gris-noir<\/p>\n<p>Densit\u00e9 : environ 4,93 g\/cm\u00b3.<\/p>\n<p>Point de fusion : jusqu&#8217;\u00e0 environ 3140 \u00b0C<\/p>\n<p>Structure cristalline : il s&#8217;agit d&#8217;une structure cristalline cubique \u00e0 faces centr\u00e9es (FCC), dans laquelle les atomes de titane sont situ\u00e9s au sommet du r\u00e9seau et aux positions centr\u00e9es sur les faces, et les atomes de carbone remplissent les interstices octa\u00e9driques form\u00e9s par les atomes de titane, une structure qui contribue \u00e0 sa grande duret\u00e9 et \u00e0 sa bonne stabilit\u00e9.<\/p>\n<h2><span style=\"font-size: 14pt;\">Application<\/span><\/h2>\n<p>Carbure c\u00e9ment\u00e9 : Dans le carbure c\u00e9ment\u00e9, des particules de carbure de titane sont ajout\u00e9es comme ingr\u00e9dient cl\u00e9 pour augmenter la duret\u00e9 et la r\u00e9sistance \u00e0 l&#8217;usure de l&#8217;alliage, qui est utilis\u00e9 dans la fabrication de produits en carbure c\u00e9ment\u00e9 haute performance tels que les outils miniers et les outils de travail des m\u00e9taux.<\/p>\n<p>Rev\u00eatement d&#8217;outils : Dans le domaine du rev\u00eatement d&#8217;outils, les particules de carbure de titane peuvent \u00eatre appliqu\u00e9es \u00e0 la surface de l&#8217;outil gr\u00e2ce \u00e0 un proc\u00e9d\u00e9 sp\u00e9cifique afin de former un rev\u00eatement tr\u00e8s dur et r\u00e9sistant \u00e0 l&#8217;usure, ce qui prolonge consid\u00e9rablement la dur\u00e9e de vie de l&#8217;outil et am\u00e9liore ses performances de coupe.<\/p>\n<p>\u00c9lectronique : En \u00e9lectronique, les particules de carbure de titane sont utilis\u00e9es pour les \u00e9lectrodes et le c\u00e2blage conducteur des composants \u00e9lectroniques afin d&#8217;am\u00e9liorer les performances et la stabilit\u00e9 des appareils \u00e9lectroniques gr\u00e2ce \u00e0 leur bonne conductivit\u00e9 et leur stabilit\u00e9 chimique.<\/p>\n<p>Mat\u00e9riaux r\u00e9sistants \u00e0 l&#8217;usure : Dans le domaine des mat\u00e9riaux r\u00e9sistants \u00e0 l&#8217;usure, les particules de carbure de titane peuvent \u00eatre ajout\u00e9es \u00e0 divers mat\u00e9riaux matriciels ou utilis\u00e9es pour cr\u00e9er des rev\u00eatements r\u00e9sistants \u00e0 l&#8217;usure, am\u00e9liorant ainsi efficacement les propri\u00e9t\u00e9s de r\u00e9sistance \u00e0 l&#8217;usure des mat\u00e9riaux, qui sont utilis\u00e9s dans la protection contre l&#8217;usure des pi\u00e8ces m\u00e9caniques et des composants automobiles.<\/p>\n<p>Mat\u00e9riaux haute temp\u00e9rature : dans le domaine des mat\u00e9riaux haute temp\u00e9rature, les particules de carbure de titane peuvent \u00eatre utilis\u00e9es pour fabriquer des composants structurels r\u00e9sistants aux hautes temp\u00e9ratures, tels que les rev\u00eatements de fours haute temp\u00e9rature et les pi\u00e8ces r\u00e9sistantes \u00e0 la chaleur pour les moteurs a\u00e9rospatiaux, en raison de leur point de fusion \u00e9lev\u00e9, jouant un r\u00f4le important dans les environnements \u00e0 haute temp\u00e9rature.<\/p>\n<h2><span style=\"font-size: 14pt;\">Contr\u00f4le qualit\u00e9<\/span><\/h2>\n<p><span style=\"color: #0000ff;\"><a style=\"color: #0000ff;\" href=\"https:\/\/vimaterial.de\/fr\/le-controle-de-la-qualite\/\">Nos produits<\/a><\/span><br \/>\nsont soumis \u00e0 un syst\u00e8me de gestion de la qualit\u00e9 strict. Des normes d&#8217;inspection strictes sont appliqu\u00e9es depuis la r\u00e9ception des mat\u00e9riaux, en passant par le traitement et l&#8217;inspection finale, jusqu&#8217;\u00e0 l&#8217;inspection en usine. Des mesures d&#8217;isolement strictes sont prises pour les traitements non conformes afin d&#8217;emp\u00eacher les produits non conformes de passer \u00e0 l&#8217;\u00e9tape suivante du processus. Des \u00e9chantillons sont fournis pour une nouvelle inspection par le client, conform\u00e9ment \u00e0 ses exigences.<\/p>\n<h2><span style=\"font-size: 14pt;\">Emballage et stockage<\/span><\/h2>\n<p>Les granul\u00e9s de carbure de titane sont emball\u00e9s dans des sacs ou des bouteilles \u00e0 double vide, puis dans des cartons.<\/p>\n<p>Les granul\u00e9s de carbure de titane doivent \u00eatre stock\u00e9s dans un environnement sec, frais et bien ventil\u00e9, en \u00e9vitant l&#8217;humidit\u00e9, le contact avec des substances corrosives telles que les acides et les alcalis, en \u00e9vitant les collisions et les frottements violents, et en les tenant \u00e9loign\u00e9s des environnements \u00e0 haute temp\u00e9rature et des champs magn\u00e9tiques puissants, afin de garantir le maintien de leurs excellentes propri\u00e9t\u00e9s, telles que leur duret\u00e9 \u00e9lev\u00e9e, leur point de fusion \u00e9lev\u00e9, leur bonne conductivit\u00e9 \u00e9lectrique et leur stabilit\u00e9 chimique, etc.<\/p>\n","protected":false},"excerpt":{"rendered":"<p>Les granul\u00e9s de carbure de titane sont des solides compos\u00e9s de titane et de carbone, g\u00e9n\u00e9ralement de couleur noire ou gris-noir, pr\u00e9sentant une duret\u00e9 \u00e9lev\u00e9e, un point de fusion \u00e9lev\u00e9, une bonne stabilit\u00e9 chimique et une bonne conductivit\u00e9 \u00e9lectrique. La taille des particules peut varier en fonction du processus de pr\u00e9paration, ce qui en fait [&hellip;]<\/p>\n","protected":false},"featured_media":1048779,"comment_status":"open","ping_status":"closed","template":"","meta":{"_acf_changed":false},"product_brand":[],"product_cat":[236],"product_tag":[],"class_list":{"0":"post-1048845","1":"product","2":"type-product","3":"status-publish","4":"has-post-thumbnail","6":"product_cat-materiaux-devaporation","8":"first","9":"instock","10":"shipping-taxable","11":"product-type-variable"},"acf":[],"_links":{"self":[{"href":"https:\/\/vimaterial.de\/fr\/wp-json\/wp\/v2\/product\/1048845","targetHints":{"allow":["GET"]}}],"collection":[{"href":"https:\/\/vimaterial.de\/fr\/wp-json\/wp\/v2\/product"}],"about":[{"href":"https:\/\/vimaterial.de\/fr\/wp-json\/wp\/v2\/types\/product"}],"replies":[{"embeddable":true,"href":"https:\/\/vimaterial.de\/fr\/wp-json\/wp\/v2\/comments?post=1048845"}],"wp:featuredmedia":[{"embeddable":true,"href":"https:\/\/vimaterial.de\/fr\/wp-json\/wp\/v2\/media\/1048779"}],"wp:attachment":[{"href":"https:\/\/vimaterial.de\/fr\/wp-json\/wp\/v2\/media?parent=1048845"}],"wp:term":[{"taxonomy":"product_brand","embeddable":true,"href":"https:\/\/vimaterial.de\/fr\/wp-json\/wp\/v2\/product_brand?post=1048845"},{"taxonomy":"product_cat","embeddable":true,"href":"https:\/\/vimaterial.de\/fr\/wp-json\/wp\/v2\/product_cat?post=1048845"},{"taxonomy":"product_tag","embeddable":true,"href":"https:\/\/vimaterial.de\/fr\/wp-json\/wp\/v2\/product_tag?post=1048845"}],"curies":[{"name":"wp","href":"https:\/\/api.w.org\/{rel}","templated":true}]}}