{"id":1048805,"date":"2024-06-17T14:24:38","date_gmt":"2024-06-17T06:24:38","guid":{"rendered":"https:\/\/vimaterial.de\/product\/carbure-de-titane\/"},"modified":"2024-06-17T14:24:38","modified_gmt":"2024-06-17T06:24:38","slug":"carbure-de-titane","status":"publish","type":"product","link":"https:\/\/vimaterial.de\/fr\/product\/carbure-de-titane\/","title":{"rendered":"Carbure de titane"},"content":{"rendered":"<p>La cible de pulv\u00e9risation <span style=\"color: #0000ff;\"><a style=\"color: #0000ff;\" href=\"https:\/\/vimaterial.de\/fr\/product\/carbonitrure-de-titane\/\">en carbure de titane<\/a><\/span><br \/>\nest un type de mat\u00e9riau cible dont le composant principal est le carbure de titane (TiC). Elle pr\u00e9sente une duret\u00e9 \u00e9lev\u00e9e, un point de fusion \u00e9lev\u00e9, une bonne conductivit\u00e9 \u00e9lectrique et une bonne stabilit\u00e9 chimique. Elle permet de d\u00e9poser un film mince de carbure de titane pr\u00e9sentant d&#8217;excellentes propri\u00e9t\u00e9s d&#8217;abrasion, de corrosion et d&#8217;\u00e9lectricit\u00e9 sur le mat\u00e9riau de substrat dans le processus de pulv\u00e9risation. C&#8217;est un mat\u00e9riau important dans de nombreux domaines tels que la fabrication de rev\u00eatements d&#8217;outils de coupe, de composants \u00e9lectroniques et de couches protectrices r\u00e9sistantes \u00e0 l&#8217;abrasion.<\/p>\n<p>VIMATERIAL est une entreprise innovante de pointe dans le domaine des mat\u00e9riaux chimiques, sp\u00e9cialis\u00e9e dans les mat\u00e9riaux haute performance con\u00e7us pour des applications d&#8217;ing\u00e9nierie avanc\u00e9es. Nos produits sont d&#8217;une grande puret\u00e9 et d&#8217;une grande qualit\u00e9. Nous proposons des conditionnements en petits lots, des quantit\u00e9s minimales de commande r\u00e9duites, des stocks suffisants, des services de personnalisation et nous pouvons fournir un service de liaison de cibles. Si vous avez des besoins, n&#8217;h\u00e9sitez pas \u00e0 <span style=\"color: #0000ff;\"><a style=\"color: #0000ff;\" href=\"https:\/\/vimaterial.de\/fr\/contact\/\">nous contacter<\/a><\/span><br \/>\n.<\/p>\n<h2><span style=\"font-size: 14pt;\">Caract\u00e9ristiques<\/span><\/h2>\n<p>Formule mol\u00e9culaire : TiC<\/p>\n<p>Poids mol\u00e9culaire : 59,88 g\/mol<\/p>\n<p>Apparence : les cibles de pulv\u00e9risation en carbure de titane sont g\u00e9n\u00e9ralement noires ou gris-noir, solides, avec un \u00e9clat m\u00e9tallique et une texture dure.<\/p>\n<p>Densit\u00e9 : environ 4,93 g\/cm\u00b3.<\/p>\n<p>Point de fusion : environ 3140 \u00b0C, ce qui le rend stable \u00e0 haute temp\u00e9rature.<\/p>\n<p>Structure cristalline : il a une structure cristalline cubique \u00e0 faces centr\u00e9es (FCC), o\u00f9 les atomes de titane sont situ\u00e9s aux positions des n\u0153uds du r\u00e9seau et les atomes de carbone remplissent les positions interstitielles du r\u00e9seau, une structure qui lui conf\u00e8re une duret\u00e9 \u00e9lev\u00e9e et une bonne stabilit\u00e9.<\/p>\n<h2><span style=\"font-size: 14pt;\">Application<\/span><\/h2>\n<p>Rev\u00eatement d&#8217;outils : le rev\u00eatement des outils avec du TiC peut augmenter consid\u00e9rablement la duret\u00e9 et la r\u00e9sistance \u00e0 l&#8217;usure, prolonger efficacement la dur\u00e9e de vie des outils et r\u00e9duire les co\u00fbts d&#8217;usinage.<\/p>\n<p>Traitement de surface des moules : des films de TiC sont d\u00e9pos\u00e9s \u00e0 la surface des moules afin d&#8217;am\u00e9liorer leur r\u00e9sistance \u00e0 l&#8217;usure et leurs propri\u00e9t\u00e9s de d\u00e9moulage, ce qui r\u00e9duit l&#8217;usure des moules et am\u00e9liore la productivit\u00e9.<\/p>\n<p>Fabrication de composants \u00e9lectroniques : des cibles de pulv\u00e9risation en carbure de titane sont utilis\u00e9es pour d\u00e9poser des films conducteurs et r\u00e9sistants \u00e0 l&#8217;usure dans la fabrication de composants \u00e9lectroniques afin de garantir des performances stables et fiables.<\/p>\n<p>Protection des pi\u00e8ces m\u00e9caniques : le rev\u00eatement TiC \u00e0 la surface des pi\u00e8ces m\u00e9caniques peut r\u00e9sister \u00e0 la friction et \u00e0 la corrosion, am\u00e9liorer la durabilit\u00e9 des pi\u00e8ces dans des conditions de travail difficiles et garantir le fonctionnement stable des \u00e9quipements.<\/p>\n<h2><span style=\"font-size: 14pt;\">Contr\u00f4le qualit\u00e9<\/span><\/h2>\n<p><span style=\"color: #0000ff;\"><a style=\"color: #0000ff;\" href=\"https:\/\/vimaterial.de\/fr\/le-controle-de-la-qualite\/\">Nos produits<\/a><\/span><br \/>\nsont soumis \u00e0 un syst\u00e8me de gestion de la qualit\u00e9 strict. Des mati\u00e8res premi\u00e8res entrantes \u00e0 l&#8217;inspection finale en passant par le traitement et l&#8217;inspection en usine, des normes d&#8217;inspection strictes sont appliqu\u00e9es. Des mesures d&#8217;isolement strictes sont prises pour les traitements non conformes afin d&#8217;emp\u00eacher les produits non conformes de passer \u00e0 l&#8217;\u00e9tape suivante du processus. Des \u00e9chantillons sont fournis pour une nouvelle inspection par le client, conform\u00e9ment \u00e0 ses exigences.<\/p>\n<h2><span style=\"font-size: 14pt;\">Emballage et stockage<\/span><\/h2>\n<p>Les cibles de pulv\u00e9risation en carbure de titane sont emball\u00e9es dans des sacs sous vide \u00e0 double couche, puis mises en bo\u00eete et emball\u00e9es dans des cartons.<\/p>\n<p>Les cibles de pulv\u00e9risation en carbure de titane doivent \u00eatre stock\u00e9es dans un environnement sec, frais et bien ventil\u00e9, \u00e0 l&#8217;abri de l&#8217;humidit\u00e9, sans contact avec des substances corrosives telles que les acides ou les alcalis, \u00e0 l&#8217;abri de dommages physiques tels que les collisions et les frottements, et \u00e0 l&#8217;\u00e9cart des environnements \u00e0 haute temp\u00e9rature et des champs magn\u00e9tiques puissants.<\/p>\n","protected":false},"excerpt":{"rendered":"<p>La cible de pulv\u00e9risation en carbure de titane est un type de mat\u00e9riau cible dont le composant principal est le carbure de titane (TiC). Elle pr\u00e9sente une duret\u00e9 \u00e9lev\u00e9e, un point de fusion \u00e9lev\u00e9, une bonne conductivit\u00e9 \u00e9lectrique et une bonne stabilit\u00e9 chimique. Elle permet de d\u00e9poser un film mince de carbure de titane pr\u00e9sentant [&hellip;]<\/p>\n","protected":false},"featured_media":1041336,"comment_status":"open","ping_status":"closed","template":"","meta":{"_acf_changed":false},"product_brand":[],"product_cat":[235],"product_tag":[],"class_list":{"0":"post-1048805","1":"product","2":"type-product","3":"status-publish","4":"has-post-thumbnail","6":"product_cat-cibles-de-pulverisation-planaire","8":"first","9":"instock","10":"shipping-taxable","11":"product-type-variable"},"acf":[],"_links":{"self":[{"href":"https:\/\/vimaterial.de\/fr\/wp-json\/wp\/v2\/product\/1048805","targetHints":{"allow":["GET"]}}],"collection":[{"href":"https:\/\/vimaterial.de\/fr\/wp-json\/wp\/v2\/product"}],"about":[{"href":"https:\/\/vimaterial.de\/fr\/wp-json\/wp\/v2\/types\/product"}],"replies":[{"embeddable":true,"href":"https:\/\/vimaterial.de\/fr\/wp-json\/wp\/v2\/comments?post=1048805"}],"wp:featuredmedia":[{"embeddable":true,"href":"https:\/\/vimaterial.de\/fr\/wp-json\/wp\/v2\/media\/1041336"}],"wp:attachment":[{"href":"https:\/\/vimaterial.de\/fr\/wp-json\/wp\/v2\/media?parent=1048805"}],"wp:term":[{"taxonomy":"product_brand","embeddable":true,"href":"https:\/\/vimaterial.de\/fr\/wp-json\/wp\/v2\/product_brand?post=1048805"},{"taxonomy":"product_cat","embeddable":true,"href":"https:\/\/vimaterial.de\/fr\/wp-json\/wp\/v2\/product_cat?post=1048805"},{"taxonomy":"product_tag","embeddable":true,"href":"https:\/\/vimaterial.de\/fr\/wp-json\/wp\/v2\/product_tag?post=1048805"}],"curies":[{"name":"wp","href":"https:\/\/api.w.org\/{rel}","templated":true}]}}