{"id":1048760,"date":"2024-06-17T16:19:54","date_gmt":"2024-06-17T08:19:54","guid":{"rendered":"https:\/\/vimaterial.de\/product\/oxyde-de-lutecium\/"},"modified":"2024-06-17T16:19:54","modified_gmt":"2024-06-17T08:19:54","slug":"oxyde-de-lutecium","status":"publish","type":"product","link":"https:\/\/vimaterial.de\/fr\/product\/oxyde-de-lutecium\/","title":{"rendered":"Oxyde de lut\u00e9cium"},"content":{"rendered":"<p>La poudre <span style=\"color: #0000ff;\"><a style=\"color: #0000ff;\" href=\"https:\/\/vimaterial.de\/fr\/le-controle-de-la-qualite\/\">d&#8217;oxyde de lut\u00e9tium<\/a><\/span><br \/>\nest un oxyde blanc, insoluble dans l&#8217;eau, soluble dans les acides inorganiques, de lut\u00e9tium, un \u00e9l\u00e9ment des terres rares, avec un point de fusion \u00e9lev\u00e9. Elle est principalement utilis\u00e9e comme \u00e9l\u00e9ment additif dans le grenat d&#8217;yttrium-fer et d&#8217;yttrium-aluminium-lut\u00e9tium, comme mat\u00e9riau actif dans les phosphores, ainsi que dans les semi-conducteurs et les verres sp\u00e9ciaux.<\/p>\n<p>VIMATERIAL fournit de la poudre de Lu2O3 dans diff\u00e9rentes sp\u00e9cifications et propose un service de liaison cible. Nous acceptons la personnalisation des produits, <a href=\"https:\/\/vimaterial.de\/fr\/contact\/\"><span style=\"color: #0000ff;\">n&#8217;h\u00e9sitez pas \u00e0 nous contacter.<\/span><\/a><\/p>\n<h2><span style=\"font-size: 14pt;\">Propri\u00e9t\u00e9s<\/span><\/h2>\n<p>Formule mol\u00e9culaire : Lu\u2082O\u2083<\/p>\n<p>Poids mol\u00e9culaire : 397,9322<\/p>\n<p>Aspect : poudre blanche<\/p>\n<p>Densit\u00e9 : 9,42 g\/cm\u00b3<\/p>\n<p>Point de fusion : environ 2487 \u2103<\/p>\n<p>Point d&#8217;\u00e9bullition : environ 3980 \u2103<\/p>\n<p>Structure cristalline : syst\u00e8me cristallin cubique<\/p>\n<p>Solubilit\u00e9 : insoluble dans l&#8217;eau, mais soluble dans les acides inorganiques (\u00e0 l&#8217;exception de l&#8217;acide fluorhydrique et de l&#8217;acide phosphorique), produit le sel correspondant.<\/p>\n<h2><span style=\"font-size: 14pt;\">Applications de la poudre d&#8217;oxyde de lut\u00e9tium<\/span><\/h2>\n<p>Mat\u00e9riaux c\u00e9ramiques : la poudre d&#8217;oxyde de lut\u00e9tium peut \u00eatre ajout\u00e9e aux mat\u00e9riaux c\u00e9ramiques afin d&#8217;am\u00e9liorer leurs propri\u00e9t\u00e9s, telles que la duret\u00e9, la r\u00e9sistance et la r\u00e9sistance \u00e0 la chaleur, rendant les produits c\u00e9ramiques plus robustes et durables. Elle peut \u00eatre utilis\u00e9e pour fabriquer des pi\u00e8ces c\u00e9ramiques r\u00e9sistantes aux temp\u00e9ratures \u00e9lev\u00e9es, des c\u00e9ramiques \u00e9lectroniques, etc.<\/p>\n<p>Mat\u00e9riaux magn\u00e9tiques permanents : utilis\u00e9e dans la pr\u00e9paration de mat\u00e9riaux magn\u00e9tiques permanents NdFeB, la poudre d&#8217;oxyde de lut\u00e9tium peut am\u00e9liorer les performances des mat\u00e9riaux magn\u00e9tiques permanents et augmenter leurs param\u00e8tres magn\u00e9tiques tels que le produit d&#8217;\u00e9nergie magn\u00e9tique et la coercivit\u00e9.<\/p>\n<p>Analyse par activation neutronique : la poudre d&#8217;oxyde de lut\u00e9tium peut \u00eatre utilis\u00e9e comme source de neutrons pour participer \u00e0 l&#8217;analyse par activation neutronique, qui sert \u00e0 \u00e9tudier la microstructure et la composition chimique des mat\u00e9riaux, etc.<\/p>\n<p>Produits pharmaceutiques : dans les produits radiopharmaceutiques, la poudre d&#8217;oxyde de lut\u00e9tium est utilis\u00e9e pour diagnostiquer et traiter des maladies \u00e0 l&#8217;aide des rayons \u00e9mis par la poudre.<\/p>\n<h2><span style=\"font-size: 14pt;\">Contr\u00f4le qualit\u00e9<\/span><\/h2>\n<p><span style=\"color: #0000ff;\"><a style=\"color: #0000ff;\" href=\"https:\/\/vimaterial.de\/fr\/le-controle-de-la-qualite\/\">Chaque lot<\/a><\/span><br \/>\nde produits fait l&#8217;objet d&#8217;un contr\u00f4le qualit\u00e9 rigoureux, depuis la s\u00e9lection des fournisseurs de mati\u00e8res premi\u00e8res jusqu&#8217;\u00e0 l&#8217;utilisation d&#8217;\u00e9quipements de test avanc\u00e9s pour surveiller avec pr\u00e9cision l&#8217;ensemble du processus de production, en passant par le produit fini qui fait l&#8217;objet de nombreux cycles d&#8217;\u00e9chantillonnage rigoureux et d&#8217;une certification officielle par un tiers, jusqu&#8217;\u00e0 un syst\u00e8me de contr\u00f4le qualit\u00e9 complet et sans tol\u00e9rance afin de garantir que chaque lot de produits respecte et d\u00e9passe les normes \u00e9lev\u00e9es de l&#8217;industrie, afin de fournir \u00e0 nos clients des produits de la meilleure qualit\u00e9 et les plus stables possible.<\/p>\n<h2><span style=\"font-size: 14pt;\">Emballage et stockage<\/span><\/h2>\n<p>La poudre d&#8217;oxyde de lut\u00e9tium est conditionn\u00e9e dans des sacs ou des bouteilles sous vide dans des cartons afin de garantir un transport s\u00fbr.<\/p>\n<p>La poudre d&#8217;oxyde de lut\u00e9tium doit \u00eatre stock\u00e9e dans un environnement sec, frais et ventil\u00e9, dans des emballages scell\u00e9s afin d&#8217;\u00e9viter qu&#8217;elle n&#8217;absorbe des impuret\u00e9s telles que l&#8217;humidit\u00e9 et le dioxyde de carbone pr\u00e9sents dans l&#8217;air et n&#8217;affecte sa puret\u00e9 et ses performances, tout en \u00e9vitant tout contact avec des acides, des alcalis et d&#8217;autres substances chimiques.<\/p>\n","protected":false},"excerpt":{"rendered":"<p>La poudre d&#8217;oxyde de lut\u00e9tium est un oxyde blanc, insoluble dans l&#8217;eau, soluble dans les acides inorganiques, de lut\u00e9tium, un \u00e9l\u00e9ment des terres rares, avec un point de fusion \u00e9lev\u00e9. Elle est principalement utilis\u00e9e comme \u00e9l\u00e9ment additif dans le grenat d&#8217;yttrium-fer et d&#8217;yttrium-aluminium-lut\u00e9tium, comme mat\u00e9riau actif dans les phosphores, ainsi que dans les semi-conducteurs et [&hellip;]<\/p>\n","protected":false},"featured_media":1034701,"comment_status":"open","ping_status":"closed","template":"","meta":{"_acf_changed":false},"product_brand":[],"product_cat":[241,243],"product_tag":[],"class_list":{"0":"post-1048760","1":"product","2":"type-product","3":"status-publish","4":"has-post-thumbnail","6":"product_cat-materiaux-a-base-de-terres-rares","7":"product_cat-materiaux-oxydes-hydroxydes","9":"first","10":"instock","11":"shipping-taxable","12":"purchasable","13":"product-type-variable"},"acf":[],"_links":{"self":[{"href":"https:\/\/vimaterial.de\/fr\/wp-json\/wp\/v2\/product\/1048760","targetHints":{"allow":["GET"]}}],"collection":[{"href":"https:\/\/vimaterial.de\/fr\/wp-json\/wp\/v2\/product"}],"about":[{"href":"https:\/\/vimaterial.de\/fr\/wp-json\/wp\/v2\/types\/product"}],"replies":[{"embeddable":true,"href":"https:\/\/vimaterial.de\/fr\/wp-json\/wp\/v2\/comments?post=1048760"}],"wp:featuredmedia":[{"embeddable":true,"href":"https:\/\/vimaterial.de\/fr\/wp-json\/wp\/v2\/media\/1034701"}],"wp:attachment":[{"href":"https:\/\/vimaterial.de\/fr\/wp-json\/wp\/v2\/media?parent=1048760"}],"wp:term":[{"taxonomy":"product_brand","embeddable":true,"href":"https:\/\/vimaterial.de\/fr\/wp-json\/wp\/v2\/product_brand?post=1048760"},{"taxonomy":"product_cat","embeddable":true,"href":"https:\/\/vimaterial.de\/fr\/wp-json\/wp\/v2\/product_cat?post=1048760"},{"taxonomy":"product_tag","embeddable":true,"href":"https:\/\/vimaterial.de\/fr\/wp-json\/wp\/v2\/product_tag?post=1048760"}],"curies":[{"name":"wp","href":"https:\/\/api.w.org\/{rel}","templated":true}]}}