{"id":1048693,"date":"2024-06-17T16:05:14","date_gmt":"2024-06-17T08:05:14","guid":{"rendered":"https:\/\/vimaterial.de\/product\/oxyde-de-cerium-2\/"},"modified":"2024-06-17T16:05:14","modified_gmt":"2024-06-17T08:05:14","slug":"oxyde-de-cerium-2","status":"publish","type":"product","link":"https:\/\/vimaterial.de\/fr\/product\/oxyde-de-cerium-2\/","title":{"rendered":"Oxyde de c\u00e9rium"},"content":{"rendered":"<p>Les cibles de pulv\u00e9risation <span style=\"color: #0000ff;\"><a style=\"color: #0000ff;\" href=\"https:\/\/vimaterial.de\/fr\/search\/?type=element&#038;keyword=ceo2\">en oxyde de c\u00e9rium<\/a><\/span><br \/>\nsont des cibles en oxyde de terre rare de couleur jaune p\u00e2le, fabriqu\u00e9es avec soin par compression et frittage de poudre d&#8217;oxyde de c\u00e9rium de haute puret\u00e9. Elles trouvent de nombreuses applications dans l&#8217;industrie des semi-conducteurs, la fabrication de films optiques minces et d&#8217;autres domaines.<\/p>\n<p>VIMATERIAL propose des cibles en oxyde de c\u00e9rium de haute puret\u00e9, personnalisables en diff\u00e9rentes tailles pour r\u00e9pondre \u00e0 vos besoins. <span style=\"color: #0000ff;\"><a style=\"color: #0000ff;\" href=\"https:\/\/vimaterial.de\/fr\/contact\/\">Contactez-nous<\/a><\/span><br \/>\npour plus d&#8217;informations.<\/p>\n<h2><span style=\"font-size: 14pt;\">Informations physiques<\/span><\/h2>\n<p>Formule chimique : CeO2.<\/p>\n<p>Poids mol\u00e9culaire : 172,11 g\/mol.<\/p>\n<p>Aspect : jaun\u00e2tre.<\/p>\n<p>Densit\u00e9 : environ 7,132 g\/cm\u00b3.<\/p>\n<p>Point de fusion : 2600 \u00b0C.<\/p>\n<p>Propri\u00e9t\u00e9s \u00e9lectriques : l&#8217;oxyde de c\u00e9rium est un mat\u00e9riau semi-conducteur.<\/p>\n<p>Propri\u00e9t\u00e9s optiques : il pr\u00e9sente une bonne transmittance optique, en particulier dans le domaine infrarouge.<\/p>\n<h2><span style=\"font-size: 14pt;\">Applications des cibles de pulv\u00e9risation en oxyde de c\u00e9rium<\/span><\/h2>\n<p>\u00c9lectronique : dans la fabrication des semi-conducteurs, il est utilis\u00e9 pour pr\u00e9parer des films isolants \u00e0 constante di\u00e9lectrique \u00e9lev\u00e9e (high-k). La constante di\u00e9lectrique \u00e9lev\u00e9e des films d&#8217;oxyde de c\u00e9rium permet de r\u00e9duire efficacement la taille de la capacit\u00e9 dans les circuits int\u00e9gr\u00e9s et d&#8217;am\u00e9liorer l&#8217;int\u00e9gration et les performances des dispositifs.<\/p>\n<p>Domaine optique : en tant que mat\u00e9riau important pour les films optiques, il est utilis\u00e9 dans la fabrication de dispositifs optiques infrarouges, tels que les fen\u00eatres de d\u00e9tecteurs infrarouges et les filtres infrarouges.<\/p>\n<p>Domaine \u00e9nerg\u00e9tique : dans les piles \u00e0 combustible \u00e0 oxyde solide (SOFC), l&#8217;oxyde de c\u00e9rium joue un r\u00f4le important en tant que composant des mat\u00e9riaux \u00e9lectrolytiques ou des mat\u00e9riaux d&#8217;\u00e9lectrodes.<\/p>\n<p>Dans le domaine du traitement des gaz d&#8217;\u00e9chappement automobiles : l&#8217;oxyde de c\u00e9rium a une bonne capacit\u00e9 de stockage d&#8217;oxyg\u00e8ne et est utilis\u00e9 comme additif catalytique ou support dans les syst\u00e8mes de purification catalytique des gaz d&#8217;\u00e9chappement automobiles.<\/p>\n<h2><span style=\"font-size: 14pt;\">Emballage et stockage<\/span><\/h2>\n<p>Les cibles d&#8217;oxyde de c\u00e9rium sont g\u00e9n\u00e9ralement emball\u00e9es dans des sacs scell\u00e9s sous vide ou des sacs en plastique antistatiques, avec un rembourrage suppl\u00e9mentaire tel que de la mousse ou de l&#8217;\u00e9ponge pour \u00e9viter les collisions et les rayures pendant le transport. L&#8217;emballage ext\u00e9rieur doit indiquer le nom du produit, les sp\u00e9cifications, le num\u00e9ro de lot et les instructions de manipulation pour un transport et une inspection appropri\u00e9s.<\/p>\n<p>Les cibles d&#8217;oxyde de c\u00e9rium doivent \u00eatre stock\u00e9es dans un entrep\u00f4t sec, ventil\u00e9 et frais, \u00e0 l&#8217;abri de la lumi\u00e8re directe du soleil, des temp\u00e9ratures \u00e9lev\u00e9es et de l&#8217;humidit\u00e9. Elles doivent \u00eatre conserv\u00e9es \u00e0 l&#8217;\u00e9cart des produits chimiques corrosifs tels que les acides et les bases, et l&#8217;emballage doit rester intact afin d&#8217;\u00e9viter que la poussi\u00e8re ou les contaminants n&#8217;affectent la surface de la cible, garantissant ainsi des performances stables.<\/p>\n","protected":false},"excerpt":{"rendered":"<p>Les cibles de pulv\u00e9risation en oxyde de c\u00e9rium sont des cibles en oxyde de terre rare de couleur jaune p\u00e2le, fabriqu\u00e9es avec soin par compression et frittage de poudre d&#8217;oxyde de c\u00e9rium de haute puret\u00e9. Elles trouvent de nombreuses applications dans l&#8217;industrie des semi-conducteurs, la fabrication de films optiques minces et d&#8217;autres domaines. VIMATERIAL propose [&hellip;]<\/p>\n","protected":false},"featured_media":1034026,"comment_status":"open","ping_status":"closed","template":"","meta":{"_acf_changed":false},"product_brand":[],"product_cat":[235],"product_tag":[],"class_list":{"0":"post-1048693","1":"product","2":"type-product","3":"status-publish","4":"has-post-thumbnail","6":"product_cat-cibles-de-pulverisation-planaire","8":"first","9":"instock","10":"shipping-taxable","11":"product-type-variable"},"acf":[],"_links":{"self":[{"href":"https:\/\/vimaterial.de\/fr\/wp-json\/wp\/v2\/product\/1048693","targetHints":{"allow":["GET"]}}],"collection":[{"href":"https:\/\/vimaterial.de\/fr\/wp-json\/wp\/v2\/product"}],"about":[{"href":"https:\/\/vimaterial.de\/fr\/wp-json\/wp\/v2\/types\/product"}],"replies":[{"embeddable":true,"href":"https:\/\/vimaterial.de\/fr\/wp-json\/wp\/v2\/comments?post=1048693"}],"wp:featuredmedia":[{"embeddable":true,"href":"https:\/\/vimaterial.de\/fr\/wp-json\/wp\/v2\/media\/1034026"}],"wp:attachment":[{"href":"https:\/\/vimaterial.de\/fr\/wp-json\/wp\/v2\/media?parent=1048693"}],"wp:term":[{"taxonomy":"product_brand","embeddable":true,"href":"https:\/\/vimaterial.de\/fr\/wp-json\/wp\/v2\/product_brand?post=1048693"},{"taxonomy":"product_cat","embeddable":true,"href":"https:\/\/vimaterial.de\/fr\/wp-json\/wp\/v2\/product_cat?post=1048693"},{"taxonomy":"product_tag","embeddable":true,"href":"https:\/\/vimaterial.de\/fr\/wp-json\/wp\/v2\/product_tag?post=1048693"}],"curies":[{"name":"wp","href":"https:\/\/api.w.org\/{rel}","templated":true}]}}