{"id":1048650,"date":"2024-06-17T15:44:01","date_gmt":"2024-06-17T07:44:01","guid":{"rendered":"https:\/\/vimaterial.de\/product\/tellure-metal-3\/"},"modified":"2024-06-17T15:44:01","modified_gmt":"2024-06-17T07:44:01","slug":"tellure-metal-3","status":"publish","type":"product","link":"https:\/\/vimaterial.de\/fr\/product\/tellure-metal-3\/","title":{"rendered":"Tellure m\u00e9tal"},"content":{"rendered":"<p>La poudre de tellure est un mat\u00e9riau quasi m\u00e9tallique de couleur grise, d&#8217;une densit\u00e9 de 6,25 g\/cm\u00b3, d&#8217;un point de fusion de 450 \u00b0C et d&#8217;un point d&#8217;\u00e9bullition de 1 390 \u00b0C. Chimiquement active, elle pr\u00e9sente un certain degr\u00e9 de toxicit\u00e9 et trouve de nombreuses applications dans les semi-conducteurs, la m\u00e9tallurgie, l&#8217;industrie chimique et d&#8217;autres domaines.<\/p>\n<p>VIMATERIAL propose de la poudre de tellure de haute puret\u00e9, disponible en diff\u00e9rentes tailles pour r\u00e9pondre \u00e0 vos besoins. <span style=\"color: #0000ff;\"><a style=\"color: #0000ff;\" href=\"https:\/\/vimaterial.de\/fr\/contact\/\">Contactez-nous<\/a><\/span><br \/>\npour plus d&#8217;informations.<\/p>\n<h2><span style=\"font-size: 14pt;\">Caract\u00e9ristiques<\/span><\/h2>\n<p>Formule chimique : Te<\/p>\n<p>Aspect : poudre g\u00e9n\u00e9ralement gris-noir ou gris fonc\u00e9.<\/p>\n<p>Densit\u00e9 : environ 6,24 g\/cm3.<\/p>\n<p>Point de fusion : 450 \u00b0C<\/p>\n<p>Point d&#8217;\u00e9bullition : 1390 \u00b0C<\/p>\n<p>Conductivit\u00e9 \u00e9lectrique : en tant que quasi-m\u00e9tal, il poss\u00e8de une bonne conductivit\u00e9 \u00e9lectrique, mais celle-ci est plus faible que celle des m\u00e9taux classiques.<br \/>\nConductivit\u00e9 thermique : la conductivit\u00e9 thermique est d&#8217;environ 2,35 W\/m\/K.<\/p>\n<p>Stabilit\u00e9 chimique : le tellure m\u00e9tallique est relativement stable \u00e0 temp\u00e9rature ambiante, mais lorsqu&#8217;il est chauff\u00e9 et fondu \u00e0 l&#8217;air, il produit des fum\u00e9es blanches d&#8217;oxyde de tellure.<\/p>\n<h2><span style=\"font-size: 14pt;\">Applications de la poudre <span style=\"color: #0000ff;\"><a style=\"color: #0000ff;\" href=\"https:\/\/vimaterial.de\/fr\/search\/?type=element&#038;keyword=Te\">de tellure m\u00e9tallique<\/a><\/span><\/span><\/h2>\n<p>Domaine des semi-conducteurs : le tellure est utilis\u00e9 pour pr\u00e9parer des mat\u00e9riaux tels que le tellurure de bismuth pour la production d&#8217;\u00e9nergie thermo\u00e9lectrique et la r\u00e9frig\u00e9ration, convertissant la chaleur en \u00e9lectricit\u00e9 dans des applications telles que la r\u00e9cup\u00e9ration de chaleur r\u00e9siduelle et les sondes spatiales. Il est \u00e9galement utilis\u00e9 dans les d\u00e9tecteurs infrarouges et les cellules solaires pour am\u00e9liorer la sensibilit\u00e9 et l&#8217;efficacit\u00e9 de la conversion photo\u00e9lectrique.<\/p>\n<p>Industrie chimique : utilis\u00e9 comme catalyseur ou additif catalytique dans des processus tels que le craquage du p\u00e9trole et l&#8217;hydrog\u00e9nation du charbon afin d&#8217;am\u00e9liorer l&#8217;efficacit\u00e9 et d&#8217;\u00e9conomiser l&#8217;\u00e9nergie. Il agit \u00e9galement comme dispersant dans le caoutchouc afin d&#8217;am\u00e9liorer la r\u00e9sistance, l&#8217;\u00e9lasticit\u00e9 et la durabilit\u00e9, et peut emp\u00eacher l&#8217;oxydation de certains mat\u00e9riaux afin de prolonger leur dur\u00e9e de vie.<\/p>\n<p>Industrie m\u00e9tallurgique : la poudre de tellure est utilis\u00e9e dans la d\u00e9sulfuration et la d\u00e9soxydation de l&#8217;acier pour am\u00e9liorer sa qualit\u00e9, et comme additif d&#8217;alliage pour augmenter la r\u00e9sistance, la duret\u00e9, la r\u00e9sistance \u00e0 l&#8217;usure et la r\u00e9sistance \u00e0 la corrosion des aciers et des mat\u00e9riaux fortement alli\u00e9s.<\/p>\n<p>Autres domaines : Utilis\u00e9 comme colorant dans la c\u00e9ramique et le verre \u00e0 des fins d\u00e9coratives, dans les peintures de moulage pour am\u00e9liorer la qualit\u00e9 de la surface, et pour l&#8217;impression de lettres en plomb sur les plaques de batterie.<\/p>\n<h2><span style=\"font-size: 14pt;\">Emballage et stockage<\/span><\/h2>\n<p>La poudre de tellure est g\u00e9n\u00e9ralement conditionn\u00e9e dans des sacs herm\u00e9tiques \u00e0 double couche r\u00e9sistants \u00e0 l&#8217;humidit\u00e9 ou dans des sacs en feuille d&#8217;aluminium, plac\u00e9s dans des cartons ou des f\u00fbts solides, avec des mat\u00e9riaux de rembourrage \u00e0 l&#8217;int\u00e9rieur pour \u00e9viter l&#8217;humidit\u00e9, l&#8217;oxydation ou les dommages m\u00e9caniques pendant le transport, garantissant ainsi la puret\u00e9 et l&#8217;int\u00e9grit\u00e9 de la poudre.<\/p>\n<p>Conserver dans un environnement frais, sec et bien ventil\u00e9, \u00e0 l&#8217;\u00e9cart de la chaleur, de l&#8217;humidit\u00e9 et des substances corrosives. Garder l&#8217;emballage herm\u00e9tiquement ferm\u00e9 et \u00e9viter toute exposition prolong\u00e9e \u00e0 l&#8217;air afin de maintenir la stabilit\u00e9 chimique et les performances du produit.<\/p>\n","protected":false},"excerpt":{"rendered":"<p>La poudre de tellure est un mat\u00e9riau quasi m\u00e9tallique de couleur grise, d&#8217;une densit\u00e9 de 6,25 g\/cm\u00b3, d&#8217;un point de fusion de 450 \u00b0C et d&#8217;un point d&#8217;\u00e9bullition de 1 390 \u00b0C. Chimiquement active, elle pr\u00e9sente un certain degr\u00e9 de toxicit\u00e9 et trouve de nombreuses applications dans les semi-conducteurs, la m\u00e9tallurgie, l&#8217;industrie chimique et d&#8217;autres [&hellip;]<\/p>\n","protected":false},"featured_media":1032674,"comment_status":"open","ping_status":"closed","template":"","meta":{"_acf_changed":false},"product_brand":[],"product_cat":[250],"product_tag":[],"class_list":{"0":"post-1048650","1":"product","2":"type-product","3":"status-publish","4":"has-post-thumbnail","6":"product_cat-poudre-de-metal-pur-et-dalliage","8":"first","9":"instock","10":"shipping-taxable","11":"purchasable","12":"product-type-variable"},"acf":[],"_links":{"self":[{"href":"https:\/\/vimaterial.de\/fr\/wp-json\/wp\/v2\/product\/1048650","targetHints":{"allow":["GET"]}}],"collection":[{"href":"https:\/\/vimaterial.de\/fr\/wp-json\/wp\/v2\/product"}],"about":[{"href":"https:\/\/vimaterial.de\/fr\/wp-json\/wp\/v2\/types\/product"}],"replies":[{"embeddable":true,"href":"https:\/\/vimaterial.de\/fr\/wp-json\/wp\/v2\/comments?post=1048650"}],"wp:featuredmedia":[{"embeddable":true,"href":"https:\/\/vimaterial.de\/fr\/wp-json\/wp\/v2\/media\/1032674"}],"wp:attachment":[{"href":"https:\/\/vimaterial.de\/fr\/wp-json\/wp\/v2\/media?parent=1048650"}],"wp:term":[{"taxonomy":"product_brand","embeddable":true,"href":"https:\/\/vimaterial.de\/fr\/wp-json\/wp\/v2\/product_brand?post=1048650"},{"taxonomy":"product_cat","embeddable":true,"href":"https:\/\/vimaterial.de\/fr\/wp-json\/wp\/v2\/product_cat?post=1048650"},{"taxonomy":"product_tag","embeddable":true,"href":"https:\/\/vimaterial.de\/fr\/wp-json\/wp\/v2\/product_tag?post=1048650"}],"curies":[{"name":"wp","href":"https:\/\/api.w.org\/{rel}","templated":true}]}}