{"id":1048630,"date":"2024-06-17T15:44:01","date_gmt":"2024-06-17T07:44:01","guid":{"rendered":"https:\/\/vimaterial.de\/product\/tellure-metal-2\/"},"modified":"2024-06-17T15:44:01","modified_gmt":"2024-06-17T07:44:01","slug":"tellure-metal-2","status":"publish","type":"product","link":"https:\/\/vimaterial.de\/fr\/product\/tellure-metal-2\/","title":{"rendered":"Tellure m\u00e9tal"},"content":{"rendered":"<p>Les granul\u00e9s m\u00e9talliques de tellure sont compos\u00e9s de l&#8217;\u00e9l\u00e9ment tellurium. Ils ont un \u00e9clat m\u00e9tallique et sont chimiquement actifs, et jouent un r\u00f4le important dans de nombreux domaines tels que les semi-conducteurs, les mat\u00e9riaux thermo\u00e9lectriques et les produits chimiques.<\/p>\n<p>VIMATERIAL propose des <span style=\"color: #0000ff;\"><a style=\"color: #0000ff;\" href=\"https:\/\/vimaterial.de\/fr\/search\/?type=element&#038;keyword=Te\">tellure m\u00e9tallique<\/a><\/span> d&#8217;une puret\u00e9 allant jusqu&#8217;\u00e0 6N. Diff\u00e9rentes tailles peuvent \u00eatre personnalis\u00e9es pour r\u00e9pondre \u00e0 vos besoins. <span style=\"color: #0000ff;\"><a style=\"color: #0000ff;\" href=\"https:\/\/vimaterial.de\/fr\/contact\/\">Contactez nous pour plus d&#8217;informations<\/a><\/span> pour plus d&#8217;informations.<\/p>\n<h2><span style=\"font-size: 14pt;\">Caract\u00e9ristiques<\/span><\/h2>\n<p>Aspect : Gris<\/p>\n<p>Forme : G\u00e9n\u00e9ralement sous forme de granul\u00e9s, les sp\u00e9cifications courantes sont 0,5-2 mm, 1-5 mm, etc.<\/p>\n<p>Duret\u00e9 : Le tellure m\u00e9tallique est un mat\u00e9riau fragile dont la duret\u00e9 est relativement faible.<\/p>\n<p>Densit\u00e9 : \u00c0 20 \u00b0C, la densit\u00e9 est d&#8217;environ 6,24 <sup>g\/cm3<\/sup>.<\/p>\n<p>Point de fusion : 450 \u2103.<\/p>\n<p>Point d&#8217;\u00e9bullition : Environ 988\u2103.<\/p>\n<p>Structure cristalline : Il existe deux isom\u00e8res, cristallin et amorphe.<\/p>\n<p>R\u00e9activit\u00e9 : Le tellure m\u00e9tallique est relativement stable chimiquement et ne r\u00e9agit pas avec l&#8217;eau \u00e0 temp\u00e9rature ambiante, mais il r\u00e9agit avec l&#8217;oxyg\u00e8ne sous l&#8217;effet de la chaleur pour former de l&#8217;oxyde de tellure.<\/p>\n<p>Acidit\u00e9 et alcalinit\u00e9 : insoluble dans les alcalis, mais soluble dans les acides forts tels que l&#8217;acide sulfurique concentr\u00e9, l&#8217;acide nitrique et l&#8217;eau r\u00e9gale.<\/p>\n<p>Conductivit\u00e9 : le tellure est un mat\u00e9riau semi-conducteur dont la conductivit\u00e9 se situe entre celle des conducteurs et celle des isolants, une propri\u00e9t\u00e9 qui rend le tellure pr\u00e9cieux pour l&#8217;\u00e9lectronique, l&#8217;opto\u00e9lectronique et d&#8217;autres applications.<\/p>\n<h2><span style=\"font-size: 14pt;\">Applications des granul\u00e9s de tellure<\/span><\/h2>\n<p>Alliages : Am\u00e9liore l&#8217;usinabilit\u00e9 du cuivre et de l&#8217;acier inoxydable et renforce la solidit\u00e9, la duret\u00e9 et la r\u00e9sistance \u00e0 la corrosion du plomb pour des applications telles que les pi\u00e8ces de pr\u00e9cision et les accumulateurs au plomb.<\/p>\n<p>Semi-conducteurs et \u00e9lectronique : Utilis\u00e9 pour produire des mat\u00e9riaux semi-conducteurs II-VI comme le CdTe pour les cellules solaires et les d\u00e9tecteurs infrarouges, et sert de cible de pulv\u00e9risation ou d&#8217;\u00e9vaporation pour le d\u00e9p\u00f4t de couches minces en micro\u00e9lectronique.<\/p>\n<p>Domaine chimique : Il sert d&#8217;additif pour la vulcanisation du caoutchouc afin d&#8217;am\u00e9liorer la r\u00e9sistance \u00e0 la chaleur et \u00e0 l&#8217;usure, et de catalyseur pour le craquage du p\u00e9trole afin d&#8217;augmenter l&#8217;efficacit\u00e9 de la production de carburant.<\/p>\n<p>Autres applications : Utilis\u00e9 comme agent colorant dans le verre et la c\u00e9ramique, comme mat\u00e9riau pour les consommables d&#8217;analyse du carbone et dans les \u00e9quipements de d\u00e9tection des radiations nucl\u00e9aires.<\/p>\n<h2><span style=\"font-size: 14pt;\">Conditionnement et stockage<\/span><\/h2>\n<p>Les granul\u00e9s de tellure sont emball\u00e9s dans des sacs en plastique \u00e0 double couche scell\u00e9s sous vide ou dans des sacs en papier d&#8217;aluminium r\u00e9sistant \u00e0 l&#8217;humidit\u00e9, puis plac\u00e9s dans des cartons ou des f\u00fbts solides et r\u00e9sistants aux chocs afin d&#8217;\u00e9viter l&#8217;absorption d&#8217;humidit\u00e9, l&#8217;oxydation et les dommages m\u00e9caniques pendant le transport, ce qui garantit la puret\u00e9 du produit et l&#8217;int\u00e9grit\u00e9 des particules.<\/p>\n<p>Stocker dans un environnement frais, sec et bien ventil\u00e9, \u00e0 l&#8217;abri de l&#8217;humidit\u00e9, des sources de chaleur et des substances corrosives, et conserver herm\u00e9tiquement pour \u00e9viter une exposition prolong\u00e9e \u00e0 l&#8217;air, afin de pr\u00e9server la stabilit\u00e9 chimique et les performances du produit.<\/p>\n","protected":false},"excerpt":{"rendered":"<p>Les granul\u00e9s m\u00e9talliques de tellure sont compos\u00e9s de l&#8217;\u00e9l\u00e9ment tellurium. Ils ont un \u00e9clat m\u00e9tallique et sont chimiquement actifs, et jouent un r\u00f4le important dans de nombreux domaines tels que les semi-conducteurs, les mat\u00e9riaux thermo\u00e9lectriques et les produits chimiques. VIMATERIAL propose des tellure m\u00e9tallique d&#8217;une puret\u00e9 allant jusqu&#8217;\u00e0 6N. Diff\u00e9rentes tailles peuvent \u00eatre personnalis\u00e9es pour [&hellip;]<\/p>\n","protected":false},"featured_media":1032664,"comment_status":"open","ping_status":"closed","template":"","meta":{"_acf_changed":false},"product_brand":[],"product_cat":[236],"product_tag":[],"class_list":{"0":"post-1048630","1":"product","2":"type-product","3":"status-publish","4":"has-post-thumbnail","6":"product_cat-materiaux-devaporation","8":"first","9":"instock","10":"shipping-taxable","11":"purchasable","12":"product-type-variable"},"acf":[],"_links":{"self":[{"href":"https:\/\/vimaterial.de\/fr\/wp-json\/wp\/v2\/product\/1048630","targetHints":{"allow":["GET"]}}],"collection":[{"href":"https:\/\/vimaterial.de\/fr\/wp-json\/wp\/v2\/product"}],"about":[{"href":"https:\/\/vimaterial.de\/fr\/wp-json\/wp\/v2\/types\/product"}],"replies":[{"embeddable":true,"href":"https:\/\/vimaterial.de\/fr\/wp-json\/wp\/v2\/comments?post=1048630"}],"wp:featuredmedia":[{"embeddable":true,"href":"https:\/\/vimaterial.de\/fr\/wp-json\/wp\/v2\/media\/1032664"}],"wp:attachment":[{"href":"https:\/\/vimaterial.de\/fr\/wp-json\/wp\/v2\/media?parent=1048630"}],"wp:term":[{"taxonomy":"product_brand","embeddable":true,"href":"https:\/\/vimaterial.de\/fr\/wp-json\/wp\/v2\/product_brand?post=1048630"},{"taxonomy":"product_cat","embeddable":true,"href":"https:\/\/vimaterial.de\/fr\/wp-json\/wp\/v2\/product_cat?post=1048630"},{"taxonomy":"product_tag","embeddable":true,"href":"https:\/\/vimaterial.de\/fr\/wp-json\/wp\/v2\/product_tag?post=1048630"}],"curies":[{"name":"wp","href":"https:\/\/api.w.org\/{rel}","templated":true}]}}