{"id":1048504,"date":"2024-06-17T14:28:17","date_gmt":"2024-06-17T06:28:17","guid":{"rendered":"https:\/\/vimaterial.de\/product\/suboxyde-de-titane-3\/"},"modified":"2024-06-17T14:28:17","modified_gmt":"2024-06-17T06:28:17","slug":"suboxyde-de-titane-3","status":"publish","type":"product","link":"https:\/\/vimaterial.de\/fr\/product\/suboxyde-de-titane-3\/","title":{"rendered":"Suboxyde de titane"},"content":{"rendered":"<p><span style=\"color: #0000ff;\"><a style=\"color: #0000ff;\" href=\"https:\/\/vimaterial.de\/fr\/search\/?type=element&#038;keyword=Ti%2CO\">Sous-oxyde de titane<\/a><\/span> sont des compos\u00e9s contenant du titane et de l&#8217;oxyg\u00e8ne, avec une teneur en oxyg\u00e8ne inf\u00e9rieure \u00e0 celle du dioxyde de titane, dans une large gamme de couleurs, avec une bonne conductivit\u00e9 \u00e9lectrique et une bonne stabilit\u00e9 chimique, et avec des applications potentielles dans l&#8217;\u00e9lectronique, la catalyse et d&#8217;autres domaines.<\/p>\n<p>VIMATERIAL est une soci\u00e9t\u00e9 d&#8217;innovation de pointe dans le domaine des mat\u00e9riaux chimiques, sp\u00e9cialis\u00e9e dans les mat\u00e9riaux de haute performance con\u00e7us pour des applications d&#8217;ing\u00e9nierie avanc\u00e9es. Nos produits sont d&#8217;une grande puret\u00e9 et d&#8217;une grande qualit\u00e9. Nous acceptons les conditionnements en petits lots, les petites quantit\u00e9s de produits, les stocks suffisants et la personnalisation<span style=\"color: #0000ff;\"><a style=\"color: #0000ff;\" href=\"https:\/\/vimaterial.de\/fr\/contact\/\"> nous contacter.<\/a><\/span><\/p>\n<h2><span style=\"font-size: 14pt;\">Application des granul\u00e9s de suboxyde de titane<\/span><\/h2>\n<p>Domaine des batteries : Les granul\u00e9s de sous-oxyde de titane sont largement utilis\u00e9s dans les mat\u00e9riaux d&#8217;\u00e9lectrode de batterie, ce qui permet d&#8217;am\u00e9liorer la conductivit\u00e9 et les performances de charge\/d\u00e9charge des batteries, comme dans les batteries lithium-ion en tant qu&#8217;additif, ce qui permet d&#8217;am\u00e9liorer la dur\u00e9e de vie des batteries et la capacit\u00e9 de charge\/d\u00e9charge rapide.<\/p>\n<p>Mat\u00e9riaux \u00e9lectroniques : Dans les mat\u00e9riaux \u00e9lectroniques, les granul\u00e9s de suboxyde de titane sont utilis\u00e9s pour fabriquer la couche conductrice des composants \u00e9lectroniques. Gr\u00e2ce \u00e0 sa bonne conductivit\u00e9 \u00e9lectrique et \u00e0 sa stabilit\u00e9 chimique, il peut transmettre efficacement les signaux \u00e9lectroniques et peut \u00eatre utilis\u00e9 pour produire des puces \u00e9lectroniques et des cartes de circuits imprim\u00e9s de haute performance.<\/p>\n<p>Mat\u00e9riaux optiques : Dans les applications de mat\u00e9riaux optiques, les granul\u00e9s de sous-oxyde de titane peuvent \u00eatre utilis\u00e9s pour modifier les propri\u00e9t\u00e9s optiques des mat\u00e9riaux en ajustant leur composition et leur structure, et sont utilis\u00e9s pour fabriquer des lentilles optiques sp\u00e9ciales ou des filtres qui absorbent ou r\u00e9fl\u00e9chissent la lumi\u00e8re \u00e0 des longueurs d&#8217;onde sp\u00e9cifiques.<\/p>\n<p>C\u00e9ramiques : Dans les c\u00e9ramiques, les granul\u00e9s de sous-oxyde de titane am\u00e9liorent les propri\u00e9t\u00e9s m\u00e9caniques et \u00e9lectriques des c\u00e9ramiques, les rendant plus durables et plus conductrices d&#8217;\u00e9lectricit\u00e9 pour la production de condensateurs c\u00e9ramiques \u00e0 haute performance.<\/p>\n<h2><span style=\"font-size: 14pt;\">Contr\u00f4le de la qualit\u00e9<\/span><\/h2>\n<p><span style=\"color: #0000ff;\"><a style=\"color: #0000ff;\" href=\"https:\/\/vimaterial.de\/fr\/le-controle-de-la-qualite\/\">Nos produits<\/a><\/span> sont soumis \u00e0 un syst\u00e8me strict de gestion de la qualit\u00e9. Des normes d&#8217;inspection strictes s&#8217;appliquent \u00e0 l&#8217;entr\u00e9e des mat\u00e9riaux, au traitement, \u00e0 l&#8217;inspection finale et \u00e0 l&#8217;inspection de l&#8217;usine. Des mesures d&#8217;isolement strictes sont prises en cas de traitement non conforme afin d&#8217;emp\u00eacher les produits non conformes de passer au processus suivant. Des \u00e9chantillons sont fournis pour permettre aux clients de proc\u00e9der \u00e0 une nouvelle inspection en fonction de leurs exigences.<\/p>\n<h2><span style=\"font-size: 14pt;\">Emballage et stockage<\/span><\/h2>\n<p>Les granul\u00e9s de sous-oxyde de titane sont conditionn\u00e9s dans des sacs ou des bouteilles \u00e0 double couche et emball\u00e9s dans des cartons.<\/p>\n<p>Les granul\u00e9s de suboxyde de titane doivent \u00eatre stock\u00e9s dans un environnement sec, frais et bien ventil\u00e9, scell\u00e9s et tenus \u00e0 l&#8217;\u00e9cart du feu, de l&#8217;eau, des acides et alcalis forts et des agents oxydants puissants, afin d&#8217;\u00e9viter l&#8217;humidit\u00e9, l&#8217;oxydation ou la r\u00e9action chimique et la modification des propri\u00e9t\u00e9s.<\/p>\n","protected":false},"excerpt":{"rendered":"<p>Sous-oxyde de titane sont des compos\u00e9s contenant du titane et de l&#8217;oxyg\u00e8ne, avec une teneur en oxyg\u00e8ne inf\u00e9rieure \u00e0 celle du dioxyde de titane, dans une large gamme de couleurs, avec une bonne conductivit\u00e9 \u00e9lectrique et une bonne stabilit\u00e9 chimique, et avec des applications potentielles dans l&#8217;\u00e9lectronique, la catalyse et d&#8217;autres domaines. VIMATERIAL est une [&hellip;]<\/p>\n","protected":false},"featured_media":1000845,"comment_status":"open","ping_status":"closed","template":"","meta":{"_acf_changed":false},"product_brand":[],"product_cat":[236],"product_tag":[],"class_list":{"0":"post-1048504","1":"product","2":"type-product","3":"status-publish","4":"has-post-thumbnail","6":"product_cat-materiaux-devaporation","8":"first","9":"instock","10":"shipping-taxable","11":"product-type-variable"},"acf":[],"_links":{"self":[{"href":"https:\/\/vimaterial.de\/fr\/wp-json\/wp\/v2\/product\/1048504","targetHints":{"allow":["GET"]}}],"collection":[{"href":"https:\/\/vimaterial.de\/fr\/wp-json\/wp\/v2\/product"}],"about":[{"href":"https:\/\/vimaterial.de\/fr\/wp-json\/wp\/v2\/types\/product"}],"replies":[{"embeddable":true,"href":"https:\/\/vimaterial.de\/fr\/wp-json\/wp\/v2\/comments?post=1048504"}],"wp:featuredmedia":[{"embeddable":true,"href":"https:\/\/vimaterial.de\/fr\/wp-json\/wp\/v2\/media\/1000845"}],"wp:attachment":[{"href":"https:\/\/vimaterial.de\/fr\/wp-json\/wp\/v2\/media?parent=1048504"}],"wp:term":[{"taxonomy":"product_brand","embeddable":true,"href":"https:\/\/vimaterial.de\/fr\/wp-json\/wp\/v2\/product_brand?post=1048504"},{"taxonomy":"product_cat","embeddable":true,"href":"https:\/\/vimaterial.de\/fr\/wp-json\/wp\/v2\/product_cat?post=1048504"},{"taxonomy":"product_tag","embeddable":true,"href":"https:\/\/vimaterial.de\/fr\/wp-json\/wp\/v2\/product_tag?post=1048504"}],"curies":[{"name":"wp","href":"https:\/\/api.w.org\/{rel}","templated":true}]}}