{"id":1048473,"date":"2024-06-17T14:22:50","date_gmt":"2024-06-17T06:22:50","guid":{"rendered":"https:\/\/vimaterial.de\/product\/oxyde-de-titane-9\/"},"modified":"2024-06-17T14:22:50","modified_gmt":"2024-06-17T06:22:50","slug":"oxyde-de-titane-9","status":"publish","type":"product","link":"https:\/\/vimaterial.de\/fr\/product\/oxyde-de-titane-9\/","title":{"rendered":"Oxyde de titane"},"content":{"rendered":"<p><span style=\"color: #0000ff;\"><a style=\"color: #0000ff;\" href=\"https:\/\/vimaterial.de\/fr\/search\/?type=element&#038;keyword=Ti%2CO\">oxyde de titane<\/a><\/span> (trioxyde de titane) est un compos\u00e9 inorganique dont la formule chimique est Ti2O3. Il s&#8217;agit d&#8217;un mat\u00e9riau semi-conducteur violet.<\/p>\n<p>VIMATERIAL a gagn\u00e9 la confiance d&#8217;un grand nombre de clients gr\u00e2ce \u00e0 sa qualit\u00e9 exceptionnelle, \u00e0 sa gamme compl\u00e8te de produits et \u00e0 son service attentif. Nos produits sont export\u00e9s dans le monde entier et jouissent d&#8217;une excellente r\u00e9putation. Attach\u00e9s \u00e0 l&#8217;int\u00e9grit\u00e9 et \u00e0 la qualit\u00e9 d&#8217;abord, nous accueillons chaleureusement nos clients pour <span style=\"color: #0000ff;\"><a style=\"color: #0000ff;\" href=\"https:\/\/vimaterial.de\/fr\/contact\/\">s&#8217;informer<\/a><\/span> et \u00e0 collaborer avec nous.<\/p>\n<h2><span style=\"font-size: 14pt;\">Propri\u00e9t\u00e9s<\/span><\/h2>\n<p>Formule chimique : Ti2O3<\/p>\n<p>Poids mol\u00e9culaire : 143,73 g\/mol<\/p>\n<p>Aspect : solide violet-noir<\/p>\n<p>Point de fusion : 2130 \u2103<\/p>\n<p>Densit\u00e9 : 4.49 g\/cm\u00b3<\/p>\n<p>Solubilit\u00e9 dans l&#8217;eau : insoluble<\/p>\n<h2><span style=\"font-size: 14pt;\">Applications de l&#8217;oxyde de titane<\/span><\/h2>\n<p>Dispositifs opto\u00e9lectroniques : L&#8217;oxyde de titane est un mat\u00e9riau semi-conducteur dot\u00e9 de bonnes propri\u00e9t\u00e9s optiques et \u00e9lectroniques. Il peut \u00eatre utilis\u00e9 pour fabriquer des cellules solaires, des \u00e9crans d&#8217;affichage, des photodiodes et d&#8217;autres dispositifs. En outre, le trioxyde de titane poss\u00e8de \u00e9galement d&#8217;excellentes propri\u00e9t\u00e9s photocatalytiques, qui permettent de convertir l&#8217;\u00e9nergie lumineuse en \u00e9nergie chimique pour d\u00e9grader les mati\u00e8res organiques et purifier les masses d&#8217;eau.<\/p>\n<p>domaine de l&#8217;environnement : Dans le domaine de l&#8217;environnement, le trioxyde de titane est largement utilis\u00e9 dans la purification de l&#8217;air, le traitement de l&#8217;eau et les mat\u00e9riaux autonettoyants. Ses propri\u00e9t\u00e9s photocatalytiques permettent au trioxyde de titane de purifier l&#8217;air et les masses d&#8217;eau par des r\u00e9actions photocatalytiques.<\/p>\n<p>Fabrication de pierres pr\u00e9cieuses artificielles : L&#8217;oxyde de titane est \u00e9galement utilis\u00e9 dans la fabrication de pierres pr\u00e9cieuses artificielles. Il peut \u00eatre utilis\u00e9 pour fabriquer des films denses et color\u00e9s, et convient au rev\u00eatement de films composites, de films color\u00e9s, de films antireflets et de films ultraviolets.<\/p>\n<h2><span style=\"color: #0000ff;\"><a style=\"color: #0000ff;\" href=\"https:\/\/vimaterial.de\/fr\/le-controle-de-la-qualite\/\"><span style=\"font-size: 14pt;\">Contr\u00f4le de la qualit\u00e9<\/span><\/a><\/span><\/h2>\n<p>Nos produits sont soumis \u00e0 un syst\u00e8me de gestion de la qualit\u00e9 des plus rigoureux. Des normes d&#8217;inspection strictes s&#8217;appliquent aux mat\u00e9riaux entrants, aux processus, aux inspections finales et aux inspections d&#8217;usine. Des mesures d&#8217;isolement strictes sont adopt\u00e9es en cas de traitement non conforme afin d&#8217;emp\u00eacher les produits non conformes de passer au processus suivant. Des \u00e9chantillons seront fournis aux clients en fonction de leurs exigences pour une nouvelle inspection.<\/p>\n<h2><span style=\"font-size: 14pt;\">Emballage et stockage<\/span><\/h2>\n<p>G\u00e9n\u00e9ralement emball\u00e9 sous vide \u00e0 l&#8217;int\u00e9rieur et en carton \u00e0 l&#8217;ext\u00e9rieur, il peut \u00e9galement \u00eatre emball\u00e9 en fonction des besoins du client.<\/p>\n<p>Stocker dans un endroit frais et sec, et s&#8217;assurer que l&#8217;atelier dispose d&#8217;une bonne ventilation ou de dispositifs d&#8217;\u00e9chappement.<\/p>\n","protected":false},"excerpt":{"rendered":"<p>oxyde de titane (trioxyde de titane) est un compos\u00e9 inorganique dont la formule chimique est Ti2O3. Il s&#8217;agit d&#8217;un mat\u00e9riau semi-conducteur violet. VIMATERIAL a gagn\u00e9 la confiance d&#8217;un grand nombre de clients gr\u00e2ce \u00e0 sa qualit\u00e9 exceptionnelle, \u00e0 sa gamme compl\u00e8te de produits et \u00e0 son service attentif. Nos produits sont export\u00e9s dans le monde [&hellip;]<\/p>\n","protected":false},"featured_media":1000439,"comment_status":"open","ping_status":"closed","template":"","meta":{"_acf_changed":false},"product_brand":[],"product_cat":[236],"product_tag":[],"class_list":{"0":"post-1048473","1":"product","2":"type-product","3":"status-publish","4":"has-post-thumbnail","6":"product_cat-materiaux-devaporation","8":"first","9":"instock","10":"shipping-taxable","11":"purchasable","12":"product-type-variable"},"acf":[],"_links":{"self":[{"href":"https:\/\/vimaterial.de\/fr\/wp-json\/wp\/v2\/product\/1048473","targetHints":{"allow":["GET"]}}],"collection":[{"href":"https:\/\/vimaterial.de\/fr\/wp-json\/wp\/v2\/product"}],"about":[{"href":"https:\/\/vimaterial.de\/fr\/wp-json\/wp\/v2\/types\/product"}],"replies":[{"embeddable":true,"href":"https:\/\/vimaterial.de\/fr\/wp-json\/wp\/v2\/comments?post=1048473"}],"wp:featuredmedia":[{"embeddable":true,"href":"https:\/\/vimaterial.de\/fr\/wp-json\/wp\/v2\/media\/1000439"}],"wp:attachment":[{"href":"https:\/\/vimaterial.de\/fr\/wp-json\/wp\/v2\/media?parent=1048473"}],"wp:term":[{"taxonomy":"product_brand","embeddable":true,"href":"https:\/\/vimaterial.de\/fr\/wp-json\/wp\/v2\/product_brand?post=1048473"},{"taxonomy":"product_cat","embeddable":true,"href":"https:\/\/vimaterial.de\/fr\/wp-json\/wp\/v2\/product_cat?post=1048473"},{"taxonomy":"product_tag","embeddable":true,"href":"https:\/\/vimaterial.de\/fr\/wp-json\/wp\/v2\/product_tag?post=1048473"}],"curies":[{"name":"wp","href":"https:\/\/api.w.org\/{rel}","templated":true}]}}