{"id":1048425,"date":"2024-06-17T14:26:56","date_gmt":"2024-06-17T06:26:56","guid":{"rendered":"https:\/\/vimaterial.de\/product\/monoxyde-de-titane-2\/"},"modified":"2024-06-17T14:26:56","modified_gmt":"2024-06-17T06:26:56","slug":"monoxyde-de-titane-2","status":"publish","type":"product","link":"https:\/\/vimaterial.de\/fr\/product\/monoxyde-de-titane-2\/","title":{"rendered":"Monoxyde de titane"},"content":{"rendered":"<p><span style=\"color: #0000ff;\"><a style=\"color: #0000ff;\" href=\"https:\/\/vimaterial.de\/fr\/product\/monoxyde-de-titane-4\/\">Monoxyde de titane<\/a><\/span> sont des particules compos\u00e9es principalement de titane et d&#8217;oxyg\u00e8ne, de couleur noire ou gris fonc\u00e9, pr\u00e9sentant une grande stabilit\u00e9 chimique, une certaine conductivit\u00e9 \u00e9lectrique et des applications potentielles dans l&#8217;\u00e9lectronique, la c\u00e9ramique, la catalyse et d&#8217;autres domaines.<\/p>\n<p>VIMATERIAL est une soci\u00e9t\u00e9 d&#8217;innovation de pointe dans le domaine des mat\u00e9riaux chimiques, sp\u00e9cialis\u00e9e dans les mat\u00e9riaux de haute performance con\u00e7us pour des applications d&#8217;ing\u00e9nierie avanc\u00e9es. Nos produits sont d&#8217;une grande puret\u00e9 et d&#8217;une grande qualit\u00e9. Nous acceptons les conditionnements en petits lots, les petites quantit\u00e9s de produits, les stocks suffisants et la personnalisation<span style=\"color: #0000ff;\"><a style=\"color: #0000ff;\" href=\"https:\/\/vimaterial.de\/fr\/contact\/\"> nous contacter<\/a><\/span>.<\/p>\n<h2><span style=\"font-size: 14pt;\">Propri\u00e9t\u00e9s<\/span><\/h2>\n<p>Formule mol\u00e9culaire : TiO<\/p>\n<p>Poids mol\u00e9culaire : 63,87 g\/mol<\/p>\n<p>Apparence : jaune terreux<\/p>\n<p>Densit\u00e9 : environ 4,95 g\/cm\u00b3.<\/p>\n<p>Point de fusion : ~ 1700\u00b0C<\/p>\n<p>Point d&#8217;\u00e9bullition : &gt; 3000\u00b0C<\/p>\n<p>Structure cristalline : syst\u00e8me cristallin cubique<\/p>\n<h2><span style=\"font-size: 14pt;\">Application<\/span><\/h2>\n<p>Fabrication de composants \u00e9lectroniques : Les pastilles de monoxyde de titane sont utilis\u00e9es dans la fabrication de r\u00e9sistances pour assurer un fonctionnement stable des appareils \u00e9lectroniques en r\u00e9gulant avec pr\u00e9cision le courant dans les circuits gr\u00e2ce \u00e0 ses propri\u00e9t\u00e9s de r\u00e9sistance stable.<\/p>\n<p>Rev\u00eatements : L&#8217;ajout de pastilles de monoxyde de titane aux rev\u00eatements des surfaces m\u00e9talliques am\u00e9liore la r\u00e9sistance \u00e0 l&#8217;usure et \u00e0 la corrosion des rev\u00eatements et prolonge la dur\u00e9e de vie des pi\u00e8ces m\u00e9talliques dans les environnements difficiles.<\/p>\n<p>Cellules solaires : En tant que mat\u00e9riaux d&#8217;\u00e9lectrode pour les cellules solaires, les particules de monoxyde de titane augmentent l&#8217;efficacit\u00e9 de la conversion photovolta\u00efque des cellules et contribuent \u00e0 l&#8217;utilisation efficace de l&#8217;\u00e9nergie solaire.<\/p>\n<p>C\u00e9ramiques : L&#8217;ajout de pastilles de monoxyde de titane aux c\u00e9ramiques permet d&#8217;am\u00e9liorer les propri\u00e9t\u00e9s m\u00e9caniques et \u00e9lectriques pour la fabrication de c\u00e9ramiques \u00e9lectroniques haut de gamme.<\/p>\n<p>Porteurs de catalyseurs : En raison de leur structure chimique unique, les particules de monoxyde de titane agissent comme des supports de catalyseurs, fournissant des sites actifs catalytiques tr\u00e8s efficaces pour acc\u00e9l\u00e9rer les r\u00e9actions chimiques.<\/p>\n<h2><span style=\"font-size: 14pt;\">Contr\u00f4le de la qualit\u00e9<\/span><\/h2>\n<p><span style=\"color: #0000ff;\"><a style=\"color: #0000ff;\" href=\"https:\/\/vimaterial.de\/fr\/le-controle-de-la-qualite\/\">Nos produits<\/a><\/span> sont soumis \u00e0 un syst\u00e8me strict de gestion de la qualit\u00e9. Des normes d&#8217;inspection strictes s&#8217;appliquent \u00e0 l&#8217;entr\u00e9e des mat\u00e9riaux, au traitement, \u00e0 l&#8217;inspection finale et \u00e0 l&#8217;inspection de l&#8217;usine. Des mesures d&#8217;isolement strictes sont prises en cas de traitement non conforme afin d&#8217;emp\u00eacher les produits non conformes de passer au processus suivant. Des \u00e9chantillons sont fournis pour permettre aux clients de proc\u00e9der \u00e0 une nouvelle inspection en fonction de leurs exigences.<\/p>\n<h2><span style=\"font-size: 14pt;\">Emballage et stockage<\/span><\/h2>\n<p>Les pastilles de monoxyde de titane sont conditionn\u00e9es dans des sacs ou des bouteilles \u00e0 double couche et emball\u00e9es dans des cartons.<\/p>\n<p>Les pastilles de monoxyde de titane doivent \u00eatre stock\u00e9es dans un environnement sec, frais et bien ventil\u00e9, dans des conteneurs scell\u00e9s, en \u00e9vitant tout contact avec l&#8217;eau, les acides forts, les bases fortes et les agents oxydants puissants, afin de pr\u00e9venir l&#8217;oxydation, la d\u00e9liquescence ou d&#8217;autres r\u00e9actions chimiques susceptibles d&#8217;affecter les propri\u00e9t\u00e9s des pastilles.<\/p>\n","protected":false},"excerpt":{"rendered":"<p>Monoxyde de titane sont des particules compos\u00e9es principalement de titane et d&#8217;oxyg\u00e8ne, de couleur noire ou gris fonc\u00e9, pr\u00e9sentant une grande stabilit\u00e9 chimique, une certaine conductivit\u00e9 \u00e9lectrique et des applications potentielles dans l&#8217;\u00e9lectronique, la c\u00e9ramique, la catalyse et d&#8217;autres domaines. VIMATERIAL est une soci\u00e9t\u00e9 d&#8217;innovation de pointe dans le domaine des mat\u00e9riaux chimiques, sp\u00e9cialis\u00e9e dans [&hellip;]<\/p>\n","protected":false},"featured_media":1000776,"comment_status":"open","ping_status":"closed","template":"","meta":{"_acf_changed":false},"product_brand":[],"product_cat":[236],"product_tag":[],"class_list":{"0":"post-1048425","1":"product","2":"type-product","3":"status-publish","4":"has-post-thumbnail","6":"product_cat-materiaux-devaporation","8":"first","9":"instock","10":"shipping-taxable","11":"purchasable","12":"product-type-variable"},"acf":[],"_links":{"self":[{"href":"https:\/\/vimaterial.de\/fr\/wp-json\/wp\/v2\/product\/1048425","targetHints":{"allow":["GET"]}}],"collection":[{"href":"https:\/\/vimaterial.de\/fr\/wp-json\/wp\/v2\/product"}],"about":[{"href":"https:\/\/vimaterial.de\/fr\/wp-json\/wp\/v2\/types\/product"}],"replies":[{"embeddable":true,"href":"https:\/\/vimaterial.de\/fr\/wp-json\/wp\/v2\/comments?post=1048425"}],"wp:featuredmedia":[{"embeddable":true,"href":"https:\/\/vimaterial.de\/fr\/wp-json\/wp\/v2\/media\/1000776"}],"wp:attachment":[{"href":"https:\/\/vimaterial.de\/fr\/wp-json\/wp\/v2\/media?parent=1048425"}],"wp:term":[{"taxonomy":"product_brand","embeddable":true,"href":"https:\/\/vimaterial.de\/fr\/wp-json\/wp\/v2\/product_brand?post=1048425"},{"taxonomy":"product_cat","embeddable":true,"href":"https:\/\/vimaterial.de\/fr\/wp-json\/wp\/v2\/product_cat?post=1048425"},{"taxonomy":"product_tag","embeddable":true,"href":"https:\/\/vimaterial.de\/fr\/wp-json\/wp\/v2\/product_tag?post=1048425"}],"curies":[{"name":"wp","href":"https:\/\/api.w.org\/{rel}","templated":true}]}}