{"id":1048396,"date":"2024-06-17T16:05:18","date_gmt":"2024-06-17T08:05:18","guid":{"rendered":"https:\/\/vimaterial.de\/product\/oxyde-de-neodyme-3\/"},"modified":"2024-06-17T16:05:18","modified_gmt":"2024-06-17T08:05:18","slug":"oxyde-de-neodyme-3","status":"publish","type":"product","link":"https:\/\/vimaterial.de\/fr\/product\/oxyde-de-neodyme-3\/","title":{"rendered":"Oxyde de n\u00e9odyme"},"content":{"rendered":"<p><span style=\"color: #0000ff;\"><a style=\"color: #0000ff;\" href=\"https:\/\/vimaterial.de\/fr\/search\/?type=element&#038;keyword=Nd2O3\">La poudre d&#8217;oxyde de n\u00e9odyme<\/a><\/span> est une poudre d&#8217;oxyde de m\u00e9tal de terre rare, d&#8217;aspect bleu clair (devenant bleu fonc\u00e9 au contact de l&#8217;eau), insoluble dans l&#8217;eau mais soluble dans les acides inorganiques. Elle est principalement utilis\u00e9e dans les aimants permanents, le verre optique et la coloration des c\u00e9ramiques.<\/p>\n<p>VIMATERIAL propose de la poudre d&#8217;oxyde de n\u00e9odyme de haute puret\u00e9, personnalisable selon vos besoins. <span style=\"color: #0000ff;\"><a style=\"color: #0000ff;\" href=\"https:\/\/vimaterial.de\/fr\/contact\/\">Contactez nous<\/a><\/span> pour un devis.<\/p>\n<h2><span style=\"font-size: 14pt;\">Caract\u00e9ristiques<\/span><\/h2>\n<p>Poids mol\u00e9culaire : 336,48g\/mol<\/p>\n<p>Couleur : Bleu clair.<\/p>\n<p>Densit\u00e9 : 7,24g\/cm\u00b3, il est plus dense, ce qui le rend plus lourd et plus stable dans les applications, telles que les c\u00e9ramiques, les alliages et d&#8217;autres mat\u00e9riaux pour augmenter la densit\u00e9 et le poids du mat\u00e9riau.<\/p>\n<p>Point de fusion : 2233\u00b0C (4051\u00b0F) ou environ 1900\u00b0C (les donn\u00e9es provenant de diff\u00e9rentes publications varient l\u00e9g\u00e8rement). Son point de fusion \u00e9lev\u00e9 lui permet de conserver des propri\u00e9t\u00e9s physiques stables \u00e0 haute temp\u00e9rature et d&#8217;\u00eatre utilis\u00e9 dans des processus et des applications li\u00e9s aux hautes temp\u00e9ratures.<\/p>\n<p>Point d&#8217;\u00e9bullition : 3760\u00b0C (6800\u00b0F).<\/p>\n<p>Solubilit\u00e9 : tr\u00e8s l\u00e9g\u00e8rement soluble dans l&#8217;eau, la solubilit\u00e9 est de 0,00019g\/100ml d&#8217;eau \u00e0 20\u2103, la solubilit\u00e9 est de 0,003g\/100ml d&#8217;eau \u00e0 75\u2103, mais facilement soluble dans les acides inorganiques.<\/p>\n<p>Hygroscopicit\u00e9 et absorption de dioxyde de carbone : Il absorbe facilement l&#8217;humidit\u00e9 et le dioxyde de carbone dans l&#8217;air, il faut donc faire attention \u00e0 l&#8217;imperm\u00e9abilit\u00e9 \u00e0 l&#8217;humidit\u00e9 et \u00e0 l&#8217;\u00e9tanch\u00e9it\u00e9 pendant le stockage et l&#8217;utilisation.<\/p>\n<p>Propri\u00e9t\u00e9s magn\u00e9tiques : Le Nd2O3 poss\u00e8de certaines propri\u00e9t\u00e9s magn\u00e9tiques, c&#8217;est l&#8217;une des mati\u00e8res premi\u00e8res importantes pour la fabrication de mat\u00e9riaux magn\u00e9tiques permanents, et il peut \u00eatre utilis\u00e9 pour fabriquer des aimants permanents NdFeB tr\u00e8s magn\u00e9tiques.<\/p>\n<p>Propri\u00e9t\u00e9s optiques : Le NdO3 a des applications importantes dans le domaine de l&#8217;optique, o\u00f9 il poss\u00e8de des propri\u00e9t\u00e9s d&#8217;absorption et d&#8217;\u00e9mission de la lumi\u00e8re \u00e0 des longueurs d&#8217;onde sp\u00e9cifiques.<\/p>\n<h2><span style=\"font-size: 14pt;\">Applications de l&#8217;oxyde de n\u00e9odyme<\/span><\/h2>\n<p>Mat\u00e9riaux pour aimants permanents : L&#8217;oxyde de n\u00e9odyme est une mati\u00e8re premi\u00e8re essentielle pour les aimants permanents NdFeB, largement utilis\u00e9s dans les moteurs \u00e9lectriques, les \u00e9oliennes, l&#8217;\u00e9lectronique, l&#8217;a\u00e9rospatiale et les disques durs.<\/p>\n<p>Domaine optique : Il est utilis\u00e9 dans les mat\u00e9riaux laser tels que le Nd:YAG pour la d\u00e9coupe, le soudage, le marquage et les applications m\u00e9dicales, et comme agent de coloration du verre pour les verres optiques color\u00e9s, filtrants et protecteurs dot\u00e9s de propri\u00e9t\u00e9s optiques sp\u00e9ciales.<\/p>\n<p>Domaine de la c\u00e9ramique : En tant que dopant c\u00e9ramique, l&#8217;oxyde de n\u00e9odyme am\u00e9liore les performances et l&#8217;aspect des c\u00e9ramiques, en particulier pour les \u00e9maux \u00e0 haute temp\u00e9rature.<\/p>\n<p>Domaine \u00e9lectronique : L&#8217;oxyde de n\u00e9odyme est utilis\u00e9 comme dopant dans les condensateurs c\u00e9ramiques pour am\u00e9liorer les performances \u00e9lectriques.<\/p>\n<p>Mat\u00e9riaux d&#8217;alliage : L&#8217;ajout d&#8217;oxyde de n\u00e9odyme aux alliages de magn\u00e9sium ou d&#8217;aluminium am\u00e9liore les performances \u00e0 haute temp\u00e9rature, la r\u00e9sistance \u00e0 la corrosion et l&#8217;\u00e9tanch\u00e9it\u00e9 \u00e0 l&#8217;air pour les applications a\u00e9rospatiales.<\/p>\n<p>Champ catalytique : L&#8217;oxyde de n\u00e9odyme peut \u00eatre utilis\u00e9 comme catalyseur ou support de catalyseur dans des r\u00e9actions chimiques telles que la polym\u00e9risation.<\/p>\n<h2><span style=\"font-size: 14pt;\">Emballage et stockage<\/span><\/h2>\n<p>La poudre d&#8217;oxyde de n\u00e9odyme est conditionn\u00e9e dans un emballage professionnel r\u00e9sistant \u00e0 l&#8217;humidit\u00e9 et \u00e0 la contamination. La couche int\u00e9rieure est un sac scell\u00e9 r\u00e9sistant \u00e0 l&#8217;humidit\u00e9 ou un emballage sous vide, et la couche ext\u00e9rieure est une bo\u00eete ou un f\u00fbt en carton renforc\u00e9. Cela permet d&#8217;\u00e9viter efficacement l&#8217;humidit\u00e9, l&#8217;oxydation et la contamination par des impuret\u00e9s pendant le transport et le stockage, et de garantir la stabilit\u00e9 de la qualit\u00e9 de la poudre.<\/p>\n<p>Le produit doit \u00eatre stock\u00e9 dans un environnement frais, sec et bien ventil\u00e9, \u00e0 l&#8217;abri de la lumi\u00e8re directe du soleil et d&#8217;une forte humidit\u00e9, et \u00e0 l&#8217;\u00e9cart des substances corrosives telles que les acides et les alcalis. Le stockage dans son emballage d&#8217;origine scell\u00e9 permet de maintenir la stabilit\u00e9 chimique et les performances de la poudre d&#8217;oxyde de n\u00e9odyme pendant une longue p\u00e9riode.<\/p>\n","protected":false},"excerpt":{"rendered":"<p>La poudre d&#8217;oxyde de n\u00e9odyme est une poudre d&#8217;oxyde de m\u00e9tal de terre rare, d&#8217;aspect bleu clair (devenant bleu fonc\u00e9 au contact de l&#8217;eau), insoluble dans l&#8217;eau mais soluble dans les acides inorganiques. Elle est principalement utilis\u00e9e dans les aimants permanents, le verre optique et la coloration des c\u00e9ramiques. VIMATERIAL propose de la poudre d&#8217;oxyde [&hellip;]<\/p>\n","protected":false},"featured_media":1034121,"comment_status":"open","ping_status":"closed","template":"","meta":{"_acf_changed":false},"product_brand":[],"product_cat":[241,243],"product_tag":[],"class_list":{"0":"post-1048396","1":"product","2":"type-product","3":"status-publish","4":"has-post-thumbnail","6":"product_cat-materiaux-a-base-de-terres-rares","7":"product_cat-materiaux-oxydes-hydroxydes","9":"first","10":"instock","11":"shipping-taxable","12":"product-type-variable"},"acf":[],"_links":{"self":[{"href":"https:\/\/vimaterial.de\/fr\/wp-json\/wp\/v2\/product\/1048396","targetHints":{"allow":["GET"]}}],"collection":[{"href":"https:\/\/vimaterial.de\/fr\/wp-json\/wp\/v2\/product"}],"about":[{"href":"https:\/\/vimaterial.de\/fr\/wp-json\/wp\/v2\/types\/product"}],"replies":[{"embeddable":true,"href":"https:\/\/vimaterial.de\/fr\/wp-json\/wp\/v2\/comments?post=1048396"}],"wp:featuredmedia":[{"embeddable":true,"href":"https:\/\/vimaterial.de\/fr\/wp-json\/wp\/v2\/media\/1034121"}],"wp:attachment":[{"href":"https:\/\/vimaterial.de\/fr\/wp-json\/wp\/v2\/media?parent=1048396"}],"wp:term":[{"taxonomy":"product_brand","embeddable":true,"href":"https:\/\/vimaterial.de\/fr\/wp-json\/wp\/v2\/product_brand?post=1048396"},{"taxonomy":"product_cat","embeddable":true,"href":"https:\/\/vimaterial.de\/fr\/wp-json\/wp\/v2\/product_cat?post=1048396"},{"taxonomy":"product_tag","embeddable":true,"href":"https:\/\/vimaterial.de\/fr\/wp-json\/wp\/v2\/product_tag?post=1048396"}],"curies":[{"name":"wp","href":"https:\/\/api.w.org\/{rel}","templated":true}]}}