{"id":1048374,"date":"2024-06-17T14:42:44","date_gmt":"2024-06-17T06:42:44","guid":{"rendered":"https:\/\/vimaterial.de\/product\/nitrure-de-fer\/"},"modified":"2024-06-17T14:42:44","modified_gmt":"2024-06-17T06:42:44","slug":"nitrure-de-fer","status":"publish","type":"product","link":"https:\/\/vimaterial.de\/fr\/product\/nitrure-de-fer\/","title":{"rendered":"Nitrure de fer"},"content":{"rendered":"<p><span style=\"color: #0000ff;\"><a style=\"color: #0000ff;\" href=\"https:\/\/vimaterial.de\/fr\/product\/sulfure-de-fer-3\/\">Poudre de nitrure de fer<\/a><\/span> il s&#8217;agit d&#8217;une poudre compos\u00e9e de fer et d&#8217;azote, g\u00e9n\u00e9ralement de couleur noire ou grise, dot\u00e9e d&#8217;une grande duret\u00e9 et de propri\u00e9t\u00e9s magn\u00e9tiques, qui trouve d&#8217;importantes applications dans les mat\u00e9riaux magn\u00e9tiques, les rev\u00eatements r\u00e9sistants \u00e0 l&#8217;usure, les appareils \u00e9lectroniques et d&#8217;autres domaines.<\/p>\n<p>VIAMTERIAL fournit de la poudre de nitrure de fer. Nos poudres se caract\u00e9risent par une grande puret\u00e9, une granulom\u00e9trie homog\u00e8ne, une bonne fluidit\u00e9, des propri\u00e9t\u00e9s chimiques stables, etc. Nous prenons \u00e9galement en charge l&#8217;emballage et la commande de petits lots. Nous disposons d&#8217;une \u00e9quipe professionnelle de recherche et de d\u00e9veloppement techniques. Nous acceptons la personnalisation des produits et l&#8217;exp\u00e9rimentation <span style=\"color: #0000ff;\"><a style=\"color: #0000ff;\" href=\"https:\/\/vimaterial.de\/fr\/contact\/\">nous contacter.<\/a><\/span><\/p>\n<h2><span style=\"font-size: 14pt;\">Propri\u00e9t\u00e9s physiques<\/span><\/h2>\n<p>Formule mol\u00e9culaire : FexN (x=2-4)<\/p>\n<p>Aspect : noir ou noir-gris<\/p>\n<h2><span style=\"font-size: 14pt;\">Applications de la poudre de nitrure de fer<\/span><\/h2>\n<p>Mat\u00e9riaux magn\u00e9tiques : Les poudres de nitrure de fer sont utilis\u00e9es dans la pr\u00e9paration d&#8217;aimants permanents de haute performance afin de conf\u00e9rer de fortes propri\u00e9t\u00e9s magn\u00e9tiques aux moteurs \u00e9lectriques, aux g\u00e9n\u00e9rateurs, etc. pour am\u00e9liorer l&#8217;efficacit\u00e9 de la conversion \u00e9nerg\u00e9tique et la densit\u00e9 de puissance de l&#8217;\u00e9quipement.<\/p>\n<p>Travail des m\u00e9taux : Les poudres de nitrure de fer sont appliqu\u00e9es \u00e0 la surface des outils de coupe des m\u00e9taux pour am\u00e9liorer leur r\u00e9sistance \u00e0 l&#8217;usure et leur duret\u00e9, ce qui leur permet de couper efficacement le m\u00e9tal, d&#8217;allonger la dur\u00e9e de vie de l&#8217;outil et de r\u00e9duire les co\u00fbts d&#8217;usinage.<\/p>\n<p>\u00c9lectronique : En raison de leurs propri\u00e9t\u00e9s \u00e9lectromagn\u00e9tiques uniques, les poudres de nitrure de fer sont utilis\u00e9es dans la fabrication de composants inductifs \u00e0 haute fr\u00e9quence pour les circuits miniaturis\u00e9s et \u00e0 haute performance des appareils \u00e9lectroniques, tels que les capteurs inductifs dans les cartes m\u00e8res des smartphones.<\/p>\n<h2><span style=\"font-size: 14pt;\">Contr\u00f4le de la qualit\u00e9<\/span><\/h2>\n<p><span style=\"color: #0000ff;\"><a style=\"color: #0000ff;\" href=\"https:\/\/vimaterial.de\/fr\/le-controle-de-la-qualite\/\">Le contr\u00f4le de la qualit\u00e9<\/a><\/span> de chaque lot de produits est effectu\u00e9 tout au long du processus d&#8217;approvisionnement en mati\u00e8res premi\u00e8res, de production et de traitement, d&#8217;essai et d&#8217;inspection, et d&#8217;emballage, en respectant strictement les normes internationales et les normes industrielles. Nous disposons d&#8217;\u00e9quipements de test avanc\u00e9s, d&#8217;une \u00e9quipe de contr\u00f4le qualit\u00e9 professionnelle et d&#8217;un syst\u00e8me de contr\u00f4le qualit\u00e9 strict pour garantir la qualit\u00e9 des produits.<\/p>\n<h2><span style=\"font-size: 14pt;\">Emballage et stockage<\/span><\/h2>\n<p>Les poudres de nitrure de fer sont emball\u00e9es dans des sacs \u00e0 double vide ou des bouteilles \u00e0 double vide et emball\u00e9es dans des cartons.<\/p>\n<p>Elles doivent \u00eatre stock\u00e9es dans un environnement sec, frais, bien ventil\u00e9, scell\u00e9, en \u00e9vitant tout contact avec l&#8217;eau, les acides, les alcalis et les agents oxydants puissants, et \u00e0 l&#8217;abri de l&#8217;humidit\u00e9 et de l&#8217;oxydation, et doivent \u00eatre plac\u00e9es conform\u00e9ment aux r\u00e9glementations en vigueur pour le stockage des produits chimiques.<\/p>\n","protected":false},"excerpt":{"rendered":"<p>Poudre de nitrure de fer il s&#8217;agit d&#8217;une poudre compos\u00e9e de fer et d&#8217;azote, g\u00e9n\u00e9ralement de couleur noire ou grise, dot\u00e9e d&#8217;une grande duret\u00e9 et de propri\u00e9t\u00e9s magn\u00e9tiques, qui trouve d&#8217;importantes applications dans les mat\u00e9riaux magn\u00e9tiques, les rev\u00eatements r\u00e9sistants \u00e0 l&#8217;usure, les appareils \u00e9lectroniques et d&#8217;autres domaines. VIAMTERIAL fournit de la poudre de nitrure de [&hellip;]<\/p>\n","protected":false},"featured_media":1001929,"comment_status":"open","ping_status":"closed","template":"","meta":{"_acf_changed":false},"product_brand":[],"product_cat":[240],"product_tag":[],"class_list":{"0":"post-1048374","1":"product","2":"type-product","3":"status-publish","4":"has-post-thumbnail","6":"product_cat-materiaux-c-n-b-si","8":"first","9":"instock","10":"shipping-taxable","11":"product-type-variable"},"acf":[],"_links":{"self":[{"href":"https:\/\/vimaterial.de\/fr\/wp-json\/wp\/v2\/product\/1048374","targetHints":{"allow":["GET"]}}],"collection":[{"href":"https:\/\/vimaterial.de\/fr\/wp-json\/wp\/v2\/product"}],"about":[{"href":"https:\/\/vimaterial.de\/fr\/wp-json\/wp\/v2\/types\/product"}],"replies":[{"embeddable":true,"href":"https:\/\/vimaterial.de\/fr\/wp-json\/wp\/v2\/comments?post=1048374"}],"wp:featuredmedia":[{"embeddable":true,"href":"https:\/\/vimaterial.de\/fr\/wp-json\/wp\/v2\/media\/1001929"}],"wp:attachment":[{"href":"https:\/\/vimaterial.de\/fr\/wp-json\/wp\/v2\/media?parent=1048374"}],"wp:term":[{"taxonomy":"product_brand","embeddable":true,"href":"https:\/\/vimaterial.de\/fr\/wp-json\/wp\/v2\/product_brand?post=1048374"},{"taxonomy":"product_cat","embeddable":true,"href":"https:\/\/vimaterial.de\/fr\/wp-json\/wp\/v2\/product_cat?post=1048374"},{"taxonomy":"product_tag","embeddable":true,"href":"https:\/\/vimaterial.de\/fr\/wp-json\/wp\/v2\/product_tag?post=1048374"}],"curies":[{"name":"wp","href":"https:\/\/api.w.org\/{rel}","templated":true}]}}