{"id":1048344,"date":"2024-06-17T16:05:18","date_gmt":"2024-06-17T08:05:18","guid":{"rendered":"https:\/\/vimaterial.de\/product\/oxyde-de-neodyme\/"},"modified":"2024-06-17T16:05:18","modified_gmt":"2024-06-17T08:05:18","slug":"oxyde-de-neodyme","status":"publish","type":"product","link":"https:\/\/vimaterial.de\/fr\/product\/oxyde-de-neodyme\/","title":{"rendered":"Oxyde de n\u00e9odyme"},"content":{"rendered":"<p><span style=\"color: #0000ff;\"><a style=\"color: #0000ff;\" href=\"https:\/\/vimaterial.de\/fr\/search\/?type=element&#038;keyword=Nd2O3\">L&#8217;oxyde de n\u00e9odyme<\/a><\/span> la cible de pulv\u00e9risation est une sorte d&#8217;oxyde de n\u00e9odyme comme composant principal, utilis\u00e9 dans le d\u00e9p\u00f4t physique en phase vapeur et d&#8217;autres processus, avec une bonne performance de pulv\u00e9risation, capable de former des films minces d&#8217;oxyde de n\u00e9odyme d\u00e9pos\u00e9s sur le mat\u00e9riau du substrat, et ensuite largement utilis\u00e9 dans l&#8217;optique, l&#8217;\u00e9lectronique, les mat\u00e9riaux magn\u00e9tiques et beaucoup d&#8217;autres domaines de mat\u00e9riaux cl\u00e9s.<\/p>\n<p>VIMATERIAL propose des cibles de pulv\u00e9risation d&#8217;oxyde de n\u00e9odyme de haute puret\u00e9, et peut personnaliser diff\u00e9rentes tailles pour r\u00e9pondre \u00e0 vos besoins. <span style=\"color: #0000ff;\"><a style=\"color: #0000ff;\" href=\"https:\/\/vimaterial.de\/fr\/contact\/\">Contactez nous<\/a><\/span> pour un devis.<\/p>\n<h2><span style=\"font-size: 14pt;\">Caract\u00e9ristiques<\/span><\/h2>\n<p>Haute puret\u00e9 : les cibles de pulv\u00e9risation de Nd2O3 de haute puret\u00e9 minimisent l&#8217;interf\u00e9rence des impuret\u00e9s et garantissent une composition chimique stable et des performances de film fiables, en particulier pour les couches minces optiques.<\/p>\n<p>Bonne stabilit\u00e9 chimique : L&#8217;oxyde de n\u00e9odyme pr\u00e9sente une bonne stabilit\u00e9 chimique pendant le stockage et la pulv\u00e9risation, r\u00e9sistant aux r\u00e9actions avec l&#8217;air et l&#8217;humidit\u00e9 pour maintenir la qualit\u00e9 de la cible.<\/p>\n<p>Haute densit\u00e9 : Les cibles de haute densit\u00e9 r\u00e9duisent les \u00e9claboussures de particules, am\u00e9liorent l&#8217;uniformit\u00e9 et la densit\u00e9 du film et r\u00e9duisent le risque d&#8217;adsorption de gaz et d&#8217;incorporation d&#8217;impuret\u00e9s.<\/p>\n<p>Duret\u00e9 appropri\u00e9e : Une duret\u00e9 mod\u00e9r\u00e9e \u00e9vite les fissures ou les d\u00e9formations pendant la pulv\u00e9risation, tout en permettant un usinage facile en diff\u00e9rentes formes et tailles.<\/p>\n<p>Bonne conductivit\u00e9 thermique : Une bonne conductivit\u00e9 thermique permet une dissipation efficace de la chaleur pendant la pulv\u00e9risation, \u00e9vitant ainsi une surchauffe locale et prolongeant la dur\u00e9e de vie de la cible.<\/p>\n<p>Taille de grain uniforme : Une distribution uniforme de la taille des grains garantit une \u00e9mission coh\u00e9rente des atomes, ce qui se traduit par une \u00e9paisseur de film uniforme et des performances stables.<\/p>\n<p>Faible taux de d\u00e9fauts : Les faibles d\u00e9fauts internes tels que les pores ou les fissures r\u00e9duisent les d\u00e9charges anormales et les dommages \u00e0 la cible, garantissant une pulv\u00e9risation stable et des films de haute qualit\u00e9.<\/p>\n<h2><span style=\"font-size: 14pt;\">Applications des cibles de pulv\u00e9risation d&#8217;oxyde de n\u00e9odyme<\/span><\/h2>\n<p>Mat\u00e9riaux laser : Il est utilis\u00e9 comme dopant dans les cristaux laser tels que le Nd:YAG, largement utilis\u00e9 dans la d\u00e9coupe laser, le soudage, le marquage, le traitement m\u00e9dical et la t\u00e9l\u00e9m\u00e9trie laser ; les films de Nd:YAG peuvent \u00e9galement \u00eatre pr\u00e9par\u00e9s par pulv\u00e9risation.<\/p>\n<p>Verre optique : Il est utilis\u00e9 pour produire du verre optique et color\u00e9 avec des propri\u00e9t\u00e9s sp\u00e9ciales, am\u00e9liorant l&#8217;indice de r\u00e9fraction et la performance des couleurs dans les lentilles, les microscopes et les t\u00e9lescopes.<\/p>\n<p>Filtres : Les couches minces d&#8217;oxyde de n\u00e9odyme pr\u00e9par\u00e9es par pulv\u00e9risation cathodique sont utilis\u00e9es dans les filtres optiques pour la s\u00e9lection des longueurs d&#8217;onde et le filtrage des signaux dans les syst\u00e8mes de communication et de d\u00e9tection optiques.<\/p>\n<p>Mat\u00e9riaux semi-conducteurs : En tant que dopant des semi-conducteurs, l&#8217;oxyde de n\u00e9odyme ajuste les propri\u00e9t\u00e9s \u00e9lectriques et est utilis\u00e9 pour d\u00e9poser des couches minces fonctionnelles dans les circuits int\u00e9gr\u00e9s et les dispositifs \u00e0 semi-conducteurs.<\/p>\n<p>Mat\u00e9riaux de stockage magn\u00e9tique : Les films d&#8217;oxyde de n\u00e9odyme sont utilis\u00e9s dans les supports de stockage magn\u00e9to-optiques, offrant une densit\u00e9 de stockage \u00e9lev\u00e9e et des performances de lecture\/\u00e9criture rapides.<\/p>\n<p>C\u00e9ramiques \u00e9lectroniques : il est utilis\u00e9 dans les c\u00e9ramiques \u00e9lectroniques telles que les condensateurs et les mat\u00e9riaux pi\u00e9zo\u00e9lectriques pour am\u00e9liorer les performances \u00e9lectriques et m\u00e9caniques.<\/p>\n<p>Cellules solaires : Les films d&#8217;oxyde de n\u00e9odyme sont utilis\u00e9s dans les cellules solaires en tant qu&#8217;\u00e9lectrodes ou couches de modification pour am\u00e9liorer la conductivit\u00e9, la stabilit\u00e9 et l&#8217;efficacit\u00e9 de la conversion photo\u00e9lectrique.<\/p>\n<p>Piles \u00e0 combustible : L&#8217;oxyde de n\u00e9odyme est utilis\u00e9 dans les catalyseurs ou les \u00e9lectrodes des piles \u00e0 combustible pour am\u00e9liorer l&#8217;activit\u00e9 catalytique, le rendement et le co\u00fbt global.<\/p>\n<h2><span style=\"font-size: 14pt;\">Emballage et stockage<\/span><\/h2>\n<p>Les cibles de pulv\u00e9risation d&#8217;oxyde de n\u00e9odyme sont emball\u00e9es selon des m\u00e9thodes professionnelles propres, \u00e0 l&#8217;abri de l&#8217;humidit\u00e9 et de la contamination. Il s&#8217;agit g\u00e9n\u00e9ralement d&#8217;un emballage int\u00e9rieur scell\u00e9 sous vide ou rempli de gaz inerte, avec une couche ext\u00e9rieure de mousse absorbant les chocs et des caisses en carton ou en bois renforc\u00e9es. Cela permet d&#8217;\u00e9viter l&#8217;oxydation, les dommages dus \u00e0 l&#8217;humidit\u00e9 ou les dommages m\u00e9caniques pendant le transport et la manutention, et de garantir la qualit\u00e9 de la surface et la pr\u00e9cision des dimensions de la cible.<\/p>\n<p>Le produit doit \u00eatre stock\u00e9 dans un environnement frais, sec et bien ventil\u00e9, \u00e0 l&#8217;abri de la lumi\u00e8re directe du soleil, des temp\u00e9ratures \u00e9lev\u00e9es et de l&#8217;humidit\u00e9, et \u00e0 l&#8217;\u00e9cart des substances corrosives telles que les acides et les alcalis. Le stockage dans son emballage d&#8217;origine scell\u00e9 permet de maintenir la stabilit\u00e9 chimique et les performances de pulv\u00e9risation pendant une longue p\u00e9riode.<\/p>\n","protected":false},"excerpt":{"rendered":"<p>L&#8217;oxyde de n\u00e9odyme la cible de pulv\u00e9risation est une sorte d&#8217;oxyde de n\u00e9odyme comme composant principal, utilis\u00e9 dans le d\u00e9p\u00f4t physique en phase vapeur et d&#8217;autres processus, avec une bonne performance de pulv\u00e9risation, capable de former des films minces d&#8217;oxyde de n\u00e9odyme d\u00e9pos\u00e9s sur le mat\u00e9riau du substrat, et ensuite largement utilis\u00e9 dans l&#8217;optique, l&#8217;\u00e9lectronique, [&hellip;]<\/p>\n","protected":false},"featured_media":1034126,"comment_status":"open","ping_status":"closed","template":"","meta":{"_acf_changed":false},"product_brand":[],"product_cat":[235],"product_tag":[],"class_list":{"0":"post-1048344","1":"product","2":"type-product","3":"status-publish","4":"has-post-thumbnail","6":"product_cat-cibles-de-pulverisation-planaire","8":"first","9":"instock","10":"shipping-taxable","11":"product-type-variable"},"acf":[],"_links":{"self":[{"href":"https:\/\/vimaterial.de\/fr\/wp-json\/wp\/v2\/product\/1048344","targetHints":{"allow":["GET"]}}],"collection":[{"href":"https:\/\/vimaterial.de\/fr\/wp-json\/wp\/v2\/product"}],"about":[{"href":"https:\/\/vimaterial.de\/fr\/wp-json\/wp\/v2\/types\/product"}],"replies":[{"embeddable":true,"href":"https:\/\/vimaterial.de\/fr\/wp-json\/wp\/v2\/comments?post=1048344"}],"wp:featuredmedia":[{"embeddable":true,"href":"https:\/\/vimaterial.de\/fr\/wp-json\/wp\/v2\/media\/1034126"}],"wp:attachment":[{"href":"https:\/\/vimaterial.de\/fr\/wp-json\/wp\/v2\/media?parent=1048344"}],"wp:term":[{"taxonomy":"product_brand","embeddable":true,"href":"https:\/\/vimaterial.de\/fr\/wp-json\/wp\/v2\/product_brand?post=1048344"},{"taxonomy":"product_cat","embeddable":true,"href":"https:\/\/vimaterial.de\/fr\/wp-json\/wp\/v2\/product_cat?post=1048344"},{"taxonomy":"product_tag","embeddable":true,"href":"https:\/\/vimaterial.de\/fr\/wp-json\/wp\/v2\/product_tag?post=1048344"}],"curies":[{"name":"wp","href":"https:\/\/api.w.org\/{rel}","templated":true}]}}