{"id":1048323,"date":"2024-06-17T16:05:18","date_gmt":"2024-06-17T08:05:18","guid":{"rendered":"https:\/\/vimaterial.de\/product\/oxyde-de-neodyme-2\/"},"modified":"2024-06-17T16:05:18","modified_gmt":"2024-06-17T08:05:18","slug":"oxyde-de-neodyme-2","status":"publish","type":"product","link":"https:\/\/vimaterial.de\/fr\/product\/oxyde-de-neodyme-2\/","title":{"rendered":"Oxyde de n\u00e9odyme"},"content":{"rendered":"<p><span style=\"color: #0000ff;\"><a style=\"color: #0000ff;\" href=\"https:\/\/vimaterial.de\/fr\/search\/?type=element&#038;keyword=Nd2O3\">L&#8217;oxyde de n\u00e9odyme<\/a><\/span> les granul\u00e9s d&#8217;oxyde de n\u00e9odyme sont un important oxyde de terre rare, qui se pr\u00e9sente sous la forme d&#8217;un solide violet p\u00e2le. Gr\u00e2ce \u00e0 leurs excellentes propri\u00e9t\u00e9s, ils ont d\u00e9montr\u00e9 une valeur d&#8217;application exceptionnelle dans de nombreux domaines.<\/p>\n<p>VIMATERIAL fournit des granul\u00e9s, des poudres et des cibles de pulv\u00e9risation d&#8217;oxyde de n\u00e9odyme de haute puret\u00e9. N&#8217;h\u00e9sitez pas \u00e0 <span style=\"color: #0000ff;\"><a style=\"color: #0000ff;\" href=\"https:\/\/vimaterial.de\/fr\/contact\/\">nous contacter<\/a><\/span> en cas de besoin.<\/p>\n<h2><span style=\"font-size: 14pt;\">Propri\u00e9t\u00e9s physiques<\/span><\/h2>\n<p>Apparence : Pourpre clair<\/p>\n<p>Densit\u00e9 : 7,24g\/cm\u00b3<\/p>\n<p>Solubilit\u00e9 : tr\u00e8s l\u00e9g\u00e8rement soluble dans l&#8217;eau, facilement soluble dans l&#8217;acide inorganique.<\/p>\n<p>Point de fusion : 1900\u2103 ~ 2270\u2103<\/p>\n<p>Stabilit\u00e9 : Stable \u00e0 temp\u00e9rature et pression ambiantes.<\/p>\n<p>Hygroscopicit\u00e9 et absorption de dioxyde de carbone : Il absorbe facilement l&#8217;humidit\u00e9 et le dioxyde de carbone pr\u00e9sents dans l&#8217;air.<\/p>\n<h2><span style=\"font-size: 14pt;\">Applications des granul\u00e9s d&#8217;oxyde de n\u00e9odyme<\/span><\/h2>\n<p>Mat\u00e9riaux magn\u00e9tiques permanents : L&#8217;oxyde de n\u00e9odyme est une mati\u00e8re premi\u00e8re essentielle pour les aimants permanents NdFeB, qui se caract\u00e9risent par une \u00e9nergie magn\u00e9tique et une coercivit\u00e9 \u00e9lev\u00e9es et sont largement utilis\u00e9s dans les moteurs \u00e9lectriques, les turbines \u00e9oliennes, l&#8217;a\u00e9rospatiale et les appareils \u00e9lectroniques.<\/p>\n<p>Mat\u00e9riaux d&#8217;alliage : L&#8217;ajout de 1,5 % \u00e0 2,5 % de nano-oxyde de n\u00e9odyme aux alliages de magn\u00e9sium ou d&#8217;aluminium am\u00e9liore les performances \u00e0 haute temp\u00e9rature, l&#8217;\u00e9tanch\u00e9it\u00e9 \u00e0 l&#8217;air et la r\u00e9sistance \u00e0 la corrosion, ce qui les rend adapt\u00e9s aux applications a\u00e9rospatiales et automobiles.<\/p>\n<p>Mat\u00e9riaux laser : L&#8217;oxyde de n\u00e9odyme est utilis\u00e9 pour produire des cristaux laser dop\u00e9s au n\u00e9odyme tels que le Nd:YAG, qui sont largement utilis\u00e9s dans la d\u00e9coupe laser, le soudage, le marquage et les traitements m\u00e9dicaux.<\/p>\n<p>Agent de coloration du verre : Lorsqu&#8217;il est ajout\u00e9 au verre, l&#8217;oxyde de n\u00e9odyme donne des teintes allant du rouge vif au violet et est couramment utilis\u00e9 dans la fabrication de verre optique et d\u00e9coratif.<\/p>\n<p>C\u00e9ramique : En tant que dopant pour c\u00e9ramique, l&#8217;oxyde de n\u00e9odyme am\u00e9liore les performances de la c\u00e9ramique et lui conf\u00e8re une couleur rouge-violet, en particulier dans les \u00e9maux \u00e0 haute temp\u00e9rature.<\/p>\n<p>Domaine \u00e9lectronique : L&#8217;oxyde de n\u00e9odyme est utilis\u00e9 comme dopant dans les condensateurs en c\u00e9ramique pour am\u00e9liorer leurs performances \u00e9lectriques.<\/p>\n<p>Autres domaines : Il est utilis\u00e9 comme additif dans le caoutchouc pour am\u00e9liorer la r\u00e9sistance \u00e0 l&#8217;usure et au vieillissement, et comme catalyseur dans les r\u00e9actions chimiques en raison de sa bonne activit\u00e9 catalytique.<\/p>\n<h2><span style=\"font-size: 14pt;\">Contr\u00f4le de la qualit\u00e9<\/span><\/h2>\n<p>Nos granul\u00e9s d&#8217;oxyde de n\u00e9odyme sont produits et contr\u00f4l\u00e9s en stricte conformit\u00e9 avec un <span style=\"color: #0000ff;\"><a style=\"color: #0000ff;\" href=\"https:\/\/vimaterial.de\/fr\/le-controle-de-la-qualite\/\">syst\u00e8me de gestion de la qualit\u00e9<\/a><\/span>. De la s\u00e9lection des mati\u00e8res premi\u00e8res \u00e0 l&#8217;inspection des produits finis, en passant par le contr\u00f4le des processus, de multiples contr\u00f4les de qualit\u00e9 sont mis en \u0153uvre tout au long du processus. Gr\u00e2ce \u00e0 des tests rigoureux portant sur des indicateurs cl\u00e9s tels que la puret\u00e9, la distribution de la taille, la teneur en impuret\u00e9s et les propri\u00e9t\u00e9s physiques, nous nous assurons que les lots de produits sont stables et que les performances sont constantes, r\u00e9pondant ainsi aux exigences de qualit\u00e9 des mat\u00e9riaux magn\u00e9tiques, des lasers, de l&#8217;\u00e9lectronique et des applications de mat\u00e9riaux haut de gamme.<\/p>\n<h2><span style=\"font-size: 14pt;\">Emballage et stockage<\/span><\/h2>\n<p>Les granul\u00e9s de Nd2O3 sont emball\u00e9s selon des m\u00e9thodes professionnelles de protection contre l&#8217;humidit\u00e9 et la contamination. La couche int\u00e9rieure est un sac scell\u00e9 \u00e0 l&#8217;\u00e9preuve de l&#8217;humidit\u00e9 ou un emballage sous vide, et la couche ext\u00e9rieure est une bo\u00eete en carton renforc\u00e9e ou un tambour. Cela permet d&#8217;\u00e9viter efficacement l&#8217;humidit\u00e9, les dommages ou la contamination pendant le transport et la manutention, et de garantir la stabilit\u00e9 de la qualit\u00e9 du produit.<\/p>\n<p>Le produit doit \u00eatre stock\u00e9 dans un environnement frais, sec et bien ventil\u00e9, en \u00e9vitant la lumi\u00e8re directe du soleil et le contact avec des substances corrosives telles que les acides et les alcalis. Le stockage dans son emballage d&#8217;origine scell\u00e9 permet de conserver les propri\u00e9t\u00e9s physiques et la stabilit\u00e9 chimique des granul\u00e9s d&#8217;oxyde de n\u00e9odyme pendant une longue p\u00e9riode.<\/p>\n","protected":false},"excerpt":{"rendered":"<p>L&#8217;oxyde de n\u00e9odyme les granul\u00e9s d&#8217;oxyde de n\u00e9odyme sont un important oxyde de terre rare, qui se pr\u00e9sente sous la forme d&#8217;un solide violet p\u00e2le. Gr\u00e2ce \u00e0 leurs excellentes propri\u00e9t\u00e9s, ils ont d\u00e9montr\u00e9 une valeur d&#8217;application exceptionnelle dans de nombreux domaines. VIMATERIAL fournit des granul\u00e9s, des poudres et des cibles de pulv\u00e9risation d&#8217;oxyde de n\u00e9odyme [&hellip;]<\/p>\n","protected":false},"featured_media":1048311,"comment_status":"open","ping_status":"closed","template":"","meta":{"_acf_changed":false},"product_brand":[],"product_cat":[236],"product_tag":[],"class_list":{"0":"post-1048323","1":"product","2":"type-product","3":"status-publish","4":"has-post-thumbnail","6":"product_cat-materiaux-devaporation","8":"first","9":"instock","10":"shipping-taxable","11":"product-type-variable"},"acf":[],"_links":{"self":[{"href":"https:\/\/vimaterial.de\/fr\/wp-json\/wp\/v2\/product\/1048323","targetHints":{"allow":["GET"]}}],"collection":[{"href":"https:\/\/vimaterial.de\/fr\/wp-json\/wp\/v2\/product"}],"about":[{"href":"https:\/\/vimaterial.de\/fr\/wp-json\/wp\/v2\/types\/product"}],"replies":[{"embeddable":true,"href":"https:\/\/vimaterial.de\/fr\/wp-json\/wp\/v2\/comments?post=1048323"}],"wp:featuredmedia":[{"embeddable":true,"href":"https:\/\/vimaterial.de\/fr\/wp-json\/wp\/v2\/media\/1048311"}],"wp:attachment":[{"href":"https:\/\/vimaterial.de\/fr\/wp-json\/wp\/v2\/media?parent=1048323"}],"wp:term":[{"taxonomy":"product_brand","embeddable":true,"href":"https:\/\/vimaterial.de\/fr\/wp-json\/wp\/v2\/product_brand?post=1048323"},{"taxonomy":"product_cat","embeddable":true,"href":"https:\/\/vimaterial.de\/fr\/wp-json\/wp\/v2\/product_cat?post=1048323"},{"taxonomy":"product_tag","embeddable":true,"href":"https:\/\/vimaterial.de\/fr\/wp-json\/wp\/v2\/product_tag?post=1048323"}],"curies":[{"name":"wp","href":"https:\/\/api.w.org\/{rel}","templated":true}]}}