{"id":1048284,"date":"2024-06-17T16:12:05","date_gmt":"2024-06-17T08:12:05","guid":{"rendered":"https:\/\/vimaterial.de\/product\/oxyde-de-terbium\/"},"modified":"2024-06-17T16:12:05","modified_gmt":"2024-06-17T08:12:05","slug":"oxyde-de-terbium","status":"publish","type":"product","link":"https:\/\/vimaterial.de\/fr\/product\/oxyde-de-terbium\/","title":{"rendered":"Oxyde de terbium"},"content":{"rendered":"<p><span style=\"color: #0000ff;\"><a style=\"color: #0000ff;\" href=\"https:\/\/vimaterial.de\/fr\/search\/?type=element&#038;keyword=tb4o7\">La poudre d&#8217;oxyde de terbium<\/a><\/span> est un oxyde form\u00e9 par la combinaison de l&#8217;\u00e9l\u00e9ment de terre rare terbium et de l&#8217;oxyg\u00e8ne. Cette poudre brun fonc\u00e9 apparemment ordinaire est en fait la &#8220;pierre pr\u00e9cieuse verte&#8221; de la famille des terres rares, utilis\u00e9e dans la production de terbium m\u00e9tallique, de verre magn\u00e9to-optique, de phosphores, de mat\u00e9riaux de stockage magn\u00e9to-optique et d&#8217;additifs chimiques.<\/p>\n<p>VIMATERIAL propose de la poudre d&#8217;oxyde de terbium de haute puret\u00e9, qui peut \u00eatre adapt\u00e9e \u00e0 vos besoins. <span style=\"color: #0000ff;\"><a style=\"color: #0000ff;\" href=\"https:\/\/vimaterial.de\/fr\/contact\/\">Contactez nous pour obtenir un devis<\/a><\/span> pour un devis.<\/p>\n<h3>Propri\u00e9t\u00e9s physiques<\/h3>\n<p>Formule chimique : Tb4O7<\/p>\n<p>Masse mol\u00e9culaire : 747,69g\/mol<\/p>\n<p>Aspect : Brun fonc\u00e9<\/p>\n<p>Densit\u00e9 : environ 7,3g\/cm\u00b3<\/p>\n<p>Point de fusion : 2337\u2103-2410\u2103<\/p>\n<p>Solubilit\u00e9 : insoluble dans l&#8217;eau, mais soluble dans l&#8217;acide concentr\u00e9 chaud et l&#8217;acide inorganique.<\/p>\n<h3>Applications de la poudre d&#8217;oxyde de terbium<\/h3>\n<p><strong>Domaine des mat\u00e9riaux fluorescents :<\/strong> L&#8217;oxyde de terbium peut \u00eatre utilis\u00e9 comme activateur de phosphore vert pour les tubes d&#8217;image de t\u00e9l\u00e9vision en couleur, les lampes fluorescentes, etc. qui peuvent \u00e9mettre une lumi\u00e8re verte \u00e0 l&#8217;\u00e9tat excit\u00e9.<\/p>\n<p><strong>Mat\u00e9riaux magn\u00e9to-optiques :<\/strong> L&#8217;oxyde de terbium est utilis\u00e9 dans la fabrication de mat\u00e9riaux de stockage magn\u00e9to-optiques, tels que les disques magn\u00e9to-optiques, qui peuvent \u00eatre utilis\u00e9s comme \u00e9l\u00e9ments de stockage informatique et dont la capacit\u00e9 de stockage a \u00e9t\u00e9 consid\u00e9rablement am\u00e9lior\u00e9e par rapport aux \u00e9l\u00e9ments de stockage ordinaires.<\/p>\n<p><strong>Dispositifs \u00e0 semi-conducteurs :<\/strong> Le terbium est utilis\u00e9 comme dopant dans les dispositifs \u00e0 l&#8217;\u00e9tat solide, tels que les lasers \u00e0 l&#8217;\u00e9tat solide, afin d&#8217;am\u00e9liorer les performances des dispositifs.<\/p>\n<h2><span style=\"font-size: 14pt;\">Contr\u00f4le de la qualit\u00e9<\/span><\/h2>\n<p>Notre poudre d&#8217;oxyde de terbium est produite et test\u00e9e dans le strict respect d&#8217;un syst\u00e8me complet de gestion de la qualit\u00e9 <span style=\"color: #0000ff;\"><a style=\"color: #0000ff;\" href=\"https:\/\/vimaterial.de\/fr\/le-controle-de-la-qualite\/\">syst\u00e8me de gestion de la qualit\u00e9<\/a><\/span>. De la s\u00e9lection des mati\u00e8res premi\u00e8res \u00e0 la livraison du produit fini, de multiples processus de contr\u00f4le de la qualit\u00e9 sont mis en \u0153uvre tout au long du processus. Gr\u00e2ce \u00e0 des tests rigoureux portant sur des indicateurs cl\u00e9s tels que la distribution de la taille des particules, la puret\u00e9, la composition chimique et la teneur en impuret\u00e9s, nous garantissons la stabilit\u00e9 des lots, la constance des performances et la grande fiabilit\u00e9 de nos produits, qui r\u00e9pondent aux normes \u00e9lev\u00e9es exig\u00e9es par les diff\u00e9rents domaines d&#8217;application.<\/p>\n<h2><span style=\"font-size: 14pt;\">Emballage et stockage<\/span><\/h2>\n<p><strong>Emballage :<\/strong> G\u00e9n\u00e9ralement emball\u00e9s dans des emballages scell\u00e9s et r\u00e9sistants \u00e0 l&#8217;humidit\u00e9 (tels que des sacs sous vide ou des conteneurs scell\u00e9s doubl\u00e9s de sacs en plastique).<\/p>\n<p><strong>Stockage :<\/strong> Stocker dans un environnement frais, sec et bien ventil\u00e9, en \u00e9vitant l&#8217;humidit\u00e9, la contamination et le contact avec des substances acides ou corrosives.<\/p>\n","protected":false},"excerpt":{"rendered":"<p>La poudre d&#8217;oxyde de terbium est un oxyde form\u00e9 par la combinaison de l&#8217;\u00e9l\u00e9ment de terre rare terbium et de l&#8217;oxyg\u00e8ne. Cette poudre brun fonc\u00e9 apparemment ordinaire est en fait la &#8220;pierre pr\u00e9cieuse verte&#8221; de la famille des terres rares, utilis\u00e9e dans la production de terbium m\u00e9tallique, de verre magn\u00e9to-optique, de phosphores, de mat\u00e9riaux de [&hellip;]<\/p>\n","protected":false},"featured_media":1047437,"comment_status":"open","ping_status":"closed","template":"","meta":{"_acf_changed":false},"product_brand":[],"product_cat":[241,243],"product_tag":[],"class_list":{"0":"post-1048284","1":"product","2":"type-product","3":"status-publish","4":"has-post-thumbnail","6":"product_cat-materiaux-a-base-de-terres-rares","7":"product_cat-materiaux-oxydes-hydroxydes","9":"first","10":"instock","11":"shipping-taxable","12":"purchasable","13":"product-type-variable"},"acf":[],"_links":{"self":[{"href":"https:\/\/vimaterial.de\/fr\/wp-json\/wp\/v2\/product\/1048284","targetHints":{"allow":["GET"]}}],"collection":[{"href":"https:\/\/vimaterial.de\/fr\/wp-json\/wp\/v2\/product"}],"about":[{"href":"https:\/\/vimaterial.de\/fr\/wp-json\/wp\/v2\/types\/product"}],"replies":[{"embeddable":true,"href":"https:\/\/vimaterial.de\/fr\/wp-json\/wp\/v2\/comments?post=1048284"}],"wp:featuredmedia":[{"embeddable":true,"href":"https:\/\/vimaterial.de\/fr\/wp-json\/wp\/v2\/media\/1047437"}],"wp:attachment":[{"href":"https:\/\/vimaterial.de\/fr\/wp-json\/wp\/v2\/media?parent=1048284"}],"wp:term":[{"taxonomy":"product_brand","embeddable":true,"href":"https:\/\/vimaterial.de\/fr\/wp-json\/wp\/v2\/product_brand?post=1048284"},{"taxonomy":"product_cat","embeddable":true,"href":"https:\/\/vimaterial.de\/fr\/wp-json\/wp\/v2\/product_cat?post=1048284"},{"taxonomy":"product_tag","embeddable":true,"href":"https:\/\/vimaterial.de\/fr\/wp-json\/wp\/v2\/product_tag?post=1048284"}],"curies":[{"name":"wp","href":"https:\/\/api.w.org\/{rel}","templated":true}]}}