{"id":1048248,"date":"2024-06-17T13:49:34","date_gmt":"2024-06-17T05:49:34","guid":{"rendered":"https:\/\/vimaterial.de\/product\/oxyde-daluminium\/"},"modified":"2024-06-17T13:49:34","modified_gmt":"2024-06-17T05:49:34","slug":"oxyde-daluminium","status":"publish","type":"product","link":"https:\/\/vimaterial.de\/fr\/product\/oxyde-daluminium\/","title":{"rendered":"Oxyde d&#8217;aluminium"},"content":{"rendered":"<p><span style=\"color: #0000ff;\"><a style=\"color: #0000ff;\" href=\"https:\/\/vimaterial.de\/fr\/search\/?type=name&#038;keyword=Aluminum+oxide\">La poudre d&#8217;oxyde d&#8217;aluminium<\/a><\/span> est g\u00e9n\u00e9ralement d&#8217;une grande puret\u00e9 (99,5 % ou plus), en particulier dans des applications telles que l&#8217;\u00e9lectronique et l&#8217;optique, o\u00f9 les impuret\u00e9s peuvent affecter les performances ou la durabilit\u00e9. Les poudres de haute puret\u00e9 sont essentielles pour obtenir des r\u00e9sultats coh\u00e9rents dans les processus n\u00e9cessitant une contamination minimale.<\/p>\n<p>VIMATERIAL propose des poudres \u00e0 usage g\u00e9n\u00e9ral de taille nanom\u00e9trique et micronique, ainsi que des poudres sph\u00e9riques, avec diff\u00e9rentes tailles de particules disponibles pour la personnalisation. <span style=\"color: #0000ff;\"><a style=\"color: #0000ff;\" href=\"https:\/\/vimaterial.de\/fr\/contact\/\">Contactez nous<\/a><\/span> pour un devis.<\/p>\n<h2><span style=\"font-size: 14pt;\">Caract\u00e9ristiques<\/span><\/h2>\n<p><strong>Point de fusion \u00e9lev\u00e9 :<\/strong> Avec un point de fusion d&#8217;environ 2072\u00b0C (3762\u00b0F), la poudre d&#8217;oxyde d&#8217;aluminium est tr\u00e8s r\u00e9sistante \u00e0 la chaleur, ce qui permet de l&#8217;utiliser dans des applications \u00e0 haute temp\u00e9rature.<\/p>\n<p><strong>Conductivit\u00e9 thermique :<\/strong> La poudre d&#8217;Al\u2082O\u2083 a une conductivit\u00e9 thermique mod\u00e9r\u00e9e, ce qui est b\u00e9n\u00e9fique dans les applications o\u00f9 la dissipation de la chaleur est n\u00e9cessaire, comme les rev\u00eatements \u00e0 barri\u00e8re thermique et l&#8217;\u00e9lectronique.<\/p>\n<p><strong>Inertie chimique :<\/strong> La poudre d&#8217;oxyde d&#8217;aluminium est chimiquement inerte, ce qui signifie qu&#8217;elle ne r\u00e9agit pas facilement avec d&#8217;autres substances. Elle est donc id\u00e9ale pour les applications dans lesquelles la poudre doit r\u00e9sister \u00e0 l&#8217;exposition \u00e0 des produits chimiques agressifs ou \u00e0 la corrosion au fil du temps.<\/p>\n<p><strong>Duret\u00e9 \u00e9lev\u00e9e :<\/strong> La poudre d&#8217;Al\u2082O\u2083 se situe \u00e0 un niveau \u00e9lev\u00e9 sur l&#8217;\u00e9chelle de duret\u00e9 de Mohs (environ 9), ce qui permet de l&#8217;utiliser dans des applications abrasives telles que le meulage, le polissage et le rodage.<\/p>\n<p><strong>R\u00e9sistance \u00e0 l&#8217;usure :<\/strong> La duret\u00e9 de la poudre lui conf\u00e8re \u00e9galement une certaine durabilit\u00e9, ce qui lui permet de r\u00e9sister aux environnements abrasifs et \u00e0 forte usure.<\/p>\n<h2><span style=\"font-size: 14pt;\">Applications de la poudre d&#8217;oxyde d&#8217;aluminium<\/span><\/h2>\n<p><strong>C\u00e9ramiques et r\u00e9fractaires :<\/strong> La poudre d&#8217;alumine est un ingr\u00e9dient cl\u00e9 des c\u00e9ramiques de pointe et des mat\u00e9riaux r\u00e9fractaires, dont elle assure la solidit\u00e9, la r\u00e9sistance \u00e0 l&#8217;usure et la stabilit\u00e9 \u00e0 haute temp\u00e9rature.<\/p>\n<p><strong>Polissage et rodage :<\/strong> Utilis\u00e9e comme compos\u00e9 de polissage et de rodage, la poudre d&#8217;oxyde d&#8217;aluminium fournit un abrasif fin pour le polissage de pr\u00e9cision dans les industries de l&#8217;\u00e9lectronique, de l&#8217;optique et des m\u00e9taux.<\/p>\n<p><strong>Rev\u00eatements protecteurs et barri\u00e8res thermiques :<\/strong> La poudre d&#8217;oxyde d&#8217;aluminium est utilis\u00e9e dans les rev\u00eatements de barri\u00e8re thermique pour prot\u00e9ger les composants de la chaleur, couramment appliqu\u00e9s dans l&#8217;a\u00e9rospatiale, l&#8217;automobile et les machines industrielles.<\/p>\n<p><strong>Catalyseurs et supports de catalyseurs :<\/strong> En raison de sa grande surface et de sa stabilit\u00e9, la poudre d&#8217;oxyde d&#8217;aluminium est utilis\u00e9e comme support de catalyseur dans l&#8217;industrie chimique, fournissant une base stable pour les catalyseurs dans les r\u00e9actions.<\/p>\n<p><strong>Substrats et isolants \u00e9lectroniques :<\/strong> La poudre d&#8217;alumine est utilis\u00e9e en \u00e9lectronique comme substrat pour les circuits et les couches isolantes en raison de ses excellentes propri\u00e9t\u00e9s d&#8217;isolation \u00e9lectrique.<\/p>\n<h2><span style=\"font-size: 14pt;\">Contr\u00f4le de la qualit\u00e9<\/span><\/h2>\n<p>Notre poudre d&#8217;alumine est produite et test\u00e9e dans le strict respect d&#8217;un syst\u00e8me complet de gestion de la qualit\u00e9 <span style=\"color: #0000ff;\"><a style=\"color: #0000ff;\" href=\"https:\/\/vimaterial.de\/fr\/le-controle-de-la-qualite\/\">syst\u00e8me de gestion de la qualit\u00e9<\/a><\/span>. De la s\u00e9lection des mati\u00e8res premi\u00e8res \u00e0 la livraison du produit fini, de multiples processus de contr\u00f4le de la qualit\u00e9 sont mis en \u0153uvre tout au long du processus. Gr\u00e2ce \u00e0 des tests rigoureux portant sur des indicateurs cl\u00e9s tels que la distribution de la taille des particules, la puret\u00e9, la composition chimique et la teneur en impuret\u00e9s, nous garantissons la stabilit\u00e9 des lots, la coh\u00e9rence des performances et la grande fiabilit\u00e9 de nos produits, qui r\u00e9pondent aux normes \u00e9lev\u00e9es exig\u00e9es par les diff\u00e9rents domaines d&#8217;application.<\/p>\n<h2><span style=\"font-size: 14pt;\">Emballage et stockage<\/span><\/h2>\n<p>La poudre d&#8217;alumine est emball\u00e9e \u00e0 l&#8217;aide de m\u00e9thodes professionnelles de protection contre l&#8217;humidit\u00e9 et la pollution. La couche int\u00e9rieure est un emballage scell\u00e9, antistatique ou r\u00e9sistant \u00e0 l&#8217;humidit\u00e9, et la couche ext\u00e9rieure est une bo\u00eete en carton robuste ou un f\u00fbt. Cela permet de garantir que le produit n&#8217;est pas affect\u00e9 par l&#8217;environnement ext\u00e9rieur pendant le transport et la manutention, et de maintenir la stabilit\u00e9 physique et chimique de la poudre.<\/p>\n<p>Le produit doit \u00eatre stock\u00e9 dans un environnement frais, sec et bien ventil\u00e9, en \u00e9vitant l&#8217;humidit\u00e9, la lumi\u00e8re directe du soleil et le contact avec des substances corrosives telles que les acides et les alcalis. Le stockage dans son emballage d&#8217;origine scell\u00e9 permet de maintenir la stabilit\u00e9 \u00e0 long terme de la qualit\u00e9 et des performances de la poudre d&#8217;alumine.<\/p>\n","protected":false},"excerpt":{"rendered":"<p>La poudre d&#8217;oxyde d&#8217;aluminium est g\u00e9n\u00e9ralement d&#8217;une grande puret\u00e9 (99,5 % ou plus), en particulier dans des applications telles que l&#8217;\u00e9lectronique et l&#8217;optique, o\u00f9 les impuret\u00e9s peuvent affecter les performances ou la durabilit\u00e9. Les poudres de haute puret\u00e9 sont essentielles pour obtenir des r\u00e9sultats coh\u00e9rents dans les processus n\u00e9cessitant une contamination minimale. VIMATERIAL propose des [&hellip;]<\/p>\n","protected":false},"featured_media":1048230,"comment_status":"open","ping_status":"closed","template":"","meta":{"_acf_changed":false},"product_brand":[],"product_cat":[243],"product_tag":[],"class_list":{"0":"post-1048248","1":"product","2":"type-product","3":"status-publish","4":"has-post-thumbnail","6":"product_cat-materiaux-oxydes-hydroxydes","8":"first","9":"instock","10":"shipping-taxable","11":"purchasable","12":"product-type-variable"},"acf":[],"_links":{"self":[{"href":"https:\/\/vimaterial.de\/fr\/wp-json\/wp\/v2\/product\/1048248","targetHints":{"allow":["GET"]}}],"collection":[{"href":"https:\/\/vimaterial.de\/fr\/wp-json\/wp\/v2\/product"}],"about":[{"href":"https:\/\/vimaterial.de\/fr\/wp-json\/wp\/v2\/types\/product"}],"replies":[{"embeddable":true,"href":"https:\/\/vimaterial.de\/fr\/wp-json\/wp\/v2\/comments?post=1048248"}],"wp:featuredmedia":[{"embeddable":true,"href":"https:\/\/vimaterial.de\/fr\/wp-json\/wp\/v2\/media\/1048230"}],"wp:attachment":[{"href":"https:\/\/vimaterial.de\/fr\/wp-json\/wp\/v2\/media?parent=1048248"}],"wp:term":[{"taxonomy":"product_brand","embeddable":true,"href":"https:\/\/vimaterial.de\/fr\/wp-json\/wp\/v2\/product_brand?post=1048248"},{"taxonomy":"product_cat","embeddable":true,"href":"https:\/\/vimaterial.de\/fr\/wp-json\/wp\/v2\/product_cat?post=1048248"},{"taxonomy":"product_tag","embeddable":true,"href":"https:\/\/vimaterial.de\/fr\/wp-json\/wp\/v2\/product_tag?post=1048248"}],"curies":[{"name":"wp","href":"https:\/\/api.w.org\/{rel}","templated":true}]}}