{"id":1048203,"date":"2024-06-17T15:05:20","date_gmt":"2024-06-17T07:05:20","guid":{"rendered":"https:\/\/vimaterial.de\/product\/oxyde-de-zinc\/"},"modified":"2024-06-17T15:05:20","modified_gmt":"2024-06-17T07:05:20","slug":"oxyde-de-zinc","status":"publish","type":"product","link":"https:\/\/vimaterial.de\/fr\/product\/oxyde-de-zinc\/","title":{"rendered":"Oxyde de zinc"},"content":{"rendered":"<p><span style=\"color: #0000ff;\"><a style=\"color: #0000ff;\" href=\"https:\/\/vimaterial.de\/fr\/product\/oxyde-de-zinc-3\/\">Oxyde de zinc<\/a> <span style=\"color: #000000;\">l&#8217;oxyde de zinc est une poudre cristalline hexagonale blanche ou jaune clair<\/span><\/span>l&#8217;oxyde <span style=\"color: #000000;\">de zinc est<\/span>une poudre cristalline hexagonale blanche ou jaune clair, inodore, non toxique, de texture fine, de densit\u00e9 relative de 5,6, insoluble dans l&#8217;eau, l&#8217;\u00e9thanol, soluble dans l&#8217;acide, l&#8217;alcali concentr\u00e9 ou la solution d&#8217;ammoniaque concentr\u00e9e, de point de fusion de 1975 \u00b0 C, avec les caract\u00e9ristiques des oxydes amphot\u00e8res. Il a une large gamme d&#8217;applications dans le caoutchouc, les plastiques, la c\u00e9ramique, le verre, les cosm\u00e9tiques, la m\u00e9decine et bien d&#8217;autres domaines.<\/p>\n<p>Nous produisons de la poudre d&#8217;oxyde de zinc d&#8217;une puret\u00e9 allant de 99,95 % \u00e0 99,999 %, avec une vari\u00e9t\u00e9 de produits \u00e0 choisir selon vos besoins. VIMATERIAL s&#8217;engage \u00e0 servir chaque client, nos produits peuvent \u00eatre sp\u00e9cialement personnalis\u00e9s selon vos exigences en termes d&#8217;emballage, de puret\u00e9 et d&#8217;autres sp\u00e9cifications <span style=\"color: #0000ff;\"><a style=\"color: #0000ff;\" href=\"https:\/\/vimaterial.de\/fr\/contact\/\">contactez-nous.<\/a><\/span><\/p>\n<h2><span style=\"font-size: 14pt;\">Propri\u00e9t\u00e9s physiques<\/span><\/h2>\n<p>Formule mol\u00e9culaire : ZnO<\/p>\n<p>Poids mol\u00e9culaire : 81.4084<\/p>\n<p>Aspect : blanc<\/p>\n<p>Densit\u00e9 : 5,6 g\/cm\u00b3<\/p>\n<p>Point de fusion : 1975\u00b0<\/p>\n<p>Point d&#8217;\u00e9bullition : 2360\u00b0C<\/p>\n<p>Structure cristalline : Structure cristalline de l&#8217;oxyde de zinc, appartient au syst\u00e8me cristallin hexagonal.<\/p>\n<h2><span style=\"font-size: 14pt;\">Composition chimique<\/span><\/h2>\n<table style=\"border-collapse: collapse; width: 100%; height: 143px;\">\n<tbody>\n<tr style=\"height: 51px;\">\n<td style=\"width: 14.2857%; height: 51px;\" colspan=\"7\">\n<p style=\"text-align: center;\"><strong>Composition de l&#8217;oxyde de zinc (% en poids)<\/strong><\/p>\n<\/td>\n<\/tr>\n<tr style=\"height: 23px;\">\n<td style=\"width: 14.2857%; text-align: center; height: 23px;\">ZnO<\/td>\n<td style=\"width: 14.2857%; text-align: center; height: 23px;\">Si<\/td>\n<td style=\"width: 14.2857%; text-align: center; height: 23px;\">Fe<\/td>\n<td style=\"width: 14.2857%; text-align: center; height: 23px;\">Cu<\/td>\n<td style=\"width: 14.2857%; text-align: center; height: 23px;\">V<\/td>\n<td style=\"width: 14.2857%; text-align: center; height: 23px;\">Ni<\/td>\n<td style=\"width: 14.2857%; text-align: center; height: 23px;\">Al<\/td>\n<\/tr>\n<tr style=\"height: 23px;\">\n<td style=\"width: 14.2857%; text-align: center; height: 23px;\">99.99<\/td>\n<td style=\"width: 14.2857%; text-align: center; height: 23px;\">0.0032<\/td>\n<td style=\"width: 14.2857%; text-align: center; height: 23px;\">0.0012<\/td>\n<td style=\"width: 14.2857%; text-align: center; height: 23px;\">0.0012<\/td>\n<td style=\"width: 14.2857%; text-align: center; height: 23px;\">0.0008<\/td>\n<td style=\"width: 14.2857%; text-align: center; height: 23px;\">0.0006<\/td>\n<td style=\"width: 14.2857%; text-align: center; height: 23px;\">0.0003<\/td>\n<\/tr>\n<tr style=\"height: 23px;\">\n<td style=\"width: 14.2857%; text-align: center; height: 23px;\">Mo<\/td>\n<td style=\"width: 14.2857%; text-align: center; height: 23px;\">W<\/td>\n<td style=\"width: 14.2857%; text-align: center; height: 23px;\">Ta<\/td>\n<td style=\"width: 14.2857%; text-align: center; height: 23px;\">Ti<\/td>\n<td style=\"width: 14.2857%; text-align: center; height: 23px;\">Hf<\/td>\n<td style=\"width: 14.2857%; text-align: center; height: 23px;\">Cd<\/td>\n<td style=\"width: 14.2857%; text-align: center; height: 23px;\">Pb<\/td>\n<\/tr>\n<tr style=\"height: 23px;\">\n<td style=\"width: 14.2857%; text-align: center; height: 23px;\">0.00026<\/td>\n<td style=\"width: 14.2857%; text-align: center; height: 23px;\">0.00023<\/td>\n<td style=\"width: 14.2857%; text-align: center; height: 23px;\">0.00018<\/td>\n<td style=\"width: 14.2857%; text-align: center; height: 23px;\">0.00019<\/td>\n<td style=\"width: 14.2857%; text-align: center; height: 23px;\">0.0002<\/td>\n<td style=\"width: 14.2857%; text-align: center; height: 23px;\">0.0009<\/td>\n<td style=\"width: 14.2857%; text-align: center; height: 23px;\">0.0003<\/td>\n<\/tr>\n<\/tbody>\n<\/table>\n<h2><span style=\"font-size: 14pt;\">Distribution de la taille des particules de la poudre d&#8217;oxyde de zinc<\/span><\/h2>\n<p><img decoding=\"async\" class=\"alignnone size-medium wp-image-1040167\" src=\"https:\/\/vimaterial.de\/wp-content\/uploads\/2024\/06\/ZnO-powder-300x149.png\" alt=\"\" width=\"300\" height=\"149\" title=\"\" srcset=\"https:\/\/vimaterial.de\/wp-content\/uploads\/2024\/06\/ZnO-powder-300x149.png 300w, https:\/\/vimaterial.de\/wp-content\/uploads\/2024\/06\/ZnO-powder.png 566w\" sizes=\"(max-width: 300px) 100vw, 300px\" \/><\/p>\n<h2><span style=\"font-size: 14pt;\">Applications<\/span><\/h2>\n<p>Cosm\u00e9tiques : utilis\u00e9 comme agent physique de protection solaire pour les produits de protection solaire, il peut \u00e9galement \u00eatre utilis\u00e9 dans les produits de soin de la peau pour jouer le r\u00f4le d&#8217;anti-inflammatoire, d&#8217;apaisant, d&#8217;astringent, etc.<\/p>\n<p>Industrie du caoutchouc : utilis\u00e9 comme agent actif de vulcanisation pour am\u00e9liorer la densit\u00e9 de r\u00e9ticulation du caoutchouc et renforcer ses propri\u00e9t\u00e9s physiques ; il peut \u00e9galement am\u00e9liorer la r\u00e9sistance au vieillissement et aux UV du caoutchouc.<\/p>\n<p>Industrie des rev\u00eatements : utilis\u00e9 dans les rev\u00eatements anticorrosion pour prot\u00e9ger les structures m\u00e9talliques, utilis\u00e9 comme pigment blanc dans les rev\u00eatements architecturaux pour am\u00e9liorer la r\u00e9sistance aux intemp\u00e9ries, et partiellement utilis\u00e9 dans les rev\u00eatements antibact\u00e9riens.<\/p>\n<p>Industrie \u00e9lectronique : c&#8217;est la principale mati\u00e8re premi\u00e8re des pi\u00e9zor\u00e9sistances, et il a des applications dans les dispositifs semi-conducteurs tels que les \u00e9crans \u00e0 cristaux liquides et les diodes \u00e9lectroluminescentes.<\/p>\n<p>Secteur pharmaceutique : Il est utilis\u00e9 pour fabriquer des pommades topiques destin\u00e9es \u00e0 traiter les probl\u00e8mes de peau et entre \u00e9galement dans la composition de mat\u00e9riaux dentaires.<\/p>\n<h2><span style=\"font-size: 14pt;\">Emballage<\/span><\/h2>\n<p>Le produit est emball\u00e9 dans un sac sous vide ou scell\u00e9 dans un sac sous vide apr\u00e8s avoir \u00e9t\u00e9 mis en bouteille. La capacit\u00e9 peut \u00eatre de 10g, 20g, 50g, 100g, 200g, 500g, 1kg, 2kg, 5kg, 25kg, et la grande quantit\u00e9 est emball\u00e9e dans un tonneau de 25kg.<\/p>\n<h2><span style=\"color: #000000; font-size: 14pt;\">Contr\u00f4le de la qualit\u00e9<\/span><\/h2>\n<p><span style=\"color: #0000ff;\"><a style=\"color: #0000ff;\" href=\"https:\/\/vimaterial.de\/fr\/le-controle-de-la-qualite\/\">Chaque lot<\/a><\/span> si le lot est un produit personnalis\u00e9, il sera envoy\u00e9 \u00e0 une agence d&#8217;inspection tierce pour \u00eatre inspect\u00e9 et accompagn\u00e9 d&#8217;un rapport d&#8217;inspection conforme aux exigences du client.<\/p>\n<p>VIMATERIAL adh\u00e8re au principe selon lequel la qualit\u00e9 est reine et la qualit\u00e9 d\u00e9termine tout, et fournit \u00e0 ses clients des produits qui r\u00e9pondent pleinement \u00e0 leurs exigences.<\/p>\n<h2><span style=\"font-size: 14pt;\">Stockage<\/span><\/h2>\n<p>Les poudres d&#8217;oxyde de zinc doivent \u00eatre stock\u00e9es dans un environnement sec, \u00e0 l&#8217;abri de la lumi\u00e8re, \u00e0 basse temp\u00e9rature et bien ventil\u00e9, \u00e0 l&#8217;\u00e9cart des sources d&#8217;inflammation, des acides forts, des agents r\u00e9ducteurs et d&#8217;autres substances incompatibles.<\/p>\n","protected":false},"excerpt":{"rendered":"<p>Oxyde de zinc l&#8217;oxyde de zinc est une poudre cristalline hexagonale blanche ou jaune clairl&#8217;oxyde de zinc estune poudre cristalline hexagonale blanche ou jaune clair, inodore, non toxique, de texture fine, de densit\u00e9 relative de 5,6, insoluble dans l&#8217;eau, l&#8217;\u00e9thanol, soluble dans l&#8217;acide, l&#8217;alcali concentr\u00e9 ou la solution d&#8217;ammoniaque concentr\u00e9e, de point de fusion de [&hellip;]<\/p>\n","protected":false},"featured_media":1040187,"comment_status":"open","ping_status":"closed","template":"","meta":{"_acf_changed":false},"product_brand":[],"product_cat":[243],"product_tag":[],"class_list":{"0":"post-1048203","1":"product","2":"type-product","3":"status-publish","4":"has-post-thumbnail","6":"product_cat-materiaux-oxydes-hydroxydes","8":"first","9":"instock","10":"shipping-taxable","11":"purchasable","12":"product-type-variable"},"acf":[],"_links":{"self":[{"href":"https:\/\/vimaterial.de\/fr\/wp-json\/wp\/v2\/product\/1048203","targetHints":{"allow":["GET"]}}],"collection":[{"href":"https:\/\/vimaterial.de\/fr\/wp-json\/wp\/v2\/product"}],"about":[{"href":"https:\/\/vimaterial.de\/fr\/wp-json\/wp\/v2\/types\/product"}],"replies":[{"embeddable":true,"href":"https:\/\/vimaterial.de\/fr\/wp-json\/wp\/v2\/comments?post=1048203"}],"wp:featuredmedia":[{"embeddable":true,"href":"https:\/\/vimaterial.de\/fr\/wp-json\/wp\/v2\/media\/1040187"}],"wp:attachment":[{"href":"https:\/\/vimaterial.de\/fr\/wp-json\/wp\/v2\/media?parent=1048203"}],"wp:term":[{"taxonomy":"product_brand","embeddable":true,"href":"https:\/\/vimaterial.de\/fr\/wp-json\/wp\/v2\/product_brand?post=1048203"},{"taxonomy":"product_cat","embeddable":true,"href":"https:\/\/vimaterial.de\/fr\/wp-json\/wp\/v2\/product_cat?post=1048203"},{"taxonomy":"product_tag","embeddable":true,"href":"https:\/\/vimaterial.de\/fr\/wp-json\/wp\/v2\/product_tag?post=1048203"}],"curies":[{"name":"wp","href":"https:\/\/api.w.org\/{rel}","templated":true}]}}