{"id":1048104,"date":"2024-06-17T13:49:30","date_gmt":"2024-06-17T05:49:30","guid":{"rendered":"https:\/\/vimaterial.de\/product\/oxyde-daluminium-3\/"},"modified":"2024-06-17T13:49:30","modified_gmt":"2024-06-17T05:49:30","slug":"oxyde-daluminium-3","status":"publish","type":"product","link":"https:\/\/vimaterial.de\/fr\/product\/oxyde-daluminium-3\/","title":{"rendered":"Oxyde d&#8217;aluminium"},"content":{"rendered":"<p><span style=\"color: #0000ff;\"><a style=\"color: #0000ff;\" href=\"https:\/\/vimaterial.de\/fr\/search\/?type=element&#038;keyword=al2o3\">Les pastilles d&#8217;oxyde d&#8217;aluminium<\/a><\/span> les pastilles d&#8217;oxyde d&#8217;aluminium sont des pastilles solides d&#8217;oxyde d&#8217;aluminium de haute puret\u00e9 couramment utilis\u00e9es en science des mat\u00e9riaux, dans les processus de d\u00e9p\u00f4t de couches minces (comme la pulv\u00e9risation cathodique ou l&#8217;\u00e9vaporation) et comme mati\u00e8re premi\u00e8re dans les applications c\u00e9ramiques et r\u00e9fractaires. Connues pour leur grande duret\u00e9, leur stabilit\u00e9 thermique et leur r\u00e9sistance chimique, les pastilles d&#8217;oxyde d&#8217;aluminium sont essentielles dans diverses applications industrielles, \u00e9lectroniques et optiques.<\/p>\n<p>VIMATERIAL propose des granul\u00e9s d&#8217;alumine de haute qualit\u00e9, d&#8217;une grande puret\u00e9 et de tailles personnalisables. <span style=\"color: #0000ff;\"><a style=\"color: #0000ff;\" href=\"https:\/\/vimaterial.de\/fr\/contact\/\">Contactez nous<\/a><\/span> pour un devis.<\/p>\n<h3>Caract\u00e9ristiques<\/h3>\n<p>Point de fusion \u00e9lev\u00e9 : L&#8217;oxyde d&#8217;aluminium a un point de fusion tr\u00e8s \u00e9lev\u00e9 (environ 2072\u00b0C) et reste donc stable \u00e0 haute temp\u00e9rature. Les pastilles d&#8217;Al\u2082O\u2083 conviennent donc aux utilisations \u00e0 haute temp\u00e9rature.<\/p>\n<p>Conductivit\u00e9 thermique : L&#8217;oxyde d&#8217;aluminium conduit assez bien la chaleur tout en restant un isolant \u00e9lectrique, ce qui permet de dissiper la chaleur dans les applications \u00e9lectroniques et industrielles.<\/p>\n<p>Inertie chimique : L&#8217;Al2O3 r\u00e9siste \u00e0 la plupart des acides et des alcalis, ce qui lui permet de bien fonctionner dans les environnements difficiles et corrosifs.<\/p>\n<p>Duret\u00e9 et r\u00e9sistance \u00e0 l&#8217;usure : L&#8217;oxyde d&#8217;aluminium est tr\u00e8s dur (environ 9 sur l&#8217;\u00e9chelle de Mohs), ce qui le rend id\u00e9al pour les rev\u00eatements r\u00e9sistants \u00e0 l&#8217;usure et les applications abrasives.<\/p>\n<h3>Applications des pastilles d&#8217;oxyde d&#8217;aluminium<\/h3>\n<p>D\u00e9p\u00f4t de couches minces : Utilis\u00e9es comme mat\u00e9riau cible pour cr\u00e9er des films minces, durables et isolants sur des substrats dans les secteurs de l&#8217;\u00e9lectronique, de l&#8217;optique et des semi-conducteurs.<\/p>\n<p>C\u00e9ramiques et r\u00e9fractaires : Les pastilles d&#8217;Al2O3 servent de mati\u00e8res premi\u00e8res pour les c\u00e9ramiques et les mat\u00e9riaux r\u00e9fractaires de haute performance en raison de leur grande duret\u00e9 et de leur r\u00e9sistance \u00e0 la temp\u00e9rature.<\/p>\n<p>Rev\u00eatements optiques et protecteurs : Les rev\u00eatements d&#8217;oxyde d&#8217;aluminium prot\u00e8gent les surfaces de l&#8217;usure et de la corrosion et sont \u00e9galement utilis\u00e9s pour les rev\u00eatements antireflets et autres rev\u00eatements optiques dans les lentilles et la technologie d&#8217;affichage.<\/p>\n<p>Catalyseurs et supports de catalyseurs : En raison de leur surface \u00e9lev\u00e9e et de leur stabilit\u00e9, les pastilles d&#8217;alumine sont utilis\u00e9es dans les r\u00e9actions chimiques et comme support de catalyseur dans divers processus industriels.<\/p>\n<h2><span style=\"font-size: 14pt;\">Contr\u00f4le de la qualit\u00e9<\/span><\/h2>\n<p>Chaque lot de produits dans le processus de production est soumis \u00e0 un strict <span style=\"color: #0000ff;\"><a style=\"color: #0000ff;\" href=\"https:\/\/vimaterial.de\/fr\/le-controle-de-la-qualite\/\">syst\u00e8me de gestion de la qualit\u00e9<\/a><\/span>les produits non conformes font l&#8217;objet d&#8217;un traitement parfait et de mesures d&#8217;isolement. Nous utilisons des instruments de test de haute pr\u00e9cision pour garantir la qualit\u00e9 des produits quittant l&#8217;usine, nous pouvons \u00e9galement fournir des \u00e9chantillons selon les exigences des clients des organisations d&#8217;inspection tierces, et en fin de compte faire nos produits pour r\u00e9pondre aux exigences des clients.<\/p>\n<h2><span style=\"font-size: 14pt;\">Emballage et stockage<\/span><\/h2>\n<p>Les pastilles d&#8217;alumine sont g\u00e9n\u00e9ralement emball\u00e9es dans des sacs r\u00e9sistants \u00e0 l&#8217;humidit\u00e9 ou dans des f\u00fbts en plastique scell\u00e9s pour \u00e9viter l&#8217;humidit\u00e9 et la contamination. Les emballages doivent \u00eatre herm\u00e9tiquement ferm\u00e9s et clairement \u00e9tiquet\u00e9s avec le nom du produit, la qualit\u00e9 et le num\u00e9ro de lot. L&#8217;alumine fine ou de haute puret\u00e9 peut \u00eatre emball\u00e9e sous vide ou sous azote pour une meilleure protection.<\/p>\n<p>Les pastilles d&#8217;alumine doivent \u00eatre stock\u00e9es dans un endroit sec, propre et bien ventil\u00e9, \u00e0 l&#8217;abri de l&#8217;humidit\u00e9 et des produits chimiques. Les emballages ne doivent pas \u00eatre pos\u00e9s sur le sol et doivent \u00eatre v\u00e9rifi\u00e9s r\u00e9guli\u00e8rement pour s&#8217;assurer qu&#8217;ils restent scell\u00e9s et secs.<\/p>\n","protected":false},"excerpt":{"rendered":"<p>Les pastilles d&#8217;oxyde d&#8217;aluminium les pastilles d&#8217;oxyde d&#8217;aluminium sont des pastilles solides d&#8217;oxyde d&#8217;aluminium de haute puret\u00e9 couramment utilis\u00e9es en science des mat\u00e9riaux, dans les processus de d\u00e9p\u00f4t de couches minces (comme la pulv\u00e9risation cathodique ou l&#8217;\u00e9vaporation) et comme mati\u00e8re premi\u00e8re dans les applications c\u00e9ramiques et r\u00e9fractaires. Connues pour leur grande duret\u00e9, leur stabilit\u00e9 thermique [&hellip;]<\/p>\n","protected":false},"featured_media":1048076,"comment_status":"open","ping_status":"closed","template":"","meta":{"_acf_changed":false},"product_brand":[],"product_cat":[236],"product_tag":[],"class_list":{"0":"post-1048104","1":"product","2":"type-product","3":"status-publish","4":"has-post-thumbnail","6":"product_cat-materiaux-devaporation","8":"first","9":"instock","10":"shipping-taxable","11":"product-type-variable"},"acf":[],"_links":{"self":[{"href":"https:\/\/vimaterial.de\/fr\/wp-json\/wp\/v2\/product\/1048104","targetHints":{"allow":["GET"]}}],"collection":[{"href":"https:\/\/vimaterial.de\/fr\/wp-json\/wp\/v2\/product"}],"about":[{"href":"https:\/\/vimaterial.de\/fr\/wp-json\/wp\/v2\/types\/product"}],"replies":[{"embeddable":true,"href":"https:\/\/vimaterial.de\/fr\/wp-json\/wp\/v2\/comments?post=1048104"}],"wp:featuredmedia":[{"embeddable":true,"href":"https:\/\/vimaterial.de\/fr\/wp-json\/wp\/v2\/media\/1048076"}],"wp:attachment":[{"href":"https:\/\/vimaterial.de\/fr\/wp-json\/wp\/v2\/media?parent=1048104"}],"wp:term":[{"taxonomy":"product_brand","embeddable":true,"href":"https:\/\/vimaterial.de\/fr\/wp-json\/wp\/v2\/product_brand?post=1048104"},{"taxonomy":"product_cat","embeddable":true,"href":"https:\/\/vimaterial.de\/fr\/wp-json\/wp\/v2\/product_cat?post=1048104"},{"taxonomy":"product_tag","embeddable":true,"href":"https:\/\/vimaterial.de\/fr\/wp-json\/wp\/v2\/product_tag?post=1048104"}],"curies":[{"name":"wp","href":"https:\/\/api.w.org\/{rel}","templated":true}]}}