{"id":1048088,"date":"2024-06-17T13:49:31","date_gmt":"2024-06-17T05:49:31","guid":{"rendered":"https:\/\/vimaterial.de\/product\/oxyde-daluminium-4\/"},"modified":"2024-06-17T13:49:31","modified_gmt":"2024-06-17T05:49:31","slug":"oxyde-daluminium-4","status":"publish","type":"product","link":"https:\/\/vimaterial.de\/fr\/product\/oxyde-daluminium-4\/","title":{"rendered":"Oxyde d&#8217;aluminium"},"content":{"rendered":"<p><span style=\"color: #0000ff;\"><a style=\"color: #0000ff;\" href=\"https:\/\/vimaterial.de\/fr\/search\/?type=element&#038;keyword=al2o3\">Les granul\u00e9s d&#8217;oxyde d&#8217;aluminium<\/a><\/span> sont des mat\u00e9riaux inorganiques de haute puret\u00e9 et de duret\u00e9 \u00e9lev\u00e9e qui pr\u00e9sentent une excellente r\u00e9sistance aux temp\u00e9ratures \u00e9lev\u00e9es, \u00e0 l&#8217;usure et \u00e0 la corrosion chimique. Ils conservent une structure stable m\u00eame en cas de chaleur extr\u00eame et sont largement utilis\u00e9s dans l&#8217;\u00e9lectronique, la gestion thermique et les applications industrielles.<\/p>\n<p><span style=\"color: #0000ff;\"><a style=\"color: #0000ff;\" href=\"https:\/\/vimaterial.de\/fr\/a-propos-de-nous\/\">VIMATERIAL<\/a><\/span> propose \u00e0 la fois des granul\u00e9s d&#8217;alumine fritt\u00e9s et des granul\u00e9s d&#8217;alumine monocristallins pour r\u00e9pondre aux diff\u00e9rentes exigences d&#8217;utilisation. Les granul\u00e9s fritt\u00e9s pr\u00e9sentent une bonne r\u00e9sistance m\u00e9canique et un bon rapport co\u00fbt-efficacit\u00e9, ce qui les rend adapt\u00e9s aux supports de catalyseurs, aux adsorbants et aux charges industrielles. Les granul\u00e9s cristallins se caract\u00e9risent par une puret\u00e9, une densit\u00e9 et une r\u00e9sistance \u00e0 la corrosion plus \u00e9lev\u00e9es, ce qui les rend id\u00e9aux pour les applications \u00e9lectroniques haut de gamme, optiques et de pr\u00e9cision \u00e0 haute temp\u00e9rature.<\/p>\n<p>Nous proposons \u00e9galement des services de personnalisation, notamment en ce qui concerne la puret\u00e9 et la taille. Si vous avez des exigences particuli\u00e8res, n&#8217;h\u00e9sitez pas \u00e0 <span style=\"color: #0000ff;\"><a style=\"color: #0000ff;\" href=\"https:\/\/vimaterial.de\/fr\/contact\/\">nous contacter<\/a><\/span>.<\/p>\n<h3>Caract\u00e9ristiques<\/h3>\n<p>Point de fusion \u00e9lev\u00e9 : Avec un point de fusion d&#8217;environ 2072\u00b0C (3762\u00b0F), les granul\u00e9s d&#8217;alumine peuvent r\u00e9sister \u00e0 des temp\u00e9ratures extr\u00eames, ce qui les rend appropri\u00e9s pour des applications \u00e0 haute temp\u00e9rature telles que les rev\u00eatements r\u00e9fractaires et les supports de four.<\/p>\n<p>Conductivit\u00e9 thermique : L&#8217;Al\u2082O\u2083 a une conductivit\u00e9 thermique mod\u00e9r\u00e9e, ce qui contribue \u00e0 la dissipation de la chaleur dans des applications telles que les c\u00e9ramiques et le moulage des m\u00e9taux.<\/p>\n<p>Duret\u00e9 extr\u00eame : Class\u00e9 \u00e0 environ 9 sur l&#8217;\u00e9chelle de duret\u00e9 de Mohs, l&#8217;oxyde d&#8217;aluminium est extr\u00eamement dur, ce qui rend les granul\u00e9s id\u00e9aux pour les applications abrasives, telles que le sablage, le polissage et le meulage.<\/p>\n<p>R\u00e9sistance \u00e0 l&#8217;usure : La duret\u00e9 et la durabilit\u00e9 des granul\u00e9s d&#8217;oxyde d&#8217;aluminium leur permettent de durer longtemps dans les applications abrasives, o\u00f9 ils peuvent briser des mat\u00e9riaux de fa\u00e7on r\u00e9p\u00e9t\u00e9e sans usure importante.<\/p>\n<p>Inertie chimique : L&#8217;oxyde d&#8217;aluminium est tr\u00e8s r\u00e9sistant aux r\u00e9actions chimiques, ce qui permet de l&#8217;utiliser dans des environnements expos\u00e9s aux acides, aux alcalis et \u00e0 d&#8217;autres produits chimiques agressifs. Cette inertie est particuli\u00e8rement importante dans des applications telles que les mat\u00e9riaux r\u00e9fractaires et les catalyseurs.<\/p>\n<h3>Applications des granul\u00e9s d&#8217;oxyde d&#8217;aluminium<\/h3>\n<p><strong>Sablage abrasif :<\/strong> Les granul\u00e9s d&#8217;oxyde d&#8217;aluminium sont largement utilis\u00e9s comme agent de sablage pour le nettoyage, la finition et la pr\u00e9paration des surfaces en raison de leur duret\u00e9 et de leur capacit\u00e9 \u00e0 \u00e9liminer efficacement les mat\u00e9riaux sans contaminer les surfaces.<\/p>\n<p><strong>C\u00e9ramiques et r\u00e9fractaires<\/strong>: Utilis\u00e9s dans la production de c\u00e9ramiques de pointe et de produits r\u00e9fractaires, les granul\u00e9s d&#8217;oxyde d&#8217;aluminium apportent solidit\u00e9, r\u00e9sistance \u00e0 l&#8217;usure et stabilit\u00e9 thermique.<\/p>\n<p><strong>Polissage et rectification :<\/strong> Utilis\u00e9s dans les produits de polissage, les meules et le papier de verre pour leurs propri\u00e9t\u00e9s abrasives.<\/p>\n<p><strong>Catalyseurs et supports de catalyseurs :<\/strong> En raison de leur surface \u00e9lev\u00e9e et de leur stabilit\u00e9, les granul\u00e9s d&#8217;oxyde d&#8217;aluminium peuvent servir de mat\u00e9riau de base dans les catalyseurs pour les r\u00e9actions chimiques industrielles.<\/p>\n<p><strong>Dissipation de la chaleur :<\/strong> Dans les produits r\u00e9fractaires coulables, les granul\u00e9s contribuent \u00e0 la gestion thermique dans les environnements \u00e0 haute temp\u00e9rature, tels que les fours et les \u00e9tuves.<\/p>\n<h2><span style=\"font-size: 14pt;\">Emballage et stockage<\/span><\/h2>\n<p>Les granul\u00e9s d&#8217;alumine sont g\u00e9n\u00e9ralement emball\u00e9s dans des sacs r\u00e9sistants \u00e0 l&#8217;humidit\u00e9 ou des conteneurs scell\u00e9s pour \u00e9viter l&#8217;humidit\u00e9 et la contamination, avec un \u00e9tiquetage clair.<\/p>\n<p>Stockez-les dans un endroit sec, propre et bien ventil\u00e9, \u00e0 l&#8217;abri de l&#8217;humidit\u00e9 et des produits chimiques, et v\u00e9rifiez r\u00e9guli\u00e8rement l&#8217;emballage.<\/p>\n","protected":false},"excerpt":{"rendered":"<p>Les granul\u00e9s d&#8217;oxyde d&#8217;aluminium sont des mat\u00e9riaux inorganiques de haute puret\u00e9 et de duret\u00e9 \u00e9lev\u00e9e qui pr\u00e9sentent une excellente r\u00e9sistance aux temp\u00e9ratures \u00e9lev\u00e9es, \u00e0 l&#8217;usure et \u00e0 la corrosion chimique. Ils conservent une structure stable m\u00eame en cas de chaleur extr\u00eame et sont largement utilis\u00e9s dans l&#8217;\u00e9lectronique, la gestion thermique et les applications industrielles. VIMATERIAL [&hellip;]<\/p>\n","protected":false},"featured_media":1043948,"comment_status":"open","ping_status":"closed","template":"","meta":{"_acf_changed":false},"product_brand":[],"product_cat":[236],"product_tag":[],"class_list":{"0":"post-1048088","1":"product","2":"type-product","3":"status-publish","4":"has-post-thumbnail","6":"product_cat-materiaux-devaporation","8":"first","9":"instock","10":"shipping-taxable","11":"product-type-variable"},"acf":[],"_links":{"self":[{"href":"https:\/\/vimaterial.de\/fr\/wp-json\/wp\/v2\/product\/1048088","targetHints":{"allow":["GET"]}}],"collection":[{"href":"https:\/\/vimaterial.de\/fr\/wp-json\/wp\/v2\/product"}],"about":[{"href":"https:\/\/vimaterial.de\/fr\/wp-json\/wp\/v2\/types\/product"}],"replies":[{"embeddable":true,"href":"https:\/\/vimaterial.de\/fr\/wp-json\/wp\/v2\/comments?post=1048088"}],"wp:featuredmedia":[{"embeddable":true,"href":"https:\/\/vimaterial.de\/fr\/wp-json\/wp\/v2\/media\/1043948"}],"wp:attachment":[{"href":"https:\/\/vimaterial.de\/fr\/wp-json\/wp\/v2\/media?parent=1048088"}],"wp:term":[{"taxonomy":"product_brand","embeddable":true,"href":"https:\/\/vimaterial.de\/fr\/wp-json\/wp\/v2\/product_brand?post=1048088"},{"taxonomy":"product_cat","embeddable":true,"href":"https:\/\/vimaterial.de\/fr\/wp-json\/wp\/v2\/product_cat?post=1048088"},{"taxonomy":"product_tag","embeddable":true,"href":"https:\/\/vimaterial.de\/fr\/wp-json\/wp\/v2\/product_tag?post=1048088"}],"curies":[{"name":"wp","href":"https:\/\/api.w.org\/{rel}","templated":true}]}}