{"id":1048063,"date":"2024-06-17T13:49:30","date_gmt":"2024-06-17T05:49:30","guid":{"rendered":"https:\/\/vimaterial.de\/product\/oxyde-daluminium-5\/"},"modified":"2024-06-17T13:49:30","modified_gmt":"2024-06-17T05:49:30","slug":"oxyde-daluminium-5","status":"publish","type":"product","link":"https:\/\/vimaterial.de\/fr\/product\/oxyde-daluminium-5\/","title":{"rendered":"Oxyde d&#8217;aluminium"},"content":{"rendered":"<p><span style=\"color: #0000ff;\"><a style=\"color: #0000ff;\" href=\"https:\/\/vimaterial.de\/fr\/search\/?type=element&#038;keyword=al2o3\">Oxyde d&#8217;aluminium<\/a><\/span> La cible de pulv\u00e9risation est un mat\u00e9riau cible solide de haute puret\u00e9, principalement compos\u00e9 d&#8217;oxyde d&#8217;aluminium, couramment utilis\u00e9 dans les processus de d\u00e9p\u00f4t de couches minces tels que la pulv\u00e9risation et le d\u00e9p\u00f4t par laser puls\u00e9. Les cibles en oxyde d&#8217;aluminium sont essentielles dans les industries n\u00e9cessitant des rev\u00eatements tr\u00e8s durables, isolants et r\u00e9sistants \u00e0 l&#8217;usure, en particulier dans l&#8217;\u00e9lectronique, l&#8217;optique et les applications \u00e0 haute temp\u00e9rature.<\/p>\n<p>VIMATERIAL propose des cibles de pulv\u00e9risation d&#8217;alumine de haute qualit\u00e9, d&#8217;une grande puret\u00e9 et de tailles personnalisables. <span style=\"color: #0000ff;\"><a style=\"color: #0000ff;\" href=\"https:\/\/vimaterial.de\/fr\/contact\/\">Contactez nous pour obtenir un devis<\/a><\/span> pour un devis.<\/p>\n<h2><span style=\"font-size: 14pt;\">Propri\u00e9t\u00e9s des cibles de pulv\u00e9risation d&#8217;oxyde d&#8217;aluminium<\/span><\/h2>\n<p><strong>Structure dense et uniforme :<\/strong> Les cibles de haute densit\u00e9 et uniformes sont essentielles pour un d\u00e9p\u00f4t de film coh\u00e9rent et sont con\u00e7ues pour minimiser les d\u00e9fauts et assurer l&#8217;homog\u00e9n\u00e9it\u00e9 pendant le processus de d\u00e9p\u00f4t.<\/p>\n<p><strong>Point de fusion \u00e9lev\u00e9 :<\/strong> L&#8217;oxyde d&#8217;aluminium a un point de fusion d&#8217;environ 2072\u00b0C (3762\u00b0F), ce qui le rend adapt\u00e9 aux applications \u00e0 haute temp\u00e9rature et \u00e0 une utilisation comme barri\u00e8re thermique.<\/p>\n<p><strong>Duret\u00e9 et durabilit\u00e9 :<\/strong> L&#8217;Al\u2082O\u2083 occupe une position \u00e9lev\u00e9e sur l&#8217;\u00e9chelle de duret\u00e9 de Mohs, ce qui permet \u00e0 la cible de supporter une utilisation prolong\u00e9e dans l&#8217;\u00e9quipement de pulv\u00e9risation sans usure significative.<\/p>\n<p><strong>Excellent isolant :<\/strong> L&#8217;oxyde d&#8217;aluminium est un excellent isolant \u00e9lectrique, une propri\u00e9t\u00e9 pr\u00e9cieuse pour cr\u00e9er des couches isolantes dans les composants \u00e9lectroniques.<\/p>\n<p><strong>Stabilit\u00e9 thermique :<\/strong> Gr\u00e2ce \u00e0 sa stabilit\u00e9 thermique, l&#8217;Al\u2082O\u2083 peut supporter des temp\u00e9ratures extr\u00eames sans se d\u00e9grader, ce qui le rend id\u00e9al pour les rev\u00eatements protecteurs et les composants \u00e0 haute temp\u00e9rature.<\/p>\n<p><strong>Inertie chimique :<\/strong> Al\u2082O\u2083 est tr\u00e8s r\u00e9sistant \u00e0 la corrosion et aux attaques chimiques, ce qui signifie qu&#8217;il peut supporter une exposition \u00e0 des environnements difficiles sans se d\u00e9grader. Cette inertie est b\u00e9n\u00e9fique pour les applications n\u00e9cessitant des rev\u00eatements stables qui ne r\u00e9agissent pas avec d&#8217;autres mat\u00e9riaux.<\/p>\n<h3>Applications des <span style=\"font-size: 14pt;\">cibles de pulv\u00e9risation d&#8217;oxyde d&#8217;aluminium<\/span><\/h3>\n<p><strong>\u00c9lectronique et semi-conducteurs :<\/strong> Les cibles de pulv\u00e9risation d&#8217;alumine sont couramment utilis\u00e9es pour d\u00e9poser des couches minces et isolantes dans les appareils \u00e9lectroniques, telles que les couches di\u00e9lectriques dans les condensateurs et les rev\u00eatements de protection dans les circuits micro\u00e9lectroniques.<\/p>\n<p><strong>Optique :<\/strong> Les rev\u00eatements d&#8217;oxyde d&#8217;aluminium sont utilis\u00e9s dans les applications optiques pour les rev\u00eatements antireflets, les lentilles durables et les \u00e9crans d&#8217;affichage en raison de leur transparence et de leur r\u00e9sistance aux rayures.<\/p>\n<p><strong>A\u00e9rospatiale et automobile :<\/strong> En tant qu&#8217;isolant \u00e0 haute temp\u00e9rature et rev\u00eatement r\u00e9sistant \u00e0 la corrosion, l&#8217;Al\u2082O\u2083 est appliqu\u00e9 pour prot\u00e9ger les composants critiques de l&#8217;usure et des conditions extr\u00eames.<\/p>\n<p><strong>Rev\u00eatements de protection :<\/strong> La duret\u00e9 et l&#8217;inertie chimique de l&#8217;oxyde d&#8217;aluminium en font un rev\u00eatement r\u00e9sistant \u00e0 l&#8217;usure pour les outils, les instruments de coupe et divers \u00e9quipements industriels.<\/p>\n<h2><span style=\"font-size: 14pt;\">Emballage et stockage<\/span><\/h2>\n<p>Les cibles d&#8217;alumine sont g\u00e9n\u00e9ralement emball\u00e9es selon des m\u00e9thodes r\u00e9sistantes aux chocs et \u00e0 l&#8217;humidit\u00e9. Elles sont d&#8217;abord scell\u00e9es dans un film plastique propre ou dans des sacs sous vide, puis fix\u00e9es avec de la mousse ou des mat\u00e9riaux de rembourrage personnalis\u00e9s, et enfin plac\u00e9es dans des bo\u00eetes en carton ou en bois robustes afin d&#8217;\u00e9viter tout dommage, toute contamination ou toute humidit\u00e9 pendant la manipulation et le transport.<\/p>\n<p>Les cibles d&#8217;alumine doivent \u00eatre stock\u00e9es dans un environnement propre, sec et \u00e0 temp\u00e9rature stable, \u00e0 l&#8217;abri de l&#8217;humidit\u00e9, des temp\u00e9ratures \u00e9lev\u00e9es et des changements brusques de temp\u00e9rature. Elles doivent \u00e9galement \u00eatre tenues \u00e0 l&#8217;\u00e9cart des gaz corrosifs et des produits chimiques, et les cibles non utilis\u00e9es doivent rester dans leur emballage d&#8217;origine scell\u00e9 afin de prot\u00e9ger la surface et de maintenir les performances.<\/p>\n","protected":false},"excerpt":{"rendered":"<p>Oxyde d&#8217;aluminium La cible de pulv\u00e9risation est un mat\u00e9riau cible solide de haute puret\u00e9, principalement compos\u00e9 d&#8217;oxyde d&#8217;aluminium, couramment utilis\u00e9 dans les processus de d\u00e9p\u00f4t de couches minces tels que la pulv\u00e9risation et le d\u00e9p\u00f4t par laser puls\u00e9. Les cibles en oxyde d&#8217;aluminium sont essentielles dans les industries n\u00e9cessitant des rev\u00eatements tr\u00e8s durables, isolants et [&hellip;]<\/p>\n","protected":false},"featured_media":998319,"comment_status":"open","ping_status":"closed","template":"","meta":{"_acf_changed":false},"product_brand":[],"product_cat":[235],"product_tag":[],"class_list":{"0":"post-1048063","1":"product","2":"type-product","3":"status-publish","4":"has-post-thumbnail","6":"product_cat-cibles-de-pulverisation-planaire","8":"first","9":"instock","10":"shipping-taxable","11":"purchasable","12":"product-type-variable"},"acf":[],"_links":{"self":[{"href":"https:\/\/vimaterial.de\/fr\/wp-json\/wp\/v2\/product\/1048063","targetHints":{"allow":["GET"]}}],"collection":[{"href":"https:\/\/vimaterial.de\/fr\/wp-json\/wp\/v2\/product"}],"about":[{"href":"https:\/\/vimaterial.de\/fr\/wp-json\/wp\/v2\/types\/product"}],"replies":[{"embeddable":true,"href":"https:\/\/vimaterial.de\/fr\/wp-json\/wp\/v2\/comments?post=1048063"}],"wp:featuredmedia":[{"embeddable":true,"href":"https:\/\/vimaterial.de\/fr\/wp-json\/wp\/v2\/media\/998319"}],"wp:attachment":[{"href":"https:\/\/vimaterial.de\/fr\/wp-json\/wp\/v2\/media?parent=1048063"}],"wp:term":[{"taxonomy":"product_brand","embeddable":true,"href":"https:\/\/vimaterial.de\/fr\/wp-json\/wp\/v2\/product_brand?post=1048063"},{"taxonomy":"product_cat","embeddable":true,"href":"https:\/\/vimaterial.de\/fr\/wp-json\/wp\/v2\/product_cat?post=1048063"},{"taxonomy":"product_tag","embeddable":true,"href":"https:\/\/vimaterial.de\/fr\/wp-json\/wp\/v2\/product_tag?post=1048063"}],"curies":[{"name":"wp","href":"https:\/\/api.w.org\/{rel}","templated":true}]}}