{"id":1048010,"date":"2024-06-17T14:52:35","date_gmt":"2024-06-17T06:52:35","guid":{"rendered":"https:\/\/vimaterial.de\/product\/oxyde-de-nickel\/"},"modified":"2024-06-17T14:52:35","modified_gmt":"2024-06-17T06:52:35","slug":"oxyde-de-nickel","status":"publish","type":"product","link":"https:\/\/vimaterial.de\/fr\/product\/oxyde-de-nickel\/","title":{"rendered":"Oxyde de nickel"},"content":{"rendered":"<p><span style=\"color: #0000ff;\"><a style=\"color: #0000ff;\" href=\"https:\/\/vimaterial.de\/en\/product\/nickel-oxide-4\/\">Oxyde de nickel<\/a><\/span> la cible de pulv\u00e9risation est un mat\u00e9riau utilis\u00e9 dans la technologie de d\u00e9p\u00f4t physique en phase vapeur (PVD), qui se compose principalement d&#8217;oxyde de nickel. Dans le processus de pulv\u00e9risation, les atomes d&#8217;oxyde de nickel sont d\u00e9pos\u00e9s sur la surface du substrat par bombardement ionique, ce qui est utilis\u00e9 pour la pr\u00e9paration de films minces ayant des propri\u00e9t\u00e9s \u00e9lectriques, optiques, magn\u00e9tiques, etc., utilis\u00e9s dans les domaines des mat\u00e9riaux d&#8217;\u00e9lectrodes de batteries et des rev\u00eatements optiques.<\/p>\n<p>VIMATERIAL propose une large gamme de cibles de pulv\u00e9risation d&#8217;oxyde de nickel. Nos cibles se caract\u00e9risent par une grande puret\u00e9, une uniformit\u00e9 au sein de la cible, une faible teneur en impuret\u00e9s et une grande plan\u00e9it\u00e9 de surface. Notre soci\u00e9t\u00e9 peut fournir \u00e0 ses clients des services de fixation de cibles, mais aussi prendre en charge la personnalisation des produits et des exp\u00e9riences. Nous disposons de l&#8217;\u00e9quipe de recherche et d\u00e9veloppement technique la plus professionnelle, <span style=\"color: #0000ff;\"><a style=\"color: #0000ff;\" href=\"https:\/\/vimaterial.de\/fr\/contact\/\">nous disposons d&#8217;une \u00e9quipe de recherche et de d\u00e9veloppement technique des plus professionnelles<\/a><\/span>.<\/p>\n<h2><span style=\"font-size: 14pt;\">Propri\u00e9t\u00e9s physiques<\/span><\/h2>\n<p>Formule mol\u00e9culaire : NiO<\/p>\n<p>Poids mol\u00e9culaire : 74,69 g\/mol<\/p>\n<p>Apparence : Cible g\u00e9n\u00e9ralement verte<\/p>\n<p>Densit\u00e9 : environ 6,67 g\/cm\u00b3.<\/p>\n<p>Point de fusion : environ 1955\u00b0C<\/p>\n<p>Structure cristalline : Syst\u00e8me cristallin cubique, les ions nickel et les ions oxyg\u00e8ne dans la structure cristalline cubique sont \u00e9troitement empil\u00e9s, les ions nickel occupent les vides octa\u00e9driques.<\/p>\n<h2><span style=\"font-size: 14pt;\">Applications<\/span><\/h2>\n<p>Dispositifs \u00e9lectroniques : utilis\u00e9 dans la fabrication de semi-conducteurs, peut \u00eatre utilis\u00e9 comme couche isolante, mat\u00e9riaux di\u00e9lectriques de grille, etc., pour am\u00e9liorer les performances et la stabilit\u00e9 des circuits int\u00e9gr\u00e9s.<\/p>\n<p>Opto\u00e9lectronique : Les cibles de pulv\u00e9risation d&#8217;oxyde de nickel peuvent \u00eatre utilis\u00e9es dans la pr\u00e9paration de photod\u00e9tecteurs \u00e0 haute performance et comme mat\u00e9riaux de guides d&#8217;ondes optiques pour contribuer au d\u00e9veloppement des communications optiques et d&#8217;autres domaines.<\/p>\n<p>Domaine de l&#8217;\u00e9nergie : utilis\u00e9 comme mat\u00e9riau inorganique pour la couche de transport des trous dans les cellules solaires \u00e0 chalcog\u00e9nure, et peut \u00e9galement \u00eatre utilis\u00e9 pour modifier le mat\u00e9riau d&#8217;\u00e9lectrode des batteries lithium-ion afin d&#8217;am\u00e9liorer les performances de la batterie.<\/p>\n<p>Capteurs : Capteurs de gaz pour d\u00e9tecter les gaz nocifs et capteurs chimiques pour r\u00e9agir \u00e0 des produits chimiques sp\u00e9cifiques.<\/p>\n<p>Domaine de l&#8217;affichage : NiO peut \u00eatre utilis\u00e9 pour pr\u00e9parer des dispositifs \u00e9lectrochromes, tels que des fen\u00eatres intelligentes, du papier \u00e9lectronique, etc., mais aussi comme diode \u00e9lectroluminescente organique dans la couche de transport d&#8217;\u00e9lectrons ou la couche d&#8217;injection de trous.<\/p>\n<h2><span style=\"font-size: 14pt;\">Contr\u00f4le de la qualit\u00e9<\/span><\/h2>\n<p><span style=\"color: #0000ff;\"><a style=\"color: #0000ff;\" href=\"https:\/\/vimaterial.de\/fr\/le-controle-de-la-qualite\/\">Chaque lot<\/a><\/span> de produits dans le processus de production pour mettre en \u0153uvre un syst\u00e8me strict de gestion de la qualit\u00e9, nous avons des normes d&#8217;inspection strictes pour les mat\u00e9riaux entrants, les produits non conformes ont un traitement parfait et des mesures d&#8217;isolement. Nous utilisons des instruments de test de haute pr\u00e9cision pour garantir la qualit\u00e9 des produits quittant l&#8217;usine, nous pouvons \u00e9galement fournir des \u00e9chantillons selon les exigences des clients des organisations d&#8217;inspection tierces, et en fin de compte faire en sorte que nos produits r\u00e9pondent aux exigences des clients.<\/p>\n<h2><span style=\"font-size: 14pt;\">Emballage et stockage<\/span><\/h2>\n<p>Les cibles de pulv\u00e9risation d&#8217;oxyde de nickel sont emball\u00e9es dans des doubles sacs sous vide.<\/p>\n<p>Les cibles de pulv\u00e9risation d&#8217;oxyde de nickel doivent \u00eatre stock\u00e9es dans un environnement sec et bien ventil\u00e9, avec une temp\u00e9rature et une humidit\u00e9 relativement stables, en \u00e9vitant l&#8217;humidit\u00e9, l&#8217;oxydation et le contact avec des substances corrosives, ainsi qu&#8217;en \u00e9vitant tout dommage physique \u00e0 la cible.<\/p>\n","protected":false},"excerpt":{"rendered":"<p>Oxyde de nickel la cible de pulv\u00e9risation est un mat\u00e9riau utilis\u00e9 dans la technologie de d\u00e9p\u00f4t physique en phase vapeur (PVD), qui se compose principalement d&#8217;oxyde de nickel. Dans le processus de pulv\u00e9risation, les atomes d&#8217;oxyde de nickel sont d\u00e9pos\u00e9s sur la surface du substrat par bombardement ionique, ce qui est utilis\u00e9 pour la pr\u00e9paration [&hellip;]<\/p>\n","protected":false},"featured_media":1045841,"comment_status":"open","ping_status":"closed","template":"","meta":{"_acf_changed":false},"product_brand":[],"product_cat":[235],"product_tag":[],"class_list":{"0":"post-1048010","1":"product","2":"type-product","3":"status-publish","4":"has-post-thumbnail","6":"product_cat-cibles-de-pulverisation-planaire","8":"first","9":"instock","10":"shipping-taxable","11":"purchasable","12":"product-type-variable"},"acf":[],"_links":{"self":[{"href":"https:\/\/vimaterial.de\/fr\/wp-json\/wp\/v2\/product\/1048010","targetHints":{"allow":["GET"]}}],"collection":[{"href":"https:\/\/vimaterial.de\/fr\/wp-json\/wp\/v2\/product"}],"about":[{"href":"https:\/\/vimaterial.de\/fr\/wp-json\/wp\/v2\/types\/product"}],"replies":[{"embeddable":true,"href":"https:\/\/vimaterial.de\/fr\/wp-json\/wp\/v2\/comments?post=1048010"}],"wp:featuredmedia":[{"embeddable":true,"href":"https:\/\/vimaterial.de\/fr\/wp-json\/wp\/v2\/media\/1045841"}],"wp:attachment":[{"href":"https:\/\/vimaterial.de\/fr\/wp-json\/wp\/v2\/media?parent=1048010"}],"wp:term":[{"taxonomy":"product_brand","embeddable":true,"href":"https:\/\/vimaterial.de\/fr\/wp-json\/wp\/v2\/product_brand?post=1048010"},{"taxonomy":"product_cat","embeddable":true,"href":"https:\/\/vimaterial.de\/fr\/wp-json\/wp\/v2\/product_cat?post=1048010"},{"taxonomy":"product_tag","embeddable":true,"href":"https:\/\/vimaterial.de\/fr\/wp-json\/wp\/v2\/product_tag?post=1048010"}],"curies":[{"name":"wp","href":"https:\/\/api.w.org\/{rel}","templated":true}]}}