{"id":1047979,"date":"2024-06-17T13:54:34","date_gmt":"2024-06-17T05:54:34","guid":{"rendered":"https:\/\/vimaterial.de\/product\/silicate-de-lithium-2\/"},"modified":"2024-06-17T13:54:34","modified_gmt":"2024-06-17T05:54:34","slug":"silicate-de-lithium-2","status":"publish","type":"product","link":"https:\/\/vimaterial.de\/fr\/product\/silicate-de-lithium-2\/","title":{"rendered":"Silicate de lithium"},"content":{"rendered":"<p><span style=\"color: #0000ff;\"><a style=\"color: #0000ff;\" href=\"https:\/\/vimaterial.de\/fr\/search\/?type=element&#038;keyword=li2sio3\">Silicate de lithium<\/a><\/span> (Li2SiO3) est un compos\u00e9 inorganique form\u00e9 par l&#8217;oxyde de lithium (Li\u2082O) et le dioxyde de silicium (SiO\u2082). Il est couramment utilis\u00e9 dans diverses applications industrielles, notamment dans les c\u00e9ramiques, la production de verre et certaines technologies de batteries. Ses propri\u00e9t\u00e9s, telles qu&#8217;une grande stabilit\u00e9 thermique, une faible dilatation et une excellente r\u00e9sistance \u00e0 des temp\u00e9ratures \u00e9lev\u00e9es, en font un mat\u00e9riau pr\u00e9cieux pour plusieurs utilisations sp\u00e9cialis\u00e9es.<\/p>\n<p>VIMATERIAL propose de la poudre de silicate de lithium de haute qualit\u00e9 et d&#8217;une grande puret\u00e9. La taille des particules peut \u00eatre adapt\u00e9e \u00e0 vos besoins. <span style=\"color: #0000ff;\"><a style=\"color: #0000ff;\" href=\"https:\/\/vimaterial.de\/fr\/contact\/\">Contactez nous pour plus d&#8217;informations<\/a><\/span> pour plus d&#8217;informations.<\/p>\n<h2><span style=\"font-size: 14pt;\">Composition chimique et structure<\/span><\/h2>\n<p>Composant : Constitu\u00e9 de deux atomes de lithium (Li), d&#8217;un atome de silicium (Si) et de trois atomes d&#8217;oxyg\u00e8ne (O).<\/p>\n<p>Structure : Le silicate de lithium cristallise dans une structure en couches, ce qui contribue \u00e0 ses propri\u00e9t\u00e9s thermiques et m\u00e9caniques.<\/p>\n<p>Stabilit\u00e9 \u00e0 l&#8217;\u00e9tat solide : Le silicate de lithium reste stable dans des conditions atmosph\u00e9riques normales, mais il peut subir des transformations sous l&#8217;effet d&#8217;une chaleur ou d&#8217;une pression extr\u00eames.<\/p>\n<h2><span style=\"font-size: 14pt;\">Propri\u00e9t\u00e9s physiques<\/span><\/h2>\n<p><sub>Formule<\/sub>chimique\uff1aLi2SiO3<\/p>\n<p>Masse molaire\uff1a89.97 g\/mol<\/p>\n<p>Aspect\uff1aBlanc<\/p>\n<p>Densit\u00e9\uff1a2.52 <sup>g\/cm3<\/sup><\/p>\n<p>Point de fusion\uff1a&gt;1 200 \u00b0C<\/p>\n<p>Solubilit\u00e9 dans l&#8217;eau\uff1ainsoluble<\/p>\n<p>Indice de r\u00e9fraction (nD)\uff1a1.584<\/p>\n<p>Structure cristalline\uff1aorthorhombique<\/p>\n<h2><span style=\"font-size: 14pt;\">Applications de la poudre de silicate de lithium<\/span><\/h2>\n<p>Mat\u00e9riaux c\u00e9ramiques : Il est utilis\u00e9 dans la production d&#8217;\u00e9maux c\u00e9ramiques, o\u00f9 il am\u00e9liore la r\u00e9sistance, la duret\u00e9 et la stabilit\u00e9 thermique du produit final. Il est particuli\u00e8rement utile dans la cr\u00e9ation d&#8217;\u00e9maux pour les carreaux de c\u00e9ramique haute performance, la vaisselle et la vitroc\u00e9ramique.<\/p>\n<p>Industrie du verre : Il est utilis\u00e9 dans l&#8217;industrie du verre pour fabriquer des vitroc\u00e9ramiques, car il contribue \u00e0 la formation de verres \u00e0 faible dilatation aux propri\u00e9t\u00e9s m\u00e9caniques am\u00e9lior\u00e9es. Il est \u00e9galement utilis\u00e9 dans la production de verres r\u00e9sistants \u00e0 la chaleur, tels que ceux utilis\u00e9s dans les appareils de cuisson et les \u00e9quipements de laboratoire.<\/p>\n<p>Technologies des batteries : Dans certaines technologies de batteries avanc\u00e9es, le silicate de lithium est \u00e9tudi\u00e9 en tant qu&#8217;additif ou composant dans les batteries \u00e0 base de lithium, en particulier pour am\u00e9liorer les performances et la stabilit\u00e9.<\/p>\n<p>Mat\u00e9riaux r\u00e9fractaires : En raison de sa grande stabilit\u00e9 thermique, le silicate de lithium est utilis\u00e9 dans la production de mat\u00e9riaux r\u00e9fractaires, tels que les rev\u00eatements de fours, o\u00f9 la r\u00e9sistance \u00e0 la chaleur est essentielle.<\/p>\n<p>Ciment : Le silicate de lithium a \u00e9t\u00e9 \u00e9tudi\u00e9 pour \u00eatre utilis\u00e9 dans des ciments sp\u00e9ciaux, car il peut am\u00e9liorer la durabilit\u00e9 et r\u00e9duire la fissuration du b\u00e9ton, en particulier lorsqu&#8217;il est expos\u00e9 \u00e0 des conditions de haute temp\u00e9rature.<\/p>\n<p>\u00c9tanch\u00e9it\u00e9 et rev\u00eatements : Le silicate de lithium peut \u00e9galement \u00eatre utilis\u00e9 comme composant dans les produits d&#8217;\u00e9tanch\u00e9it\u00e9 et les rev\u00eatements pour les applications \u00e0 haute temp\u00e9rature, en particulier dans les secteurs de l&#8217;automobile et de l&#8217;a\u00e9rospatiale.<\/p>\n<h2><span style=\"font-size: 14pt;\">Emballage et stockage<\/span><\/h2>\n<p>Le silicate de lithium est g\u00e9n\u00e9ralement emball\u00e9 dans des r\u00e9cipients \u00e9tanches \u00e0 l&#8217;air et \u00e0 l&#8217;humidit\u00e9. Il est g\u00e9n\u00e9ralement scell\u00e9 dans des sacs en plastique (scell\u00e9s sous vide ou remplis de gaz inerte si n\u00e9cessaire), puis plac\u00e9 dans des f\u00fbts en plastique ou en fibre pour le prot\u00e9ger de l&#8217;humidit\u00e9, de la contamination et des fuites pendant le transport et le stockage.<\/p>\n<p>Il doit \u00eatre stock\u00e9 dans un endroit frais, sec et bien ventil\u00e9, \u00e0 l&#8217;abri de la lumi\u00e8re directe du soleil, de la chaleur et de l&#8217;humidit\u00e9. Il doit \u00eatre tenu \u00e0 l&#8217;\u00e9cart des substances acides et des agents oxydants puissants afin d&#8217;\u00e9viter les r\u00e9actions chimiques. Apr\u00e8s ouverture, le r\u00e9cipient doit \u00eatre ferm\u00e9 herm\u00e9tiquement afin de pr\u00e9server sa stabilit\u00e9 et ses performances.<\/p>\n","protected":false},"excerpt":{"rendered":"<p>Silicate de lithium (Li2SiO3) est un compos\u00e9 inorganique form\u00e9 par l&#8217;oxyde de lithium (Li\u2082O) et le dioxyde de silicium (SiO\u2082). Il est couramment utilis\u00e9 dans diverses applications industrielles, notamment dans les c\u00e9ramiques, la production de verre et certaines technologies de batteries. Ses propri\u00e9t\u00e9s, telles qu&#8217;une grande stabilit\u00e9 thermique, une faible dilatation et une excellente r\u00e9sistance [&hellip;]<\/p>\n","protected":false},"featured_media":1047969,"comment_status":"open","ping_status":"closed","template":"","meta":{"_acf_changed":false},"product_brand":[],"product_cat":[237],"product_tag":[],"class_list":{"0":"post-1047979","1":"product","2":"type-product","3":"status-publish","4":"has-post-thumbnail","6":"product_cat-materiaux-de-la-batterie","8":"first","9":"instock","10":"shipping-taxable","11":"purchasable","12":"product-type-variable"},"acf":[],"_links":{"self":[{"href":"https:\/\/vimaterial.de\/fr\/wp-json\/wp\/v2\/product\/1047979","targetHints":{"allow":["GET"]}}],"collection":[{"href":"https:\/\/vimaterial.de\/fr\/wp-json\/wp\/v2\/product"}],"about":[{"href":"https:\/\/vimaterial.de\/fr\/wp-json\/wp\/v2\/types\/product"}],"replies":[{"embeddable":true,"href":"https:\/\/vimaterial.de\/fr\/wp-json\/wp\/v2\/comments?post=1047979"}],"wp:featuredmedia":[{"embeddable":true,"href":"https:\/\/vimaterial.de\/fr\/wp-json\/wp\/v2\/media\/1047969"}],"wp:attachment":[{"href":"https:\/\/vimaterial.de\/fr\/wp-json\/wp\/v2\/media?parent=1047979"}],"wp:term":[{"taxonomy":"product_brand","embeddable":true,"href":"https:\/\/vimaterial.de\/fr\/wp-json\/wp\/v2\/product_brand?post=1047979"},{"taxonomy":"product_cat","embeddable":true,"href":"https:\/\/vimaterial.de\/fr\/wp-json\/wp\/v2\/product_cat?post=1047979"},{"taxonomy":"product_tag","embeddable":true,"href":"https:\/\/vimaterial.de\/fr\/wp-json\/wp\/v2\/product_tag?post=1047979"}],"curies":[{"name":"wp","href":"https:\/\/api.w.org\/{rel}","templated":true}]}}