{"id":1047955,"date":"2024-06-17T15:26:12","date_gmt":"2024-06-17T07:26:12","guid":{"rendered":"https:\/\/vimaterial.de\/product\/carbure-de-niobium\/"},"modified":"2024-06-17T15:26:12","modified_gmt":"2024-06-17T07:26:12","slug":"carbure-de-niobium","status":"publish","type":"product","link":"https:\/\/vimaterial.de\/fr\/product\/carbure-de-niobium\/","title":{"rendered":"Carbure de Niobium"},"content":{"rendered":"<p><span style=\"color: #0000ff;\"><a style=\"color: #0000ff;\" href=\"https:\/\/vimaterial.de\/fr\/search\/?type=name&#038;keyword=Niobium+carbide\">Poudre de carbure de niobium<\/a><\/span> La poudre est une sorte de poudre c\u00e9ramique de formule chimique NbC, de couleur noire ou gris fonc\u00e9, de structure cubique \u00e0 faces centr\u00e9es, de grande duret\u00e9, de point de fusion \u00e9lev\u00e9, chimiquement stable et de bonne conductivit\u00e9 thermique. Elle est pr\u00e9par\u00e9e par diverses m\u00e9thodes et est largement utilis\u00e9e dans les outils de coupe, les outils abrasifs, les appareils \u00e9lectroniques et d&#8217;autres domaines.<\/p>\n<p>VIMATERIAL propose des poudres de carbure de niobium de haute qualit\u00e9, d&#8217;une grande puret\u00e9 et dont la taille des particules est personnalisable. <span style=\"color: #0000ff;\"><a style=\"color: #0000ff;\" href=\"https:\/\/vimaterial.de\/fr\/contact\/\">Contactez nous pour plus d&#8217;informations<\/a><\/span> pour plus d&#8217;informations.<\/p>\n<h2><span style=\"font-size: 14pt;\">Caract\u00e9ristiques<\/span><\/h2>\n<p>Aspect : Noir ou gris fonc\u00e9<\/p>\n<p>Structure cristalline : cubique \u00e0 faces centr\u00e9es<\/p>\n<p>Densit\u00e9 : 7,82 g\/cm\u00b3.<\/p>\n<p>Point de fusion : ~3500 \u2103<\/p>\n<p>Stabilit\u00e9 : chimiquement stable \u00e0 temp\u00e9rature ambiante, ne r\u00e9agit pas facilement avec l&#8217;eau, l&#8217;acide, l&#8217;alcali et d&#8217;autres substances courantes.<\/p>\n<p>Duret\u00e9 \u00e9lev\u00e9e : tr\u00e8s \u00e9lev\u00e9e, deuxi\u00e8me apr\u00e8s le diamant et le nitrure de bore cubique.<\/p>\n<h2><span style=\"font-size: 14pt;\">Applications de la poudre de carbure de niobium<\/span><\/h2>\n<p>Outils de coupe : Ajout\u00e9e aux carbures c\u00e9ment\u00e9s pour am\u00e9liorer la duret\u00e9, la r\u00e9sistance \u00e0 l&#8217;usure et la dur\u00e9e de vie de l&#8217;outil, en particulier pour l&#8217;usinage de mat\u00e9riaux durs.<\/p>\n<p>Abrasifs : Utilis\u00e9s dans les meules et les bandes abrasives pour am\u00e9liorer l&#8217;efficacit\u00e9 et la pr\u00e9cision du meulage.<\/p>\n<p>Appareils \u00e9lectroniques : Utilis\u00e9s pour les \u00e9lectrodes, les barri\u00e8res de diffusion et les mat\u00e9riaux de dissipation de la chaleur afin d&#8217;am\u00e9liorer les performances et la fiabilit\u00e9.<\/p>\n<p>Mat\u00e9riaux c\u00e9ramiques : Ajout\u00e9s aux c\u00e9ramiques pour am\u00e9liorer la solidit\u00e9, la r\u00e9sistance \u00e0 l&#8217;usure et la conductivit\u00e9 \u00e9lectrique des pi\u00e8ces en c\u00e9ramique de haute performance.<\/p>\n<p>Rev\u00eatements : Appliqu\u00e9s aux surfaces m\u00e9talliques pour am\u00e9liorer la r\u00e9sistance \u00e0 l&#8217;usure, \u00e0 la corrosion et \u00e0 l&#8217;oxydation, afin de prolonger la dur\u00e9e de vie des composants.<\/p>\n<h2><span style=\"font-size: 14pt;\">Conditionnement et conditions de stockage<\/span><\/h2>\n<p>La poudre de carbure de niobium est g\u00e9n\u00e9ralement emball\u00e9e dans des conteneurs \u00e9tanches \u00e0 l&#8217;humidit\u00e9 et \u00e0 l&#8217;air. Elle est g\u00e9n\u00e9ralement scell\u00e9e dans des sacs en plastique sous vide ou remplis d&#8217;azote, puis plac\u00e9e dans des f\u00fbts en plastique ou en m\u00e9tal pour une protection suppl\u00e9mentaire. Ce type d&#8217;emballage emp\u00eache l&#8217;humidit\u00e9, l&#8217;oxydation et la contamination, ce qui permet de pr\u00e9server la puret\u00e9 et la stabilit\u00e9 de la poudre pendant le transport et le stockage.<\/p>\n<p>La poudre de carbure de niobium doit \u00eatre stock\u00e9e dans un environnement frais, sec et bien ventil\u00e9, \u00e0 l&#8217;abri de la lumi\u00e8re directe du soleil, de la chaleur et de l&#8217;humidit\u00e9. Elle doit \u00eatre conserv\u00e9e \u00e0 l&#8217;\u00e9cart des acides, des alcalis et des agents oxydants puissants afin d&#8217;\u00e9viter les r\u00e9actions chimiques. Apr\u00e8s ouverture, le r\u00e9cipient doit \u00eatre referm\u00e9 herm\u00e9tiquement pour \u00e9viter l&#8217;absorption d&#8217;humidit\u00e9 et la d\u00e9gradation des performances.<\/p>\n","protected":false},"excerpt":{"rendered":"<p>Poudre de carbure de niobium La poudre est une sorte de poudre c\u00e9ramique de formule chimique NbC, de couleur noire ou gris fonc\u00e9, de structure cubique \u00e0 faces centr\u00e9es, de grande duret\u00e9, de point de fusion \u00e9lev\u00e9, chimiquement stable et de bonne conductivit\u00e9 thermique. Elle est pr\u00e9par\u00e9e par diverses m\u00e9thodes et est largement utilis\u00e9e dans [&hellip;]<\/p>\n","protected":false},"featured_media":1031680,"comment_status":"open","ping_status":"closed","template":"","meta":{"_acf_changed":false},"product_brand":[],"product_cat":[240],"product_tag":[],"class_list":{"0":"post-1047955","1":"product","2":"type-product","3":"status-publish","4":"has-post-thumbnail","6":"product_cat-materiaux-c-n-b-si","8":"first","9":"instock","10":"shipping-taxable","11":"purchasable","12":"product-type-variable"},"acf":[],"_links":{"self":[{"href":"https:\/\/vimaterial.de\/fr\/wp-json\/wp\/v2\/product\/1047955","targetHints":{"allow":["GET"]}}],"collection":[{"href":"https:\/\/vimaterial.de\/fr\/wp-json\/wp\/v2\/product"}],"about":[{"href":"https:\/\/vimaterial.de\/fr\/wp-json\/wp\/v2\/types\/product"}],"replies":[{"embeddable":true,"href":"https:\/\/vimaterial.de\/fr\/wp-json\/wp\/v2\/comments?post=1047955"}],"wp:featuredmedia":[{"embeddable":true,"href":"https:\/\/vimaterial.de\/fr\/wp-json\/wp\/v2\/media\/1031680"}],"wp:attachment":[{"href":"https:\/\/vimaterial.de\/fr\/wp-json\/wp\/v2\/media?parent=1047955"}],"wp:term":[{"taxonomy":"product_brand","embeddable":true,"href":"https:\/\/vimaterial.de\/fr\/wp-json\/wp\/v2\/product_brand?post=1047955"},{"taxonomy":"product_cat","embeddable":true,"href":"https:\/\/vimaterial.de\/fr\/wp-json\/wp\/v2\/product_cat?post=1047955"},{"taxonomy":"product_tag","embeddable":true,"href":"https:\/\/vimaterial.de\/fr\/wp-json\/wp\/v2\/product_tag?post=1047955"}],"curies":[{"name":"wp","href":"https:\/\/api.w.org\/{rel}","templated":true}]}}