{"id":1047889,"date":"2024-06-17T13:57:58","date_gmt":"2024-06-17T05:57:58","guid":{"rendered":"https:\/\/vimaterial.de\/product\/fluorure-de-lithium-3\/"},"modified":"2024-06-17T13:57:58","modified_gmt":"2024-06-17T05:57:58","slug":"fluorure-de-lithium-3","status":"publish","type":"product","link":"https:\/\/vimaterial.de\/fr\/product\/fluorure-de-lithium-3\/","title":{"rendered":"Fluorure de lithium"},"content":{"rendered":"<p><span style=\"color: #0000ff;\"><a style=\"color: #0000ff;\" href=\"https:\/\/vimaterial.de\/fr\/search\/?type=element&#038;keyword=Li%2CF\">La poudre de fluorure de lithium<\/a><\/span> (LiF) est un compos\u00e9 inorganique constitu\u00e9 d&#8217;ions lithium et fluorure. Il s&#8217;agit d&#8217;un solide cristallin blanc, tr\u00e8s soluble dans l&#8217;eau, qui pr\u00e9sente un certain nombre de propri\u00e9t\u00e9s int\u00e9ressantes, ce qui le rend utile dans diverses applications industrielles et scientifiques.<\/p>\n<p>VIMATERIAL propose du fluorure de lithium de haute qualit\u00e9, disponible en qualit\u00e9 industrielle et en qualit\u00e9 batterie. <span style=\"color: #0000ff;\"><a style=\"color: #0000ff;\" href=\"https:\/\/vimaterial.de\/fr\/contact\/\">Contactez nous pour plus d&#8217;informations<\/a><\/span> pour plus d&#8217;informations.<\/p>\n<h2><span style=\"font-size: 14pt;\">Propri\u00e9t\u00e9s physiques :<\/span><\/h2>\n<p>Formule : LiF<\/p>\n<p>Poids mol\u00e9culaire : 25.93 g\/mol<\/p>\n<p>Apparence\uff1aBlanche<\/p>\n<p>Densit\u00e9\uff1a2.64 <sup>g\/cm3<\/sup><\/p>\n<p>Point de fusion\uff1a845 \u00b0C<\/p>\n<p>Point d&#8217;\u00e9bullition\uff1a1,681 \u00b0C<\/p>\n<p>Solubilit\u00e9 dans l&#8217;eau : 0,3 g\/100ml (20\u00b0C)<\/p>\n<p>Solubilit\u00e9\uff1asoluble dans l&#8217;HF ; insoluble dans l&#8217;alcool<\/p>\n<p>Indice de r\u00e9fraction (nD)\uff1a1.3915<\/p>\n<p>Structure cristalline\uff1aFace cubique centr\u00e9e<\/p>\n<h2><span style=\"font-size: 14pt;\">Propri\u00e9t\u00e9s chimiques :<\/span><\/h2>\n<p>Liaison ionique : Le fluorure de lithium est compos\u00e9 de cations lithium (Li\u207a) et d&#8217;anions fluorure (F-), qui forment une liaison ionique. Cette liaison conf\u00e8re au compos\u00e9 un point de fusion \u00e9lev\u00e9 et une grande stabilit\u00e9.<\/p>\n<p>R\u00e9activit\u00e9 : Le LiF est chimiquement stable dans la plupart des conditions. Il n&#8217;est pas r\u00e9actif avec l&#8217;eau mais peut r\u00e9agir avec des acides forts comme l&#8217;acide fluorhydrique (HF) pour lib\u00e9rer des ions fluorure.<\/p>\n<p>Isolant \u00e9lectrique : Le LiF est un isolant \u00e9lectrique, ce qui le rend utile dans certaines applications isolantes en \u00e9lectronique.<\/p>\n<h2><span style=\"font-size: 14pt;\">Applications :<\/span><\/h2>\n<p>Rev\u00eatements optiques : En raison de sa transparence aux UV, le fluorure de lithium est utilis\u00e9 dans la production de rev\u00eatements optiques, en particulier pour les lentilles UV, les fen\u00eatres et d&#8217;autres composants.<\/p>\n<p>Verres fluor\u00e9s : Le LiF est utilis\u00e9 dans la pr\u00e9paration de verres fluor\u00e9s, qui sont importants dans les applications n\u00e9cessitant une transparence dans les r\u00e9gions infrarouges et ultraviolettes.<\/p>\n<p>Technologie nucl\u00e9aire : Le LiF est utilis\u00e9 dans les r\u00e9acteurs nucl\u00e9aires et la recherche sur la fusion dans le cadre de la technologie des r\u00e9acteurs \u00e0 sels fondus en raison de son point de fusion \u00e9lev\u00e9 et de sa stabilit\u00e9 chimique.<\/p>\n<p>Technologie des batteries : Le fluorure de lithium est explor\u00e9 dans certaines technologies de batteries avanc\u00e9es, en particulier dans les batteries lithium-ion \u00e0 l&#8217;\u00e9tat solide et les batteries lithium-soufre (Li-S), en raison de sa conductivit\u00e9 ionique.<\/p>\n<p>Semi-conducteurs : Le fluorure de lithium est utilis\u00e9 dans certaines applications de semi-conducteurs en couches minces et dans les mat\u00e9riaux di\u00e9lectriques des appareils \u00e9lectroniques.<\/p>\n<p>Produits pharmaceutiques : Il est parfois utilis\u00e9 dans la synth\u00e8se de certains compos\u00e9s pharmaceutiques.<\/p>\n<p>Cibles de pulv\u00e9risation : Le LiF est utilis\u00e9 comme cible de pulv\u00e9risation pour d\u00e9poser des couches minces de fluorure de lithium dans diverses applications, notamment les rev\u00eatements optiques et les syst\u00e8mes d&#8217;\u00e9lectrolyte \u00e0 l&#8217;\u00e9tat solide.<\/p>\n<p><strong>Emballage et stockage<\/strong><\/p>\n<p>Le fluorure de lithium est conditionn\u00e9 dans des conteneurs \u00e9tanches \u00e0 l&#8217;humidit\u00e9 et chimiquement r\u00e9sistants ou dans des f\u00fbts en fibre rev\u00eatus afin d&#8217;\u00e9viter la contamination et l&#8217;absorption d&#8217;humidit\u00e9 pendant le transport et le stockage.<\/p>\n<p>Stocker dans l&#8217;emballage d&#8217;origine, bien ferm\u00e9, dans un endroit frais, sec et bien ventil\u00e9. Prot\u00e9ger de l&#8217;humidit\u00e9, de l&#8217;eau et des substances incompatibles pour maintenir la qualit\u00e9 et la stabilit\u00e9 du produit.<\/p>\n","protected":false},"excerpt":{"rendered":"<p>La poudre de fluorure de lithium (LiF) est un compos\u00e9 inorganique constitu\u00e9 d&#8217;ions lithium et fluorure. Il s&#8217;agit d&#8217;un solide cristallin blanc, tr\u00e8s soluble dans l&#8217;eau, qui pr\u00e9sente un certain nombre de propri\u00e9t\u00e9s int\u00e9ressantes, ce qui le rend utile dans diverses applications industrielles et scientifiques. VIMATERIAL propose du fluorure de lithium de haute qualit\u00e9, disponible [&hellip;]<\/p>\n","protected":false},"featured_media":998673,"comment_status":"open","ping_status":"closed","template":"","meta":{"_acf_changed":false},"product_brand":[],"product_cat":[237],"product_tag":[],"class_list":{"0":"post-1047889","1":"product","2":"type-product","3":"status-publish","4":"has-post-thumbnail","6":"product_cat-materiaux-de-la-batterie","8":"first","9":"instock","10":"shipping-taxable","11":"product-type-variable"},"acf":[],"_links":{"self":[{"href":"https:\/\/vimaterial.de\/fr\/wp-json\/wp\/v2\/product\/1047889","targetHints":{"allow":["GET"]}}],"collection":[{"href":"https:\/\/vimaterial.de\/fr\/wp-json\/wp\/v2\/product"}],"about":[{"href":"https:\/\/vimaterial.de\/fr\/wp-json\/wp\/v2\/types\/product"}],"replies":[{"embeddable":true,"href":"https:\/\/vimaterial.de\/fr\/wp-json\/wp\/v2\/comments?post=1047889"}],"wp:featuredmedia":[{"embeddable":true,"href":"https:\/\/vimaterial.de\/fr\/wp-json\/wp\/v2\/media\/998673"}],"wp:attachment":[{"href":"https:\/\/vimaterial.de\/fr\/wp-json\/wp\/v2\/media?parent=1047889"}],"wp:term":[{"taxonomy":"product_brand","embeddable":true,"href":"https:\/\/vimaterial.de\/fr\/wp-json\/wp\/v2\/product_brand?post=1047889"},{"taxonomy":"product_cat","embeddable":true,"href":"https:\/\/vimaterial.de\/fr\/wp-json\/wp\/v2\/product_cat?post=1047889"},{"taxonomy":"product_tag","embeddable":true,"href":"https:\/\/vimaterial.de\/fr\/wp-json\/wp\/v2\/product_tag?post=1047889"}],"curies":[{"name":"wp","href":"https:\/\/api.w.org\/{rel}","templated":true}]}}