{"id":1047866,"date":"2024-06-27T19:49:46","date_gmt":"2024-06-27T11:49:46","guid":{"rendered":"https:\/\/vimaterial.de\/product\/molybdene-metal-7\/"},"modified":"2024-06-27T19:49:46","modified_gmt":"2024-06-27T11:49:46","slug":"molybdene-metal-7","status":"publish","type":"product","link":"https:\/\/vimaterial.de\/fr\/product\/molybdene-metal-7\/","title":{"rendered":"Molybd\u00e8ne m\u00e9tal"},"content":{"rendered":"<p><span style=\"color: #0000ff;\"><a style=\"color: #0000ff;\" href=\"https:\/\/vimaterial.de\/en\/product\/molybdenum-metal\/\">Les cibles tubulaires en molybd\u00e8ne<\/a><\/span> sont des cibles de pulv\u00e9risation tubulaires dont le composant principal est le molybd\u00e8ne. En raison de ses excellentes propri\u00e9t\u00e9s physiques et chimiques, le molybd\u00e8ne joue un r\u00f4le important dans divers domaines de fabrication industrielle tels que l&#8217;a\u00e9rospatiale, l&#8217;\u00e9lectronique et la m\u00e9tallurgie.<\/p>\n<p>Nous offrons des services personnalis\u00e9s et invitons chaleureusement les instituts de recherche \u00e0 collaborer avec nous pour mener des exp\u00e9riences. Les produits de VIMATERIAL se caract\u00e9risent par de petits conditionnements, de faibles quantit\u00e9s minimales de commande et des stocks importants. Nous fournissons \u00e9galement un service apr\u00e8s-vente parfait et une \u00e9quipe technique professionnelle. Pour plus d&#8217;informations, veuillez <span style=\"color: #0000ff;\"><a style=\"color: #0000ff;\" href=\"https:\/\/vimaterial.de\/fr\/contact\/\">nous contacter<\/a><\/span>.<\/p>\n<h2><span style=\"font-size: 14pt;\">Caract\u00e9ristiques<\/span><\/h2>\n<p>Formule mol\u00e9culaire : Molybd\u00e8ne<\/p>\n<p>Poids mol\u00e9culaire : 95,96<\/p>\n<p>Aspect : \u00c9clat m\u00e9tallique blanc gris\u00e2tre<\/p>\n<p>Densit\u00e9 : 10,22 g\/cm3<\/p>\n<p>Point de fusion : 2617\u00b0C<\/p>\n<p>Point d&#8217;\u00e9bullition : 4612\u00b0C<\/p>\n<p>Structure cristalline Structure cristalline cubique centr\u00e9e sur le corps (BCC). Cette structure conf\u00e8re au molybd\u00e8ne une r\u00e9sistance \u00e9lev\u00e9e \u00e0 la temp\u00e9rature, de bonnes propri\u00e9t\u00e9s m\u00e9caniques et une excellente conductivit\u00e9 \u00e9lectrique, ce qui le rend adapt\u00e9 aux applications \u00e0 haute temp\u00e9rature et \u00e0 fortes contraintes.<\/p>\n<h2><span style=\"font-size: 14pt;\">Applications<\/span><\/h2>\n<p>Fabrication de composants a\u00e9rospatiaux : Dans la production de composants a\u00e9rospatiaux, des couches minces de molybd\u00e8ne pulv\u00e9ris\u00e9es \u00e0 partir de cibles rotatives de Mo sont utilis\u00e9es pour fabriquer des pi\u00e8ces r\u00e9sistantes aux temp\u00e9ratures \u00e9lev\u00e9es. Ces composants peuvent r\u00e9sister \u00e0 des temp\u00e9ratures extr\u00eames pendant les vols d&#8217;avions et les lancements de fus\u00e9es, garantissant ainsi la s\u00e9curit\u00e9 et les performances des v\u00e9hicules a\u00e9rospatiaux.<\/p>\n<p>Fabrication de semi-conducteurs : Dans la fabrication des semi-conducteurs, les rev\u00eatements de cibles rotatives en molybd\u00e8ne sont utilis\u00e9s pour cr\u00e9er des \u00e9lectrodes et des couches d&#8217;interconnexion. La conductivit\u00e9 et la stabilit\u00e9 \u00e9lev\u00e9es du molybd\u00e8ne contribuent \u00e0 am\u00e9liorer les performances et la fiabilit\u00e9 des dispositifs \u00e0 semi-conducteurs, en particulier dans les applications \u00e0 haute puissance et \u00e0 haute fr\u00e9quence.<\/p>\n<p>Production d&#8217;alliages d&#8217;acier : Les cibles tubulaires de molybd\u00e8ne sont un \u00e9l\u00e9ment d&#8217;alliage important dans l&#8217;industrie des alliages d&#8217;acier. Gr\u00e2ce au processus de pulv\u00e9risation avec des cibles rotatives de molybd\u00e8ne, le molybd\u00e8ne peut \u00eatre ajout\u00e9 uniform\u00e9ment \u00e0 la surface de l&#8217;acier afin d&#8217;augmenter sa solidit\u00e9, sa duret\u00e9 et sa r\u00e9sistance \u00e0 la corrosion.<\/p>\n<p>Fabrication de feuilles de fond pour \u00e9crans plats : Les cibles rotatives de molybd\u00e8ne sont utilis\u00e9es pour pr\u00e9parer les couches conductrices dans la fabrication de feuilles de fond d&#8217;\u00e9crans plats. Les films de molybd\u00e8ne de haute qualit\u00e9 obtenus \u00e0 partir de cibles rotatives de molybd\u00e8ne contribuent \u00e0 augmenter la mobilit\u00e9 des \u00e9lectrons et \u00e0 r\u00e9duire la r\u00e9sistance \u00e9lectrique, am\u00e9liorant ainsi les performances globales de l&#8217;\u00e9cran.<\/p>\n<h2><span style=\"font-size: 14pt;\">Contr\u00f4le de la qualit\u00e9<\/span><\/h2>\n<p><span style=\"color: #0000ff;\"><a style=\"color: #0000ff;\" href=\"https:\/\/vimaterial.de\/fr\/le-controle-de-la-qualite\/\">Nos produits<\/a> <\/span>suivent un syst\u00e8me d&#8217;assurance qualit\u00e9 strict et complet. Nous contr\u00f4lons strictement les indicateurs cl\u00e9s des cibles, notamment l&#8217;homog\u00e9n\u00e9it\u00e9 de la composition, la densit\u00e9, la duret\u00e9 et la rugosit\u00e9 de la surface. D\u00e8s qu&#8217;un \u00e9cart ou une non-conformit\u00e9 est d\u00e9tect\u00e9, nous lan\u00e7ons un processus de r\u00e9solution des probl\u00e8mes en 8D. Nous proc\u00e9dons \u00e0 des analyses approfondies des causes profondes et prenons des mesures correctives et pr\u00e9ventives efficaces. Parall\u00e8lement, nous conservons des enregistrements d\u00e9taill\u00e9s de l&#8217;ensemble du processus de production afin d&#8217;assurer une tra\u00e7abilit\u00e9 totale de chaque lot, ce qui vous permet d&#8217;avoir une confiance totale dans la qualit\u00e9 de vos produits.<\/p>\n<h2><span style=\"font-size: 14pt;\">Emballage et stockage<\/span><\/h2>\n<p>Les cibles tubulaires en molybd\u00e8ne sont emball\u00e9es professionnellement sous vide dans des caisses en bois personnalis\u00e9es et tr\u00e8s r\u00e9sistantes, remplies de mousse de haute densit\u00e9 et d&#8217;autres mat\u00e9riaux de rembourrage, afin de les prot\u00e9ger contre les collisions et les dommages dus \u00e0 l&#8217;\u00e9crasement pendant le transport.<\/p>\n<p>Les cibles tubulaires en molybd\u00e8ne doivent \u00eatre stock\u00e9es dans un environnement sec et ventil\u00e9, \u00e0 l&#8217;abri de l&#8217;humidit\u00e9 et des agents oxydants puissants, afin d&#8217;\u00e9viter que l&#8217;oxydation et d&#8217;autres r\u00e9actions chimiques n&#8217;affectent leurs performances.<\/p>\n","protected":false},"excerpt":{"rendered":"<p><span style=\"color: #0000ff;\"><a style=\"color: #0000ff;\" href=\"https:\/\/vimaterial.de\/en\/product\/molybdenum-metal\/\">Les cibles tubulaires en molybd\u00e8ne<\/a><\/span> sont des cibles de pulv\u00e9risation tubulaires dont le composant principal est le molybd\u00e8ne. En raison de ses excellentes propri\u00e9t\u00e9s physiques et chimiques, le molybd\u00e8ne joue un r\u00f4le important dans divers domaines de fabrication industrielle tels que l&#8217;a\u00e9rospatiale, l&#8217;\u00e9lectronique et la m\u00e9tallurgie.<\/p>\n","protected":false},"featured_media":1034875,"comment_status":"open","ping_status":"closed","template":"","meta":{"_acf_changed":false},"product_brand":[],"product_cat":[247],"product_tag":[],"class_list":{"0":"post-1047866","1":"product","2":"type-product","3":"status-publish","4":"has-post-thumbnail","6":"product_cat-cibles-de-pulverisation-rotative","8":"first","9":"instock","10":"shipping-taxable","11":"product-type-variable"},"acf":[],"_links":{"self":[{"href":"https:\/\/vimaterial.de\/fr\/wp-json\/wp\/v2\/product\/1047866","targetHints":{"allow":["GET"]}}],"collection":[{"href":"https:\/\/vimaterial.de\/fr\/wp-json\/wp\/v2\/product"}],"about":[{"href":"https:\/\/vimaterial.de\/fr\/wp-json\/wp\/v2\/types\/product"}],"replies":[{"embeddable":true,"href":"https:\/\/vimaterial.de\/fr\/wp-json\/wp\/v2\/comments?post=1047866"}],"wp:featuredmedia":[{"embeddable":true,"href":"https:\/\/vimaterial.de\/fr\/wp-json\/wp\/v2\/media\/1034875"}],"wp:attachment":[{"href":"https:\/\/vimaterial.de\/fr\/wp-json\/wp\/v2\/media?parent=1047866"}],"wp:term":[{"taxonomy":"product_brand","embeddable":true,"href":"https:\/\/vimaterial.de\/fr\/wp-json\/wp\/v2\/product_brand?post=1047866"},{"taxonomy":"product_cat","embeddable":true,"href":"https:\/\/vimaterial.de\/fr\/wp-json\/wp\/v2\/product_cat?post=1047866"},{"taxonomy":"product_tag","embeddable":true,"href":"https:\/\/vimaterial.de\/fr\/wp-json\/wp\/v2\/product_tag?post=1047866"}],"curies":[{"name":"wp","href":"https:\/\/api.w.org\/{rel}","templated":true}]}}