{"id":1047830,"date":"2024-06-17T15:26:16","date_gmt":"2024-06-17T07:26:16","guid":{"rendered":"https:\/\/vimaterial.de\/product\/molybdene-metal-2\/"},"modified":"2024-06-17T15:26:16","modified_gmt":"2024-06-17T07:26:16","slug":"molybdene-metal-2","status":"publish","type":"product","link":"https:\/\/vimaterial.de\/fr\/product\/molybdene-metal-2\/","title":{"rendered":"Molybd\u00e8ne m\u00e9tal"},"content":{"rendered":"<p>Les cibles de pulv\u00e9risation de molybd\u00e8ne sont des mat\u00e9riaux industriels fabriqu\u00e9s \u00e0 partir de m\u00e9tal molybd\u00e8ne de haute puret\u00e9. Elles poss\u00e8dent des points de fusion \u00e9lev\u00e9s, de faibles coefficients de dilatation, une excellente conductivit\u00e9 \u00e9lectrique et thermique et une r\u00e9sistance \u00e0 la corrosion \u00e0 temp\u00e9rature ambiante, ce qui les rend largement utilis\u00e9es dans les puces \u00e0 semi-conducteurs, les panneaux d&#8217;affichage et les cellules solaires.<\/p>\n<p>VIMATERIAL propose des <span style=\"color: #0000ff;\"><a style=\"color: #0000ff;\" href=\"https:\/\/vimaterial.de\/fr\/search\/?type=element&#038;keyword=Mo\">molybd\u00e8ne m\u00e9tal<\/a><\/span> de haute qualit\u00e9 et d&#8217;une grande puret\u00e9. Des tailles personnalis\u00e9es sont disponibles sur demande. <span style=\"color: #0000ff;\"><a style=\"color: #0000ff;\" href=\"https:\/\/vimaterial.de\/fr\/contact\/\">Contactez nous pour plus d&#8217;informations<\/a><\/span> pour plus d&#8217;informations.<\/p>\n<h2><span style=\"font-size: 14pt;\">Propri\u00e9t\u00e9s physiques<\/span><\/h2>\n<p>Formule chimique : Mo<\/p>\n<p>Poids atomique : 95,94 g\/mol<\/p>\n<p>Densit\u00e9 : environ 10,28 g\/cm\u00b3<\/p>\n<p>Point de fusion : 2623\u00b0C<\/p>\n<p>Conductivit\u00e9 thermique : environ 138 W\/(m\u30fbK)<\/p>\n<p>Conductivit\u00e9 \u00e9lectrique : environ 1,87\u00d710\u2076 S\/m<\/p>\n<h2><span style=\"font-size: 14pt;\">Caract\u00e9ristiques <\/span><span style=\"font-size: 14pt;\">de la cible de pulv\u00e9risation de molybd\u00e8ne<\/span><\/h2>\n<p>Haute densit\u00e9 : Ses caract\u00e9ristiques de haute densit\u00e9 permettent de mieux contr\u00f4ler l&#8217;\u00e9mission et le d\u00e9p\u00f4t des particules pulv\u00e9ris\u00e9es au cours du processus de pulv\u00e9risation, ce qui se traduit par une meilleure uniformit\u00e9 de l&#8217;\u00e9paisseur du film et une structure plus dense, am\u00e9liorant ainsi les performances du film.<\/p>\n<p>Bonne conductivit\u00e9 \u00e9lectrique et thermique : Le molybd\u00e8ne poss\u00e8de une bonne conductivit\u00e9 \u00e9lectrique et thermique, ce qui permet de transf\u00e9rer efficacement le courant et la chaleur pendant le processus de pulv\u00e9risation afin d&#8217;assurer la stabilit\u00e9 du processus de pulv\u00e9risation, tout en contribuant \u00e0 am\u00e9liorer la qualit\u00e9 de croissance du film et la force d&#8217;adh\u00e9rence avec le substrat.<\/p>\n<p>Excellente r\u00e9sistance \u00e0 la corrosion : il pr\u00e9sente une bonne r\u00e9sistance \u00e0 la corrosion de la plupart des produits chimiques et peut rester stable dans diff\u00e9rents environnements de travail. Il n&#8217;est pas facile de le corroder ou de l&#8217;oxyder, ce qui prolonge la dur\u00e9e de vie de la cible de pulv\u00e9risation et garantit \u00e9galement la stabilit\u00e9 chimique du film pr\u00e9par\u00e9.<\/p>\n<h2><span style=\"font-size: 14pt;\">Applications de la cible de pulv\u00e9risation de molybd\u00e8ne<\/span><\/h2>\n<p>Industrie \u00e9lectronique : Les cibles de pulv\u00e9risation de molybd\u00e8ne sont utilis\u00e9es pour d\u00e9poser des films dans les circuits int\u00e9gr\u00e9s, tels que les couches de barri\u00e8re et de m\u00e9tallisation, et dans les \u00e9crans plats pour les \u00e9lectrodes TFT et les \u00e9lectrodes arri\u00e8re, am\u00e9liorant ainsi les performances et la fiabilit\u00e9 de l&#8217;appareil.<\/p>\n<p>Champ optique : Utilis\u00e9es pour d\u00e9poser des films optiques tels que des miroirs et des filtres, les cibles de molybd\u00e8ne offrent une grande r\u00e9flectivit\u00e9, une faible absorption et d&#8217;excellentes performances optiques dans l&#8217;infrarouge.<\/p>\n<p>Industrie de la d\u00e9coration : Par pulv\u00e9risation, les cibles de molybd\u00e8ne produisent des rev\u00eatements m\u00e9talliques r\u00e9sistants \u00e0 l&#8217;usure pour les bijoux, les montres et les int\u00e9rieurs d&#8217;automobiles, am\u00e9liorant ainsi l&#8217;esth\u00e9tique et la durabilit\u00e9.<\/p>\n<p>Domaine de l&#8217;\u00e9nergie : Dans les cellules solaires et les batteries \u00e0 couche mince, les cibles de molybd\u00e8ne sont utilis\u00e9es pour d\u00e9poser des \u00e9lectrodes dorsales ou des \u00e9lectrodes \u00e0 couche mince, am\u00e9liorant ainsi la conductivit\u00e9, l&#8217;efficacit\u00e9 et les performances de charge et de d\u00e9charge.<\/p>\n<h2><span style=\"font-size: 14pt;\">Emballage et stockage<\/span><\/h2>\n<p>Les cibles de pulv\u00e9risation de molybd\u00e8ne sont g\u00e9n\u00e9ralement emball\u00e9es dans des mat\u00e9riaux de protection contre l&#8217;humidit\u00e9 et l&#8217;oxydation, souvent avec de la mousse ou un rembourrage pour \u00e9viter les rayures et les dommages pendant le transport.<\/p>\n<p>Elles doivent \u00eatre stock\u00e9es dans un environnement propre, sec et ventil\u00e9, \u00e0 l&#8217;abri de l&#8217;humidit\u00e9, des produits chimiques corrosifs et des temp\u00e9ratures \u00e9lev\u00e9es, afin de pr\u00e9server la qualit\u00e9 et les performances de la surface.<\/p>\n","protected":false},"excerpt":{"rendered":"<p>Les cibles de pulv\u00e9risation de molybd\u00e8ne sont des mat\u00e9riaux industriels fabriqu\u00e9s \u00e0 partir de m\u00e9tal molybd\u00e8ne de haute puret\u00e9. Elles poss\u00e8dent des points de fusion \u00e9lev\u00e9s, de faibles coefficients de dilatation, une excellente conductivit\u00e9 \u00e9lectrique et thermique et une r\u00e9sistance \u00e0 la corrosion \u00e0 temp\u00e9rature ambiante, ce qui les rend largement utilis\u00e9es dans les puces [&hellip;]<\/p>\n","protected":false},"featured_media":1031779,"comment_status":"open","ping_status":"closed","template":"","meta":{"_acf_changed":false},"product_brand":[],"product_cat":[235],"product_tag":[],"class_list":{"0":"post-1047830","1":"product","2":"type-product","3":"status-publish","4":"has-post-thumbnail","6":"product_cat-cibles-de-pulverisation-planaire","8":"first","9":"instock","10":"shipping-taxable","11":"purchasable","12":"product-type-variable"},"acf":[],"_links":{"self":[{"href":"https:\/\/vimaterial.de\/fr\/wp-json\/wp\/v2\/product\/1047830","targetHints":{"allow":["GET"]}}],"collection":[{"href":"https:\/\/vimaterial.de\/fr\/wp-json\/wp\/v2\/product"}],"about":[{"href":"https:\/\/vimaterial.de\/fr\/wp-json\/wp\/v2\/types\/product"}],"replies":[{"embeddable":true,"href":"https:\/\/vimaterial.de\/fr\/wp-json\/wp\/v2\/comments?post=1047830"}],"wp:featuredmedia":[{"embeddable":true,"href":"https:\/\/vimaterial.de\/fr\/wp-json\/wp\/v2\/media\/1031779"}],"wp:attachment":[{"href":"https:\/\/vimaterial.de\/fr\/wp-json\/wp\/v2\/media?parent=1047830"}],"wp:term":[{"taxonomy":"product_brand","embeddable":true,"href":"https:\/\/vimaterial.de\/fr\/wp-json\/wp\/v2\/product_brand?post=1047830"},{"taxonomy":"product_cat","embeddable":true,"href":"https:\/\/vimaterial.de\/fr\/wp-json\/wp\/v2\/product_cat?post=1047830"},{"taxonomy":"product_tag","embeddable":true,"href":"https:\/\/vimaterial.de\/fr\/wp-json\/wp\/v2\/product_tag?post=1047830"}],"curies":[{"name":"wp","href":"https:\/\/api.w.org\/{rel}","templated":true}]}}