{"id":1047767,"date":"2024-06-17T15:26:14","date_gmt":"2024-06-17T07:26:14","guid":{"rendered":"https:\/\/vimaterial.de\/product\/molybdene-metal-6\/"},"modified":"2024-06-17T15:26:14","modified_gmt":"2024-06-17T07:26:14","slug":"molybdene-metal-6","status":"publish","type":"product","link":"https:\/\/vimaterial.de\/fr\/product\/molybdene-metal-6\/","title":{"rendered":"Molybd\u00e8ne m\u00e9tal"},"content":{"rendered":"<p>Le fil de molybd\u00e8ne est un type de fil m\u00e9tallique ayant un point de fusion \u00e9lev\u00e9, une r\u00e9sistance et une duret\u00e9 \u00e9lev\u00e9es, une bonne conductivit\u00e9 \u00e9lectrique, un faible coefficient de dilatation thermique et une excellente r\u00e9sistance \u00e0 la corrosion, etc. Il est pr\u00e9par\u00e9 par la m\u00e9thode de tr\u00e9filage ou la m\u00e9thode combin\u00e9e de laminage et de tr\u00e9filage, et est largement utilis\u00e9 dans les domaines de l&#8217;\u00e9lectronique, de l&#8217;\u00e9clairage, de la fabrication de fours \u00e0 haute temp\u00e9rature, de l&#8217;usinage, de l&#8217;\u00e9quipement chimique, etc.<\/p>\n<p>VIMATERIAL propose des produits de haute qualit\u00e9 <span style=\"color: #0000ff;\"><a style=\"color: #0000ff;\" href=\"https:\/\/vimaterial.de\/fr\/search\/?type=element&#038;keyword=Mo\">molybd\u00e8ne m\u00e9tal<\/a><\/span> de haute qualit\u00e9 et d&#8217;une grande puret\u00e9 ; les dimensions peuvent \u00eatre personnalis\u00e9es. <span style=\"color: #0000ff;\"><a style=\"color: #0000ff;\" href=\"https:\/\/vimaterial.de\/fr\/contact\/\">Contactez nous pour plus d&#8217;informations<\/a><\/span> pour plus d&#8217;informations.<\/p>\n<h2><span style=\"font-size: 14pt;\">Propri\u00e9t\u00e9s physiques<\/span><\/h2>\n<p>Densit\u00e9 : environ 10,2g\/cm\u00b3.<\/p>\n<p>Point de fusion : 2620\u00b110\u00b0C<\/p>\n<p>Point d&#8217;\u00e9bullition : 4639\u2103<\/p>\n<p>Coefficient de dilatation thermique : environ 5,8 x 10-\u2076\/\u00b0C<\/p>\n<p>Conductivit\u00e9 thermique : environ 138 W\/(m\u30fbK)<\/p>\n<p>Conductivit\u00e9 \u00e9lectrique : environ 1,87\u00d710\u2076 S\/m<\/p>\n<p>Module d&#8217;\u00e9lasticit\u00e9 : Typiquement 330 GPa, ou 47900 ksi.<\/p>\n<h2><span style=\"font-size: 14pt;\">Applications du fil de molybd\u00e8ne<\/span><\/h2>\n<p>Industrie \u00e9lectronique : En tant que filament et grille du tube \u00e9lectronique, il peut fonctionner de mani\u00e8re stable \u00e0 haute temp\u00e9rature pour garantir l&#8217;\u00e9mission normale et la fonction d&#8217;amplification du tube \u00e9lectronique. En outre, le fil de molybd\u00e8ne peut \u00e9galement \u00eatre utilis\u00e9 dans la fabrication de dispositifs semi-conducteurs dans les \u00e9lectrodes, les fils, etc., afin de prot\u00e9ger les performances des composants \u00e9lectroniques.<\/p>\n<p>Domaine de l&#8217;\u00e9clairage : Il peut \u00eatre utilis\u00e9 pour fabriquer des filaments pour les lampes \u00e0 incandescence, les lampes halog\u00e8nes au tungst\u00e8ne, etc. Gr\u00e2ce \u00e0 son point de fusion \u00e9lev\u00e9 et \u00e0 ses bonnes propri\u00e9t\u00e9s luminescentes, il peut continuer \u00e0 \u00e9mettre de la lumi\u00e8re \u00e0 des temp\u00e9ratures \u00e9lev\u00e9es et fournir des effets d&#8217;\u00e9clairage stables.<\/p>\n<p>Fabrication de fours \u00e0 haute temp\u00e9rature : Dans les fours \u00e0 haute temp\u00e9rature, le fil de molybd\u00e8ne peut \u00eatre utilis\u00e9 comme \u00e9l\u00e9ment chauffant, convertissant l&#8217;\u00e9nergie \u00e9lectrique en \u00e9nergie thermique et cr\u00e9ant un environnement \u00e0 haute temp\u00e9rature \u00e0 l&#8217;int\u00e9rieur du four. Sa r\u00e9sistance aux temp\u00e9ratures \u00e9lev\u00e9es permet de garantir que l&#8217;\u00e9l\u00e9ment chauffant n&#8217;est pas endommag\u00e9 lors d&#8217;un travail \u00e0 haute temp\u00e9rature de longue dur\u00e9e, et d&#8217;am\u00e9liorer la dur\u00e9e de vie et la fiabilit\u00e9 du four \u00e0 haute temp\u00e9rature.<\/p>\n<p>Traitement m\u00e9canique : Il peut \u00eatre utilis\u00e9 pour fabriquer des pi\u00e8ces m\u00e9caniques sp\u00e9ciales, telles que des ressorts, des attaches, etc. Gr\u00e2ce \u00e0 sa r\u00e9sistance \u00e9lev\u00e9e et \u00e0 sa bonne \u00e9lasticit\u00e9, il peut r\u00e9pondre aux exigences de performance des pi\u00e8ces m\u00e9caniques dans diff\u00e9rentes conditions de travail.<\/p>\n<p>\u00c9quipement chimique : dans la production chimique, le fil de molybd\u00e8ne peut \u00eatre utilis\u00e9 comme mat\u00e9riau r\u00e9sistant \u00e0 la corrosion, utilis\u00e9 dans la fabrication d&#8217;\u00e9changeurs de chaleur, de r\u00e9acteurs et d&#8217;autres composants internes de l&#8217;\u00e9quipement, pour r\u00e9sister \u00e0 la corrosion du milieu chimique, afin d&#8217;assurer le fonctionnement normal de l&#8217;\u00e9quipement.<\/p>\n<h2><span style=\"font-size: 14pt;\">Emballage et stockage<\/span><\/h2>\n<p>Le fil de molybd\u00e8ne est g\u00e9n\u00e9ralement enroul\u00e9 et emball\u00e9 dans des bobines ou des bo\u00eetes de protection pour \u00e9viter les d\u00e9formations et les dommages de surface.<\/p>\n<p>Il doit \u00eatre conserv\u00e9 dans un endroit sec, frais et ventil\u00e9, \u00e0 l&#8217;abri de l&#8217;humidit\u00e9 et des substances corrosives.<\/p>\n","protected":false},"excerpt":{"rendered":"<p>Le fil de molybd\u00e8ne est un type de fil m\u00e9tallique ayant un point de fusion \u00e9lev\u00e9, une r\u00e9sistance et une duret\u00e9 \u00e9lev\u00e9es, une bonne conductivit\u00e9 \u00e9lectrique, un faible coefficient de dilatation thermique et une excellente r\u00e9sistance \u00e0 la corrosion, etc. Il est pr\u00e9par\u00e9 par la m\u00e9thode de tr\u00e9filage ou la m\u00e9thode combin\u00e9e de laminage et [&hellip;]<\/p>\n","protected":false},"featured_media":1031759,"comment_status":"open","ping_status":"closed","template":"","meta":{"_acf_changed":false},"product_brand":[],"product_cat":[245],"product_tag":[],"class_list":{"0":"post-1047767","1":"product","2":"type-product","3":"status-publish","4":"has-post-thumbnail","6":"product_cat-profil-fr","8":"first","9":"instock","10":"shipping-taxable","11":"product-type-variable"},"acf":[],"_links":{"self":[{"href":"https:\/\/vimaterial.de\/fr\/wp-json\/wp\/v2\/product\/1047767","targetHints":{"allow":["GET"]}}],"collection":[{"href":"https:\/\/vimaterial.de\/fr\/wp-json\/wp\/v2\/product"}],"about":[{"href":"https:\/\/vimaterial.de\/fr\/wp-json\/wp\/v2\/types\/product"}],"replies":[{"embeddable":true,"href":"https:\/\/vimaterial.de\/fr\/wp-json\/wp\/v2\/comments?post=1047767"}],"wp:featuredmedia":[{"embeddable":true,"href":"https:\/\/vimaterial.de\/fr\/wp-json\/wp\/v2\/media\/1031759"}],"wp:attachment":[{"href":"https:\/\/vimaterial.de\/fr\/wp-json\/wp\/v2\/media?parent=1047767"}],"wp:term":[{"taxonomy":"product_brand","embeddable":true,"href":"https:\/\/vimaterial.de\/fr\/wp-json\/wp\/v2\/product_brand?post=1047767"},{"taxonomy":"product_cat","embeddable":true,"href":"https:\/\/vimaterial.de\/fr\/wp-json\/wp\/v2\/product_cat?post=1047767"},{"taxonomy":"product_tag","embeddable":true,"href":"https:\/\/vimaterial.de\/fr\/wp-json\/wp\/v2\/product_tag?post=1047767"}],"curies":[{"name":"wp","href":"https:\/\/api.w.org\/{rel}","templated":true}]}}