{"id":1047729,"date":"2024-06-17T15:26:14","date_gmt":"2024-06-17T07:26:14","guid":{"rendered":"https:\/\/vimaterial.de\/product\/molybdene-metal-5\/"},"modified":"2024-06-17T15:26:14","modified_gmt":"2024-06-17T07:26:14","slug":"molybdene-metal-5","status":"publish","type":"product","link":"https:\/\/vimaterial.de\/fr\/product\/molybdene-metal-5\/","title":{"rendered":"Molybd\u00e8ne m\u00e9tal"},"content":{"rendered":"<p>La feuille de molybd\u00e8ne est un type de feuille m\u00e9tallique qui pr\u00e9sente un point de fusion \u00e9lev\u00e9, une r\u00e9sistance et une duret\u00e9 \u00e9lev\u00e9es, une bonne conductivit\u00e9 thermique et \u00e9lectrique, un faible coefficient de dilatation thermique, une excellente r\u00e9sistance \u00e0 la corrosion et une bonne flexibilit\u00e9, etc. Elles sont pr\u00e9par\u00e9es par laminage ou par d\u00e9p\u00f4t chimique en phase vapeur et sont largement utilis\u00e9es dans les domaines de l&#8217;\u00e9lectronique, de l&#8217;optique, de l&#8217;aviation et de l&#8217;a\u00e9rospatiale, de l&#8217;industrie chimique, des soins m\u00e9dicaux, de l&#8217;\u00e9nergie, etc.<\/p>\n<p>VIMATERIAL propose des produits de haute qualit\u00e9 <span style=\"color: #0000ff;\"><a style=\"color: #0000ff;\" href=\"https:\/\/vimaterial.de\/fr\/search\/?type=element&#038;keyword=Mo\">molybd\u00e8ne m\u00e9tal<\/a><\/span> de haute qualit\u00e9 et d&#8217;une grande puret\u00e9 ; les dimensions peuvent \u00eatre adapt\u00e9es \u00e0 vos besoins. <span style=\"color: #0000ff;\"><a style=\"color: #0000ff;\" href=\"https:\/\/vimaterial.de\/fr\/contact\/\">Contactez nous pour plus d&#8217;informations<\/a><\/span> pour plus d&#8217;informations.<\/p>\n<h2><span style=\"font-size: 14pt;\">Propri\u00e9t\u00e9s physiques<\/span><\/h2>\n<p>Point de fusion : environ 2620\u2103-2623\u2103.<\/p>\n<p>Point d&#8217;\u00e9bullition : environ 4639\u2103-5560\u2103.<\/p>\n<p>Densit\u00e9 : 10,2g\/cm\u00b3.<\/p>\n<p>R\u00e9sistivit\u00e9 : environ 0,05\u03a9\u30fbmm\u00b2\/m \u00e0 temp\u00e9rature ambiante, voire moins de 0,5\u03a9\u30fbmm\u00b2 \u00e0 1500\u2103.<\/p>\n<p>Coefficient de dilatation thermique : faible, bonne stabilit\u00e9 thermique, petits changements dimensionnels lors des changements de temp\u00e9rature.<\/p>\n<p>Propri\u00e9t\u00e9s m\u00e9caniques : duret\u00e9 et r\u00e9sistance \u00e9lev\u00e9es, par rapport au tungst\u00e8ne et \u00e0 d&#8217;autres m\u00e9taux plus flexibles, dans une certaine mesure, peuvent \u00eatre pli\u00e9s, pli\u00e9s et autres op\u00e9rations de traitement.<\/p>\n<h2><span style=\"font-size: 14pt;\">Applications des feuilles de molybd\u00e8ne<\/span><\/h2>\n<p>Industrie \u00e9lectronique : Les feuilles de molybd\u00e8ne sont utilis\u00e9es dans les composants \u00e9lectroniques tels que les tubes, les transistors et les circuits int\u00e9gr\u00e9s pour les \u00e9lectrodes, les filaments et les structures de support. Sa bonne conductivit\u00e9, sa r\u00e9sistance aux temp\u00e9ratures \u00e9lev\u00e9es et sa stabilit\u00e9 contribuent \u00e0 prot\u00e9ger les performances des appareils. Elle peut \u00e9galement servir de mat\u00e9riau d&#8217;encapsulation pour am\u00e9liorer la dissipation de la chaleur et la r\u00e9sistance m\u00e9canique.<\/p>\n<p>Domaine de l&#8217;optique : Utilis\u00e9 dans les instruments optiques pour les miroirs, les capots, les filtres et les structures de support. Sa faible dilatation thermique et sa bonne usinabilit\u00e9 garantissent la pr\u00e9cision, la stabilit\u00e9 et la fiabilit\u00e9 des composants optiques.<\/p>\n<p>A\u00e9rospatiale : Les feuilles de molybd\u00e8ne sont utilis\u00e9es dans les pi\u00e8ces de moteurs \u00e0 haute temp\u00e9rature, la protection thermique des engins spatiaux et les structures de satellites. Sa grande solidit\u00e9, sa r\u00e9sistance \u00e0 la chaleur et sa faible densit\u00e9 r\u00e9pondent aux exigences des environnements a\u00e9rospatiaux extr\u00eames.<\/p>\n<p>Industrie chimique : Utilis\u00e9 comme mat\u00e9riau r\u00e9sistant \u00e0 la corrosion pour les r\u00e9acteurs, les \u00e9changeurs de chaleur, les pipelines et les rev\u00eatements de protection. Il r\u00e9siste aux acides, aux alcalis et aux sels, ce qui prolonge la dur\u00e9e de vie des \u00e9quipements et r\u00e9duit les co\u00fbts de maintenance.<\/p>\n<p>Domaine m\u00e9dical : Il est utilis\u00e9 dans les anodes des tubes \u00e0 rayons X, le blindage contre les radiations et d&#8217;autres dispositifs m\u00e9dicaux. Son point de fusion \u00e9lev\u00e9, sa densit\u00e9 et son absorption des rayons garantissent la s\u00e9curit\u00e9 et le bon fonctionnement.<\/p>\n<p>Domaine de l&#8217;\u00e9nergie : Utilis\u00e9 dans les batteries, les piles \u00e0 combustible et d&#8217;autres \u00e9quipements \u00e9nerg\u00e9tiques comme collecteurs d&#8217;\u00e9lectrodes ou supports de membranes, pour am\u00e9liorer les performances et l&#8217;efficacit\u00e9.<\/p>\n<h2><span style=\"font-size: 14pt;\">Emballage et stockage<\/span><\/h2>\n<p>Les feuilles de molybd\u00e8ne sont g\u00e9n\u00e9ralement emball\u00e9es dans des sacs ou des bo\u00eetes scell\u00e9s r\u00e9sistants \u00e0 l&#8217;humidit\u00e9 et \u00e0 l&#8217;oxydation, souvent avec des couches de protection pour \u00e9viter qu&#8217;elles ne se plient ou ne soient endommag\u00e9es pendant le transport.<\/p>\n<p>Elle doit \u00eatre stock\u00e9e dans un environnement sec, ventil\u00e9 et frais, \u00e0 l&#8217;abri de l&#8217;humidit\u00e9, des produits chimiques corrosifs et des temp\u00e9ratures \u00e9lev\u00e9es, afin de pr\u00e9server sa stabilit\u00e9 et la qualit\u00e9 de sa surface.<\/p>\n","protected":false},"excerpt":{"rendered":"<p>La feuille de molybd\u00e8ne est un type de feuille m\u00e9tallique qui pr\u00e9sente un point de fusion \u00e9lev\u00e9, une r\u00e9sistance et une duret\u00e9 \u00e9lev\u00e9es, une bonne conductivit\u00e9 thermique et \u00e9lectrique, un faible coefficient de dilatation thermique, une excellente r\u00e9sistance \u00e0 la corrosion et une bonne flexibilit\u00e9, etc. Elles sont pr\u00e9par\u00e9es par laminage ou par d\u00e9p\u00f4t chimique [&hellip;]<\/p>\n","protected":false},"featured_media":1031754,"comment_status":"open","ping_status":"closed","template":"","meta":{"_acf_changed":false},"product_brand":[],"product_cat":[245],"product_tag":[],"class_list":{"0":"post-1047729","1":"product","2":"type-product","3":"status-publish","4":"has-post-thumbnail","6":"product_cat-profil-fr","8":"first","9":"instock","10":"shipping-taxable","11":"product-type-variable"},"acf":[],"_links":{"self":[{"href":"https:\/\/vimaterial.de\/fr\/wp-json\/wp\/v2\/product\/1047729","targetHints":{"allow":["GET"]}}],"collection":[{"href":"https:\/\/vimaterial.de\/fr\/wp-json\/wp\/v2\/product"}],"about":[{"href":"https:\/\/vimaterial.de\/fr\/wp-json\/wp\/v2\/types\/product"}],"replies":[{"embeddable":true,"href":"https:\/\/vimaterial.de\/fr\/wp-json\/wp\/v2\/comments?post=1047729"}],"wp:featuredmedia":[{"embeddable":true,"href":"https:\/\/vimaterial.de\/fr\/wp-json\/wp\/v2\/media\/1031754"}],"wp:attachment":[{"href":"https:\/\/vimaterial.de\/fr\/wp-json\/wp\/v2\/media?parent=1047729"}],"wp:term":[{"taxonomy":"product_brand","embeddable":true,"href":"https:\/\/vimaterial.de\/fr\/wp-json\/wp\/v2\/product_brand?post=1047729"},{"taxonomy":"product_cat","embeddable":true,"href":"https:\/\/vimaterial.de\/fr\/wp-json\/wp\/v2\/product_cat?post=1047729"},{"taxonomy":"product_tag","embeddable":true,"href":"https:\/\/vimaterial.de\/fr\/wp-json\/wp\/v2\/product_tag?post=1047729"}],"curies":[{"name":"wp","href":"https:\/\/api.w.org\/{rel}","templated":true}]}}