{"id":1047691,"date":"2024-06-17T15:26:15","date_gmt":"2024-06-17T07:26:15","guid":{"rendered":"https:\/\/vimaterial.de\/product\/molybdene-metal-4\/"},"modified":"2024-06-17T15:26:15","modified_gmt":"2024-06-17T07:26:15","slug":"molybdene-metal-4","status":"publish","type":"product","link":"https:\/\/vimaterial.de\/fr\/product\/molybdene-metal-4\/","title":{"rendered":"Molybd\u00e8ne m\u00e9tal"},"content":{"rendered":"<p><span style=\"color: #0000ff;\"><a style=\"color: #0000ff;\" href=\"https:\/\/vimaterial.de\/fr\/search\/?type=name&#038;keyword=molybdenum\">La poudre de molybd\u00e8ne<\/a><\/span> est une sorte de poudre m\u00e9tallique importante qui se caract\u00e9rise par sa grande puret\u00e9, la finesse de ses particules, sa bonne fluidit\u00e9, son point de fusion \u00e9lev\u00e9, sa grande r\u00e9sistance et sa bonne stabilit\u00e9 chimique, etc. Elle est pr\u00e9par\u00e9e par broyage m\u00e9canique et trouve de nombreuses applications dans la m\u00e9tallurgie des poudres, les mat\u00e9riaux \u00e9lectroniques, les catalyseurs, les mat\u00e9riaux de rev\u00eatement et les domaines de l&#8217;\u00e9nergie.<\/p>\n<p>VIMATERIAL propose des poudres de molybd\u00e8ne de haute qualit\u00e9, d&#8217;une grande puret\u00e9 et pr\u00e9sentant une large distribution granulom\u00e9trique. <span style=\"color: #0000ff;\"><a style=\"color: #0000ff;\" href=\"https:\/\/vimaterial.de\/fr\/contact\/\">Contactez nous pour plus d&#8217;informations<\/a><\/span> pour plus d&#8217;informations professionnelles.<\/p>\n<h2><span style=\"font-size: 14pt;\">Propri\u00e9t\u00e9s physiques<\/span><\/h2>\n<p>Formule chimique : Mo<\/p>\n<p>Poids atomique : 95,95 g\/mol<\/p>\n<p>Densit\u00e9 : 10,22 g\/cm\u00b3<\/p>\n<p>Point de fusion : 2610\u2103-2623\u2103.<\/p>\n<p>Point d&#8217;\u00e9bullition : 4639\u2103-5560\u2103.<\/p>\n<p>Couleur : gris argent\u00e9 ou gris fonc\u00e9<\/p>\n<p>R\u00e9sistance \u00e0 la traction : 200-550 MPa<\/p>\n<p>Conductivit\u00e9 thermique : 138 W\/m-K<\/p>\n<h2><span style=\"font-size: 14pt;\">Applications de la poudre m\u00e9tallique de molybd\u00e8ne<\/span><\/h2>\n<p>1. M\u00e9tallurgie des poudres : La poudre de molybd\u00e8ne est m\u00e9lang\u00e9e \u00e0 d&#8217;autres poudres m\u00e9talliques, press\u00e9e et fritt\u00e9e pour produire des pi\u00e8ces en alliage de molybd\u00e8ne telles que des moules, des outils de coupe et des cibles de pulv\u00e9risation. Ces produits sont largement utilis\u00e9s dans l&#8217;usinage, l&#8217;\u00e9lectronique et l&#8217;a\u00e9rospatiale.<\/p>\n<p>2. Mat\u00e9riaux \u00e9lectroniques : Le molybd\u00e8ne est utilis\u00e9 pour fabriquer des p\u00e2tes \u00e9lectroniques et des mat\u00e9riaux d&#8217;emballage. Il aide \u00e0 former des lignes conductrices et des \u00e9lectrodes et am\u00e9liore la conductivit\u00e9 thermique et la r\u00e9sistance m\u00e9canique des composants \u00e9lectroniques.<\/p>\n<p>3. Catalyseurs : En raison de sa grande surface et de sa bonne stabilit\u00e9 chimique, la poudre de molybd\u00e8ne est utilis\u00e9e comme catalyseur ou support de catalyseur dans le traitement p\u00e9trochimique et les r\u00e9actions chimiques, am\u00e9liorant ainsi l&#8217;efficacit\u00e9.<\/p>\n<p>4. Mat\u00e9riaux de rev\u00eatement : Le molybd\u00e8ne est utilis\u00e9 dans la pulv\u00e9risation thermique et le d\u00e9p\u00f4t physique en phase vapeur pour former des rev\u00eatements r\u00e9sistants \u00e0 l&#8217;usure, \u00e0 la corrosion et aux temp\u00e9ratures \u00e9lev\u00e9es.<\/p>\n<p>5. Applications \u00e9nerg\u00e9tiques : La poudre de molybd\u00e8ne est utilis\u00e9e dans les batteries lithium-ion et les piles \u00e0 combustible pour am\u00e9liorer les performances, l&#8217;efficacit\u00e9 et la dur\u00e9e de vie des batteries.<\/p>\n<h2><span style=\"font-size: 14pt;\">Emballage et stockage<\/span><\/h2>\n<p>La poudre de molybd\u00e8ne est g\u00e9n\u00e9ralement emball\u00e9e dans des sacs ou des f\u00fbts scell\u00e9s, r\u00e9sistants \u00e0 l&#8217;humidit\u00e9 et \u00e0 l&#8217;oxydation, souvent avec des mat\u00e9riaux antistatiques et r\u00e9sistants aux chocs pour un transport et un stockage s\u00fbrs.<\/p>\n<p>Elle doit \u00eatre stock\u00e9e dans un environnement sec, ventil\u00e9 et frais, \u00e0 l&#8217;abri de l&#8217;humidit\u00e9, des temp\u00e9ratures \u00e9lev\u00e9es et des acides ou alcalis forts, afin de pr\u00e9server sa stabilit\u00e9 chimique et sa fluidit\u00e9.<\/p>\n","protected":false},"excerpt":{"rendered":"<p>La poudre de molybd\u00e8ne est une sorte de poudre m\u00e9tallique importante qui se caract\u00e9rise par sa grande puret\u00e9, la finesse de ses particules, sa bonne fluidit\u00e9, son point de fusion \u00e9lev\u00e9, sa grande r\u00e9sistance et sa bonne stabilit\u00e9 chimique, etc. Elle est pr\u00e9par\u00e9e par broyage m\u00e9canique et trouve de nombreuses applications dans la m\u00e9tallurgie des [&hellip;]<\/p>\n","protected":false},"featured_media":1049379,"comment_status":"open","ping_status":"closed","template":"","meta":{"_acf_changed":false},"product_brand":[],"product_cat":[250],"product_tag":[],"class_list":{"0":"post-1047691","1":"product","2":"type-product","3":"status-publish","4":"has-post-thumbnail","6":"product_cat-poudre-de-metal-pur-et-dalliage","8":"first","9":"instock","10":"shipping-taxable","11":"purchasable","12":"product-type-variable"},"acf":[],"_links":{"self":[{"href":"https:\/\/vimaterial.de\/fr\/wp-json\/wp\/v2\/product\/1047691","targetHints":{"allow":["GET"]}}],"collection":[{"href":"https:\/\/vimaterial.de\/fr\/wp-json\/wp\/v2\/product"}],"about":[{"href":"https:\/\/vimaterial.de\/fr\/wp-json\/wp\/v2\/types\/product"}],"replies":[{"embeddable":true,"href":"https:\/\/vimaterial.de\/fr\/wp-json\/wp\/v2\/comments?post=1047691"}],"wp:featuredmedia":[{"embeddable":true,"href":"https:\/\/vimaterial.de\/fr\/wp-json\/wp\/v2\/media\/1049379"}],"wp:attachment":[{"href":"https:\/\/vimaterial.de\/fr\/wp-json\/wp\/v2\/media?parent=1047691"}],"wp:term":[{"taxonomy":"product_brand","embeddable":true,"href":"https:\/\/vimaterial.de\/fr\/wp-json\/wp\/v2\/product_brand?post=1047691"},{"taxonomy":"product_cat","embeddable":true,"href":"https:\/\/vimaterial.de\/fr\/wp-json\/wp\/v2\/product_cat?post=1047691"},{"taxonomy":"product_tag","embeddable":true,"href":"https:\/\/vimaterial.de\/fr\/wp-json\/wp\/v2\/product_tag?post=1047691"}],"curies":[{"name":"wp","href":"https:\/\/api.w.org\/{rel}","templated":true}]}}