{"id":1047650,"date":"2024-06-17T15:26:16","date_gmt":"2024-06-17T07:26:16","guid":{"rendered":"https:\/\/vimaterial.de\/product\/molybdene-metal\/"},"modified":"2024-06-17T15:26:16","modified_gmt":"2024-06-17T07:26:16","slug":"molybdene-metal","status":"publish","type":"product","link":"https:\/\/vimaterial.de\/fr\/product\/molybdene-metal\/","title":{"rendered":"Molybd\u00e8ne m\u00e9tal"},"content":{"rendered":"<p>Le fil de molybd\u00e8ne est un type de fil m\u00e9tallique ayant un point de fusion \u00e9lev\u00e9, une r\u00e9sistance \u00e9lev\u00e9e, un faible coefficient de dilatation thermique, etc. Il est produit par m\u00e9tallurgie des poudres ou par fusion et est largement utilis\u00e9 dans les domaines de l&#8217;\u00e9lectronique, de l&#8217;\u00e9lectricit\u00e9, des fours \u00e0 haute temp\u00e9rature, de l&#8217;usinage, de l&#8217;a\u00e9rospatiale et de l&#8217;industrie chimique.<\/p>\n<p>VIMATERIAL propose une grande vari\u00e9t\u00e9 de produits de haute puret\u00e9 \u00e0 base de <span style=\"color: #0000ff;\"><a style=\"color: #0000ff;\" href=\"https:\/\/vimaterial.de\/fr\/search\/?type=name&#038;keyword=molybdenum+metal\">molybd\u00e8ne m\u00e9tal<\/a><\/span> de haute puret\u00e9, notamment des barres de molybd\u00e8ne, des cibles de pulv\u00e9risation de molybd\u00e8ne, de la poudre de molybd\u00e8ne, des feuilles de molybd\u00e8ne et des granul\u00e9s de molybd\u00e8ne. <span style=\"color: #0000ff;\"><a style=\"color: #0000ff;\" href=\"https:\/\/vimaterial.de\/fr\/contact\/\">Contactez nous pour plus d&#8217;informations<\/a><\/span> pour plus d&#8217;informations.<\/p>\n<h2><span style=\"font-size: 14pt;\">Propri\u00e9t\u00e9s des barres de molybd\u00e8ne<\/span><\/h2>\n<p>Point de fusion \u00e9lev\u00e9 : il fond \u00e0 2623\u00b0C, ce qui le rend stable \u00e0 haute temp\u00e9rature et adapt\u00e9 aux environnements thermiques extr\u00eames.<\/p>\n<p>R\u00e9sistance et duret\u00e9 \u00e9lev\u00e9es : Il peut r\u00e9sister \u00e0 des forces importantes sans se d\u00e9former ni se rompre, ce qui est id\u00e9al pour fabriquer des pi\u00e8ces durables et r\u00e9sistantes \u00e0 l&#8217;usure.<\/p>\n<p>Faible dilatation thermique : Il ne se dilate pas beaucoup avec les changements de temp\u00e9rature, ce qui permet de conserver la taille et la pr\u00e9cision des \u00e9quipements sensibles.<\/p>\n<p>Bonne conductivit\u00e9 thermique et \u00e9lectrique : Il conduit efficacement la chaleur et l&#8217;\u00e9lectricit\u00e9, ce qui le rend utile dans les syst\u00e8mes \u00e9lectroniques et \u00e9lectriques.<\/p>\n<p>Excellente r\u00e9sistance \u00e0 la corrosion : Il r\u00e9siste \u00e0 la corrosion caus\u00e9e par de nombreux produits chimiques, ce qui le rend id\u00e9al pour les pi\u00e8ces utilis\u00e9es dans des environnements difficiles.<\/p>\n<h2><span style=\"font-size: 14pt;\">Applications de la barre de molybd\u00e8ne<\/span><\/h2>\n<p>\u00c9lectricit\u00e9 et \u00e9lectronique : Il est utilis\u00e9 comme mat\u00e9riau d&#8217;\u00e9lectrode dans les tubes \u00e9lectroniques, les transistors, les circuits int\u00e9gr\u00e9s et les industries de la lumi\u00e8re comme les filaments pour les lampes \u00e0 incandescence et fluorescentes.<\/p>\n<p>Fours \u00e0 haute temp\u00e9rature : Les pi\u00e8ces en molybd\u00e8ne, comme les \u00e9l\u00e9ments chauffants et les supports, sont utilis\u00e9es dans les fours (\u00e0 vide, \u00e0 r\u00e9sistance, \u00e0 induction) pour maintenir des temp\u00e9ratures stables et am\u00e9liorer l&#8217;efficacit\u00e9 du chauffage et la qualit\u00e9 du produit.<\/p>\n<p>Usinage : Le molybd\u00e8ne est utilis\u00e9 pour fabriquer des outils tels que des forets, des outils de coupe et des moules en raison de sa solidit\u00e9, de sa duret\u00e9 et de sa r\u00e9sistance \u00e0 l&#8217;usure, ce qui am\u00e9liore la dur\u00e9e de vie et la pr\u00e9cision des outils.<\/p>\n<p>A\u00e9rospatiale : Le molybd\u00e8ne est utilis\u00e9 dans les pi\u00e8ces \u00e0 haute temp\u00e9rature des moteurs et des fus\u00e9es, telles que les aubes de turbines et les rev\u00eatements de chambres de combustion, afin de r\u00e9sister aux conditions extr\u00eames.<\/p>\n<p>Industrie chimique : Sa r\u00e9sistance \u00e0 la corrosion en fait un mat\u00e9riau id\u00e9al pour les r\u00e9acteurs chimiques, les \u00e9changeurs de chaleur et les pipelines, permettant \u00e0 ces composants de r\u00e9sister aux mat\u00e9riaux corrosifs et de durer plus longtemps.<\/p>\n<h2><span style=\"font-size: 14pt;\">Emballage et stockage<\/span><\/h2>\n<p>Les barres de molybd\u00e8ne sont g\u00e9n\u00e9ralement emball\u00e9es dans des mat\u00e9riaux r\u00e9sistants \u00e0 l&#8217;humidit\u00e9, tels que des sacs en plastique scell\u00e9s ou des sacs sous vide, afin d&#8217;\u00e9viter l&#8217;oxydation. Elles sont ensuite plac\u00e9es dans des bo\u00eetes en carton solides ou des caisses en bois pour les prot\u00e9ger pendant le transport.<\/p>\n<p>Les barres de molybd\u00e8ne doivent \u00eatre stock\u00e9es dans un environnement sec et frais, \u00e0 l&#8217;abri des temp\u00e9ratures \u00e9lev\u00e9es et de l&#8217;humidit\u00e9. Elles doivent \u00eatre tenues \u00e0 l&#8217;\u00e9cart des substances corrosives et prot\u00e9g\u00e9es des chocs et des rayures.<\/p>\n","protected":false},"excerpt":{"rendered":"<p>Le fil de molybd\u00e8ne est un type de fil m\u00e9tallique ayant un point de fusion \u00e9lev\u00e9, une r\u00e9sistance \u00e9lev\u00e9e, un faible coefficient de dilatation thermique, etc. Il est produit par m\u00e9tallurgie des poudres ou par fusion et est largement utilis\u00e9 dans les domaines de l&#8217;\u00e9lectronique, de l&#8217;\u00e9lectricit\u00e9, des fours \u00e0 haute temp\u00e9rature, de l&#8217;usinage, de [&hellip;]<\/p>\n","protected":false},"featured_media":1031774,"comment_status":"open","ping_status":"closed","template":"","meta":{"_acf_changed":false},"product_brand":[],"product_cat":[245],"product_tag":[],"class_list":{"0":"post-1047650","1":"product","2":"type-product","3":"status-publish","4":"has-post-thumbnail","6":"product_cat-profil-fr","8":"first","9":"instock","10":"shipping-taxable","11":"purchasable","12":"product-type-variable"},"acf":[],"_links":{"self":[{"href":"https:\/\/vimaterial.de\/fr\/wp-json\/wp\/v2\/product\/1047650","targetHints":{"allow":["GET"]}}],"collection":[{"href":"https:\/\/vimaterial.de\/fr\/wp-json\/wp\/v2\/product"}],"about":[{"href":"https:\/\/vimaterial.de\/fr\/wp-json\/wp\/v2\/types\/product"}],"replies":[{"embeddable":true,"href":"https:\/\/vimaterial.de\/fr\/wp-json\/wp\/v2\/comments?post=1047650"}],"wp:featuredmedia":[{"embeddable":true,"href":"https:\/\/vimaterial.de\/fr\/wp-json\/wp\/v2\/media\/1031774"}],"wp:attachment":[{"href":"https:\/\/vimaterial.de\/fr\/wp-json\/wp\/v2\/media?parent=1047650"}],"wp:term":[{"taxonomy":"product_brand","embeddable":true,"href":"https:\/\/vimaterial.de\/fr\/wp-json\/wp\/v2\/product_brand?post=1047650"},{"taxonomy":"product_cat","embeddable":true,"href":"https:\/\/vimaterial.de\/fr\/wp-json\/wp\/v2\/product_cat?post=1047650"},{"taxonomy":"product_tag","embeddable":true,"href":"https:\/\/vimaterial.de\/fr\/wp-json\/wp\/v2\/product_tag?post=1047650"}],"curies":[{"name":"wp","href":"https:\/\/api.w.org\/{rel}","templated":true}]}}