{"id":1047581,"date":"2024-06-17T16:12:08","date_gmt":"2024-06-17T08:12:08","guid":{"rendered":"https:\/\/vimaterial.de\/product\/oxyde-de-dysprosium\/"},"modified":"2024-06-17T16:12:08","modified_gmt":"2024-06-17T08:12:08","slug":"oxyde-de-dysprosium","status":"publish","type":"product","link":"https:\/\/vimaterial.de\/fr\/product\/oxyde-de-dysprosium\/","title":{"rendered":"Oxyde de dysprosium"},"content":{"rendered":"<p><span style=\"color: #0000ff;\"><a style=\"color: #0000ff;\" href=\"https:\/\/vimaterial.de\/fr\/product\/oxyde-de-dysprosium-3\/\">L&#8217;oxyde de dysprosium<\/a><\/span> est un important compos\u00e9 inorganique de terres rares, qui se pr\u00e9sente g\u00e9n\u00e9ralement sous la forme d&#8217;une poudre blanche ou jaune clair. Il est connu pour sa bonne stabilit\u00e9 chimique ainsi que pour ses propri\u00e9t\u00e9s magn\u00e9tiques et optiques uniques. Il est largement utilis\u00e9 dans les mat\u00e9riaux magn\u00e9tiques, les mat\u00e9riaux laser, l&#8217;industrie nucl\u00e9aire et les c\u00e9ramiques fonctionnelles, et joue un r\u00f4le important dans la fabrication de mat\u00e9riaux avanc\u00e9s et la recherche scientifique.<\/p>\n<p>VIMATERIAL propose de l&#8217;<strong>oxyde de dysprosium de haute qualit\u00e9<\/strong>, d&#8217;une grande puret\u00e9 et aux propri\u00e9t\u00e9s stables, adapt\u00e9 aux mat\u00e9riaux magn\u00e9tiques, aux lasers, aux c\u00e9ramiques et \u00e0 d&#8217;autres applications industrielles et de recherche de pointe. Des solutions et des services personnalis\u00e9s sont disponibles sur demande. N&#8217;h\u00e9sitez pas \u00e0<span style=\"color: #0000ff;\"><a style=\"color: #0000ff;\" href=\"https:\/\/vimaterial.de\/fr\/contact\/\"> nous contacter<\/a>.<\/span><\/p>\n<h2><span style=\"font-size: 14pt;\">Propri\u00e9t\u00e9s physiques<\/span><\/h2>\n<p>Formule mol\u00e9culaire : Dy\u2082O\u2083<\/p>\n<p>Poids mol\u00e9culaire : 373,00 g\/mol<\/p>\n<p>Aspect : Blanc \u00e0 jaune clair<\/p>\n<p>Densit\u00e9 : 7,81 g\/cm\u00b3 (25\u00b0C)<\/p>\n<p>Point de fusion : 2330 &#8211; 2352\u00b0C<\/p>\n<p>Structure cristalline : Syst\u00e8me cristallin cubique<\/p>\n<p>Solubilit\u00e9 : insoluble dans l&#8217;eau, soluble dans l&#8217;acide concentr\u00e9 chaud.<\/p>\n<p>Stabilit\u00e9 : Stable dans l&#8217;air, doit \u00eatre scell\u00e9 contre l&#8217;humidit\u00e9.<\/p>\n<h2><span style=\"font-size: 14pt;\">Applications de l&#8217;oxyde de dysprosium<\/span><\/h2>\n<p>Mat\u00e9riaux magn\u00e9tiques permanents : l&#8217;ajout d&#8217;environ 2 \u00e0 3 % d&#8217;oxyde de dysprosium aux aimants permanents NdFeB peut am\u00e9liorer consid\u00e9rablement leur coercivit\u00e9, ce qui constitue un additif important pour les aimants NdFeB.<\/p>\n<p>Optique : L&#8217;oxyde de dysprosium peut \u00eatre utilis\u00e9 dans la fabrication de lampes aux halog\u00e9nures m\u00e9talliques et d&#8217;autres sources d&#8217;\u00e9clairage pour am\u00e9liorer l&#8217;efficacit\u00e9 lumineuse et le rendu des couleurs des sources lumineuses. Il peut \u00e9galement \u00eatre utilis\u00e9 dans la fabrication de lampes au dysprosium, qui constituent un nouveau type de source lumineuse dot\u00e9e d&#8217;une grande luminosit\u00e9 et d&#8217;une bonne couleur de lumi\u00e8re, et \u00eatre utilis\u00e9 comme rev\u00eatement d&#8217;anode.<\/p>\n<p>Mat\u00e9riaux de stockage magn\u00e9to-optique : Ces mat\u00e9riaux peuvent \u00eatre utilis\u00e9s pour pr\u00e9parer des mat\u00e9riaux de stockage magn\u00e9to-optiques, qui utilisent l&#8217;effet magn\u00e9to-optique pour stocker et lire des informations.<\/p>\n<p>Industrie du verre : L&#8217;ajout d&#8217;une quantit\u00e9 appropri\u00e9e d&#8217;oxyde de dysprosium peut am\u00e9liorer les propri\u00e9t\u00e9s optiques et la stabilit\u00e9 thermique et chimique du verre.<\/p>\n<h2><span style=\"font-size: 14pt;\">Contr\u00f4le de la qualit\u00e9<\/span><\/h2>\n<p><span style=\"color: #0000ff;\"><a style=\"color: #0000ff;\" href=\"https:\/\/vimaterial.de\/fr\/le-controle-de-la-qualite\/\">VI HALBLEITERMATERIAL GmbH <\/a><\/span>met en \u0153uvre un contr\u00f4le strict de la qualit\u00e9 de l&#8217;ensemble du processus et un m\u00e9canisme de r\u00e9solution des probl\u00e8mes en 8D afin de garantir que les produits sont conformes aux normes REACH, ASTM et industrielles, et de soutenir le d\u00e9veloppement durable et la tra\u00e7abilit\u00e9 de la cha\u00eene d&#8217;approvisionnement. L&#8217;entreprise s&#8217;engage \u00e0 fournir \u00e0 ses clients des produits et des services de haute qualit\u00e9 en g\u00e9rant l&#8217;ensemble du processus, de la R&amp;D \u00e0 la livraison, et en adh\u00e9rant au principe de retravailler les produits non conformes.<\/p>\n<h2><span style=\"font-size: 14pt;\">Emballage<\/span><\/h2>\n<p>Emballage int\u00e9rieur : Embouteill\u00e9 ou ensach\u00e9, puis scell\u00e9 sous vide.<\/p>\n<p>Emballage ext\u00e9rieur : Les produits scell\u00e9s sous vide sont plac\u00e9s dans des cartons sp\u00e9cialement con\u00e7us \u00e0 cet effet.<\/p>\n<p>Emballage personnalis\u00e9 : La capacit\u00e9 et les formats d&#8217;emballage peuvent \u00eatre personnalis\u00e9s en fonction des besoins du client.<\/p>\n<h2><span style=\"font-size: 14pt;\">Manutention et stockage<\/span><\/h2>\n<p>Manipulation : Manipuler dans un endroit bien ventil\u00e9 et \u00e9viter la formation de poussi\u00e8re. Porter un \u00e9quipement de protection appropri\u00e9.<\/p>\n<p>Stockage : Stocker dans des r\u00e9cipients herm\u00e9tiquement ferm\u00e9s dans un endroit frais et sec, \u00e0 l&#8217;abri de l&#8217;humidit\u00e9.<\/p>\n","protected":false},"excerpt":{"rendered":"<p>L&#8217;oxyde de dysprosium est un important compos\u00e9 inorganique de terres rares, qui se pr\u00e9sente g\u00e9n\u00e9ralement sous la forme d&#8217;une poudre blanche ou jaune clair. Il est connu pour sa bonne stabilit\u00e9 chimique ainsi que pour ses propri\u00e9t\u00e9s magn\u00e9tiques et optiques uniques. Il est largement utilis\u00e9 dans les mat\u00e9riaux magn\u00e9tiques, les mat\u00e9riaux laser, l&#8217;industrie nucl\u00e9aire et [&hellip;]<\/p>\n","protected":false},"featured_media":1038564,"comment_status":"open","ping_status":"closed","template":"","meta":{"_acf_changed":false},"product_brand":[],"product_cat":[241,243],"product_tag":[],"class_list":{"0":"post-1047581","1":"product","2":"type-product","3":"status-publish","4":"has-post-thumbnail","6":"product_cat-materiaux-a-base-de-terres-rares","7":"product_cat-materiaux-oxydes-hydroxydes","9":"first","10":"instock","11":"shipping-taxable","12":"purchasable","13":"product-type-variable"},"acf":[],"_links":{"self":[{"href":"https:\/\/vimaterial.de\/fr\/wp-json\/wp\/v2\/product\/1047581","targetHints":{"allow":["GET"]}}],"collection":[{"href":"https:\/\/vimaterial.de\/fr\/wp-json\/wp\/v2\/product"}],"about":[{"href":"https:\/\/vimaterial.de\/fr\/wp-json\/wp\/v2\/types\/product"}],"replies":[{"embeddable":true,"href":"https:\/\/vimaterial.de\/fr\/wp-json\/wp\/v2\/comments?post=1047581"}],"wp:featuredmedia":[{"embeddable":true,"href":"https:\/\/vimaterial.de\/fr\/wp-json\/wp\/v2\/media\/1038564"}],"wp:attachment":[{"href":"https:\/\/vimaterial.de\/fr\/wp-json\/wp\/v2\/media?parent=1047581"}],"wp:term":[{"taxonomy":"product_brand","embeddable":true,"href":"https:\/\/vimaterial.de\/fr\/wp-json\/wp\/v2\/product_brand?post=1047581"},{"taxonomy":"product_cat","embeddable":true,"href":"https:\/\/vimaterial.de\/fr\/wp-json\/wp\/v2\/product_cat?post=1047581"},{"taxonomy":"product_tag","embeddable":true,"href":"https:\/\/vimaterial.de\/fr\/wp-json\/wp\/v2\/product_tag?post=1047581"}],"curies":[{"name":"wp","href":"https:\/\/api.w.org\/{rel}","templated":true}]}}