{"id":1047550,"date":"2024-06-17T15:26:18","date_gmt":"2024-06-17T07:26:18","guid":{"rendered":"https:\/\/vimaterial.de\/product\/chlorure-de-molybdene\/"},"modified":"2024-06-17T15:26:18","modified_gmt":"2024-06-17T07:26:18","slug":"chlorure-de-molybdene","status":"publish","type":"product","link":"https:\/\/vimaterial.de\/fr\/product\/chlorure-de-molybdene\/","title":{"rendered":"Chlorure de molybd\u00e8ne"},"content":{"rendered":"<p><span style=\"color: #0000ff;\"><a style=\"color: #0000ff;\" href=\"https:\/\/vimaterial.de\/fr\/search\/?type=name&#038;keyword=Molybdenum+Chloride\">Le chlorure de molybd\u00e8ne<\/a><\/span> (MoCl\u2085) est un compos\u00e9 inorganique important, qui se pr\u00e9sente g\u00e9n\u00e9ralement sous la forme d&#8217;un cristal ou d&#8217;une poudre de couleur sombre, et qui se caract\u00e9rise par une grande r\u00e9activit\u00e9. Il est largement utilis\u00e9 dans la catalyse de la synth\u00e8se organique, les r\u00e9actifs chimiques et la recherche sur les mat\u00e9riaux, jouant un r\u00f4le important dans la chimie fine et la recherche scientifique.<\/p>\n<p>Nous fournissons du pentachlorure de molybd\u00e8ne de haute qualit\u00e9, d&#8217;une grande puret\u00e9 et d&#8217;une performance stable, convenant \u00e0 des applications telles que la catalyse de synth\u00e8se organique, les r\u00e9actifs chimiques et la recherche. Si vous avez des exigences, n&#8217;h\u00e9sitez pas \u00e0 nous contacter ; nous vous proposerons des solutions et des services professionnels et personnalis\u00e9s en fonction de vos besoins d&#8217;application sp\u00e9cifiques et de vos exigences techniques.<\/p>\n<h2><span style=\"font-size: 14pt;\">Propri\u00e9t\u00e9s physiques <\/span><\/h2>\n<p>Formule chimique\uff1a MoCl\u2085<\/p>\n<p>Poids mol\u00e9culaire : 273,20 g\/mol<\/p>\n<p>Aspect : Noir verd\u00e2tre<\/p>\n<p>Point de fusion : Se d\u00e9compose autour de 194 \u00b0C.<\/p>\n<p>Solubilit\u00e9 : s&#8217;hydrolyse dans l&#8217;eau et r\u00e9agit \u00e0 l&#8217;humidit\u00e9 de l&#8217;air.<\/p>\n<p>Structure : MoCl\u2085 est g\u00e9n\u00e9ralement dim\u00e9rique \u00e0 l&#8217;\u00e9tat solide, formant des unit\u00e9s (MoCl\u2085)\u2082.<\/p>\n<h2><span style=\"font-size: 14pt;\">Applications de la poudre de chlorure de molybd\u00e8ne(V)<\/span><\/h2>\n<p><strong>1. Catalyse :<\/strong> Le chlorure de molybd\u00e8ne est utilis\u00e9 comme catalyseur dans la synth\u00e8se organique, en particulier dans des r\u00e9actions telles que la polym\u00e9risation des ol\u00e9fines et d&#8217;autres types de transformations chimiques o\u00f9 le molybd\u00e8ne peut agir comme un acide de Lewis.<\/p>\n<p><strong>2. Science des mat\u00e9riaux :<\/strong> Le chlorure de molybd\u00e8ne est utilis\u00e9 dans la pr\u00e9paration de compos\u00e9s et de mat\u00e9riaux \u00e0 base de molybd\u00e8ne, qui sont utilis\u00e9s dans des applications \u00e0 haute temp\u00e9rature et r\u00e9sistantes \u00e0 la corrosion.<\/p>\n<p><strong>3. Pr\u00e9curseurs de films minces :<\/strong> MoCl\u2085 peut servir de pr\u00e9curseur pour le d\u00e9p\u00f4t de couches minces de molybd\u00e8ne ou de compos\u00e9s contenant du molybd\u00e8ne, en particulier dans l&#8217;\u00e9lectronique et la fabrication de semi-conducteurs.<\/p>\n<p><strong>4. Synth\u00e8se de compos\u00e9s de molybd\u00e8ne :<\/strong> MoCl\u2085 est utilis\u00e9 pour synth\u00e9tiser d&#8217;autres compos\u00e9s de molybd\u00e8ne, tels que des oxydes, des sulfures et des halog\u00e9nures de molybd\u00e8ne, qui ont diverses applications en catalyse et en science des mat\u00e9riaux.<\/p>\n<h2><span style=\"font-size: 14pt;\">Manipulation et stockage<\/span><\/h2>\n<p><strong>Conditions de manipulation :<\/strong> Le pentachlorure de molybd\u00e8ne est tr\u00e8s r\u00e9actif et doit \u00eatre manipul\u00e9 dans un environnement sec et bien ventil\u00e9. Une exposition prolong\u00e9e \u00e0 l&#8217;humidit\u00e9 et \u00e0 l&#8217;air doit \u00eatre \u00e9vit\u00e9e. Il est recommand\u00e9 d&#8217;op\u00e9rer sous atmosph\u00e8re inerte et de porter des \u00e9quipements de protection individuelle appropri\u00e9s, tels que des gants de protection, des lunettes de s\u00e9curit\u00e9 et des v\u00eatements de laboratoire, afin d&#8217;\u00e9viter l&#8217;irritation ou la corrosion de la peau et des yeux.<\/p>\n<p><strong>Conditions de stockage :<\/strong> Le chlorure de molybd\u00e8ne doit \u00eatre stock\u00e9 dans un r\u00e9cipient herm\u00e9tiquement ferm\u00e9, dans un endroit frais et sec, \u00e0 l&#8217;abri de l&#8217;humidit\u00e9 et des agents oxydants puissants. Il est recommand\u00e9 d&#8217;utiliser des r\u00e9cipients pr\u00e9sentant une bonne r\u00e9sistance \u00e0 la corrosion et une fermeture herm\u00e9tique. Le stockage sous gaz inerte ou dans un environnement sec est pr\u00e9f\u00e9rable pour maintenir la stabilit\u00e9 chimique et la qualit\u00e9 du produit.<\/p>\n<h2><span style=\"font-size: 14pt;\">Emballage du pentachlorure de molybd\u00e8ne en poudre<\/span><\/h2>\n<p>Le pentachlorure de molybd\u00e8ne en poudre est g\u00e9n\u00e9ralement conditionn\u00e9 dans des conteneurs herm\u00e9tiques rev\u00eatus de mat\u00e9riaux inertes afin de l&#8217;isoler efficacement de l&#8217;air et de l&#8217;humidit\u00e9. Diff\u00e9rentes tailles et sp\u00e9cifications d&#8217;emballage peuvent \u00eatre fournies en fonction des besoins du client, afin de garantir la stabilit\u00e9 de la qualit\u00e9 et la s\u00e9curit\u00e9 pendant le transport et le stockage.<\/p>\n<p>Produits apparent\u00e9s<\/p>\n<table style=\"border-collapse: collapse; width: 100%; height: 48px;\">\n<tbody>\n<tr style=\"height: 24px;\">\n<td style=\"width: 33.3333%; height: 24px;\"><strong><span style=\"color: #0000ff;\"><a style=\"color: #0000ff;\" href=\"https:\/\/vimaterial.de\/fr\/search\/?type=name&#038;keyword=Molybdenum+metal\">Molybd\u00e8ne m\u00e9tal<\/a><\/span><\/strong><\/td>\n<td style=\"width: 33.3333%; height: 24px;\"><strong><span style=\"color: #0000ff;\"><a style=\"color: #0000ff;\" href=\"https:\/\/vimaterial.de\/fr\/search\/?type=name&#038;keyword=Molybdenum+oxide\">Oxyde de molybd\u00e8ne<\/a><\/span><\/strong><\/td>\n<td style=\"width: 33.3333%; height: 24px;\"><strong><span style=\"color: #0000ff;\"><a style=\"color: #0000ff;\" href=\"https:\/\/vimaterial.de\/fr\/search\/?type=name&#038;keyword=Molybdenum+sulfide\">Sulfure de molybd\u00e8ne<\/a><\/span><\/strong><\/td>\n<\/tr>\n<tr style=\"height: 24px;\">\n<td style=\"width: 33.3333%; height: 24px;\"><strong><span style=\"color: #0000ff;\"><a style=\"color: #0000ff;\" href=\"https:\/\/vimaterial.de\/fr\/search\/?type=name&#038;keyword=Molybdenum+boride\">Borure de molybd\u00e8ne<\/a><\/span><\/strong><\/td>\n<td style=\"width: 33.3333%; height: 24px;\"><strong><span style=\"color: #0000ff;\"><a style=\"color: #0000ff;\" href=\"https:\/\/vimaterial.de\/fr\/search\/?type=name&#038;keyword=Molybdenum+carbide\">Carbure de molybd\u00e8ne<\/a><\/span><\/strong><\/td>\n<td style=\"width: 33.3333%; height: 24px;\"><strong><span style=\"color: #0000ff;\"><a style=\"color: #0000ff;\" href=\"https:\/\/vimaterial.de\/fr\/search\/?type=name&#038;keyword=Molybdenum+silicide\">Siliciure de molybd\u00e8ne<\/a><\/span><\/strong><\/td>\n<\/tr>\n<\/tbody>\n<\/table>\n","protected":false},"excerpt":{"rendered":"<p>Le chlorure de molybd\u00e8ne (MoCl\u2085) est un compos\u00e9 inorganique important, qui se pr\u00e9sente g\u00e9n\u00e9ralement sous la forme d&#8217;un cristal ou d&#8217;une poudre de couleur sombre, et qui se caract\u00e9rise par une grande r\u00e9activit\u00e9. Il est largement utilis\u00e9 dans la catalyse de la synth\u00e8se organique, les r\u00e9actifs chimiques et la recherche sur les mat\u00e9riaux, jouant un [&hellip;]<\/p>\n","protected":false},"featured_media":1031809,"comment_status":"open","ping_status":"closed","template":"","meta":{"_acf_changed":false},"product_brand":[],"product_cat":[239],"product_tag":[],"class_list":{"0":"post-1047550","1":"product","2":"type-product","3":"status-publish","4":"has-post-thumbnail","6":"product_cat-materiaux-halogenes","8":"first","9":"instock","10":"shipping-taxable","11":"purchasable","12":"product-type-variable"},"acf":[],"_links":{"self":[{"href":"https:\/\/vimaterial.de\/fr\/wp-json\/wp\/v2\/product\/1047550","targetHints":{"allow":["GET"]}}],"collection":[{"href":"https:\/\/vimaterial.de\/fr\/wp-json\/wp\/v2\/product"}],"about":[{"href":"https:\/\/vimaterial.de\/fr\/wp-json\/wp\/v2\/types\/product"}],"replies":[{"embeddable":true,"href":"https:\/\/vimaterial.de\/fr\/wp-json\/wp\/v2\/comments?post=1047550"}],"wp:featuredmedia":[{"embeddable":true,"href":"https:\/\/vimaterial.de\/fr\/wp-json\/wp\/v2\/media\/1031809"}],"wp:attachment":[{"href":"https:\/\/vimaterial.de\/fr\/wp-json\/wp\/v2\/media?parent=1047550"}],"wp:term":[{"taxonomy":"product_brand","embeddable":true,"href":"https:\/\/vimaterial.de\/fr\/wp-json\/wp\/v2\/product_brand?post=1047550"},{"taxonomy":"product_cat","embeddable":true,"href":"https:\/\/vimaterial.de\/fr\/wp-json\/wp\/v2\/product_cat?post=1047550"},{"taxonomy":"product_tag","embeddable":true,"href":"https:\/\/vimaterial.de\/fr\/wp-json\/wp\/v2\/product_tag?post=1047550"}],"curies":[{"name":"wp","href":"https:\/\/api.w.org\/{rel}","templated":true}]}}