{"id":1047461,"date":"2024-06-18T18:28:43","date_gmt":"2024-06-18T10:28:43","guid":{"rendered":"https:\/\/vimaterial.de\/product\/carbure-de-bore-3\/"},"modified":"2024-06-18T18:28:43","modified_gmt":"2024-06-18T10:28:43","slug":"carbure-de-bore-3","status":"publish","type":"product","link":"https:\/\/vimaterial.de\/fr\/product\/carbure-de-bore-3\/","title":{"rendered":"Carbure de bore"},"content":{"rendered":"<p>La poudre <span style=\"color: #0000ff;\"><a style=\"color: #0000ff;\" href=\"https:\/\/vimaterial.de\/fr\/product\/carbure-de-bore\/\">de carbure de bore<\/a><\/span><br \/>\nest un compos\u00e9 covalent dur compos\u00e9 de bore et de carbone. C&#8217;est l&#8217;un des mat\u00e9riaux les plus durs connus et il est couramment utilis\u00e9 dans des applications n\u00e9cessitant durabilit\u00e9, r\u00e9sistance \u00e0 l&#8217;usure et hautes performances, principalement dans les outils abrasifs, les mat\u00e9riaux r\u00e9fractaires, les semi-conducteurs et d&#8217;autres applications.<\/p>\n<p>VIMATERIAL produit des poudres de haute puret\u00e9, \u00e0 faible teneur en impuret\u00e9s et de taille de particules uniforme, tandis que nos produits sont disponibles en petits emballages, avec des quantit\u00e9s minimales de commande r\u00e9duites et des d\u00e9lais de livraison courts. Nous sommes profond\u00e9ment engag\u00e9s dans l&#8217;innovation des mat\u00e9riaux chimiques inorganiques et disposons d&#8217;une \u00e9quipe technique exp\u00e9riment\u00e9e pour soutenir toute personnalisation et tout d\u00e9veloppement de nouveaux produits. Si vous en avez besoin, <span style=\"color: #0000ff;\"><a style=\"color: #0000ff;\" href=\"https:\/\/vimaterial.de\/fr\/contact\/\">contactez-nous<\/a><\/span><br \/>\n.<\/p>\n<h2><span style=\"font-size: 14pt;\">Caract\u00e9ristiques<\/span><\/h2>\n<p>Formule : B\u2084C<\/p>\n<p>Poids mol\u00e9culaire : 55,25 g\/mol.<\/p>\n<p>Aspect : noir ou gris fonc\u00e9.<\/p>\n<p>Duret\u00e9 : le carbure de bore est extr\u00eamement dur, avec une duret\u00e9 d&#8217;environ 9,3 sur l&#8217;\u00e9chelle de Mohs.<\/p>\n<p>Densit\u00e9 : ~2,52 g\/cm\u00b3.<\/p>\n<p>Point de fusion : environ 2 350 \u00b0C (4 270 \u00b0F).<\/p>\n<p>Structure cristalline : syst\u00e8me cristallin hexagonal, groupe d&#8217;espace R-3m. Dans sa structure cristalline, les atomes de carbone et de bore sont reli\u00e9s entre eux par des liaisons covalentes, formant une structure r\u00e9seau tridimensionnelle complexe et ordonn\u00e9e.<\/p>\n<h2><span style=\"font-size: 14pt;\">Applications<\/span><\/h2>\n<p><strong>Abrasifs :<\/strong><br \/>\nen raison de son extr\u00eame duret\u00e9, le carbure de bore est largement utilis\u00e9 comme mat\u00e9riau abrasif dans les outils de meulage, de polissage et de coupe, en particulier pour les mat\u00e9riaux durs tels que les m\u00e9taux, les c\u00e9ramiques et les composites.<\/p>\n<p><strong>Mat\u00e9riaux r\u00e9fractaires :<\/strong><br \/>\nson point de fusion \u00e9lev\u00e9 rend le carbure de bore utile dans les applications \u00e0 haute temp\u00e9rature, telles que les creusets pour la manipulation de m\u00e9taux fondus et les boucliers thermiques.<\/p>\n<p><strong>Semi-conducteurs :<\/strong><br \/>\nle carbure de bore est utilis\u00e9 dans la fabrication de semi-conducteurs, en particulier dans les applications o\u00f9 sa stabilit\u00e9 \u00e0 haute temp\u00e9rature et ses propri\u00e9t\u00e9s isolantes sont requises.<\/p>\n<h2><span style=\"font-size: 14pt;\">Contr\u00f4le qualit\u00e9<\/span><\/h2>\n<p><span style=\"color: #0000ff;\"><a style=\"color: #0000ff;\" href=\"https:\/\/vimaterial.de\/fr\/le-controle-de-la-qualite\/\">Nos produits<\/a><\/span><br \/>\nsont soumis \u00e0 un syst\u00e8me de gestion de la qualit\u00e9 complet et rigoureux. De la s\u00e9lection minutieuse des mati\u00e8res premi\u00e8res, au traitement, en passant par le contr\u00f4le strict de la temp\u00e9rature, de la pression et d&#8217;autres param\u00e8tres du processus afin de garantir une taille de particules uniforme et une composition stable des granul\u00e9s, jusqu&#8217;\u00e0 l&#8217;inspection finale et aux tests en usine, chaque \u00e9tape du processus est soumise \u00e0 des normes d&#8217;inspection strictes. Nous pouvons fournir des \u00e9chantillons pour une nouvelle inspection par les clients en fonction de leurs exigences sp\u00e9cifiques.<\/p>\n<h2><span style=\"font-size: 14pt;\">Emballage et stockage<\/span><\/h2>\n<p>La poudre de carbure de bore est conditionn\u00e9e dans des sacs ou des bouteilles \u00e0 double vide, et l&#8217;emballage ext\u00e9rieur est en carton afin de garantir la s\u00e9curit\u00e9 du transport.<\/p>\n<p>La poudre de carbure de bore doit \u00eatre stock\u00e9e dans un environnement sec et propre, \u00e0 une temp\u00e9rature appropri\u00e9e et \u00e0 l&#8217;abri des gaz corrosifs, et emball\u00e9e sous vide avec un film lamin\u00e9 afin d&#8217;\u00e9viter toute humidit\u00e9, oxydation ou contamination susceptible d&#8217;affecter ses performances.<\/p>\n","protected":false},"excerpt":{"rendered":"<p>La poudre de carbure de bore est un compos\u00e9 covalent dur compos\u00e9 de bore et de carbone. C&#8217;est l&#8217;un des mat\u00e9riaux les plus durs connus et il est couramment utilis\u00e9 dans des applications n\u00e9cessitant durabilit\u00e9, r\u00e9sistance \u00e0 l&#8217;usure et hautes performances, principalement dans les outils abrasifs, les mat\u00e9riaux r\u00e9fractaires, les semi-conducteurs et d&#8217;autres applications. VIMATERIAL [&hellip;]<\/p>\n","protected":false},"featured_media":999126,"comment_status":"open","ping_status":"closed","template":"","meta":{"_acf_changed":false},"product_brand":[],"product_cat":[240],"product_tag":[],"class_list":{"0":"post-1047461","1":"product","2":"type-product","3":"status-publish","4":"has-post-thumbnail","6":"product_cat-materiaux-c-n-b-si","8":"first","9":"instock","10":"shipping-taxable","11":"purchasable","12":"product-type-variable"},"acf":[],"_links":{"self":[{"href":"https:\/\/vimaterial.de\/fr\/wp-json\/wp\/v2\/product\/1047461","targetHints":{"allow":["GET"]}}],"collection":[{"href":"https:\/\/vimaterial.de\/fr\/wp-json\/wp\/v2\/product"}],"about":[{"href":"https:\/\/vimaterial.de\/fr\/wp-json\/wp\/v2\/types\/product"}],"replies":[{"embeddable":true,"href":"https:\/\/vimaterial.de\/fr\/wp-json\/wp\/v2\/comments?post=1047461"}],"wp:featuredmedia":[{"embeddable":true,"href":"https:\/\/vimaterial.de\/fr\/wp-json\/wp\/v2\/media\/999126"}],"wp:attachment":[{"href":"https:\/\/vimaterial.de\/fr\/wp-json\/wp\/v2\/media?parent=1047461"}],"wp:term":[{"taxonomy":"product_brand","embeddable":true,"href":"https:\/\/vimaterial.de\/fr\/wp-json\/wp\/v2\/product_brand?post=1047461"},{"taxonomy":"product_cat","embeddable":true,"href":"https:\/\/vimaterial.de\/fr\/wp-json\/wp\/v2\/product_cat?post=1047461"},{"taxonomy":"product_tag","embeddable":true,"href":"https:\/\/vimaterial.de\/fr\/wp-json\/wp\/v2\/product_tag?post=1047461"}],"curies":[{"name":"wp","href":"https:\/\/api.w.org\/{rel}","templated":true}]}}