{"id":1046976,"date":"2025-11-25T15:43:03","date_gmt":"2025-11-25T07:43:03","guid":{"rendered":"https:\/\/vimaterial.de\/product\/nitrure-de-silicium-4\/"},"modified":"2025-11-25T15:43:03","modified_gmt":"2025-11-25T07:43:03","slug":"nitrure-de-silicium-4","status":"publish","type":"product","link":"https:\/\/vimaterial.de\/fr\/product\/nitrure-de-silicium-4\/","title":{"rendered":"Nitrure de silicium"},"content":{"rendered":"<p><span style=\"color: #0000ff;\"><strong><a style=\"color: #0000ff;\" href=\"https:\/\/vimaterial.de\/fr\/search\/?type=element&#038;keyword=si3n4\">Le nitrure de silicium<\/a><\/strong><\/span> sont un type de mat\u00e9riau de d\u00e9p\u00f4t en phase vapeur pr\u00e9sentant une structure stable, un faible coefficient de dilatation thermique et une excellente r\u00e9sistance \u00e0 l&#8217;oxydation et \u00e0 la corrosion. Elles sont largement utilis\u00e9es dans les c\u00e9ramiques structurelles de haute technologie, dans divers mat\u00e9riaux r\u00e9sistants \u00e0 l&#8217;usure et dans les mat\u00e9riaux r\u00e9fractaires.<\/p>\n<p>Notre soci\u00e9t\u00e9 (<strong><span style=\"color: #0000ff;\"><a style=\"color: #0000ff;\" href=\"https:\/\/vimaterial.de\/fr\/a-propos-de-nous\/\">VIMATERIAL<\/a><\/span><\/strong>) produit des feuilles de nitrure de silicium d&#8217;une grande puret\u00e9, \u00e0 forte teneur en azote et \u00e0 forte activit\u00e9 de frittage. Nous fournissons \u00e9galement de la poudre de nitrure de silicium et des cibles de nitrure de silicium. N&#8217;h\u00e9sitez pas \u00e0 <strong><span style=\"color: #0000ff;\"><a style=\"color: #0000ff;\" href=\"https:\/\/vimaterial.de\/fr\/contact\/\">nous contacter<\/a><\/span><\/strong> si vous avez des besoins particuliers.<\/p>\n<h2><span style=\"font-size: 14pt;\">Propri\u00e9t\u00e9s physiques<\/span><\/h2>\n<p>Formule chimique : Si3N4<\/p>\n<p>Couleur : gris clair<\/p>\n<p>Puret\u00e9 : 99,5<\/p>\n<p>Dimensions : \u00d8 4 mm x 8 mm \/ \u00d8 18 mm x 12 mm \/ 1mm &#8211; 3 mm \/ 3mm &#8211; 6 mm (peut \u00eatre personnalis\u00e9 selon les besoins)<\/p>\n<p>Cristaux : phase \u03b1 amorphe phase \u03b2<\/p>\n<p>Point de fusion : 1900\u2103<\/p>\n<p>Conductivit\u00e9 thermique : 25W\/m.K<\/p>\n<p>Densit\u00e9 : 3.<sup>2g\/cm3<\/sup><\/p>\n<p>R\u00e9sistivit\u00e9 : 1011~1012\u03a9.cm<\/p>\n<p>Duret\u00e9 Mohs : 9<\/p>\n<h2><span style=\"font-size: 14pt;\">Applications des pastilles de nitrure de silicium<\/span><\/h2>\n<p><strong>Rev\u00eatements optiques :<\/strong> Le nitrure de silicium est utilis\u00e9 comme couche \u00e0 indice \u00e9lev\u00e9 pour r\u00e9duire la r\u00e9flexion et am\u00e9liorer la durabilit\u00e9 de la surface des films optiques.<\/p>\n<p><strong>Dispositifs semi-conducteurs<\/strong>: Il sert de couche d&#8217;isolation et de passivation qui prot\u00e8ge les circuits de l&#8217;humidit\u00e9, de la contamination et des fuites \u00e9lectriques.<\/p>\n<p><strong>Encapsulation OLED \/ photovolta\u00efque :<\/strong> Les films de nitrure de silicium agissent comme de solides barri\u00e8res \u00e0 l&#8217;humidit\u00e9 et \u00e0 l&#8217;oxyg\u00e8ne pour prolonger la dur\u00e9e de vie des \u00e9crans OLED et des cellules solaires.<\/p>\n<p><strong>Rev\u00eatements protecteurs durs :<\/strong> Sa grande duret\u00e9 et sa r\u00e9sistance \u00e0 l&#8217;usure en font un mat\u00e9riau id\u00e9al pour les couches de protection des outils de coupe, des moules et des pi\u00e8ces m\u00e9caniques.<\/p>\n<h2><span style=\"font-size: 14pt;\">Stockage et transport<\/span><\/h2>\n<p>Les comprim\u00e9s\/granules de nitrure de silicium doivent \u00eatre stock\u00e9s dans un r\u00e9cipient herm\u00e9tiquement ferm\u00e9, dans un environnement sec et frais. \u00c9viter l&#8217;exposition prolong\u00e9e \u00e0 l&#8217;air afin d&#8217;\u00e9viter l&#8217;accumulation d&#8217;humidit\u00e9, qui peut affecter leurs propri\u00e9t\u00e9s de dispersion et leurs performances.<\/p>\n<p>En outre, il convient d&#8217;\u00e9viter les fortes pressions et le contact avec les oxydants, et de les transporter comme des marchandises g\u00e9n\u00e9rales.<\/p>\n<h2><span style=\"font-size: 14pt;\">Produits apparent\u00e9s<\/span><\/h2>\n<table style=\"border-collapse: collapse; width: 100%;\">\n<tbody>\n<tr>\n<td style=\"width: 33.3333%;\"><strong><span style=\"color: #0000ff;\"><a style=\"color: #0000ff;\" href=\"https:\/\/vimaterial.de\/fr\/product\/nitrure-de-silicium-3\/\">Poudre de nitrure de silicium<\/a><\/span><\/strong><\/td>\n<td style=\"width: 33.3333%;\"><strong><span style=\"color: #0000ff;\"><a style=\"color: #0000ff;\" href=\"https:\/\/vimaterial.de\/fr\/product\/nitrure-de-silicium\/\">Cible de pulv\u00e9risation du nitrure de silicium<\/a><\/span><\/strong><\/td>\n<td style=\"width: 33.3333%;\"><strong><span style=\"color: #0000ff;\"><a style=\"color: #0000ff;\" href=\"https:\/\/vimaterial.de\/fr\/product\/nitrure-de-silicium-2\/\">Nitrure de silicium en granul\u00e9s<\/a><\/span><\/strong><\/td>\n<\/tr>\n<tr>\n<td style=\"width: 33.3333%;\"><strong><span style=\"color: #0000ff;\"><a style=\"color: #0000ff;\" href=\"https:\/\/vimaterial.de\/fr\/search\/?type=element&#038;keyword=SiC\">Carbure de silicium<\/a><\/span><\/strong><\/td>\n<td style=\"width: 33.3333%;\"><strong><span style=\"color: #0000ff;\"><a style=\"color: #0000ff;\" href=\"https:\/\/vimaterial.de\/fr\/search\/?type=element&#038;keyword=SiO2\">Dioxyde de silicium<\/a><\/span><\/strong><\/td>\n<td style=\"width: 33.3333%;\"><strong><span style=\"color: #0000ff;\"><a style=\"color: #0000ff;\" href=\"https:\/\/vimaterial.de\/fr\/search\/?type=element&#038;keyword=SiO\">Monoxyde de silicium<\/a><\/span><\/strong><\/td>\n<\/tr>\n<\/tbody>\n<\/table>\n","protected":false},"excerpt":{"rendered":"<p>Le nitrure de silicium sont un type de mat\u00e9riau de d\u00e9p\u00f4t en phase vapeur pr\u00e9sentant une structure stable, un faible coefficient de dilatation thermique et une excellente r\u00e9sistance \u00e0 l&#8217;oxydation et \u00e0 la corrosion. Elles sont largement utilis\u00e9es dans les c\u00e9ramiques structurelles de haute technologie, dans divers mat\u00e9riaux r\u00e9sistants \u00e0 l&#8217;usure et dans les mat\u00e9riaux [&hellip;]<\/p>\n","protected":false},"featured_media":1046977,"comment_status":"open","ping_status":"closed","template":"","meta":{"_acf_changed":false},"product_brand":[],"product_cat":[236],"product_tag":[],"class_list":{"0":"post-1046976","1":"product","2":"type-product","3":"status-publish","4":"has-post-thumbnail","6":"product_cat-materiaux-devaporation","8":"first","9":"instock","10":"shipping-taxable","11":"purchasable","12":"product-type-variable"},"acf":[],"_links":{"self":[{"href":"https:\/\/vimaterial.de\/fr\/wp-json\/wp\/v2\/product\/1046976","targetHints":{"allow":["GET"]}}],"collection":[{"href":"https:\/\/vimaterial.de\/fr\/wp-json\/wp\/v2\/product"}],"about":[{"href":"https:\/\/vimaterial.de\/fr\/wp-json\/wp\/v2\/types\/product"}],"replies":[{"embeddable":true,"href":"https:\/\/vimaterial.de\/fr\/wp-json\/wp\/v2\/comments?post=1046976"}],"wp:featuredmedia":[{"embeddable":true,"href":"https:\/\/vimaterial.de\/fr\/wp-json\/wp\/v2\/media\/1046977"}],"wp:attachment":[{"href":"https:\/\/vimaterial.de\/fr\/wp-json\/wp\/v2\/media?parent=1046976"}],"wp:term":[{"taxonomy":"product_brand","embeddable":true,"href":"https:\/\/vimaterial.de\/fr\/wp-json\/wp\/v2\/product_brand?post=1046976"},{"taxonomy":"product_cat","embeddable":true,"href":"https:\/\/vimaterial.de\/fr\/wp-json\/wp\/v2\/product_cat?post=1046976"},{"taxonomy":"product_tag","embeddable":true,"href":"https:\/\/vimaterial.de\/fr\/wp-json\/wp\/v2\/product_tag?post=1046976"}],"curies":[{"name":"wp","href":"https:\/\/api.w.org\/{rel}","templated":true}]}}