{"id":1046939,"date":"2024-06-17T13:57:04","date_gmt":"2024-06-17T05:57:04","guid":{"rendered":"https:\/\/vimaterial.de\/product\/chlorure-de-lithium\/"},"modified":"2024-06-17T13:57:04","modified_gmt":"2024-06-17T05:57:04","slug":"chlorure-de-lithium","status":"publish","type":"product","link":"https:\/\/vimaterial.de\/fr\/product\/chlorure-de-lithium\/","title":{"rendered":"Chlorure de lithium"},"content":{"rendered":"<h2><span style=\"font-size: 14pt;\">Chlorure de lithium en poudre Aper\u00e7u<\/span><\/h2>\n<p><span style=\"color: #3366ff;\"><a style=\"color: #3366ff;\" href=\"https:\/\/vimaterial.de\/fr\/product\/chlorure-de-lithium\/\">La poudre de chlorure de lithium<\/a><\/span> est un mat\u00e9riau respectueux de l&#8217;environnement qui se caract\u00e9rise par sa grande solubilit\u00e9, son caract\u00e8re hygroscopique et son faible point de fusion. Le processus de production de chlorure de lithium en poudre de VIMATERIAL est stable et le contr\u00f4le de la qualit\u00e9 est strict. La puret\u00e9 du produit est garantie par de multiples processus de raffinage et de purification. Des processus de production et une gestion de la qualit\u00e9 rigoureux garantissent une coh\u00e9rence et une stabilit\u00e9 \u00e9lev\u00e9es entre les lots. Nous nous concentrons non seulement sur une livraison rapide et s\u00fbre, mais nous fournissons \u00e9galement un solide syst\u00e8me de service apr\u00e8s-vente pour vous assurer une assistance compl\u00e8te pendant l&#8217;utilisation. <span style=\"color: #3366ff;\"><a style=\"color: #3366ff;\" href=\"https:\/\/vimaterial.de\/fr\/contact\/\">Contactez nous<\/a><\/span> maintenant !<\/p>\n<h2><span style=\"font-size: 14pt;\">Sp\u00e9cifications techniques<\/span><\/h2>\n<table style=\"border-collapse: collapse; width: 52.1557%; height: 240px;\">\n<tbody>\n<tr style=\"height: 24px;\">\n<td style=\"width: 19.9179%; height: 24px; text-align: center;\"><strong>Sp\u00e9cifications techniques<\/strong><\/td>\n<td style=\"width: 40.1881%; height: 24px; text-align: center;\"><strong>Description de la formule chimique<\/strong><\/td>\n<\/tr>\n<tr style=\"height: 24px;\">\n<td style=\"width: 19.9179%; height: 24px; text-align: center;\">Formule chimique<\/td>\n<td style=\"width: 40.1881%; height: 24px; text-align: center;\">LiCl<\/td>\n<\/tr>\n<tr style=\"height: 24px;\">\n<td style=\"width: 19.9179%; height: 24px; text-align: center;\">Poids mol\u00e9culaire<\/td>\n<td style=\"width: 40.1881%; height: 24px; text-align: center;\">42.39 g\/mol<\/td>\n<\/tr>\n<tr style=\"height: 24px;\">\n<td style=\"width: 19.9179%; height: 24px; text-align: center;\">Puret\u00e9<\/td>\n<td style=\"width: 40.1881%; height: 24px; text-align: center;\">99.9%<\/td>\n<\/tr>\n<tr style=\"height: 24px;\">\n<td style=\"width: 19.9179%; height: 24px; text-align: center;\">Aspect<\/td>\n<td style=\"width: 40.1881%; height: 24px; text-align: center;\">Poudre blanche<\/td>\n<\/tr>\n<tr style=\"height: 24px;\">\n<td style=\"width: 19.9179%; height: 24px; text-align: center;\">Densit\u00e9<\/td>\n<td style=\"width: 40.1881%; height: 24px; text-align: center;\">2.065 g\/cm\u00b3 (\u00e0 20\u00b0C)<\/td>\n<\/tr>\n<tr style=\"height: 24px;\">\n<td style=\"width: 19.9179%; height: 24px; text-align: center;\">Point de fusion<\/td>\n<td style=\"width: 40.1881%; height: 24px; text-align: center;\">610\u00b0C<\/td>\n<\/tr>\n<tr style=\"height: 24px;\">\n<td style=\"width: 19.9179%; height: 24px; text-align: center;\">Point d&#8217;\u00e9bullition<\/td>\n<td style=\"width: 40.1881%; height: 24px; text-align: center;\">1450\u00b0C<\/td>\n<\/tr>\n<tr style=\"height: 24px;\">\n<td style=\"width: 19.9179%; height: 24px; text-align: center;\">Solubilit\u00e9<\/td>\n<td style=\"width: 40.1881%; height: 24px; text-align: center;\">83.3 g\/100 mL (eau, \u00e0 20\u00b0C)<\/td>\n<\/tr>\n<tr style=\"height: 24px;\">\n<td style=\"width: 19.9179%; height: 24px; text-align: center;\">Hygroscopicit\u00e9<\/td>\n<td style=\"width: 40.1881%; height: 24px; text-align: center;\">Tr\u00e8s hygroscopique, absorbe l&#8217;humidit\u00e9 de l&#8217;air pour former des hydrates<\/td>\n<\/tr>\n<\/tbody>\n<\/table>\n<h2><span style=\"font-size: 14pt;\">Contr\u00f4le de la qualit\u00e9<\/span><\/h2>\n<p>Chaque lot de mati\u00e8res premi\u00e8res LiCl est soumis \u00e0 des contr\u00f4les de qualit\u00e9, notamment des analyses de composition chimique, des essais de propri\u00e9t\u00e9s physiques et des tests de puret\u00e9, afin de garantir la puret\u00e9 et l&#8217;\u00e9limination des impuret\u00e9s. Des \u00e9quipements automatis\u00e9s sont utilis\u00e9s tout au long du processus de production pour contr\u00f4ler divers param\u00e8tres en temps r\u00e9el, enregistrer et analyser les donn\u00e9es afin de garantir la coh\u00e9rence d&#8217;un lot \u00e0 l&#8217;autre. Apr\u00e8s la production, les produits sont soumis \u00e0 de multiples inspections et tests afin de garantir leur qualit\u00e9 finale.<\/p>\n<h2><span style=\"font-size: 14pt;\">Services offerts<\/span><\/h2>\n<p>Assistance technique compl\u00e8te<br \/>\nProduits personnalis\u00e9s<br \/>\n\u00c9chantillons disponibles sur demande pour des essais par des tiers<br \/>\nService apr\u00e8s-vente complet<\/p>\n<h2><span style=\"font-size: 14pt;\">Applications de la poudre de chlorure de lithium <\/span><\/h2>\n<p>Piles au lithium : La poudre de LiCl, un mat\u00e9riau cl\u00e9 dans les \u00e9lectrolytes des batteries, am\u00e9liore la conductivit\u00e9 et la stabilit\u00e9 des performances des batteries au lithium.<br \/>\nR\u00e9frig\u00e9ration et climatisation : Le LiCl est utilis\u00e9 dans les syst\u00e8mes de r\u00e9frig\u00e9ration \u00e0 absorption, ce qui permet d&#8217;am\u00e9liorer l&#8217;efficacit\u00e9 \u00e9nerg\u00e9tique et les performances de refroidissement.<br \/>\nD\u00e9shydratant : En raison de ses fortes propri\u00e9t\u00e9s hygroscopiques, le LiCl est largement utilis\u00e9 dans les syst\u00e8mes de contr\u00f4le de l&#8217;humidit\u00e9 et les dessiccateurs d&#8217;air pour maintenir un environnement sec.<\/p>\n<h2><span style=\"font-size: 14pt;\">FAQ (FOIRE AUX QUESTIONS) <\/span><\/h2>\n<p><strong>Q1 : Quelle est la puret\u00e9 de la poudre de chlorure de lithium ?<\/strong><\/p>\n<p>R : La puret\u00e9 de la poudre de chlorure de lithium est g\u00e9n\u00e9ralement sup\u00e9rieure \u00e0 99 %, la poudre de chlorure de lithium de haute puret\u00e9 atteignant 99,9 %. La puret\u00e9 sp\u00e9cifique d\u00e9pend des exigences de l&#8217;application, en particulier pour les produits \u00e9lectroniques et pharmaceutiques o\u00f9 une puret\u00e9 plus \u00e9lev\u00e9e est requise.<\/p>\n<p><strong>Q2 : Quel est le degr\u00e9 d&#8217;hygroscopie de la poudre de chlorure de lithium ?<\/strong><\/p>\n<p>R : La poudre de chlorure de lithium est tr\u00e8s hygroscopique et absorbe rapidement l&#8217;humidit\u00e9 de l&#8217;air. Il convient donc de prendre des pr\u00e9cautions particuli\u00e8res pour \u00e9viter l&#8217;absorption d&#8217;humidit\u00e9 pendant le stockage et l&#8217;utilisation. Elle peut m\u00eame absorber l&#8217;humidit\u00e9 au point de former des hydrates (tels que LiCl-H\u2082O).<\/p>\n<p><strong>Q3 : Quel est le r\u00f4le de la poudre de LiCl dans les piles au lithium ?<\/strong><\/p>\n<p>R : Dans les batteries au lithium, le chlorure de lithium, en tant que composant de l&#8217;\u00e9lectrolyte, am\u00e9liore la conductivit\u00e9 ionique et la stabilit\u00e9 de la batterie. Il contribue \u00e0 am\u00e9liorer la densit\u00e9 \u00e9nerg\u00e9tique et les performances de charge\/d\u00e9charge de la batterie.<\/p>\n<p><strong>Q4 : Quelles sont les pr\u00e9cautions \u00e0 prendre lors du transport de la poudre de LiCl ?<\/strong><\/p>\n<p>R : Lors du transport de la poudre de LiCl, il faut s&#8217;assurer que l&#8217;emballage est scell\u00e9, sec et qu&#8217;il n&#8217;entre pas en contact avec l&#8217;humidit\u00e9. Des mesures de protection contre l&#8217;humidit\u00e9 doivent \u00eatre prises, en particulier pour le chlorure de lithium de haute puret\u00e9. \u00c9vitez les vibrations importantes et les temp\u00e9ratures \u00e9lev\u00e9es pendant le transport.<\/p>\n<h2><span style=\"font-size: 14pt;\">Produits apparent\u00e9s<\/span><\/h2>\n<table style=\"border-collapse: collapse; width: 97.7405%; height: 59px;\">\n<tbody>\n<tr style=\"height: 55px;\">\n<td style=\"width: 25%; height: 10px;\"><span style=\"font-size: 12pt; color: #0000ff;\"><strong><a style=\"color: #0000ff;\" href=\"https:\/\/vimaterial.de\/en\/product\/lithium-chloride\/\">Cristaux de chlorure de lithium<\/a><\/strong><\/span><\/td>\n<td style=\"width: 25%; height: 10px;\">\n<p class=\"elementor-heading-title elementor-size-default\"><span style=\"font-size: 12pt; color: #0000ff;\"><strong><a style=\"color: #0000ff;\" href=\"https:\/\/vimaterial.de\/fr\/product\/aluminate-de-lithium-2\/\" target=\"_blank\" rel=\"noopener\">Aluminate de lithium<\/a><\/strong><\/span><\/p>\n<\/td>\n<td style=\"width: 25%; height: 10px;\">\n<p class=\"elementor-heading-title elementor-size-default\"><span style=\"font-size: 12pt; color: #0000ff;\"><strong><a style=\"color: #0000ff;\" href=\"https:\/\/vimaterial.de\/fr\/product\/carbonate-de-lithium\/\" target=\"_blank\" rel=\"noopener\">Carbonate de lithium<\/a><\/strong><\/span><\/p>\n<\/td>\n<td style=\"width: 29.6154%; height: 10px;\">\n<div class=\"elementor-widget-container\">\n<h3 class=\"elementor-heading-title elementor-size-default\"><span style=\"font-size: 12pt; color: #0000ff;\"><a style=\"color: #0000ff;\" href=\"https:\/\/vimaterial.de\/fr\/product\/fluorure-de-lithium-3\/\" target=\"_blank\" rel=\"noopener\">Fluorure de lithium<\/a><\/span><\/h3>\n<\/div>\n<\/td>\n<\/tr>\n<tr style=\"height: 49px;\">\n<td style=\"width: 25%; height: 49px;\">\n<div class=\"elementor-widget-container\">\n<h3 class=\"elementor-heading-title elementor-size-default\"><span style=\"font-size: 12pt; color: #0000ff;\"><a style=\"color: #0000ff;\" href=\"https:\/\/vimaterial.de\/fr\/product\/oxyde-de-lithium-2\/\" target=\"_blank\" rel=\"noopener\">Oxyde de lithium<\/a><\/span><\/h3>\n<\/div>\n<\/td>\n<td style=\"width: 25%; height: 49px;\">\n<p class=\"elementor-heading-title elementor-size-default\"><span style=\"font-size: 12pt; color: #0000ff;\"><strong><a style=\"color: #0000ff;\" href=\"https:\/\/vimaterial.de\/fr\/product\/phosphate-de-lithium-2\/\" target=\"_blank\" rel=\"noopener\">Phosphate de lithium<\/a><\/strong><\/span><\/p>\n<\/td>\n<td style=\"width: 25%; height: 49px;\">\n<p class=\"elementor-heading-title elementor-size-default\"><span style=\"font-size: 12pt; color: #0000ff;\"><strong><a style=\"color: #0000ff;\" href=\"https:\/\/vimaterial.de\/fr\/product\/lithium-manganese-phosphate-de-fer-2\/\" target=\"_blank\" rel=\"noopener\">Phosphate de lithium-mangan\u00e8se-fer<\/a><\/strong><\/span><\/p>\n<\/td>\n<td style=\"width: 29.6154%; height: 49px;\"><span style=\"font-size: 12pt; color: #0000ff;\"><strong><a style=\"color: #0000ff;\" href=\"https:\/\/vimaterial.de\/fr\/product-category\/produits-en-poudre\/materiaux-de-la-batterie\/\">Mat\u00e9riaux pour batteries<\/a><\/strong><\/span><\/td>\n<\/tr>\n<\/tbody>\n<\/table>\n<h2><span style=\"font-size: 14pt;\">Emballage et stockage<\/span><\/h2>\n<p>La poudre de LiCl est emball\u00e9e dans des bouteilles, puis dans des sacs scell\u00e9s sous double vide, et enfin dans une bo\u00eete en carton remplie de mousse souple pour assurer un transport en toute s\u00e9curit\u00e9. D\u00e8s r\u00e9ception, sans ouvrir l&#8217;emballage, conserver dans un environnement sec, frais et bien ventil\u00e9, en utilisant un emballage scell\u00e9 et en \u00e9vitant les temp\u00e9ratures \u00e9lev\u00e9es, l&#8217;humidit\u00e9, la lumi\u00e8re et le contact avec d&#8217;autres produits chimiques.<\/p>\n","protected":false},"excerpt":{"rendered":"<p>&#038;nbsp ;<\/p>\n<p>&#038;nbsp ;<\/p>\n","protected":false},"featured_media":998817,"comment_status":"open","ping_status":"closed","template":"","meta":{"_acf_changed":false},"product_brand":[],"product_cat":[237,239],"product_tag":[],"class_list":{"0":"post-1046939","1":"product","2":"type-product","3":"status-publish","4":"has-post-thumbnail","6":"product_cat-materiaux-de-la-batterie","7":"product_cat-materiaux-halogenes","9":"first","10":"instock","11":"shipping-taxable","12":"purchasable","13":"product-type-variable"},"acf":[],"_links":{"self":[{"href":"https:\/\/vimaterial.de\/fr\/wp-json\/wp\/v2\/product\/1046939","targetHints":{"allow":["GET"]}}],"collection":[{"href":"https:\/\/vimaterial.de\/fr\/wp-json\/wp\/v2\/product"}],"about":[{"href":"https:\/\/vimaterial.de\/fr\/wp-json\/wp\/v2\/types\/product"}],"replies":[{"embeddable":true,"href":"https:\/\/vimaterial.de\/fr\/wp-json\/wp\/v2\/comments?post=1046939"}],"wp:featuredmedia":[{"embeddable":true,"href":"https:\/\/vimaterial.de\/fr\/wp-json\/wp\/v2\/media\/998817"}],"wp:attachment":[{"href":"https:\/\/vimaterial.de\/fr\/wp-json\/wp\/v2\/media?parent=1046939"}],"wp:term":[{"taxonomy":"product_brand","embeddable":true,"href":"https:\/\/vimaterial.de\/fr\/wp-json\/wp\/v2\/product_brand?post=1046939"},{"taxonomy":"product_cat","embeddable":true,"href":"https:\/\/vimaterial.de\/fr\/wp-json\/wp\/v2\/product_cat?post=1046939"},{"taxonomy":"product_tag","embeddable":true,"href":"https:\/\/vimaterial.de\/fr\/wp-json\/wp\/v2\/product_tag?post=1046939"}],"curies":[{"name":"wp","href":"https:\/\/api.w.org\/{rel}","templated":true}]}}