{"id":1046915,"date":"2024-06-17T15:29:41","date_gmt":"2024-06-17T07:29:41","guid":{"rendered":"https:\/\/vimaterial.de\/product\/siliciure-de-molybdene\/"},"modified":"2024-06-17T15:29:41","modified_gmt":"2024-06-17T07:29:41","slug":"siliciure-de-molybdene","status":"publish","type":"product","link":"https:\/\/vimaterial.de\/fr\/product\/siliciure-de-molybdene\/","title":{"rendered":"Siliciure de molybd\u00e8ne"},"content":{"rendered":"<h2><span style=\"font-size: 14pt;\">1. Cibles de pulv\u00e9risation du siliciure de molybd\u00e8ne Description<\/span><\/h2>\n<div>Cibles de pulv\u00e9risation<span style=\"color: #0000ff;\"><a style=\"color: #0000ff;\" href=\"https:\/\/vimaterial.de\/fr\/search\/?type=name&#038;keyword=Mosi2\"> Cibles de pulv\u00e9risation de siliciure de molybd\u00e8ne de haute puret\u00e9<\/a> <\/span>fournies par VIMATERIAL conviennent aux rev\u00eatements PVD, aux couches minces optiques et aux dispositifs semi-conducteurs. Ces cibles de silicium molybd\u00e8ne de haute densit\u00e9 et de haute puret\u00e9 garantissent un d\u00e9p\u00f4t uniforme de couches minces et une stabilit\u00e9 \u00e0 haute temp\u00e9rature.<\/div>\n<h2><span style=\"font-size: 14pt;\">2. Vue d&#8217;ensemble des produits <\/span><span style=\"font-size: 14pt;\">Cibles de pulv\u00e9risation du siliciure de molybd\u00e8ne <\/span><span style=\"font-size: 14pt;\">cibles de pulv\u00e9risation<\/span><\/h2>\n<div><span style=\"color: #0000ff;\"><a style=\"color: #0000ff;\" href=\"https:\/\/vimaterial.de\/fr\/contact\/\">LES CIBLES MOSI<\/a><\/span>les cibles de pulv\u00e9risation de MoSi\u2082 (siliciure de molybd\u00e8ne) de VIMATERIAL sont fabriqu\u00e9es \u00e0 l&#8217;aide de mati\u00e8res premi\u00e8res de grande puret\u00e9 et de proc\u00e9d\u00e9s de frittage \u00e0 haute temp\u00e9rature avanc\u00e9s, garantissant un d\u00e9p\u00f4t uniforme et une stabilit\u00e9 \u00e0 long terme. Ces cibles conviennent aux rev\u00eatements PVD, aux couches minces optiques, aux dispositifs semi-conducteurs et \u00e0 la production de mat\u00e9riaux r\u00e9sistants \u00e0 l&#8217;usure \u00e0 haute temp\u00e9rature.<\/div>\n<div>Puret\u00e9 : \u226599.9%<\/div>\n<div>Densit\u00e9 : \u226599% densit\u00e9 th\u00e9orique<\/div>\n<div>Sp\u00e9cifications : Cibles rondes et carr\u00e9es, \u00e9paisseur personnalisable<\/div>\n<div>Forme : Particules uniformes press\u00e9es et moul\u00e9es<\/div>\n<h2><span style=\"font-size: 14pt;\">3. Sp\u00e9cifications techniques<\/span><\/h2>\n<div>\n<table style=\"border-collapse: collapse; width: 401.43pt;\" border=\"0\" width=\"669\" cellspacing=\"0\" cellpadding=\"0\">\n<tbody>\n<tr style=\"height: 15.60pt;\">\n<td class=\"et2\" style=\"height: 15.6pt; width: 146.4pt; text-align: left;\" width=\"244\" height=\"26\"><strong>Param\u00e8tre<\/strong><\/td>\n<td class=\"et2\" style=\"width: 255pt; text-align: left;\" width=\"425\"><strong>Description du produit<\/strong><\/td>\n<\/tr>\n<tr style=\"height: 15.60pt;\">\n<td class=\"et2\" style=\"height: 15.6pt; width: 146.4pt; text-align: left;\" width=\"244\" height=\"26\">Formule chimique<\/td>\n<td class=\"et2\" style=\"width: 255pt; text-align: left;\" width=\"425\">MoSi\u2082<\/td>\n<\/tr>\n<tr style=\"height: 15.60pt;\">\n<td class=\"et2\" style=\"height: 15.6pt; width: 146.4pt; text-align: left;\" width=\"244\" height=\"26\">Teneur en impuret\u00e9s<\/td>\n<td class=\"et2\" style=\"width: 255pt; text-align: left;\" width=\"425\">Fe, Ni, Cu &lt; 50 ppm<\/td>\n<\/tr>\n<tr style=\"height: 15.60pt;\">\n<td class=\"et2\" style=\"height: 15.6pt; width: 146.4pt; text-align: left;\" width=\"244\" height=\"26\">Densit\u00e9<\/td>\n<td class=\"et2\" style=\"width: 255pt; text-align: left;\" width=\"425\">\u22657,0 g\/cm\u00b3<\/td>\n<\/tr>\n<tr style=\"height: 15.60pt;\">\n<td class=\"et2\" style=\"height: 15.6pt; width: 146.4pt; text-align: left;\" width=\"244\" height=\"26\">Bonne conductivit\u00e9<\/td>\n<td class=\"et2\" style=\"width: 255pt; text-align: left;\" width=\"425\">convient pour les rev\u00eatements \u00e0 haute temp\u00e9rature<\/td>\n<\/tr>\n<tr style=\"height: 31.20pt;\">\n<td class=\"et2\" style=\"height: 31.2pt; width: 146.4pt; text-align: left;\" width=\"244\" height=\"52\">Proc\u00e9d\u00e9<\/td>\n<td class=\"et2\" style=\"width: 255pt; text-align: left;\" width=\"425\">Pressage isostatique \u00e0 froid + frittage \u00e0 haute temp\u00e9rature<\/td>\n<\/tr>\n<tr style=\"height: 31.20pt;\">\n<td class=\"et2\" style=\"height: 31.2pt; width: 146.4pt; text-align: left;\" width=\"244\" height=\"52\">Forme<\/td>\n<td class=\"et2\" style=\"width: 255pt; text-align: left;\" width=\"425\">Cibles rondes et carr\u00e9es, \u00e9paisseur personnalisable<\/td>\n<\/tr>\n<tr style=\"height: 15.60pt;\">\n<td class=\"et2\" style=\"height: 15.6pt; width: 146.4pt; text-align: left;\" width=\"244\" height=\"26\">Structure cristalline<\/td>\n<td class=\"et2\" style=\"width: 255pt; text-align: left;\" width=\"425\">Hexagonale en couches serr\u00e9es<\/td>\n<\/tr>\n<tr style=\"height: 15.60pt;\">\n<td class=\"et2\" style=\"height: 15.6pt; width: 146.4pt; text-align: left;\" width=\"244\" height=\"26\">Planche arri\u00e8re de liaison<\/td>\n<td class=\"et2\" style=\"width: 255pt; text-align: left;\" width=\"425\">Personnalisable<\/td>\n<\/tr>\n<\/tbody>\n<\/table>\n<\/div>\n<div><\/div>\n<h2><span style=\"font-size: 14pt;\">4.Applications<\/span><\/h2>\n<div>Rev\u00eatement optique PVD : La haute puret\u00e9 garantit un film mince uniforme<\/div>\n<div><\/div>\n<div>Dispositifs semi-conducteurs : Convient au d\u00e9p\u00f4t \u00e0 haute temp\u00e9rature de mat\u00e9riaux pour les puces et les \u00e9lectrodes<\/div>\n<div><\/div>\n<div>Mat\u00e9riaux r\u00e9sistants \u00e0 l&#8217;usure \u00e0 haute temp\u00e9rature : Convient \u00e0 la pr\u00e9paration de rev\u00eatements dans des environnements extr\u00eames<\/div>\n<div><\/div>\n<div>Recherche et exp\u00e9rimentation : Convient \u00e0 la science des mat\u00e9riaux et au d\u00e9veloppement de couches minces<\/div>\n<h2><span style=\"font-size: 14pt;\">5. Avantages du produit<\/span><\/h2>\n<div>Grande puret\u00e9 et haute densit\u00e9 : Garantissent l&#8217;uniformit\u00e9 du film et la stabilit\u00e9 des performances.<\/div>\n<div><\/div>\n<div>Stabilit\u00e9 \u00e0 haute temp\u00e9rature : Convient aux proc\u00e9d\u00e9s de rev\u00eatement PVD \u00e0 haute temp\u00e9rature.<\/div>\n<div><\/div>\n<div>Formes personnalisables : Cibles rondes et carr\u00e9es, avec des \u00e9paisseurs personnalis\u00e9es disponibles.<\/div>\n<div><\/div>\n<div>Faibles impuret\u00e9s : Teneur extr\u00eamement faible en Fe, Ni et Cu, ce qui am\u00e9liore la qualit\u00e9 du film.<\/div>\n<div><\/div>\n<div>Approvisionnement stable et \u00e0 long terme : Un contr\u00f4le strict de la qualit\u00e9 garantit l&#8217;homog\u00e9n\u00e9it\u00e9 du produit.<\/div>\n<h2><span style=\"font-size: 14pt;\">6. Questions fr\u00e9quemment pos\u00e9es<\/span><\/h2>\n<h3><span style=\"font-size: 12pt;\">Q1 : Pour quels proc\u00e9d\u00e9s de rev\u00eatement les cibles de pulv\u00e9risation de MoSi\u2082 conviennent-elles ?<\/span><\/h3>\n<div>R1 : Elles conviennent principalement au d\u00e9p\u00f4t en phase vapeur (PVD), \u00e0 la pulv\u00e9risation magn\u00e9tron et au d\u00e9p\u00f4t de couches minces optiques, garantissant l&#8217;uniformit\u00e9 du film et sa stabilit\u00e9 \u00e0 haute temp\u00e9rature.<\/div>\n<h3><span style=\"font-size: 12pt;\">Q2 : Les dimensions des cibles peuvent-elles \u00eatre personnalis\u00e9es ?<\/span><\/h3>\n<div>R2 : Oui, les cibles rondes et carr\u00e9es, ainsi que les \u00e9paisseurs, peuvent \u00eatre personnalis\u00e9es pour r\u00e9pondre aux besoins des clients.<\/div>\n<h3><span style=\"font-size: 12pt;\">Q3 : Quelle est la teneur en impuret\u00e9s ?<\/span><\/h3>\n<div>R3 : Nos cibles MoSi\u2082 ont une teneur en impuret\u00e9s extr\u00eamement faible, avec des teneurs en Fe, Ni et Cu inf\u00e9rieures \u00e0 50 ppm, ce qui garantit des r\u00e9sultats de rev\u00eatement d&#8217;une grande puret\u00e9.<\/div>\n<h3><span style=\"font-size: 12pt;\">Q4 : Quels sont les avantages des cibles MoSi\u2082 ?<\/span><\/h3>\n<div>R4 : Haute puret\u00e9, haute densit\u00e9, d\u00e9p\u00f4t uniforme, stabilit\u00e9 \u00e0 haute temp\u00e9rature et formes personnalisables disponibles.<\/div>\n<h2><span style=\"font-size: 14pt;\">7. Emballage et exp\u00e9dition<\/span><\/h2>\n<h3><span style=\"font-size: 12pt;\">Emballage<\/span><\/h3>\n<div>Chaque cible MoSi\u2082 est encapsul\u00e9e dans une mousse antichoc de haute qualit\u00e9, un mat\u00e9riau antistatique et un emballage personnalis\u00e9 pour la prot\u00e9ger des chocs et de l&#8217;humidit\u00e9.<\/div>\n<div>Nous fournissons un emballage sp\u00e9cialis\u00e9 pour les diff\u00e9rentes tailles de cibles (rondes et carr\u00e9es) afin de garantir un transport en toute s\u00e9curit\u00e9. Nous offrons une vari\u00e9t\u00e9 d&#8217;options d&#8217;exp\u00e9dition : par voie terrestre, a\u00e9rienne ou express pour r\u00e9pondre aux divers besoins des clients.<\/div>\n<h3><span style=\"font-size: 12pt;\">Stockage<\/span><\/h3>\n<div>Pour pr\u00e9server la stabilit\u00e9 et les performances des cibles MoSi\u2082, celles-ci doivent \u00eatre stock\u00e9es dans un environnement sec et \u00e0 temp\u00e9rature constante. \u00c9vitez toute exposition prolong\u00e9e \u00e0 l&#8217;air et prenez des mesures de protection contre l&#8217;humidit\u00e9, les dommages et la contamination.<\/div>\n<h2><span style=\"font-size: 14pt;\">8. Recommandations d&#8217;utilisation<\/span><\/h2>\n<div>Pour garantir une performance optimale des cibles MoSi\u2082, inspecter leurs surfaces pour d\u00e9tecter les fissures et la contamination avant l&#8217;installation. Maintenir une temp\u00e9rature et une pression ambiantes stables pendant le rev\u00eatement, et s&#8217;assurer que l&#8217;\u00e9quipement est compatible avec la cible. Nettoyez r\u00e9guli\u00e8rement la surface de la cible et proc\u00e9dez rapidement \u00e0 l&#8217;inspection et \u00e0 l&#8217;entretien de l&#8217;\u00e9quipement pour garantir un fonctionnement efficace.<\/div>\n<h2><span style=\"font-size: 14pt;\">9. Services de traitement<\/span><\/h2>\n<div>VIMATERIAL propose des cibles MoSi\u2082 personnalis\u00e9es, une d\u00e9coupe de pr\u00e9cision et des services de traitement afin de s&#8217;assurer qu&#8217;elles r\u00e9pondent aux exigences du client en termes de dimensions et de surface. Pour les cibles n\u00e9cessitant une finition \u00e9lev\u00e9e, nous proposons \u00e9galement des services de rectification de pr\u00e9cision afin de garantir une surface lisse adapt\u00e9e aux processus de rev\u00eatement de haute pr\u00e9cision.<\/div>\n<h2><span style=\"font-size: 14pt;\">10. Produits apparent\u00e9s<\/span><\/h2>\n<div><span style=\"color: #0000ff;\"><a style=\"color: #0000ff;\" href=\"https:\/\/vimaterial.de\/fr\/product\/molybdene-metal-2\/\">Cibles de pulv\u00e9risation de molybd\u00e8ne<\/a><\/span><\/div>\n<div><\/div>\n<div><span style=\"color: #0000ff;\"><a style=\"color: #0000ff;\" href=\"https:\/\/vimaterial.de\/fr\/search\/?type=name&#038;keyword=Tisi2\">Cibles de pulv\u00e9risation de siliciure de titane<\/a><\/span><\/div>\n<div><\/div>\n<div><span style=\"color: #0000ff;\"><a style=\"color: #0000ff;\" href=\"https:\/\/vimaterial.de\/fr\/product\/silicium-2\/\">Cibles de pulv\u00e9risation de silicium<\/a><\/span><\/div>\n","protected":false},"excerpt":{"rendered":"<p>Cibles de pulv\u00e9risation<span style=\"color: #0000ff;\"><a style=\"color: #0000ff;\" href=\"https:\/\/vimaterial.de\/fr\/search\/?type=name&#038;keyword=Mosi2\"> Cibles de pulv\u00e9risation de siliciure de molybd\u00e8ne de haute puret\u00e9<\/a> <\/span>fournies par VIMATERIAL conviennent aux rev\u00eatements PVD, aux couches minces optiques et aux dispositifs semi-conducteurs. Ces cibles de silicium molybd\u00e8ne de haute densit\u00e9 et de haute puret\u00e9 garantissent un d\u00e9p\u00f4t uniforme de couches minces et une stabilit\u00e9 \u00e0 haute temp\u00e9rature.<span style=\"color: #0000ff;\"><a style=\"color: #0000ff;\" href=\"https:\/\/vimaterial.de\/fr\/contact\/\">LES CIBLES MOSI<\/a><\/span>(siliciure de molybd\u00e8ne) sont fabriqu\u00e9es \u00e0 partir de mati\u00e8res premi\u00e8res de haute puret\u00e9 et de proc\u00e9d\u00e9s de frittage avanc\u00e9s \u00e0 haute temp\u00e9rature, ce qui garantit un d\u00e9p\u00f4t uniforme et une stabilit\u00e9 \u00e0 long terme. Ces cibles conviennent aux rev\u00eatements PVD, aux couches minces optiques, aux dispositifs semi-conducteurs et \u00e0 la production de mat\u00e9riaux r\u00e9sistants \u00e0 l&#8217;usure \u00e0 haute temp\u00e9rature.<\/p>\n","protected":false},"featured_media":1051007,"comment_status":"open","ping_status":"closed","template":"","meta":{"_acf_changed":false},"product_brand":[],"product_cat":[235],"product_tag":[],"class_list":{"0":"post-1046915","1":"product","2":"type-product","3":"status-publish","4":"has-post-thumbnail","6":"product_cat-cibles-de-pulverisation-planaire","8":"first","9":"instock","10":"shipping-taxable","11":"purchasable","12":"product-type-variable"},"acf":[],"_links":{"self":[{"href":"https:\/\/vimaterial.de\/fr\/wp-json\/wp\/v2\/product\/1046915","targetHints":{"allow":["GET"]}}],"collection":[{"href":"https:\/\/vimaterial.de\/fr\/wp-json\/wp\/v2\/product"}],"about":[{"href":"https:\/\/vimaterial.de\/fr\/wp-json\/wp\/v2\/types\/product"}],"replies":[{"embeddable":true,"href":"https:\/\/vimaterial.de\/fr\/wp-json\/wp\/v2\/comments?post=1046915"}],"wp:featuredmedia":[{"embeddable":true,"href":"https:\/\/vimaterial.de\/fr\/wp-json\/wp\/v2\/media\/1051007"}],"wp:attachment":[{"href":"https:\/\/vimaterial.de\/fr\/wp-json\/wp\/v2\/media?parent=1046915"}],"wp:term":[{"taxonomy":"product_brand","embeddable":true,"href":"https:\/\/vimaterial.de\/fr\/wp-json\/wp\/v2\/product_brand?post=1046915"},{"taxonomy":"product_cat","embeddable":true,"href":"https:\/\/vimaterial.de\/fr\/wp-json\/wp\/v2\/product_cat?post=1046915"},{"taxonomy":"product_tag","embeddable":true,"href":"https:\/\/vimaterial.de\/fr\/wp-json\/wp\/v2\/product_tag?post=1046915"}],"curies":[{"name":"wp","href":"https:\/\/api.w.org\/{rel}","templated":true}]}}