{"id":1046887,"date":"2024-06-17T15:29:41","date_gmt":"2024-06-17T07:29:41","guid":{"rendered":"https:\/\/vimaterial.de\/product\/siliciure-de-molybdene-3\/"},"modified":"2024-06-17T15:29:41","modified_gmt":"2024-06-17T07:29:41","slug":"siliciure-de-molybdene-3","status":"publish","type":"product","link":"https:\/\/vimaterial.de\/fr\/product\/siliciure-de-molybdene-3\/","title":{"rendered":"Siliciure de molybd\u00e8ne"},"content":{"rendered":"<p>Les <strong>poudres de<span style=\"color: #0000ff;\"><a style=\"color: #0000ff;\" href=\"https:\/\/vimaterial.de\/fr\/search\/?type=element&#038;keyword=MoSi2\">siliciure de molybd\u00e8ne<\/a><\/span><\/strong> sont des poudres interm\u00e9talliques compos\u00e9es de molybd\u00e8ne et de silicium qui pr\u00e9sentent un point de fusion \u00e9lev\u00e9, une grande duret\u00e9, une bonne r\u00e9sistance \u00e0 l&#8217;oxydation et une bonne conductivit\u00e9 \u00e9lectrique.<\/p>\n<p><span style=\"color: #0000ff;\"><a style=\"color: #0000ff;\" href=\"https:\/\/vimaterial.de\/fr\/a-propos-de-nous\/\"><strong>VIMATERIAL<\/strong><\/a><\/span> propose des poudres de siliciure de molybd\u00e8ne de grande puret\u00e9, garantissant ainsi la qualit\u00e9 du produit. Nous accordons \u00e9galement la priorit\u00e9 au d\u00e9lai de livraison, afin de garantir la livraison de produits de haute qualit\u00e9 dans les d\u00e9lais impartis. En outre, nous proposons un syst\u00e8me complet de service apr\u00e8s-vente afin de vous offrir une exp\u00e9rience de service sup\u00e9rieure. <span style=\"color: #0000ff;\"><strong><a style=\"color: #0000ff;\" href=\"https:\/\/vimaterial.de\/fr\/contact\/\">N&#8217;h\u00e9sitez pas \u00e0 nous contacter<\/a><\/strong><\/span> si n\u00e9cessaire !<\/p>\n<h2><span style=\"font-size: 14pt;\">Propri\u00e9t\u00e9s physiques<\/span><\/h2>\n<table style=\"border-collapse: collapse; width: 62.5646%; height: 171px;\">\n<tbody>\n<tr style=\"height: 24px;\">\n<td style=\"width: 20.1261%; height: 24px;\"><strong>Param\u00e8tre<\/strong><\/td>\n<td style=\"width: 48.0371%; height: 24px;\"><strong>Valeur<\/strong><\/td>\n<\/tr>\n<tr style=\"height: 27px;\">\n<td style=\"width: 20.1261%; height: 27px;\">Formule chimique<\/td>\n<td style=\"width: 48.0371%; height: 27px;\"><sub>MoSi2<\/sub><\/td>\n<\/tr>\n<tr style=\"height: 24px;\">\n<td style=\"width: 20.1261%; height: 24px;\">Poids mol\u00e9culaire<\/td>\n<td style=\"width: 48.0371%; height: 24px;\">152.13 g\/mol<\/td>\n<\/tr>\n<tr style=\"height: 24px;\">\n<td style=\"width: 20.1261%; height: 24px;\">Aspect<\/td>\n<td style=\"width: 48.0371%; height: 24px;\">Gris fonc\u00e9<\/td>\n<\/tr>\n<tr style=\"height: 24px;\">\n<td style=\"width: 20.1261%; height: 24px;\">Densit\u00e9<\/td>\n<td style=\"width: 48.0371%; height: 24px;\">6.31g\/cm\u00b3<\/td>\n<\/tr>\n<tr style=\"height: 24px;\">\n<td style=\"width: 20.1261%; height: 24px;\">Point de fusion<\/td>\n<td style=\"width: 48.0371%; height: 24px;\">1870-2030 \u00b0C<\/td>\n<\/tr>\n<tr style=\"height: 24px;\">\n<td style=\"width: 20.1261%; height: 24px;\">Solubilit\u00e9<\/td>\n<td style=\"width: 48.0371%; height: 24px;\">Insoluble dans la plupart des acides, mais soluble dans l&#8217;acide fluorhydrique et l&#8217;acide nitrique.<\/td>\n<\/tr>\n<\/tbody>\n<\/table>\n<h2><span style=\"font-size: 14pt;\">Pourquoi nous choisir ?<\/span><\/h2>\n<p><strong>Support technique complet :<\/strong> De la consultation avant-vente au service apr\u00e8s-vente, nous veillons \u00e0 ce que les clients ach\u00e8tent des produits ad\u00e9quats et soient satisfaits de nos services, afin de mettre en place une coop\u00e9ration durable et \u00e0 long terme.<\/p>\n<p><strong>Produits personnalis\u00e9s :<\/strong> Nous proposons des services de personnalisation. Si vos besoins ne figurent pas sur notre liste, nous pouvons les adapter \u00e0 vos besoins.<\/p>\n<p><strong>Des \u00e9chantillons peuvent \u00eatre fournis pour des tests effectu\u00e9s par des tiers :<\/strong> Si vous avez des questions sur la qualit\u00e9 des produits, nous pouvons fournir des \u00e9chantillons pour des tests effectu\u00e9s par des tiers, sur demande, afin de garantir vos droits.<\/p>\n<p><strong>Rapport TDS\/MSDS\/COA :<\/strong> Nous fournissons un rapport COA pour chaque lot de produits afin de garantir le suivi et le contr\u00f4le de la qualit\u00e9. Nous fournissons \u00e9galement des rapports MSDS et TDS sur demande.<\/p>\n<h2><span style=\"font-size: 14pt;\">Informations sur l&#8217;emballage<\/span><\/h2>\n<p><strong>Emballage int\u00e9rieur :<\/strong> Bouteille\/sac scell\u00e9 sous vide \u00e0 double couche<\/p>\n<p><strong>Emballage ext\u00e9rieur :<\/strong> Carton rempli de mousse souple<\/p>\n<p>Stocker dans un environnement sec, frais et bien ventil\u00e9, garder l&#8217;emballage scell\u00e9 et tenir \u00e0 l&#8217;\u00e9cart des produits chimiques incompatibles.<\/p>\n<h2><span style=\"font-size: 14pt;\">Applications de la poudre de siliciure de molybd\u00e8ne<\/span><\/h2>\n<p><span style=\"color: #000000;\"><strong>Domaine des hautes temp\u00e9ratures<\/strong><\/span><\/p>\n<p>\u00c9l\u00e9ment chauffant \u00e9lectrique : utilis\u00e9 dans les fours et les fourneaux \u00e0 haute temp\u00e9rature, les \u00e9quipements de chauffage de laboratoire, etc.<\/p>\n<p>\u00c9changeur de chaleur : utilis\u00e9 dans les r\u00e9acteurs atomiques et autres \u00e9changeurs de chaleur, il peut transf\u00e9rer efficacement la chaleur.<\/p>\n<p><span style=\"color: #000000;\"><strong>Champ \u00e9lectronique<\/strong><\/span><\/p>\n<p>Circuits int\u00e9gr\u00e9s : mat\u00e9riau candidat pour les films de fils de grille et d&#8217;interconnexion des circuits int\u00e9gr\u00e9s \u00e0 grande \u00e9chelle.<\/p>\n<p><span style=\"color: #000000;\"><strong>A\u00e9rospatiale<\/strong><\/span><\/p>\n<p>Rev\u00eatement antioxydant : Le siliciure de molybd\u00e8ne peut former un film protecteur dense contre l&#8217;oxydation, am\u00e9liorant ainsi les performances antioxydantes des composants.<\/p>\n<p><span style=\"color: #000000;\"><strong>Domaine automobile<\/strong><\/span><\/p>\n<p>Composants du moteur : rotor de turbocompresseur, corps de soupape, bougies d&#8217;allumage, etc.<\/p>\n<p><span style=\"color: #000000;\"><strong>Autres aspects<\/strong><\/span><\/p>\n<p>Mat\u00e9riaux r\u00e9sistants \u00e0 l&#8217;usure : Le siliciure de molybd\u00e8ne est utilis\u00e9 pour fabriquer des pi\u00e8ces r\u00e9sistantes \u00e0 l&#8217;usure telles que des outils de coupe, des moules, des roulements, etc.<\/p>\n<p>Mat\u00e9riau de liaison c\u00e9ramique : en tant que mat\u00e9riau de liaison des c\u00e9ramiques structurelles, il peut relier des pi\u00e8ces c\u00e9ramiques en pi\u00e8ces structurelles complexes.<\/p>\n<h2><span style=\"font-size: 14pt;\">Produits apparent\u00e9s<\/span><\/h2>\n<table style=\"border-collapse: collapse; width: 100%;\">\n<tbody>\n<tr>\n<td style=\"width: 33.3333%;\"><span style=\"color: #0000ff;\"><strong><a style=\"color: #0000ff;\" href=\"https:\/\/vimaterial.de\/fr\/product\/molybdene-metal-4\/\">Poudre de molybd\u00e8ne<\/a><\/strong><\/span><\/td>\n<td style=\"width: 33.3333%;\"><span style=\"color: #0000ff;\"><strong><a style=\"color: #0000ff;\" href=\"https:\/\/vimaterial.de\/fr\/product\/molybdene-metal-6\/\">Feuilles de molybd\u00e8ne<\/a><\/strong><\/span><\/td>\n<td style=\"width: 33.3333%;\"><span style=\"color: #0000ff;\"><strong><a style=\"color: #0000ff;\" href=\"https:\/\/vimaterial.de\/fr\/product\/carbure-de-molybdene-2\/\">Carbure de molybd\u00e8ne<\/a><\/strong><\/span><\/td>\n<\/tr>\n<tr>\n<td style=\"width: 33.3333%;\"><span style=\"color: #0000ff;\"><strong><a style=\"color: #0000ff;\" href=\"https:\/\/vimaterial.de\/fr\/product\/oxyde-de-molybdene-4\/\">Oxyde de molybd\u00e8ne<\/a><\/strong><\/span><\/td>\n<td style=\"width: 33.3333%;\"><span style=\"color: #0000ff;\"><strong><a style=\"color: #0000ff;\" href=\"https:\/\/vimaterial.de\/fr\/product\/borure-de-molybdene\/\">Borure de molybd\u00e8ne<\/a><\/strong><\/span><\/td>\n<td style=\"width: 33.3333%;\"><span style=\"color: #0000ff;\"><strong><a style=\"color: #0000ff;\" href=\"https:\/\/vimaterial.de\/fr\/product\/sulfure-de-molybdene\/\">Sulfure de<\/a> molybd\u00e8ne<\/strong><\/span><\/td>\n<\/tr>\n<\/tbody>\n<\/table>\n<h2><span style=\"font-size: 14pt;\">FAQ<\/span><\/h2>\n<p><strong>Q1 : A quoi sert le disilicide de molybd\u00e8ne ?<\/strong><\/p>\n<p>R : Le siliciure de molybd\u00e8ne a un large \u00e9ventail d&#8217;applications dans les domaines des hautes temp\u00e9ratures, de l&#8217;\u00e9lectronique, de l&#8217;a\u00e9rospatiale et de l&#8217;automobile, comme indiqu\u00e9 dans le module d&#8217;application ci-dessus.<\/p>\n<p><strong>Q2 : Le disulfure de molybd\u00e8ne est-il dangereux ?<\/strong><\/p>\n<p>R : Le disiliciure de molybd\u00e8ne n&#8217;est pas un produit dangereux et peut \u00eatre transport\u00e9 en tant que marchandise g\u00e9n\u00e9rale.<\/p>\n<p><strong>Q3 : Quelle est la r\u00e9sistivit\u00e9 des siliciures de molybd\u00e8ne ?<\/strong><\/p>\n<p>R : La r\u00e9sistivit\u00e9 du siliciure de molybd\u00e8ne varie en fonction de la temp\u00e9rature et d&#8217;autres conditions, mais \u00e0 temp\u00e9rature ambiante, sa r\u00e9sistivit\u00e9 varie g\u00e9n\u00e9ralement de quelques microohms (\u03bc\u03a9-m) \u00e0 des dizaines de microohms. Les valeurs sp\u00e9cifiques d\u00e9pendent de la puret\u00e9 et de la structure cristalline du mat\u00e9riau. Selon des recherches sp\u00e9cialis\u00e9es, la r\u00e9sistivit\u00e9 du siliciure de molybd\u00e8ne de haute puret\u00e9 \u00e0 temp\u00e9rature ambiante peut \u00eatre aussi basse qu&#8217;environ 5 \u03bc\u03a9-m.<\/p>\n","protected":false},"excerpt":{"rendered":"<p>Les poudres desiliciure de molybd\u00e8ne sont des poudres interm\u00e9talliques compos\u00e9es de molybd\u00e8ne et de silicium qui pr\u00e9sentent un point de fusion \u00e9lev\u00e9, une grande duret\u00e9, une bonne r\u00e9sistance \u00e0 l&#8217;oxydation et une bonne conductivit\u00e9 \u00e9lectrique. VIMATERIAL propose des poudres de siliciure de molybd\u00e8ne de grande puret\u00e9, garantissant ainsi la qualit\u00e9 du produit. Nous accordons \u00e9galement [&hellip;]<\/p>\n","protected":false},"featured_media":1031899,"comment_status":"open","ping_status":"closed","template":"","meta":{"_acf_changed":false},"product_brand":[],"product_cat":[240],"product_tag":[],"class_list":{"0":"post-1046887","1":"product","2":"type-product","3":"status-publish","4":"has-post-thumbnail","6":"product_cat-materiaux-c-n-b-si","8":"first","9":"instock","10":"shipping-taxable","11":"purchasable","12":"product-type-variable"},"acf":[],"_links":{"self":[{"href":"https:\/\/vimaterial.de\/fr\/wp-json\/wp\/v2\/product\/1046887","targetHints":{"allow":["GET"]}}],"collection":[{"href":"https:\/\/vimaterial.de\/fr\/wp-json\/wp\/v2\/product"}],"about":[{"href":"https:\/\/vimaterial.de\/fr\/wp-json\/wp\/v2\/types\/product"}],"replies":[{"embeddable":true,"href":"https:\/\/vimaterial.de\/fr\/wp-json\/wp\/v2\/comments?post=1046887"}],"wp:featuredmedia":[{"embeddable":true,"href":"https:\/\/vimaterial.de\/fr\/wp-json\/wp\/v2\/media\/1031899"}],"wp:attachment":[{"href":"https:\/\/vimaterial.de\/fr\/wp-json\/wp\/v2\/media?parent=1046887"}],"wp:term":[{"taxonomy":"product_brand","embeddable":true,"href":"https:\/\/vimaterial.de\/fr\/wp-json\/wp\/v2\/product_brand?post=1046887"},{"taxonomy":"product_cat","embeddable":true,"href":"https:\/\/vimaterial.de\/fr\/wp-json\/wp\/v2\/product_cat?post=1046887"},{"taxonomy":"product_tag","embeddable":true,"href":"https:\/\/vimaterial.de\/fr\/wp-json\/wp\/v2\/product_tag?post=1046887"}],"curies":[{"name":"wp","href":"https:\/\/api.w.org\/{rel}","templated":true}]}}