{"id":1046863,"date":"2024-06-17T15:29:41","date_gmt":"2024-06-17T07:29:41","guid":{"rendered":"https:\/\/vimaterial.de\/product\/siliciure-de-molybdene-2\/"},"modified":"2024-06-17T15:29:41","modified_gmt":"2024-06-17T07:29:41","slug":"siliciure-de-molybdene-2","status":"publish","type":"product","link":"https:\/\/vimaterial.de\/fr\/product\/siliciure-de-molybdene-2\/","title":{"rendered":"Siliciure de molybd\u00e8ne"},"content":{"rendered":"<p><strong><span style=\"color: #0000ff;\"><a style=\"color: #0000ff;\" href=\"https:\/\/vimaterial.de\/fr\/search\/?type=element&#038;keyword=MoSi2\">Le disiliciure de molybd\u00e8ne<\/a> <\/span><\/strong>le disilicide de molybd\u00e8ne est un mat\u00e9riau important pour les hautes temp\u00e9ratures, avec un point de fusion \u00e9lev\u00e9, une excellente r\u00e9sistance \u00e0 l&#8217;oxydation et \u00e0 la corrosion. Il est largement utilis\u00e9 dans les \u00e9l\u00e9ments chauffants \u00e9lectriques, les rev\u00eatements \u00e0 haute temp\u00e9rature, l&#8217;a\u00e9rospatiale et les industries micro\u00e9lectroniques.<\/p>\n<p><span style=\"color: #0000ff;\"><a style=\"color: #0000ff;\" href=\"https:\/\/vimaterial.de\/fr\/a-propos-de-nous\/\"><strong>VIMATERIAL<\/strong><\/a><\/span> propose du siliciure de molybd\u00e8ne de haute puret\u00e9, garantissant ainsi la qualit\u00e9 du produit. Nous accordons \u00e9galement la priorit\u00e9 aux d\u00e9lais de livraison, ce qui permet de garantir la livraison de produits de haute qualit\u00e9 dans les d\u00e9lais impartis. En outre, nous proposons un syst\u00e8me de service apr\u00e8s-vente complet pour vous offrir une exp\u00e9rience de service sup\u00e9rieure. <span style=\"color: #0000ff;\"><strong><a style=\"color: #0000ff;\" href=\"https:\/\/vimaterial.de\/fr\/contact\/\">N&#8217;h\u00e9sitez pas \u00e0 nous contacter<\/a><\/strong><\/span> si n\u00e9cessaire !<\/p>\n<h2><span style=\"font-size: 14pt;\">Propri\u00e9t\u00e9s physiques<\/span><\/h2>\n<table style=\"border-collapse: collapse; width: 62.5646%; height: 171px;\">\n<tbody>\n<tr style=\"height: 24px;\">\n<td style=\"width: 20.1261%; height: 24px;\"><strong>Param\u00e8tre<\/strong><\/td>\n<td style=\"width: 48.0371%; height: 24px;\"><strong>Valeur<\/strong><\/td>\n<\/tr>\n<tr style=\"height: 27px;\">\n<td style=\"width: 20.1261%; height: 27px;\">Formule chimique<\/td>\n<td style=\"width: 48.0371%; height: 27px;\"><sub>MoSi2<\/sub><\/td>\n<\/tr>\n<tr style=\"height: 24px;\">\n<td style=\"width: 20.1261%; height: 24px;\">Poids mol\u00e9culaire<\/td>\n<td style=\"width: 48.0371%; height: 24px;\">152.13 g\/mol<\/td>\n<\/tr>\n<tr style=\"height: 24px;\">\n<td style=\"width: 20.1261%; height: 24px;\">Aspect<\/td>\n<td style=\"width: 48.0371%; height: 24px;\">Gris<\/td>\n<\/tr>\n<tr style=\"height: 24px;\">\n<td style=\"width: 20.1261%; height: 24px;\">Densit\u00e9<\/td>\n<td style=\"width: 48.0371%; height: 24px;\">6.31g\/cm\u00b3<\/td>\n<\/tr>\n<tr style=\"height: 24px;\">\n<td style=\"width: 20.1261%; height: 24px;\">Point de fusion<\/td>\n<td style=\"width: 48.0371%; height: 24px;\">1870-2030 \u00b0C<\/td>\n<\/tr>\n<tr style=\"height: 24px;\">\n<td style=\"width: 20.1261%; height: 24px;\">Solubilit\u00e9<\/td>\n<td style=\"width: 48.0371%; height: 24px;\">Insoluble dans la plupart des acides, mais soluble dans l&#8217;acide fluorhydrique et l&#8217;acide nitrique.<\/td>\n<\/tr>\n<\/tbody>\n<\/table>\n<h2><span style=\"font-size: 14pt;\">Pourquoi nous choisir ?<\/span><\/h2>\n<p><strong>Support technique complet :<\/strong> De la consultation avant-vente au service apr\u00e8s-vente, nous veillons \u00e0 ce que les clients ach\u00e8tent des produits ad\u00e9quats et soient satisfaits de nos services, afin de mettre en place une coop\u00e9ration durable et \u00e0 long terme.<\/p>\n<p><strong>Produits personnalis\u00e9s :<\/strong> Nous proposons des services de personnalisation. Si vos besoins ne figurent pas sur notre liste, nous pouvons les adapter \u00e0 vos besoins.<\/p>\n<p><strong>Des \u00e9chantillons peuvent \u00eatre fournis pour des tests effectu\u00e9s par des tiers :<\/strong> Si vous avez des questions sur la qualit\u00e9 des produits, nous pouvons fournir des \u00e9chantillons pour des tests effectu\u00e9s par des tiers, sur demande, afin de garantir vos droits.<\/p>\n<p><strong>Rapport TDS\/MSDS\/COA :<\/strong> Nous fournissons un rapport COA pour chaque lot de produits afin de garantir le suivi et le contr\u00f4le de la qualit\u00e9. Nous fournissons \u00e9galement des rapports MSDS et TDS sur demande.<\/p>\n<h2><span style=\"font-size: 14pt;\">Informations sur l&#8217;emballage<\/span><\/h2>\n<p><strong>Emballage int\u00e9rieur :<\/strong> Bouteille\/sac scell\u00e9 sous vide \u00e0 double couche<\/p>\n<p><strong>Emballage ext\u00e9rieur :<\/strong> Carton rempli de mousse souple<\/p>\n<p>Stocker dans un environnement sec, frais et bien ventil\u00e9, garder l&#8217;emballage scell\u00e9 et tenir \u00e0 l&#8217;\u00e9cart des produits chimiques incompatibles.<\/p>\n<h2><span style=\"font-size: 14pt;\">Applications des granul\u00e9s de siliciure de molybd\u00e8ne<\/span><\/h2>\n<p><strong>\u00c9l\u00e9ments de chauffage \u00e9lectrique :<\/strong> En tant que mat\u00e9riau d&#8217;\u00e9l\u00e9ment chauffant, il peut fonctionner \u00e0 des temp\u00e9ratures allant jusqu&#8217;\u00e0 1700\u2103, convenant aux \u00e9l\u00e9ments chauffants \u00e9lectriques, aux thermocouples \u00e0 haute temp\u00e9rature et aux creusets de fusion (utilis\u00e9s pour fondre des m\u00e9taux tels que le sodium et le lithium).<\/p>\n<p><strong>Rev\u00eatements anti-oxydation haute temp\u00e9rature :<\/strong> Utilis\u00e9s pour la protection \u00e0 haute temp\u00e9rature de substrats m\u00e9talliques, formant un film de verre imperm\u00e9able qui r\u00e9siste \u00e0 la corrosion par des gaz tels que l&#8217;oxyg\u00e8ne et l&#8217;azote. Ils conviennent aux composants \u00e0 haute temp\u00e9rature tels que les moteurs \u00e0 turbine et les br\u00fbleurs.<\/p>\n<p><strong>Industrie micro\u00e9lectronique :<\/strong> Utilis\u00e9 comme mat\u00e9riau en couche mince pour les portes et les interconnexions dans les circuits int\u00e9gr\u00e9s, avec les siliciures de titane et les siliciures de tungst\u00e8ne, dans les circuits int\u00e9gr\u00e9s \u00e0 grande \u00e9chelle.<\/p>\n<p><strong>Cuves de fusion :<\/strong> Utilis\u00e9s comme rev\u00eatements pour les creusets de m\u00e9tal en fusion, ils offrent une r\u00e9sistance aux temp\u00e9ratures \u00e9lev\u00e9es et \u00e0 la corrosion.<\/p>\n<p><strong>Industrie nucl\u00e9aire :<\/strong> Utilis\u00e9 comme mat\u00e9riau d&#8217;\u00e9change thermique, capable de r\u00e9sister aux environnements d&#8217;irradiation neutronique.<\/p>\n<p>Renforcement des mat\u00e9riaux composites : Combin\u00e9 au carbure de silicium, sa r\u00e9sistance \u00e0 haute temp\u00e9rature est multipli\u00e9e par 8, ce qui convient aux composants structurels \u00e0 haute temp\u00e9rature tels que les pales de turbines.<\/p>\n<h2><span style=\"font-size: 14pt;\">Produits apparent\u00e9s<\/span><\/h2>\n<table style=\"border-collapse: collapse; width: 100%; height: 48px;\">\n<tbody>\n<tr style=\"height: 24px;\">\n<td style=\"width: 33.3333%; height: 24px;\"><span style=\"color: #0000ff;\"><strong><a style=\"color: #0000ff;\" href=\"https:\/\/vimaterial.de\/fr\/product\/molybdene-metal-5\/\">Granul\u00e9s de molybd\u00e8ne<\/a><\/strong><\/span><\/td>\n<td style=\"width: 33.3333%; height: 24px;\"><span style=\"color: #0000ff;\"><strong><a style=\"color: #0000ff;\" href=\"https:\/\/vimaterial.de\/fr\/product\/molybdene-metal-6\/\">Feuilles de molybd\u00e8ne<\/a><\/strong><\/span><\/td>\n<td style=\"width: 33.3333%; height: 24px;\"><span style=\"color: #0000ff;\"><strong><a style=\"color: #0000ff;\" href=\"https:\/\/vimaterial.de\/fr\/product\/carbure-de-molybdene-2\/\">Carbure de molybd\u00e8ne<\/a><\/strong><\/span><\/td>\n<\/tr>\n<tr style=\"height: 24px;\">\n<td style=\"width: 33.3333%; height: 24px;\"><span style=\"color: #0000ff;\"><strong><a style=\"color: #0000ff;\" href=\"https:\/\/vimaterial.de\/fr\/product\/oxyde-de-molybdene-4\/\">Oxyde de molybd\u00e8ne<\/a><\/strong><\/span><\/td>\n<td style=\"width: 33.3333%; height: 24px;\"><span style=\"color: #0000ff;\"><strong><a style=\"color: #0000ff;\" href=\"https:\/\/vimaterial.de\/fr\/product\/borure-de-molybdene\/\">Borure de molybd\u00e8ne<\/a><\/strong><\/span><\/td>\n<td style=\"width: 33.3333%; height: 24px;\"><span style=\"color: #0000ff;\"><strong><a style=\"color: #0000ff;\" href=\"https:\/\/vimaterial.de\/fr\/product\/sulfure-de-molybdene\/\">Sulfure de<\/a> molybd\u00e8ne<\/strong><\/span><\/td>\n<\/tr>\n<\/tbody>\n<\/table>\n<h2><span style=\"font-size: 14pt;\">FAQ<\/span><\/h2>\n<p><strong>Q1 : A quoi sert le disilicide de molybd\u00e8ne ?<\/strong><\/p>\n<p>R : Le siliciure de molybd\u00e8ne a un large \u00e9ventail d&#8217;applications dans les domaines des hautes temp\u00e9ratures, de l&#8217;\u00e9lectronique, de l&#8217;a\u00e9rospatiale et de l&#8217;automobile, comme indiqu\u00e9 dans le module d&#8217;application ci-dessus.<\/p>\n<p><strong>Q2 : Le disulfure de molybd\u00e8ne est-il dangereux ?<\/strong><\/p>\n<p>R : Le disiliciure de molybd\u00e8ne n&#8217;est pas un produit dangereux et peut \u00eatre transport\u00e9 en tant que marchandise g\u00e9n\u00e9rale.<\/p>\n<p><strong>Q3 : Quelle est la r\u00e9sistivit\u00e9 des siliciures de molybd\u00e8ne ?<\/strong><\/p>\n<p>R : La r\u00e9sistivit\u00e9 du siliciure de molybd\u00e8ne varie en fonction de la temp\u00e9rature et d&#8217;autres conditions, mais \u00e0 temp\u00e9rature ambiante, sa r\u00e9sistivit\u00e9 varie g\u00e9n\u00e9ralement de quelques microohms (\u03bc\u03a9-m) \u00e0 des dizaines de microohms. Les valeurs sp\u00e9cifiques d\u00e9pendent de la puret\u00e9 et de la structure cristalline du mat\u00e9riau. Selon des recherches sp\u00e9cialis\u00e9es, la r\u00e9sistivit\u00e9 du siliciure de molybd\u00e8ne de haute puret\u00e9 \u00e0 temp\u00e9rature ambiante peut \u00eatre aussi basse qu&#8217;environ 5 \u03bc\u03a9-m.<\/p>\n","protected":false},"excerpt":{"rendered":"<p>Le disiliciure de molybd\u00e8ne le disilicide de molybd\u00e8ne est un mat\u00e9riau important pour les hautes temp\u00e9ratures, avec un point de fusion \u00e9lev\u00e9, une excellente r\u00e9sistance \u00e0 l&#8217;oxydation et \u00e0 la corrosion. Il est largement utilis\u00e9 dans les \u00e9l\u00e9ments chauffants \u00e9lectriques, les rev\u00eatements \u00e0 haute temp\u00e9rature, l&#8217;a\u00e9rospatiale et les industries micro\u00e9lectroniques. VIMATERIAL propose du siliciure de [&hellip;]<\/p>\n","protected":false},"featured_media":1046670,"comment_status":"open","ping_status":"closed","template":"","meta":{"_acf_changed":false},"product_brand":[],"product_cat":[236],"product_tag":[],"class_list":{"0":"post-1046863","1":"product","2":"type-product","3":"status-publish","4":"has-post-thumbnail","6":"product_cat-materiaux-devaporation","8":"first","9":"instock","10":"shipping-taxable","11":"purchasable","12":"product-type-variable"},"acf":[],"_links":{"self":[{"href":"https:\/\/vimaterial.de\/fr\/wp-json\/wp\/v2\/product\/1046863","targetHints":{"allow":["GET"]}}],"collection":[{"href":"https:\/\/vimaterial.de\/fr\/wp-json\/wp\/v2\/product"}],"about":[{"href":"https:\/\/vimaterial.de\/fr\/wp-json\/wp\/v2\/types\/product"}],"replies":[{"embeddable":true,"href":"https:\/\/vimaterial.de\/fr\/wp-json\/wp\/v2\/comments?post=1046863"}],"wp:featuredmedia":[{"embeddable":true,"href":"https:\/\/vimaterial.de\/fr\/wp-json\/wp\/v2\/media\/1046670"}],"wp:attachment":[{"href":"https:\/\/vimaterial.de\/fr\/wp-json\/wp\/v2\/media?parent=1046863"}],"wp:term":[{"taxonomy":"product_brand","embeddable":true,"href":"https:\/\/vimaterial.de\/fr\/wp-json\/wp\/v2\/product_brand?post=1046863"},{"taxonomy":"product_cat","embeddable":true,"href":"https:\/\/vimaterial.de\/fr\/wp-json\/wp\/v2\/product_cat?post=1046863"},{"taxonomy":"product_tag","embeddable":true,"href":"https:\/\/vimaterial.de\/fr\/wp-json\/wp\/v2\/product_tag?post=1046863"}],"curies":[{"name":"wp","href":"https:\/\/api.w.org\/{rel}","templated":true}]}}