{"id":1046813,"date":"2024-06-17T15:56:42","date_gmt":"2024-06-17T07:56:42","guid":{"rendered":"https:\/\/vimaterial.de\/product\/bismuth-metal-4\/"},"modified":"2024-06-17T15:56:42","modified_gmt":"2024-06-17T07:56:42","slug":"bismuth-metal-4","status":"publish","type":"product","link":"https:\/\/vimaterial.de\/fr\/product\/bismuth-metal-4\/","title":{"rendered":"Bismuth m\u00e9tal"},"content":{"rendered":"<p>La <strong>poudre de bismuth<\/strong> est une mati\u00e8re premi\u00e8re fonctionnelle importante, largement utilis\u00e9e dans les mat\u00e9riaux \u00e9lectroniques, les produits chimiques, la m\u00e9tallurgie et d&#8217;autres domaines industriels. La <strong>poudre de<span style=\"color: #0000ff;\"><a style=\"color: #0000ff;\" href=\"https:\/\/vimaterial.de\/fr\/search\/?type=name&#038;keyword=bismuth+metal\">bismuth m\u00e9tallique<\/a><\/span><\/strong> de VIMATERIAL peut se targuer d&#8217;une puret\u00e9 allant jusqu&#8217;\u00e0 99,999 %, gr\u00e2ce \u00e0 un contr\u00f4le qualit\u00e9 rigoureux et \u00e0 de multiples processus de raffinage et de purification. Des processus de production et une gestion de la qualit\u00e9 tr\u00e8s stricts garantissent l&#8217;homog\u00e9n\u00e9it\u00e9 et la stabilit\u00e9 du produit d&#8217;un lot \u00e0 l&#8217;autre.<\/p>\n<p>En outre, nous accordons la priorit\u00e9 aux d\u00e9lais de livraison, afin de garantir \u00e0 nos clients une livraison s\u00fbre et en temps voulu. En outre, nous fournissons un syst\u00e8me complet de service apr\u00e8s-vente pour vous garantir une assistance compl\u00e8te pendant l&#8217;utilisation. <span style=\"color: #0000ff;\"><strong><a style=\"color: #0000ff;\" href=\"https:\/\/vimaterial.de\/fr\/contact\/\">Contactez nous<\/a><\/strong><\/span> maintenant !<\/p>\n<h2><span style=\"font-size: 14pt;\">Propri\u00e9t\u00e9s physiques<\/span><\/h2>\n<table style=\"border-collapse: collapse; width: 53.9425%; height: 216px;\">\n<tbody>\n<tr style=\"height: 24px;\">\n<td style=\"width: 23.1761%; height: 24px;\"><strong>Param\u00e8tre<\/strong><\/td>\n<td style=\"width: 30.7664%; height: 24px;\"><strong>Valeur<\/strong><\/td>\n<\/tr>\n<tr style=\"height: 24px;\">\n<td style=\"width: 23.1761%; height: 24px;\">Formule chimique<\/td>\n<td style=\"width: 30.7664%; height: 24px;\">Bi<\/td>\n<\/tr>\n<tr style=\"height: 24px;\">\n<td style=\"width: 23.1761%; height: 24px;\">Poids mol\u00e9culaire<\/td>\n<td style=\"width: 30.7664%; height: 24px;\">208.98 g\/mol<\/td>\n<\/tr>\n<tr style=\"height: 24px;\">\n<td style=\"width: 23.1761%; height: 24px;\">Aspect<\/td>\n<td style=\"width: 30.7664%; height: 24px;\">Gris fonc\u00e9<\/td>\n<\/tr>\n<tr style=\"height: 24px;\">\n<td style=\"width: 23.1761%; height: 24px;\">Puret\u00e9<\/td>\n<td style=\"width: 30.7664%; height: 24px;\">99.95%-99.999%<\/td>\n<\/tr>\n<tr style=\"height: 24px;\">\n<td style=\"width: 23.1761%; height: 24px;\">Densit\u00e9<\/td>\n<td style=\"width: 30.7664%; height: 24px;\">9.<sup>78g\/cm3<\/sup><\/td>\n<\/tr>\n<tr style=\"height: 24px;\">\n<td style=\"width: 23.1761%; height: 24px;\">Point de fusion<\/td>\n<td style=\"width: 30.7664%; height: 24px;\">271.5\u2103<\/td>\n<\/tr>\n<tr style=\"height: 24px;\">\n<td style=\"width: 23.1761%; height: 24px;\">Point d&#8217;\u00e9bullition<\/td>\n<td style=\"width: 30.7664%; height: 24px;\">1564\u2103<\/td>\n<\/tr>\n<tr style=\"height: 24px;\">\n<td style=\"width: 23.1761%; height: 24px;\">Stabilit\u00e9<\/td>\n<td style=\"width: 30.7664%; height: 24px;\">Relativement stable, ne r\u00e9agit pas facilement avec l&#8217;oxyg\u00e8ne, l&#8217;eau et d&#8217;autres substances<\/td>\n<\/tr>\n<\/tbody>\n<\/table>\n<h2><span style=\"font-size: 14pt;\">Services<\/span><\/h2>\n<p>Support technique complet<\/p>\n<p>Produits personnalis\u00e9s<\/p>\n<p>Rapport TDS\/MSDS\/COA<\/p>\n<p>\u00c9chantillons disponibles sur demande pour des tests par des tiers<\/p>\n<p>Service apr\u00e8s-vente complet<\/p>\n<h2><span style=\"font-size: 14pt;\">D\u00e9lai de livraison<\/span><\/h2>\n<p>En stock : Exp\u00e9dition imm\u00e9diate<\/p>\n<p>Produits standards : G\u00e9n\u00e9ralement 2-4 semaines<\/p>\n<p>Produits personnalis\u00e9s : D\u00e9termin\u00e9 en fonction des d\u00e9tails requis<\/p>\n<p>Les exigences particuli\u00e8res peuvent \u00eatre discut\u00e9es<\/p>\n<h2><span style=\"font-size: 14pt;\">Informations sur l&#8217;emballage de la poudre de bismuth<\/span><\/h2>\n<p><strong>Int\u00e9rieur :<\/strong> Bouteille\/sac scell\u00e9 sous vide \u00e0 double couche<\/p>\n<p><strong>Ext\u00e9rieur :<\/strong> Carton rempli de mousse souple<\/p>\n<p>Stocker le produit dans un environnement sec, frais et bien ventil\u00e9, en gardant l&#8217;emballage scell\u00e9 et en \u00e9vitant les temp\u00e9ratures \u00e9lev\u00e9es, l&#8217;humidit\u00e9, la lumi\u00e8re et le contact avec d&#8217;autres produits chimiques.<\/p>\n<h2><span style=\"font-size: 14pt;\">Applications de la poudre de bismuth<\/span><\/h2>\n<p><strong>M\u00e9tallurgie :<\/strong> La poudre de bismuth peut \u00eatre utilis\u00e9e comme additif m\u00e9tallurgique pour am\u00e9liorer les propri\u00e9t\u00e9s des alliages.<\/p>\n<p><strong>Industrie \u00e9lectronique :<\/strong> Le bismuth poss\u00e8de certaines propri\u00e9t\u00e9s de conductivit\u00e9 et de semi-conducteur, et la <strong>poudre de bismuth m\u00e9tal<\/strong> peut \u00eatre utilis\u00e9e pour pr\u00e9parer des c\u00e9ramiques \u00e9lectroniques, des condensateurs, des r\u00e9sistances, des thermistances et d&#8217;autres composants \u00e9lectroniques.<\/p>\n<p><strong>Mat\u00e9riaux supraconducteurs et industrie nucl\u00e9aire :<\/strong> La poudre de bismuth a \u00e9galement certaines applications dans les mat\u00e9riaux supraconducteurs et l&#8217;industrie nucl\u00e9aire, notamment en tant que fluide caloporteur pour les r\u00e9acteurs nucl\u00e9aires.<\/p>\n<h2><span style=\"font-size: 14pt;\">Produits apparent\u00e9s<\/span><\/h2>\n<table style=\"border-collapse: collapse; width: 100%;\">\n<tbody>\n<tr>\n<td style=\"width: 33.3333%;\"><span style=\"color: #0000ff;\"><strong><a style=\"color: #0000ff;\" href=\"https:\/\/vimaterial.de\/fr\/product\/bismuth-metal\/\">Cible de pulv\u00e9risation de bismuth<\/a><\/strong><\/span><\/td>\n<td style=\"width: 33.3333%;\"><span style=\"color: #0000ff;\"><strong><a style=\"color: #0000ff;\" href=\"https:\/\/vimaterial.de\/fr\/product\/bismuth-metal-3\/\">Barre de bismuth<\/a><\/strong><\/span><\/td>\n<td style=\"width: 33.3333%;\"><span style=\"color: #0000ff;\"><strong><a style=\"color: #0000ff;\" href=\"https:\/\/vimaterial.de\/fr\/product\/bismuth-metal-5\/\">Granul\u00e9s de bismuth<\/a><\/strong><\/span><\/td>\n<\/tr>\n<tr>\n<td style=\"width: 33.3333%;\"><span style=\"color: #0000ff;\"><strong><a style=\"color: #0000ff;\" href=\"https:\/\/vimaterial.de\/fr\/search\/?type=name&#038;keyword=bismuth+oxide\">Oxyde de bismuth<\/a><\/strong><\/span><\/td>\n<td style=\"width: 33.3333%;\"><span style=\"color: #0000ff;\"><strong><a style=\"color: #0000ff;\" href=\"https:\/\/vimaterial.de\/fr\/search\/?type=element&#038;keyword=Bi2Te3\">Tellurure de bismuth<\/a><\/strong><\/span><\/td>\n<td style=\"width: 33.3333%;\"><span style=\"color: #0000ff;\"><strong><a style=\"color: #0000ff;\" href=\"https:\/\/vimaterial.de\/fr\/search\/?type=name&#038;keyword=bismuth+sulfide\">Sulfure de bismuth<\/a><\/strong><\/span><\/td>\n<\/tr>\n<\/tbody>\n<\/table>\n<h2><span style=\"font-size: 14pt;\">FAQ<\/span><\/h2>\n<p><strong>Q1 : Le bismuth est-il une mati\u00e8re dangereuse ?<\/strong><\/p>\n<p>R : Oui, la poudre de bismuth est une mati\u00e8re dangereuse et pr\u00e9sente un risque d&#8217;inflammabilit\u00e9. Lorsque vous l&#8217;utilisez, tenez-la \u00e9loign\u00e9e des sources de chaleur, des surfaces chaudes, des \u00e9tincelles, des flammes nues et de toute autre source d&#8217;inflammation. Il est interdit de fumer et des mesures doivent \u00eatre prises pour \u00e9viter l&#8217;accumulation d&#8217;\u00e9lectricit\u00e9 statique.<\/p>\n<p>Toutefois, d&#8217;autres formes de bismuth que la poudre, telles que les cibles de pulv\u00e9risation de bismuth, les lingots de bismuth et les granul\u00e9s de bismuth, ne sont pas des mati\u00e8res dangereuses.<\/p>\n<p><strong>Q2 : Quel est le processus de production de la poudre de bismuth ?<\/strong><\/p>\n<p>R : Nous produisons g\u00e9n\u00e9ralement la poudre de bismuth en utilisant des m\u00e9thodes de broyage \u00e0 billes ou d&#8217;atomisation.<br \/>\nM\u00e9thode de broyage de billes : Le bloc de bismuth m\u00e9tal est progressivement bris\u00e9 en fines particules par broyage m\u00e9canique \u00e0 billes, afin d&#8217;obtenir de la poudre de bismuth m\u00e9tal.<br \/>\nM\u00e9thode d&#8217;atomisation : Le bismuth liquide est atomis\u00e9 en minuscules gouttelettes par un flux d&#8217;air \u00e0 grande vitesse ou un flux d&#8217;eau \u00e0 haute pression, puis solidifi\u00e9 pour former de la poudre de bismuth pendant le refroidissement. La poudre de bismuth produite par la m\u00e9thode d&#8217;atomisation a une taille de particule uniforme, une bonne sph\u00e9ricit\u00e9 et une grande puret\u00e9.<\/p>\n<p><strong>Q3 : Fournissez-vous un fichier MSDS ?<\/strong><\/p>\n<p>R : Oui, nous fournissons des fichiers TDS et MSDS. Vous trouverez les boutons &#8220;MSDS&#8221; et &#8220;TDS&#8221; sous la bo\u00eete de demande de renseignements \u00e0 droite de l&#8217;image du produit.<\/p>\n<p><strong>Q4 : \u00c0 quoi sert la poudre de bismuth ?<\/strong><\/p>\n<p>R : La poudre de bismuth peut \u00eatre utilis\u00e9e comme additif m\u00e9tallurgique et peut \u00e9galement \u00eatre utilis\u00e9e pour fabriquer des c\u00e9ramiques \u00e9lectroniques, des condensateurs, des r\u00e9sistances, des thermistances et d&#8217;autres composants \u00e9lectroniques. En outre, elle trouve des applications dans les domaines des mat\u00e9riaux supraconducteurs et de l&#8217;industrie nucl\u00e9aire.<\/p>\n","protected":false},"excerpt":{"rendered":"<p>La poudre de bismuth est une mati\u00e8re premi\u00e8re fonctionnelle importante, largement utilis\u00e9e dans les mat\u00e9riaux \u00e9lectroniques, les produits chimiques, la m\u00e9tallurgie et d&#8217;autres domaines industriels. La poudre debismuth m\u00e9tallique de VIMATERIAL peut se targuer d&#8217;une puret\u00e9 allant jusqu&#8217;\u00e0 99,999 %, gr\u00e2ce \u00e0 un contr\u00f4le qualit\u00e9 rigoureux et \u00e0 de multiples processus de raffinage et de [&hellip;]<\/p>\n","protected":false},"featured_media":1033559,"comment_status":"open","ping_status":"closed","template":"","meta":{"_acf_changed":false},"product_brand":[],"product_cat":[250],"product_tag":[],"class_list":{"0":"post-1046813","1":"product","2":"type-product","3":"status-publish","4":"has-post-thumbnail","6":"product_cat-poudre-de-metal-pur-et-dalliage","8":"first","9":"instock","10":"shipping-taxable","11":"purchasable","12":"product-type-variable"},"acf":[],"_links":{"self":[{"href":"https:\/\/vimaterial.de\/fr\/wp-json\/wp\/v2\/product\/1046813","targetHints":{"allow":["GET"]}}],"collection":[{"href":"https:\/\/vimaterial.de\/fr\/wp-json\/wp\/v2\/product"}],"about":[{"href":"https:\/\/vimaterial.de\/fr\/wp-json\/wp\/v2\/types\/product"}],"replies":[{"embeddable":true,"href":"https:\/\/vimaterial.de\/fr\/wp-json\/wp\/v2\/comments?post=1046813"}],"wp:featuredmedia":[{"embeddable":true,"href":"https:\/\/vimaterial.de\/fr\/wp-json\/wp\/v2\/media\/1033559"}],"wp:attachment":[{"href":"https:\/\/vimaterial.de\/fr\/wp-json\/wp\/v2\/media?parent=1046813"}],"wp:term":[{"taxonomy":"product_brand","embeddable":true,"href":"https:\/\/vimaterial.de\/fr\/wp-json\/wp\/v2\/product_brand?post=1046813"},{"taxonomy":"product_cat","embeddable":true,"href":"https:\/\/vimaterial.de\/fr\/wp-json\/wp\/v2\/product_cat?post=1046813"},{"taxonomy":"product_tag","embeddable":true,"href":"https:\/\/vimaterial.de\/fr\/wp-json\/wp\/v2\/product_tag?post=1046813"}],"curies":[{"name":"wp","href":"https:\/\/api.w.org\/{rel}","templated":true}]}}