{"id":1046753,"date":"2024-06-17T15:56:43","date_gmt":"2024-06-17T07:56:43","guid":{"rendered":"https:\/\/vimaterial.de\/product\/bismuth-metal\/"},"modified":"2024-06-17T15:56:43","modified_gmt":"2024-06-17T07:56:43","slug":"bismuth-metal","status":"publish","type":"product","link":"https:\/\/vimaterial.de\/fr\/product\/bismuth-metal\/","title":{"rendered":"Bismuth m\u00e9tal"},"content":{"rendered":"<h2><span style=\"font-size: 14pt;\">Cible de pulv\u00e9risation de bismuth Vue d&#8217;ensemble<\/span><\/h2>\n<p>Les<strong>cibles de pulv\u00e9risation de<span style=\"color: #0000ff;\"><a style=\"color: #0000ff;\" href=\"https:\/\/vimaterial.de\/fr\/search\/?type=name&#038;keyword=bismuth\">bismuth<\/a><\/span><\/strong> sont des mati\u00e8res premi\u00e8res essentielles utilis\u00e9es pour pr\u00e9parer des mat\u00e9riaux en couches minces. Elles sont largement utilis\u00e9es dans les circuits int\u00e9gr\u00e9s et dans d&#8217;autres domaines. Les <strong>cibles de pulv\u00e9risation de bismuth de haute puret\u00e9<\/strong> de VIMATERIAL ont une puret\u00e9 de <strong>99,999 %<\/strong>. Un contr\u00f4le de qualit\u00e9 strict est mis en place pour garantir la qualit\u00e9 des produits.<\/p>\n<p>Nos <strong>cibles m\u00e9talliques de bismuth<\/strong> ont une densit\u00e9 \u00e9lev\u00e9e, une bonne structure cristalline et sont faciles \u00e0 traiter et \u00e0 fa\u00e7onner. Diff\u00e9rentes tailles et puret\u00e9s peuvent \u00eatre personnalis\u00e9es, et une vari\u00e9t\u00e9 de formes est prise en charge, telles que les cibles rondes plates, les cibles rectangulaires plates, les cibles tubulaires, les cibles de forme sp\u00e9ciale, etc. En m\u00eame temps, nous fournissons un syst\u00e8me complet de <strong>service apr\u00e8s-vente<\/strong> pour garantir que vous b\u00e9n\u00e9ficiez d&#8217;une assistance compl\u00e8te pendant l&#8217;utilisation. En cas de besoin, <span style=\"color: #0000ff;\"><a style=\"color: #0000ff;\" href=\"https:\/\/vimaterial.de\/fr\/contact\/\"><strong>contactez-nous<\/strong><\/a><\/span> imm\u00e9diatement !<\/p>\n<h2><span style=\"font-size: 14pt;\">Propri\u00e9t\u00e9s physiques<\/span><\/h2>\n<table style=\"border-collapse: collapse; width: 61.238%; height: 168px;\">\n<tbody>\n<tr style=\"height: 24px;\">\n<td style=\"width: 25.2458%; height: 24px;\"><strong>Param\u00e8tre<\/strong><\/td>\n<td style=\"width: 35.9922%; height: 24px;\"><strong>Valeur<\/strong><\/td>\n<\/tr>\n<tr style=\"height: 24px;\">\n<td style=\"width: 25.2458%; height: 24px;\">Formule chimique<\/td>\n<td style=\"width: 35.9922%; height: 24px;\">Bi<\/td>\n<\/tr>\n<tr style=\"height: 24px;\">\n<td style=\"width: 25.2458%; height: 24px;\">Poids mol\u00e9culaire<\/td>\n<td style=\"width: 35.9922%; height: 24px;\">208.98 g\/mol<\/td>\n<\/tr>\n<tr style=\"height: 24px;\">\n<td style=\"width: 25.2458%; height: 24px;\">Aspect<\/td>\n<td style=\"width: 35.9922%; height: 24px;\">Blanc argent\u00e9 avec un \u00e9clat m\u00e9tallique<\/td>\n<\/tr>\n<tr style=\"height: 24px;\">\n<td style=\"width: 25.2458%; height: 24px;\">Puret\u00e9<\/td>\n<td style=\"width: 35.9922%; height: 24px;\">99.99%-99.999%<\/td>\n<\/tr>\n<tr style=\"height: 24px;\">\n<td style=\"width: 25.2458%; height: 24px;\">Densit\u00e9<\/td>\n<td style=\"width: 35.9922%; height: 24px;\">9.78g\/cm3<\/td>\n<\/tr>\n<tr style=\"height: 24px;\">\n<td style=\"width: 25.2458%; height: 24px;\">Point de fusion<\/td>\n<td style=\"width: 35.9922%; height: 24px;\">271.5\u2103<\/td>\n<\/tr>\n<tr>\n<td style=\"width: 25.2458%;\">Duret\u00e9<\/td>\n<td style=\"width: 35.9922%;\">La texture est fragile, la duret\u00e9 n&#8217;est pas \u00e9lev\u00e9e.<\/td>\n<\/tr>\n<tr>\n<td style=\"width: 25.2458%;\">Stabilit\u00e9<\/td>\n<td style=\"width: 35.9922%;\">Stable ; Tenir \u00e0 l&#8217;\u00e9cart d&#8217;un environnement fortement acide ou alcalin.<\/td>\n<\/tr>\n<\/tbody>\n<\/table>\n<h2><span style=\"font-size: 14pt;\">Services<\/span><\/h2>\n<p>Assistance technique compl\u00e8te<\/p>\n<p>Produits personnalis\u00e9s<\/p>\n<p>Rapport TDS\/MSDS\/COA<\/p>\n<p>\u00c9chantillons disponibles sur demande pour des tests par des tiers<\/p>\n<p>Service apr\u00e8s-vente complet<\/p>\n<h2><span style=\"font-size: 14pt;\">Informations sur l&#8217;emballage de la cible de pulv\u00e9risation de bismuth<\/span><\/h2>\n<p>Emballage int\u00e9rieur : sachet sous vide double couche<\/p>\n<p>Emballage ext\u00e9rieur : carton\/bo\u00eete en bois rempli de mousse souple<\/p>\n<p>Le produit doit \u00eatre stock\u00e9 dans un environnement sec, frais et bien ventil\u00e9, l&#8217;emballage doit rester scell\u00e9 et il faut \u00e9viter les temp\u00e9ratures \u00e9lev\u00e9es, l&#8217;humidit\u00e9, la lumi\u00e8re et le contact avec d&#8217;autres produits chimiques.<\/p>\n<h2><span style=\"font-size: 14pt;\">Processus de production<\/span><\/h2>\n<p>Fusion et purification : Tout d&#8217;abord, la mati\u00e8re premi\u00e8re doit \u00eatre fondue et purifi\u00e9e pour \u00e9liminer les impuret\u00e9s et am\u00e9liorer la puret\u00e9 du bismuth.<\/p>\n<p>Processus de forgeage : Le bismuth raffin\u00e9 doit \u00eatre forg\u00e9 pour obtenir la forme et la taille souhait\u00e9es.<\/p>\n<p>Usinage : La cible de bismuth forg\u00e9e doit \u00e9galement \u00eatre usin\u00e9e, par exemple par d\u00e9coupage, meulage, etc., pour r\u00e9pondre aux exigences du client en ce qui concerne la taille et la pr\u00e9cision de la surface de la cible.<\/p>\n<p>Paquet d&#8217;inspection : Enfin, la qualit\u00e9 de la cible de pulv\u00e9risation de bismuth trait\u00e9e est test\u00e9e, y compris la d\u00e9tection de la puret\u00e9, la d\u00e9tection de la taille, la d\u00e9tection de la plan\u00e9it\u00e9 de la surface, etc. Les cibles qualifi\u00e9es sont emball\u00e9es sous vide pour \u00e9viter l&#8217;oxydation et la contamination.<\/p>\n<h2><span style=\"font-size: 14pt;\">Applications des cibles de bismuth<\/span><\/h2>\n<p><strong>\u00c9lectronique :<\/strong> la cible m\u00e9tallique de bismuth peut \u00eatre utilis\u00e9e pour pr\u00e9parer des couches minces \u00e9lectroniques, par exemple dans le processus de fabrication de circuits int\u00e9gr\u00e9s, de dispositifs \u00e0 semi-conducteurs, etc., par pulv\u00e9risation magn\u00e9tron et autres technologies, la couche de bismuth est d\u00e9pos\u00e9e sur la surface de la puce pour conduire l&#8217;\u00e9lectricit\u00e9 et la connecter.<\/p>\n<p><strong>Champs optiques :<\/strong> En raison des propri\u00e9t\u00e9s optiques uniques du bismuth, les cibles de bismuth peuvent \u00eatre utilis\u00e9es pour pr\u00e9parer des films optiques, tels que le d\u00e9p\u00f4t de films de bismuth sur la surface des lentilles optiques, des dispositifs laser, etc., qui peuvent am\u00e9liorer leurs propri\u00e9t\u00e9s optiques, telles que l&#8217;augmentation de la r\u00e9flectivit\u00e9 et la r\u00e9duction de l&#8217;indice de r\u00e9fraction.<\/p>\n<p><strong>Domaines de la d\u00e9coration :<\/strong> Dans le domaine du rev\u00eatement d\u00e9coratif, les cibles m\u00e9talliques de bismuth peuvent apporter une texture et une couleur m\u00e9talliques uniques aux produits, comme le rev\u00eatement de la surface des bijoux, des montres, des ornements, etc. pour augmenter leur beaut\u00e9 et leur r\u00e9sistance \u00e0 l&#8217;usure.<\/p>\n<h2><span style=\"font-size: 14pt;\">Produits apparent\u00e9s<\/span><\/h2>\n<table style=\"border-collapse: collapse; width: 100%; height: 48px;\">\n<tbody>\n<tr style=\"height: 24px;\">\n<td style=\"width: 33.3333%; height: 24px;\"><span style=\"color: #0000ff;\"><strong><a style=\"color: #0000ff;\" href=\"https:\/\/vimaterial.de\/fr\/product\/bismuth-metal-4\/\">Poudre de bismuth<\/a><\/strong><\/span><\/td>\n<td style=\"width: 33.3333%; height: 24px;\"><span style=\"color: #0000ff;\"><strong><a style=\"color: #0000ff;\" href=\"https:\/\/vimaterial.de\/fr\/product\/bismuth-metal-5\/\">Granules de bismuth<\/a><\/strong><\/span><\/td>\n<td style=\"width: 33.3333%; height: 24px;\"><span style=\"color: #0000ff;\"><strong><a style=\"color: #0000ff;\" href=\"https:\/\/vimaterial.de\/fr\/product\/bismuth-metal-3\/\">Bismuth en b\u00e2tonnet<\/a><\/strong><\/span><\/td>\n<\/tr>\n<tr style=\"height: 24px;\">\n<td style=\"width: 33.3333%; height: 24px;\"><span style=\"color: #0000ff;\"><strong><a style=\"color: #0000ff;\" href=\"https:\/\/vimaterial.de\/fr\/search\/?type=name&#038;keyword=bismuth+oxide\">Oxyde de bismuth<\/a><\/strong><\/span><\/td>\n<td style=\"width: 33.3333%; height: 24px;\"><span style=\"color: #0000ff;\"><strong><a style=\"color: #0000ff;\" href=\"https:\/\/vimaterial.de\/fr\/search\/?type=element&#038;keyword=Bi2Te3\">Tellurure de Bismuth<\/a><\/strong><\/span><\/td>\n<td style=\"width: 33.3333%; height: 24px;\"><span style=\"color: #0000ff;\"><strong><a style=\"color: #0000ff;\" href=\"https:\/\/vimaterial.de\/fr\/search\/?type=name&#038;keyword=bismuth+sulfide\">Sulfure de bismuth<\/a><\/strong><\/span><\/td>\n<\/tr>\n<\/tbody>\n<\/table>\n<h2><span style=\"font-size: 14pt;\">FAQ<\/span><\/h2>\n<p><strong>Q1 : Le bismuth est-il une mati\u00e8re dangereuse ?<\/strong><\/p>\n<p>R : Les cibles de bismuth ne sont pas des marchandises dangereuses et peuvent \u00eatre manipul\u00e9es comme des marchandises ordinaires.<\/p>\n<p>Toutefois, la poudre de bismuth est dangereuse et inflammable. Lorsqu&#8217;elle est utilis\u00e9e, elle doit \u00eatre tenue \u00e0 l&#8217;\u00e9cart des sources de chaleur, des surfaces chaudes, des \u00e9tincelles, des flammes nues et autres sources d&#8217;inflammation. Il est interdit de fumer et des mesures doivent \u00eatre prises pour \u00e9viter l&#8217;accumulation d&#8217;\u00e9lectricit\u00e9 statique.<\/p>\n<p><strong>Q2 : Quel est le d\u00e9lai de livraison ?<\/strong><\/p>\n<p>R : En stock : Exp\u00e9dition imm\u00e9diate<\/p>\n<p>Produits standard : G\u00e9n\u00e9ralement 2-4 semaines<\/p>\n<p>Produits personnalis\u00e9s : D\u00e9termin\u00e9 en fonction des d\u00e9tails requis<\/p>\n<p>Les exigences particuli\u00e8res peuvent \u00eatre discut\u00e9es<\/p>\n<p><strong>Q3 : Fournissez-vous un fichier MSDS ?<\/strong><\/p>\n<p>R : Oui, nous fournissons des fichiers TDS et MSDS. Vous trouverez les boutons &#8220;MSDS&#8221; et &#8220;TDS&#8221; sous la bo\u00eete de demande de renseignements, \u00e0 droite de l&#8217;image du produit.<\/p>\n","protected":false},"excerpt":{"rendered":"<p>Cible de pulv\u00e9risation de bismuth Vue d&#8217;ensemble Lescibles de pulv\u00e9risation debismuth sont des mati\u00e8res premi\u00e8res essentielles utilis\u00e9es pour pr\u00e9parer des mat\u00e9riaux en couches minces. Elles sont largement utilis\u00e9es dans les circuits int\u00e9gr\u00e9s et dans d&#8217;autres domaines. Les cibles de pulv\u00e9risation de bismuth de haute puret\u00e9 de VIMATERIAL ont une puret\u00e9 de 99,999 %. Un contr\u00f4le [&hellip;]<\/p>\n","protected":false},"featured_media":1033579,"comment_status":"open","ping_status":"closed","template":"","meta":{"_acf_changed":false},"product_brand":[],"product_cat":[235],"product_tag":[],"class_list":{"0":"post-1046753","1":"product","2":"type-product","3":"status-publish","4":"has-post-thumbnail","6":"product_cat-cibles-de-pulverisation-planaire","8":"first","9":"instock","10":"shipping-taxable","11":"purchasable","12":"product-type-variable"},"acf":[],"_links":{"self":[{"href":"https:\/\/vimaterial.de\/fr\/wp-json\/wp\/v2\/product\/1046753","targetHints":{"allow":["GET"]}}],"collection":[{"href":"https:\/\/vimaterial.de\/fr\/wp-json\/wp\/v2\/product"}],"about":[{"href":"https:\/\/vimaterial.de\/fr\/wp-json\/wp\/v2\/types\/product"}],"replies":[{"embeddable":true,"href":"https:\/\/vimaterial.de\/fr\/wp-json\/wp\/v2\/comments?post=1046753"}],"wp:featuredmedia":[{"embeddable":true,"href":"https:\/\/vimaterial.de\/fr\/wp-json\/wp\/v2\/media\/1033579"}],"wp:attachment":[{"href":"https:\/\/vimaterial.de\/fr\/wp-json\/wp\/v2\/media?parent=1046753"}],"wp:term":[{"taxonomy":"product_brand","embeddable":true,"href":"https:\/\/vimaterial.de\/fr\/wp-json\/wp\/v2\/product_brand?post=1046753"},{"taxonomy":"product_cat","embeddable":true,"href":"https:\/\/vimaterial.de\/fr\/wp-json\/wp\/v2\/product_cat?post=1046753"},{"taxonomy":"product_tag","embeddable":true,"href":"https:\/\/vimaterial.de\/fr\/wp-json\/wp\/v2\/product_tag?post=1046753"}],"curies":[{"name":"wp","href":"https:\/\/api.w.org\/{rel}","templated":true}]}}