{"id":1046707,"date":"2024-06-17T15:56:43","date_gmt":"2024-06-17T07:56:43","guid":{"rendered":"https:\/\/vimaterial.de\/product\/bismuth-metal-3\/"},"modified":"2024-06-17T15:56:43","modified_gmt":"2024-06-17T07:56:43","slug":"bismuth-metal-3","status":"publish","type":"product","link":"https:\/\/vimaterial.de\/fr\/product\/bismuth-metal-3\/","title":{"rendered":"Bismuth m\u00e9tal"},"content":{"rendered":"<p>Le <strong>fil de<span style=\"color: #0000ff;\"><a style=\"color: #0000ff;\" href=\"https:\/\/vimaterial.de\/fr\/search\/?type=name&#038;keyword=bismuth\">bismuth<\/a><\/span><\/strong> est un m\u00e9tal blanc argent\u00e9, fragile et facilement pulv\u00e9risable. Il est principalement utilis\u00e9 pour fabriquer des alliages fusibles. Les <strong>barres de bismuth de haute puret\u00e9<\/strong> de <strong><span style=\"color: #0000ff;\"><a style=\"color: #0000ff;\" href=\"https:\/\/vimaterial.de\/fr\/a-propos-de-nous\/\">VIMATERIAL<\/a><\/span><\/strong> ont une puret\u00e9 allant jusqu&#8217;\u00e0 99,999 % et peuvent \u00eatre adapt\u00e9es \u00e0 diverses sp\u00e9cifications et tailles en fonction des besoins du client. En tant que produit de base de la s\u00e9rie bismuth, nos <strong>barres m\u00e9talliques de bismuth<\/strong> occupent une place importante dans l&#8217;industrie \u00e9lectronique en raison de leur grande puret\u00e9 et de leur bonne conductivit\u00e9 \u00e9lectrique.<\/p>\n<p>En outre, nous assurons la qualit\u00e9 des produits tout en garantissant la livraison, et nous servons les clients aussi rapidement que possible. Nous fournissons \u00e9galement un syst\u00e8me complet de <strong>service apr\u00e8s-vente<\/strong> afin de garantir une assistance compl\u00e8te pendant l&#8217;utilisation. Si n\u00e9cessaire, veuillez <span style=\"color: #0000ff;\"><strong><a style=\"color: #0000ff;\" href=\"https:\/\/vimaterial.de\/fr\/contact\/\">nous contacter<\/a><\/strong><\/span>!<\/p>\n<h2><span style=\"font-size: 14pt;\">Propri\u00e9t\u00e9s physiques<\/span><\/h2>\n<table style=\"border-collapse: collapse; width: 61.238%; height: 216px;\">\n<tbody>\n<tr style=\"height: 24px;\">\n<td style=\"width: 25.2458%; height: 24px;\"><strong>Param\u00e8tre<\/strong><\/td>\n<td style=\"width: 35.9922%; height: 24px;\"><strong>Valeur<\/strong><\/td>\n<\/tr>\n<tr style=\"height: 24px;\">\n<td style=\"width: 25.2458%; height: 24px;\">Formule chimique<\/td>\n<td style=\"width: 35.9922%; height: 24px;\">Bi<\/td>\n<\/tr>\n<tr style=\"height: 24px;\">\n<td style=\"width: 25.2458%; height: 24px;\">Poids mol\u00e9culaire<\/td>\n<td style=\"width: 35.9922%; height: 24px;\">208.98 g\/mol<\/td>\n<\/tr>\n<tr style=\"height: 24px;\">\n<td style=\"width: 25.2458%; height: 24px;\">Aspect<\/td>\n<td style=\"width: 35.9922%; height: 24px;\">Blanc argent\u00e9<\/td>\n<\/tr>\n<tr style=\"height: 24px;\">\n<td style=\"width: 25.2458%; height: 24px;\">Puret\u00e9<\/td>\n<td style=\"width: 35.9922%; height: 24px;\">99.99%-99.999%<\/td>\n<\/tr>\n<tr style=\"height: 24px;\">\n<td style=\"width: 25.2458%; height: 24px;\">Densit\u00e9<\/td>\n<td style=\"width: 35.9922%; height: 24px;\">9.78g\/cm3<\/td>\n<\/tr>\n<tr style=\"height: 24px;\">\n<td style=\"width: 25.2458%; height: 24px;\">Point de fusion<\/td>\n<td style=\"width: 35.9922%; height: 24px;\">271.5\u2103<\/td>\n<\/tr>\n<tr style=\"height: 24px;\">\n<td style=\"width: 25.2458%; height: 24px;\">Duret\u00e9<\/td>\n<td style=\"width: 35.9922%; height: 24px;\">La texture est fragile, la duret\u00e9 n&#8217;est pas \u00e9lev\u00e9e.<\/td>\n<\/tr>\n<tr style=\"height: 24px;\">\n<td style=\"width: 25.2458%; height: 24px;\">Stabilit\u00e9<\/td>\n<td style=\"width: 35.9922%; height: 24px;\">Stable ; Tenir \u00e0 l&#8217;\u00e9cart d&#8217;un environnement fortement acide ou alcalin.<\/td>\n<\/tr>\n<\/tbody>\n<\/table>\n<h2><span style=\"font-size: 14pt;\">Processus de production :<\/span><\/h2>\n<p><strong>Pr\u00e9paration des mati\u00e8res premi\u00e8res :<\/strong> Le bismuth m\u00e9tal de haute puret\u00e9 est s\u00e9lectionn\u00e9 comme mati\u00e8re premi\u00e8re pour garantir la qualit\u00e9 et les performances de la barre de bismuth.<\/p>\n<p><strong>Moulage par fusion :<\/strong> Le bismuth m\u00e9tal est chauff\u00e9 jusqu&#8217;\u00e0 l&#8217;\u00e9tat fondu, puis vers\u00e9 dans un moule pr\u00e9d\u00e9fini, afin d&#8217;\u00eatre refroidi et solidifi\u00e9 sous la forme d&#8217;une barre.<\/p>\n<p><strong>Traitement ult\u00e9rieur :<\/strong> Apr\u00e8s avoir form\u00e9 le barreau de bismuth, il est soumis \u00e0 un traitement ult\u00e9rieur, tel que le d\u00e9coupage, le meulage, le polissage, etc., afin de r\u00e9pondre aux diff\u00e9rentes exigences en mati\u00e8re de taille et de qualit\u00e9 de la surface.<\/p>\n<h2><span style=\"font-size: 14pt;\">Pourquoi nous choisir ?<\/span><\/h2>\n<p><strong>Assistance technique compl\u00e8te :<\/strong> De la consultation avant-vente au service apr\u00e8s-vente, nous veillons \u00e0 ce que les clients ach\u00e8tent des produits ad\u00e9quats et soient satisfaits de nos services, afin de mettre en place une coop\u00e9ration durable et \u00e0 long terme.<\/p>\n<p><strong>Produits personnalis\u00e9s :<\/strong> Nous proposons des services de personnalisation. Si vos besoins ne figurent pas sur notre liste, nous pouvons les adapter \u00e0 vos besoins.<\/p>\n<p><strong>Des \u00e9chantillons peuvent \u00eatre fournis pour des tests effectu\u00e9s par des tiers :<\/strong> Si vous avez des questions sur la qualit\u00e9 des produits, nous pouvons fournir des \u00e9chantillons pour des tests effectu\u00e9s par des tiers, sur demande, afin de garantir vos droits.<\/p>\n<p><strong>Rapport TDS\/MSDS\/COA :<\/strong> Nous fournissons un rapport COA pour chaque lot de produits afin de garantir le suivi et le contr\u00f4le de la qualit\u00e9. Nous fournissons \u00e9galement des rapports MSDS et TDS sur demande.<\/p>\n<h2><span style=\"font-size: 14pt;\">Applications de la barre de bismuth<\/span><\/h2>\n<p><strong>Domaine de la recherche :<\/strong> Utilis\u00e9 pour \u00e9tudier les propri\u00e9t\u00e9s physiques et chimiques du bismuth et son interaction avec d&#8217;autres substances.<\/p>\n<p><strong>Applications industrielles<\/strong>: Dans certains domaines industriels, les barres de bismuth peuvent \u00eatre utilis\u00e9es comme additifs ou composants d&#8217;alliages.<\/p>\n<p><strong>Mat\u00e9riau de rev\u00eatement :<\/strong> Dans le rev\u00eatement sous vide et d&#8217;autres processus, les b\u00e2tonnets de bismuth peuvent \u00eatre utilis\u00e9s comme mat\u00e9riaux d&#8217;\u00e9vaporation pour recouvrir une couche de film de bismuth sur la surface de l&#8217;objet afin d&#8217;am\u00e9liorer les propri\u00e9t\u00e9s de surface de l&#8217;objet, telles que l&#8217;augmentation de la duret\u00e9, l&#8217;am\u00e9lioration de la r\u00e9sistance \u00e0 l&#8217;usure, l&#8217;am\u00e9lioration des propri\u00e9t\u00e9s optiques, etc.<\/p>\n<h2><span style=\"font-size: 14pt;\">Produits apparent\u00e9s<\/span><\/h2>\n<table style=\"border-collapse: collapse; width: 100%; height: 48px;\">\n<tbody>\n<tr style=\"height: 24px;\">\n<td style=\"width: 33.3333%; height: 24px;\"><strong><span style=\"color: #0000ff;\"><a style=\"color: #0000ff;\" href=\"https:\/\/vimaterial.de\/fr\/product\/bismuth-metal-4\/\">Poudre de bismuth<\/a><\/span><\/strong><\/td>\n<td style=\"width: 33.3333%; height: 24px;\"><strong><span style=\"color: #0000ff;\"><a style=\"color: #0000ff;\" href=\"https:\/\/vimaterial.de\/fr\/product\/bismuth-metal\/\">Cible de pulv\u00e9risation de bismuth<\/a><\/span><\/strong><\/td>\n<td style=\"width: 33.3333%; height: 24px;\"><strong><span style=\"color: #0000ff;\"><a style=\"color: #0000ff;\" href=\"https:\/\/vimaterial.de\/fr\/product\/bismuth-metal-5\/\">Granul\u00e9s de bismuth<\/a><\/span><\/strong><\/td>\n<\/tr>\n<tr style=\"height: 24px;\">\n<td style=\"width: 33.3333%; height: 24px;\"><strong><span style=\"color: #0000ff;\"><a style=\"color: #0000ff;\" href=\"https:\/\/vimaterial.de\/fr\/search\/?type=name&#038;keyword=bismuth+oxide\">Oxyde de bismuth<\/a><\/span><\/strong><\/td>\n<td style=\"width: 33.3333%; height: 24px;\"><strong><span style=\"color: #0000ff;\"><a style=\"color: #0000ff;\" href=\"https:\/\/vimaterial.de\/fr\/search\/?type=element&#038;keyword=Bi2Te3\">Tellurure de bismuth<\/a><\/span><\/strong><\/td>\n<td style=\"width: 33.3333%; height: 24px;\"><strong><span style=\"color: #0000ff;\"><a style=\"color: #0000ff;\" href=\"https:\/\/vimaterial.de\/fr\/search\/?type=name&#038;keyword=bismuth+sulfide\">Sulfure de bismuth<\/a><\/span><\/strong><\/td>\n<\/tr>\n<\/tbody>\n<\/table>\n<h2><span style=\"font-size: 14pt;\">FAQ<\/span><\/h2>\n<p><strong>Q1 : Le bismuth est-il une mati\u00e8re dangereuse ?<\/strong><\/p>\n<p>R : Les barres de bismuth ne sont pas des marchandises dangereuses et peuvent \u00eatre manipul\u00e9es comme des marchandises ordinaires.<\/p>\n<p>Toutefois, la poudre de bismuth est dangereuse et inflammable. Lorsqu&#8217;elle est utilis\u00e9e, elle doit \u00eatre tenue \u00e0 l&#8217;\u00e9cart des sources de chaleur, des surfaces chaudes, des \u00e9tincelles, des flammes nues et autres sources d&#8217;inflammation. Il est interdit de fumer et des mesures doivent \u00eatre prises pour \u00e9viter l&#8217;accumulation d&#8217;\u00e9lectricit\u00e9 statique.<\/p>\n<p><strong>Q2 : Comment vos barres de bismuth sont-elles emball\u00e9es ?<\/strong><\/p>\n<p>R : Emballage int\u00e9rieur : sac sous vide \u00e0 double couche<\/p>\n<p>Emballage ext\u00e9rieur : carton\/bo\u00eete en bois rempli de mousse souple<\/p>\n<p>Le produit doit \u00eatre stock\u00e9 dans un environnement sec, frais et bien ventil\u00e9, l&#8217;emballage doit rester scell\u00e9 et il faut \u00e9viter les temp\u00e9ratures \u00e9lev\u00e9es, l&#8217;humidit\u00e9, la lumi\u00e8re et le contact avec d&#8217;autres produits chimiques.<\/p>\n<p><strong>Q3 : Quel est le d\u00e9lai de livraison ?<\/strong><\/p>\n<p>R : En stock : Exp\u00e9dition imm\u00e9diate<\/p>\n<p>Produits standard : G\u00e9n\u00e9ralement 2-4 semaines<\/p>\n<p>Produits personnalis\u00e9s : D\u00e9termin\u00e9 en fonction des d\u00e9tails requis<\/p>\n<p>Les exigences particuli\u00e8res peuvent \u00eatre discut\u00e9es<\/p>\n<p><strong>Q4 : Fournissez-vous un fichier MSDS ?<\/strong><\/p>\n<p>R : Oui, nous fournissons des fichiers TDS et MSDS. Vous trouverez les boutons &#8220;MSDS&#8221; et &#8220;TDS&#8221; sous la bo\u00eete de demande de renseignements, \u00e0 droite de l&#8217;image du produit.<\/p>\n","protected":false},"excerpt":{"rendered":"<p>Le fil debismuth est un m\u00e9tal blanc argent\u00e9, fragile et facilement pulv\u00e9risable. Il est principalement utilis\u00e9 pour fabriquer des alliages fusibles. Les barres de bismuth de haute puret\u00e9 de VIMATERIAL ont une puret\u00e9 allant jusqu&#8217;\u00e0 99,999 % et peuvent \u00eatre adapt\u00e9es \u00e0 diverses sp\u00e9cifications et tailles en fonction des besoins du client. En tant que [&hellip;]<\/p>\n","protected":false},"featured_media":1033574,"comment_status":"open","ping_status":"closed","template":"","meta":{"_acf_changed":false},"product_brand":[],"product_cat":[245],"product_tag":[],"class_list":{"0":"post-1046707","1":"product","2":"type-product","3":"status-publish","4":"has-post-thumbnail","6":"product_cat-profil-fr","8":"first","9":"instock","10":"shipping-taxable","11":"purchasable","12":"product-type-variable"},"acf":[],"_links":{"self":[{"href":"https:\/\/vimaterial.de\/fr\/wp-json\/wp\/v2\/product\/1046707","targetHints":{"allow":["GET"]}}],"collection":[{"href":"https:\/\/vimaterial.de\/fr\/wp-json\/wp\/v2\/product"}],"about":[{"href":"https:\/\/vimaterial.de\/fr\/wp-json\/wp\/v2\/types\/product"}],"replies":[{"embeddable":true,"href":"https:\/\/vimaterial.de\/fr\/wp-json\/wp\/v2\/comments?post=1046707"}],"wp:featuredmedia":[{"embeddable":true,"href":"https:\/\/vimaterial.de\/fr\/wp-json\/wp\/v2\/media\/1033574"}],"wp:attachment":[{"href":"https:\/\/vimaterial.de\/fr\/wp-json\/wp\/v2\/media?parent=1046707"}],"wp:term":[{"taxonomy":"product_brand","embeddable":true,"href":"https:\/\/vimaterial.de\/fr\/wp-json\/wp\/v2\/product_brand?post=1046707"},{"taxonomy":"product_cat","embeddable":true,"href":"https:\/\/vimaterial.de\/fr\/wp-json\/wp\/v2\/product_cat?post=1046707"},{"taxonomy":"product_tag","embeddable":true,"href":"https:\/\/vimaterial.de\/fr\/wp-json\/wp\/v2\/product_tag?post=1046707"}],"curies":[{"name":"wp","href":"https:\/\/api.w.org\/{rel}","templated":true}]}}